{"id":6,"date":"2019-11-28T16:00:19","date_gmt":"2019-11-28T15:00:19","guid":{"rendered":"http:\/\/wp.unil.ch\/modele\/?page_id=6"},"modified":"2025-07-01T11:21:54","modified_gmt":"2025-07-01T09:21:54","slug":"home","status":"publish","type":"page","link":"https:\/\/wp.unil.ch\/infolettres-unites\/","title":{"rendered":"Accueil"},"content":{"rendered":"\n<p>Bienvenue sur le site r\u00e9unissant les lettres d\u2019information des diff\u00e9rentes unit\u00e9s de la <a href=\"https:\/\/www.unil.ch\/lettres\/\">Facult\u00e9 des lettres<\/a> de l\u2019Universit\u00e9 de Lausanne.<\/p>\n\n\n\n<p>Le <a href=\"https:\/\/wp.unil.ch\/infolettres-unites\/newsletter-du-ctl\/\">Centre de traduction litt\u00e9raire de Lausanne<\/a> (CTL) pr\u00e9sente son programme de rencontres, lectures et \u00e9v\u00e9nements via une infolettre envoy\u00e9e une \u00e0 deux fois par mois, ainsi que dans un programme papier envoy\u00e9 par courrier postal deux fois par an.<\/p>\n\n\n\n<p>Le <a href=\"https:\/\/wp.unil.ch\/infolettres-unites\/etudes-africaines\/\">P\u00f4le pour les \u00e9tudes africaines<\/a> (PEALL) pr\u00e9sente ses actualit\u00e9s dans une infolettre diffus\u00e9e trois \u00e0 quatre fois par ann\u00e9e.<\/p>\n\n\n\n<p>Le <a href=\"https:\/\/wp.unil.ch\/infolettres-unites\/le-fil-de-lefle\/\">FIL de l&rsquo;\u00c9cole de fran\u00e7ais langue \u00e9trang\u00e8re<\/a> partage les actualit\u00e9s de ses formations et offres de cours via une infolettre envoy\u00e9e 4 \u00e0 6 fois par ann\u00e9e.<\/p>\n\n\n\n<p>Pour vous abonner aux infolettres des unit\u00e9s de la Facult\u00e9, rendez-vous sur la page d\u00e9di\u00e9e \u00e0 chacune d\u2019entre elles !<\/p>\n\n\n\n<p><\/p>\n","protected":false},"excerpt":{"rendered":"<p>Bienvenue sur le site r\u00e9unissant les lettres d\u2019information des diff\u00e9rentes unit\u00e9s de la Facult\u00e9 des lettres de l\u2019Universit\u00e9 de Lausanne. Le Centre de traduction litt\u00e9raire de Lausanne (CTL) pr\u00e9sente son &hellip; <\/p>\n","protected":false},"author":108,"featured_media":0,"parent":0,"menu_order":0,"comment_status":"closed","ping_status":"closed","template":"","meta":{"_seopress_robots_primary_cat":"","_seopress_titles_title":"","_seopress_titles_desc":"","_seopress_robots_index":"","footnotes":""},"class_list":["post-6","page","type-page","status-publish"],"_links":{"self":[{"href":"https:\/\/wp.unil.ch\/infolettres-unites\/wp-json\/wp\/v2\/pages\/6","targetHints":{"allow":["GET"]}}],"collection":[{"href":"https:\/\/wp.unil.ch\/infolettres-unites\/wp-json\/wp\/v2\/pages"}],"about":[{"href":"https:\/\/wp.unil.ch\/infolettres-unites\/wp-json\/wp\/v2\/types\/page"}],"author":[{"embeddable":true,"href":"https:\/\/wp.unil.ch\/infolettres-unites\/wp-json\/wp\/v2\/users\/108"}],"replies":[{"embeddable":true,"href":"https:\/\/wp.unil.ch\/infolettres-unites\/wp-json\/wp\/v2\/comments?post=6"}],"version-history":[{"count":5,"href":"https:\/\/wp.unil.ch\/infolettres-unites\/wp-json\/wp\/v2\/pages\/6\/revisions"}],"predecessor-version":[{"id":425,"href":"https:\/\/wp.unil.ch\/infolettres-unites\/wp-json\/wp\/v2\/pages\/6\/revisions\/425"}],"wp:attachment":[{"href":"https:\/\/wp.unil.ch\/infolettres-unites\/wp-json\/wp\/v2\/media?parent=6"}],"curies":[{"name":"wp","href":"https:\/\/api.w.org\/{rel}","templated":true}]}}