{"id":290,"date":"2025-05-14T16:54:07","date_gmt":"2025-05-14T14:54:07","guid":{"rendered":"https:\/\/wp.unil.ch\/infolettres-unites\/?page_id=290"},"modified":"2026-02-06T15:15:50","modified_gmt":"2026-02-06T14:15:50","slug":"etudes-africaines","status":"publish","type":"page","link":"https:\/\/wp.unil.ch\/infolettres-unites\/etudes-africaines\/","title":{"rendered":"\u00c9tudes africaines"},"content":{"rendered":"\n<p style=\"font-size:15px\">La <strong>Lettre de Focus Africa<\/strong> est une lettre d\u2019information transmise trois \u00e0 quatre fois par ann\u00e9e \u00e0 toutes personnes int\u00e9ress\u00e9es par les <strong>\u00e9v\u00e9nements et projets de recherche<\/strong> men\u00e9s par le P\u00f4le interfacultaire d\u2019\u00e9tudes africaines de l&rsquo;Universit\u00e9 de Lausanne. Elle vise \u00e0 favoriser la mise en r\u00e9seau des auteur\u00b7e\u00b7s, des chercheurs et chercheuses, des \u00e9tudiant\u00b7e\u00b7s et du grand public autour d\u2019un int\u00e9r\u00eat commun pour les productions culturelles et artistiques entretenant un lien avec le continent africain et ses diasporas.<\/p>\n\n\n\n<p style=\"font-size:15px\"><strong>Focus Africa<\/strong> nourrit une volont\u00e9 interdisciplinaire large en assumant un fort ancrage en sciences humaines, par son affiliation en Lettres, tout en \u00e9tant en r\u00e9seau avec les Facult\u00e9s de SSP, GSE et TSR qui travaillent sur diff\u00e9rents projets impliquant le continent africain et ses diasporas.<\/p>\n\n\n\n<p style=\"font-size:15px\">Chaque ann\u00e9e, <strong>Focus Africa<\/strong> met en place de <strong>nombreuses activit\u00e9s<\/strong> ouvertes \u00e0 toutes personnes int\u00e9ress\u00e9es, \u00e0 l\u2019UNIL ou aupr\u00e8s d\u2019autres partenaires, institutionnels et associatifs, en Suisse et dans le monde. Espace de m\u00e9diation scientifique, d\u2019enseignement et de recherche, Focus Africa se donne pour mission de visibiliser le domaine des \u00e9tudes africaines. Celui-ci, en tant que domaine transnational dont l\u2019unit\u00e9 se red\u00e9finit en fonction d\u2019aires culturelles et linguistiques, est envisag\u00e9 gr\u00e2ce \u00e0 des sources qui, au c\u0153ur des humanit\u00e9s, sont des repr\u00e9sentations symboliques rendant compte d\u2019une relation au r\u00e9el, sans contrainte r\u00e9f\u00e9rentielle\u00a0: elles interrogent autant un rapport au monde que les formes h\u00e9t\u00e9rog\u00e8nes et diffract\u00e9es de celui-ci.<\/p>\n\n\n\n<div style=\"height:20px\" aria-hidden=\"true\" class=\"wp-block-spacer\"><\/div>\n\n\n\n<div class=\"wp-block-columns is-layout-flex wp-container-core-columns-is-layout-9d6595d7 wp-block-columns-is-layout-flex\">\n<div class=\"wp-block-column is-layout-flow wp-block-column-is-layout-flow\">\n<h4 class=\"wp-block-heading has-text-align-left\">Abonnement<\/h4>\n\n\n\n<p class=\"has-text-align-left\">Vous souhaitez recevoir la Lettre de Focus Africa ?<br>Abonnez-vous en remplissant le champ ci-dessous.<\/p>\n\n\n  \n  \n  <div class=\"\n    mailpoet_form_popup_overlay\n      \"><\/div>\n  <div\n    id=\"mailpoet_form_8\"\n    class=\"\n      mailpoet_form\n      mailpoet_form_html\n      mailpoet_form_position_\n      mailpoet_form_animation_\n    \"\n      >\n\n    <style type=\"text\/css\">\n     #mailpoet_form_8 .mailpoet_form {  }\n#mailpoet_form_8 .mailpoet_column_with_background { padding: 10px; }\n#mailpoet_form_8 .mailpoet_form_column:not(:first-child) { margin-left: 20px; }\n#mailpoet_form_8 .mailpoet_paragraph { line-height: 20px; margin-bottom: 20px; }\n#mailpoet_form_8 .mailpoet_segment_label, #mailpoet_form_8 .mailpoet_text_label, #mailpoet_form_8 .mailpoet_textarea_label, #mailpoet_form_8 .mailpoet_select_label, #mailpoet_form_8 .mailpoet_radio_label, #mailpoet_form_8 .mailpoet_checkbox_label, #mailpoet_form_8 .mailpoet_list_label, #mailpoet_form_8 .mailpoet_date_label { display: block; font-weight: normal; }\n#mailpoet_form_8 .mailpoet_text, #mailpoet_form_8 .mailpoet_textarea, #mailpoet_form_8 .mailpoet_select, #mailpoet_form_8 .mailpoet_date_month, #mailpoet_form_8 .mailpoet_date_day, #mailpoet_form_8 .mailpoet_date_year, #mailpoet_form_8 .mailpoet_date { display: block; }\n#mailpoet_form_8 .mailpoet_text, #mailpoet_form_8 .mailpoet_textarea { width: 200px; }\n#mailpoet_form_8 .mailpoet_checkbox {  }\n#mailpoet_form_8 .mailpoet_submit {  }\n#mailpoet_form_8 .mailpoet_divider {  }\n#mailpoet_form_8 .mailpoet_message {  }\n#mailpoet_form_8 .mailpoet_form_loading { width: 30px; text-align: center; line-height: normal; }\n#mailpoet_form_8 .mailpoet_form_loading > span { width: 5px; height: 5px; background-color: #5b5b5b; }#mailpoet_form_8{border-radius: 0px;text-align: left;}#mailpoet_form_8 form.mailpoet_form {padding: 20px;}#mailpoet_form_8{width: 100%;}#mailpoet_form_8 .mailpoet_message {margin: 0; padding: 0 20px;}#mailpoet_form_8 .mailpoet_paragraph.last {margin-bottom: 0} @media (max-width: 500px) {#mailpoet_form_8 {background-image: none;}} @media (min-width: 500px) {#mailpoet_form_8 .last .mailpoet_paragraph:last-child {margin-bottom: 0}}  @media (max-width: 500px) {#mailpoet_form_8 .mailpoet_form_column:last-child .mailpoet_paragraph:last-child {margin-bottom: 0}} \n    <\/style>\n\n    <form\n      target=\"_self\"\n      method=\"post\"\n      action=\"https:\/\/wp.unil.ch\/infolettres-unites\/wp-admin\/admin-post.php?action=mailpoet_subscription_form\"\n      class=\"mailpoet_form mailpoet_form_form mailpoet_form_html\"\n      novalidate\n      data-delay=\"\"\n      data-exit-intent-enabled=\"\"\n      data-font-family=\"\"\n      data-cookie-expiration-time=\"\"\n    >\n      <input type=\"hidden\" name=\"data[form_id]\" value=\"8\" \/>\n      <input type=\"hidden\" name=\"token\" value=\"fc1669b223\" \/>\n      <input type=\"hidden\" name=\"api_version\" value=\"v1\" \/>\n      <input type=\"hidden\" name=\"endpoint\" value=\"subscribers\" \/>\n      <input type=\"hidden\" name=\"mailpoet_method\" value=\"subscribe\" \/>\n\n      <label class=\"mailpoet_hp_email_label\" style=\"display: none !important;\">Veuillez laisser ce champ vide<input type=\"email\" name=\"data[email]\"\/><\/label><div class=\"mailpoet_paragraph \"><input type=\"email\" autocomplete=\"email\" class=\"mailpoet_text\" id=\"form_email_8\" name=\"data[form_field_M2M0Yzk4NzVjODlkX2VtYWls]\" title=\"Votre email\" value=\"\" style=\"width:100%;box-sizing:border-box;padding:5px;margin: 0 auto 0 0;\" data-automation-id=\"form_email\"  placeholder=\"Votre email *\" aria-label=\"Votre email *\" data-parsley-errors-container=\".mailpoet_error_1d9mr\" data-parsley-required=\"true\" required aria-required=\"true\" data-parsley-minlength=\"6\" data-parsley-maxlength=\"150\" data-parsley-type-message=\"Cette valeur doit \u00eatre un e-mail valide.\" data-parsley-required-message=\"Ce champ est n\u00e9cessaire.\"\/><span class=\"mailpoet_error_1d9mr\"><\/span><\/div>\n<div class=\"mailpoet_paragraph \"><input type=\"submit\" class=\"mailpoet_submit\" value=\"S&#039;abonner\" data-automation-id=\"subscribe-submit-button\" style=\"padding:5px;margin: 0 auto 0 0;border-color:transparent;\" \/><span class=\"mailpoet_form_loading\"><span class=\"mailpoet_bounce1\"><\/span><span class=\"mailpoet_bounce2\"><\/span><span class=\"mailpoet_bounce3\"><\/span><\/span><\/div>\n\n      <div class=\"mailpoet_message\">\n        <p class=\"mailpoet_validate_success\"\n                style=\"display:none;\"\n                >Vous vous \u00eates bien abonn\u00e9\u00b7e \u00e0 notre newsletter\u00a0!\n        <\/p>\n        <p class=\"mailpoet_validate_error\"\n                style=\"display:none;\"\n                >        <\/p>\n      <\/div>\n    <\/form>\n\n      <\/div>\n\n  <\/div>\n<\/div>\n\n\n\n<p class=\"has-text-align-left\" style=\"font-size:15px\">Pour g\u00e9rer vos abonnements ou vous d\u00e9sabonner d\u2019une ou plusieurs infolettres, veuillez cliquer sur le lien <strong>\u201cG\u00e9rer mes abonnements\u201d<\/strong> en bas de l\u2019un des emails que vous avez re\u00e7us.<\/p>\n\n\n\n<div style=\"height:20px\" aria-hidden=\"true\" class=\"wp-block-spacer\"><\/div>\n\n\n\n<h4 class=\"wp-block-heading has-text-align-left\">Contact<\/h4>\n\n\n\n<p class=\"has-text-align-left has-normal-font-size\"><a href=\"mailto:translatio@unil.ch\"><\/a><a href=\"mailto:peall@unil.ch\">peall@unil.ch<\/a><\/p>\n\n\n\n<p><\/p>\n\n\n\n<p><\/p>\n","protected":false},"excerpt":{"rendered":"<p>La Lettre de Focus Africa est une lettre d\u2019information transmise trois \u00e0 quatre fois par ann\u00e9e \u00e0 toutes personnes int\u00e9ress\u00e9es par les \u00e9v\u00e9nements et projets de recherche men\u00e9s par le &hellip; <\/p>\n","protected":false},"author":1002894,"featured_media":0,"parent":0,"menu_order":0,"comment_status":"closed","ping_status":"closed","template":"","meta":{"_seopress_robots_primary_cat":"","_seopress_titles_title":"","_seopress_titles_desc":"","_seopress_robots_index":"","footnotes":""},"class_list":["post-290","page","type-page","status-publish"],"_links":{"self":[{"href":"https:\/\/wp.unil.ch\/infolettres-unites\/wp-json\/wp\/v2\/pages\/290","targetHints":{"allow":["GET"]}}],"collection":[{"href":"https:\/\/wp.unil.ch\/infolettres-unites\/wp-json\/wp\/v2\/pages"}],"about":[{"href":"https:\/\/wp.unil.ch\/infolettres-unites\/wp-json\/wp\/v2\/types\/page"}],"author":[{"embeddable":true,"href":"https:\/\/wp.unil.ch\/infolettres-unites\/wp-json\/wp\/v2\/users\/1002894"}],"replies":[{"embeddable":true,"href":"https:\/\/wp.unil.ch\/infolettres-unites\/wp-json\/wp\/v2\/comments?post=290"}],"version-history":[{"count":4,"href":"https:\/\/wp.unil.ch\/infolettres-unites\/wp-json\/wp\/v2\/pages\/290\/revisions"}],"predecessor-version":[{"id":499,"href":"https:\/\/wp.unil.ch\/infolettres-unites\/wp-json\/wp\/v2\/pages\/290\/revisions\/499"}],"wp:attachment":[{"href":"https:\/\/wp.unil.ch\/infolettres-unites\/wp-json\/wp\/v2\/media?parent=290"}],"curies":[{"name":"wp","href":"https:\/\/api.w.org\/{rel}","templated":true}]}}