{"id":180,"date":"2023-01-31T15:23:47","date_gmt":"2023-01-31T14:23:47","guid":{"rendered":"https:\/\/wp.unil.ch\/infograduatecampus\/?page_id=180"},"modified":"2023-02-01T10:58:37","modified_gmt":"2023-02-01T09:58:37","slug":"abonnement","status":"publish","type":"page","link":"https:\/\/wp.unil.ch\/infograduatecampus\/abonnement\/","title":{"rendered":"Abonnement"},"content":{"rendered":"\n<p>Tous les membres de la communaut\u00e9 de recherche sont automatiquement li\u00e9s \u00e0 Info Graduate Campus UNIL. Ils ne peuvent pas s\u2019en d\u00e9sabonner.<\/p>\n","protected":false},"excerpt":{"rendered":"<p>Tous les membres de la communaut\u00e9 de recherche sont automatiquement li\u00e9s \u00e0 Info Graduate Campus UNIL. Ils ne peuvent pas s\u2019en d\u00e9sabonner.<\/p>\n","protected":false},"author":1002567,"featured_media":0,"parent":0,"menu_order":0,"comment_status":"closed","ping_status":"closed","template":"","meta":{"_seopress_robots_primary_cat":"","_seopress_titles_title":"","_seopress_titles_desc":"","_seopress_robots_index":"","footnotes":""},"class_list":["post-180","page","type-page","status-publish","has-post-thumbnail"],"_links":{"self":[{"href":"https:\/\/wp.unil.ch\/infograduatecampus\/wp-json\/wp\/v2\/pages\/180","targetHints":{"allow":["GET"]}}],"collection":[{"href":"https:\/\/wp.unil.ch\/infograduatecampus\/wp-json\/wp\/v2\/pages"}],"about":[{"href":"https:\/\/wp.unil.ch\/infograduatecampus\/wp-json\/wp\/v2\/types\/page"}],"author":[{"embeddable":true,"href":"https:\/\/wp.unil.ch\/infograduatecampus\/wp-json\/wp\/v2\/users\/1002567"}],"replies":[{"embeddable":true,"href":"https:\/\/wp.unil.ch\/infograduatecampus\/wp-json\/wp\/v2\/comments?post=180"}],"version-history":[{"count":0,"href":"https:\/\/wp.unil.ch\/infograduatecampus\/wp-json\/wp\/v2\/pages\/180\/revisions"}],"wp:attachment":[{"href":"https:\/\/wp.unil.ch\/infograduatecampus\/wp-json\/wp\/v2\/media?parent=180"}],"curies":[{"name":"wp","href":"https:\/\/api.w.org\/{rel}","templated":true}]}}