{"id":36,"date":"2011-03-15T11:15:54","date_gmt":"2011-03-15T10:15:54","guid":{"rendered":"http:\/\/wp.unil.ch\/infofbm\/"},"modified":"2024-10-10T09:46:49","modified_gmt":"2024-10-10T07:46:49","slug":"a-propos","status":"publish","type":"page","link":"https:\/\/wp.unil.ch\/infofbm\/","title":{"rendered":"FOCUS FBM"},"content":{"rendered":"\n<p><strong>FOCUS FBM<\/strong> est la lettre d&rsquo;information de la Facult\u00e9 de biologie et de m\u00e9decine de l&rsquo;UNIL. Par son biais, le D\u00e9canat entend informer r\u00e9guli\u00e8rement les membres de la Facult\u00e9 de d\u00e9cisions, actualit\u00e9s et \u00e9v\u00e9nements facultaires importants.<\/p>\n\n\n\n<p>Les personnes non membres de la Facult\u00e9 ont aussi la <a href=\"https:\/\/wp.unil.ch\/infofbm\/abonnementdesabonnement\/\">possibilit\u00e9 de s&rsquo;y abonner<\/a>.<\/p>\n\n\n\n<p><\/p>\n","protected":false},"excerpt":{"rendered":"<p>FOCUS FBM est la lettre d&rsquo;information de la Facult\u00e9 de biologie et de m\u00e9decine de l&rsquo;UNIL. Par son biais, le D\u00e9canat entend informer r\u00e9guli\u00e8rement les membres de la Facult\u00e9 de d\u00e9cisions, actualit\u00e9s et \u00e9v\u00e9nements facultaires importants. Les personnes non membres<\/p>\n","protected":false},"author":108,"featured_media":0,"parent":0,"menu_order":0,"comment_status":"closed","ping_status":"closed","template":"","meta":{"_seopress_robots_primary_cat":"","_seopress_titles_title":"","_seopress_titles_desc":"","_seopress_robots_index":"","footnotes":""},"class_list":["post-36","page","type-page","status-publish"],"_links":{"self":[{"href":"https:\/\/wp.unil.ch\/infofbm\/wp-json\/wp\/v2\/pages\/36","targetHints":{"allow":["GET"]}}],"collection":[{"href":"https:\/\/wp.unil.ch\/infofbm\/wp-json\/wp\/v2\/pages"}],"about":[{"href":"https:\/\/wp.unil.ch\/infofbm\/wp-json\/wp\/v2\/types\/page"}],"author":[{"embeddable":true,"href":"https:\/\/wp.unil.ch\/infofbm\/wp-json\/wp\/v2\/users\/108"}],"replies":[{"embeddable":true,"href":"https:\/\/wp.unil.ch\/infofbm\/wp-json\/wp\/v2\/comments?post=36"}],"version-history":[{"count":5,"href":"https:\/\/wp.unil.ch\/infofbm\/wp-json\/wp\/v2\/pages\/36\/revisions"}],"predecessor-version":[{"id":22557,"href":"https:\/\/wp.unil.ch\/infofbm\/wp-json\/wp\/v2\/pages\/36\/revisions\/22557"}],"wp:attachment":[{"href":"https:\/\/wp.unil.ch\/infofbm\/wp-json\/wp\/v2\/media?parent=36"}],"curies":[{"name":"wp","href":"https:\/\/api.w.org\/{rel}","templated":true}]}}