{"id":22455,"date":"2025-06-25T10:06:06","date_gmt":"2025-06-25T08:06:06","guid":{"rendered":"https:\/\/wp.unil.ch\/infofbm\/?page_id=22455"},"modified":"2025-06-25T16:57:26","modified_gmt":"2025-06-25T14:57:26","slug":"edito-n7","status":"publish","type":"page","link":"https:\/\/wp.unil.ch\/infofbm\/edito-n7\/","title":{"rendered":"Edito n\u00b07"},"content":{"rendered":"\n<p>26 juin 2025<\/p>\n\n\n\n<h2 class=\"wp-block-heading\"><strong><strong><strong>Notre c\u00e9r\u00e9monie de rentr\u00e9e change de nom: et COA encore?<\/strong><\/strong><\/strong><\/h2>\n\n\n\n<p>D\u00e8s cette ann\u00e9e, la COC devient la COA. Dans le jargon de la FBM, la \u00abCOC\u00bb, c\u2019est la C\u00e9r\u00e9monie d\u2019ouverture des cours et de remise des prix, qui se tient traditionnellement en septembre; or cette ann\u00e9e, cet \u00e9v\u00e9nement subit une importante refonte qui nous a conduit \u00e0 le rebaptiser \u00abC\u00e9r\u00e9monie d\u2019ouverture de l\u2019ann\u00e9e acad\u00e9mique\u00bb, ou \u00abCOA\u00bb.<\/p>\n\n\n\n<p>Pourquoi ce changement? Tout est parti d\u2019un constat: alors que notre COC s\u2019adressait, sur le papier, en priorit\u00e9 aux \u00e9tudiant\u00b7es, nous peinions \u00e0 attirer cette population, alors en pleine rentr\u00e9e. Sauf \u2013 l\u2019exception qui confirme la r\u00e8gle? \u2013 l\u2019ann\u00e9e des 10 ans de la Facult\u00e9 de biologie et de m\u00e9decine (FBM), quand nous avions pr\u00e9vu un ap\u00e9ritif \u00e0 la bi\u00e8re\u2026<\/p>\n\n\n\n<p>C\u2019est pourquoi nous avons d\u00e9cid\u00e9 de modifier l\u2019ADN de cette c\u00e9r\u00e9monie, et d\u2019en faire un \u00e9v\u00e9nement facultaire au sens large, destin\u00e9 \u00e0 toute la communaut\u00e9, tous corps confondus. La remise des prix reste au menu, dans la seconde partie de la c\u00e9r\u00e9monie. Mais la premi\u00e8re partie accueillera deux temps forts: tout d\u2019abord, en tant que doyen, je ferai le bilan du dernier exercice et donnerai les grandes lignes de la strat\u00e9gie du d\u00e9canat de la FBM pour l\u2019avenir.<\/p>\n\n\n\n<p>Second temps fort, nous accueillerons un <em>keynote speaker<\/em>\u00a0: pour cette \u00e9dition, c\u2019est Pap Ndiaye, ancien ministre de l\u2019\u00c9ducation nationale sous la pr\u00e9sidence d\u2019Emmanuel Macron, et actuel ambassadeur, repr\u00e9sentant permanent de la France aupr\u00e8s du Conseil de l\u2019Europe. Pap Ndiaye est aussi historien, professeur des universit\u00e9s \u00e0 Sciences Po Paris, sp\u00e9cialiste de l\u2019histoire sociale des \u00c9tats-Unis, en particulier des minorit\u00e9s, en particulier des Noirs am\u00e9ricains. Qui de plus qualifi\u00e9 que lui pour nous parler des enjeux contemporains de l\u2019\u00e9ducation, ce ferment et ce ciment de la d\u00e9mocratie? Qui de plus qualifi\u00e9 que lui pour \u00e9voquer l\u2019importance des principes EDI \u2013 \u00e9galit\u00e9, diversit\u00e9 et inclusion \u2013 \u00e0 l\u2019heure o\u00f9 ils sont attaqu\u00e9s, notamment outre-Atlantique, par des gouvernements \u00e0 tendance autocratique?<\/p>\n\n\n\n<p>Cette ann\u00e9e, la COA se d\u00e9roulera \u00e0 Dorigny, d\u00e8s 17h15, et sera retransmise en direct. R\u00e9servez donc d\u2019ores et d\u00e9j\u00e0 la date du <strong>18 septembre<\/strong> dans vos agendas!<\/p>\n\n\n\n<p>Renaud Du Pasquier, Doyen FBM<\/p>\n\n\n\n<p><\/p>\n","protected":false},"excerpt":{"rendered":"<p>26 juin 2025 Notre c\u00e9r\u00e9monie de rentr\u00e9e change de nom: et COA encore? D\u00e8s cette ann\u00e9e, la COC devient la COA. Dans le jargon de la FBM, la \u00abCOC\u00bb, c\u2019est la C\u00e9r\u00e9monie d\u2019ouverture des cours et de remise des prix,<\/p>\n","protected":false},"author":855,"featured_media":0,"parent":0,"menu_order":0,"comment_status":"closed","ping_status":"closed","template":"","meta":{"_seopress_robots_primary_cat":"","_seopress_titles_title":"","_seopress_titles_desc":"","_seopress_robots_index":"","footnotes":""},"class_list":["post-22455","page","type-page","status-publish"],"_links":{"self":[{"href":"https:\/\/wp.unil.ch\/infofbm\/wp-json\/wp\/v2\/pages\/22455","targetHints":{"allow":["GET"]}}],"collection":[{"href":"https:\/\/wp.unil.ch\/infofbm\/wp-json\/wp\/v2\/pages"}],"about":[{"href":"https:\/\/wp.unil.ch\/infofbm\/wp-json\/wp\/v2\/types\/page"}],"author":[{"embeddable":true,"href":"https:\/\/wp.unil.ch\/infofbm\/wp-json\/wp\/v2\/users\/855"}],"replies":[{"embeddable":true,"href":"https:\/\/wp.unil.ch\/infofbm\/wp-json\/wp\/v2\/comments?post=22455"}],"version-history":[{"count":3,"href":"https:\/\/wp.unil.ch\/infofbm\/wp-json\/wp\/v2\/pages\/22455\/revisions"}],"predecessor-version":[{"id":22466,"href":"https:\/\/wp.unil.ch\/infofbm\/wp-json\/wp\/v2\/pages\/22455\/revisions\/22466"}],"wp:attachment":[{"href":"https:\/\/wp.unil.ch\/infofbm\/wp-json\/wp\/v2\/media?parent=22455"}],"curies":[{"name":"wp","href":"https:\/\/api.w.org\/{rel}","templated":true}]}}