{"id":21935,"date":"2024-10-08T12:55:09","date_gmt":"2024-10-08T10:55:09","guid":{"rendered":"https:\/\/wp.unil.ch\/infofbm\/?page_id=21935"},"modified":"2024-10-09T10:33:36","modified_gmt":"2024-10-09T08:33:36","slug":"sondage","status":"publish","type":"page","link":"https:\/\/wp.unil.ch\/infofbm\/sondage\/","title":{"rendered":"Sondage"},"content":{"rendered":"\n<p><\/p>\n\n\n\n<h2 class=\"wp-block-heading\"><strong>La newsletter FBM fait peau neuve: r\u00e9sultats du sondage<\/strong><\/h2>\n\n\n<p>Pour la rentr\u00e9e universitaire 2024-25, la newsletter INFO FBM devient <strong>FOCUS FBM<\/strong>, avec un design rafra\u00eechi et un format plus concis et dynamique: une newsletter focalis\u00e9e sur l\u2019actualit\u00e9, les \u00e9v\u00e9nements et les informations essentielles de la Facult\u00e9 de biologie et de m\u00e9decine, \u00e0 retrouver dans les rubriques \u00abC\u00f4t\u00e9 D\u00e9canat\u00bb, \u00abRendez-vous\u00bb, \u00abRecherche &amp; Innovation\u00bb, \u00abEnseignement &amp; Formation\u00bb. Sans oublier l\u2019inauguration d\u2019un \u00e9dito avec \u00abLe mot du Doyen\u00bb. Le nombre d&rsquo;annonces par rubrique est d\u00e9sormais limit\u00e9 pour faciliter la navigation.<\/p>\n<p>Cette refonte r\u00e9sulte largement du sondage men\u00e9 durant l&rsquo;\u00e9t\u00e9 2024 pour prendre la temp\u00e9rature de notre lectorat, ainsi que d&rsquo;une r\u00e9flexion interne engag\u00e9e depuis quelques mois. Nous remercions d\u00e8s lors chaleureusement toutes les personnes ayant pris le temps de participer \u00e0 notre enqu\u00eate.<\/p>\n<p>Vos retours nous ont permis de mieux cerner les attentes de la communaut\u00e9 FBM et de repenser certains aspects, afin de r\u00e9pondre au mieux \u00e0 vos besoins d\u2019information. Vous trouverez ci-dessous un r\u00e9sum\u00e9 des principaux r\u00e9sultats du sondage, qui ont guid\u00e9 la refonte de la newsletter.<\/p>\n\n\n<figure class=\"wp-block-table has-medium-font-size\"><table class=\"has-white-color has-text-color has-background has-link-color has-fixed-layout\" style=\"background-color:#af4c64\"><tbody><tr><td><p class=\"has-medium-font-size\"><strong>En quelques points, ce que vous pouvez attendre de FOCUS FBM<\/strong><\/p><ul><li><strong>Edito<\/strong>: le <strong>\u00ab Mot du Doyen \u00bb<\/strong> qui ouvre la newsletter<\/li><li><strong>Visuel<\/strong>: un design modernis\u00e9<\/li><li><strong>Structure<\/strong>: une organisation claire et une pr\u00e9sentation optimis\u00e9e des informations<\/li><li><strong>Contenu<\/strong>: une priorisation des nouvelles majeures et une r\u00e9duction des redondances<\/li><li><strong>Nouveau<\/strong>: un \u00ab Coin presse \u00bb qui met en lumi\u00e8re une s\u00e9lection de retomb\u00e9es m\u00e9diatiques dans la presse \u00e9crite et audiovisuelle mentionnant des&nbsp;membres de la FBM<\/li><li>Certaines demandes, notamment celle concernant l\u2019introduction d\u2019un sommaire en d\u00e9but de newsletter, n&rsquo;ont pas pu \u00eatre mises en \u0153uvre en raison de limitations techniques.<\/li><\/ul><\/td><\/tr><\/tbody><\/table><\/figure>\n\n\n\n<p class=\"has-medium-font-size\"><strong>Le sondage en un coup d\u2019\u0153il<\/strong><\/p>\n\n\n\n<p>L\u2019enqu\u00eate, envoy\u00e9e \u00e0 tous les destinataires de la newsletter (corps acad\u00e9mique, \u00e9tudiant\u00b7es, enseignant\u00b7es, membres du PAT de la FBM, ainsi qu\u2019un certain nombre d\u2019abonn\u00e9\u00b7es externes), s&rsquo;est d\u00e9roul\u00e9e du <strong>8 juillet au 26 ao\u00fbt 2024<\/strong>.<\/p>\n\n\n\n<p>Compos\u00e9 de <strong>23 questions<\/strong>, le sondage portait sur plusieurs aspects: format et modalit\u00e9s d\u2019envoi, contenu et pertinence, design, langue, ainsi qu\u2019un int\u00e9r\u00eat \u00e9ventuel concernant une revue de presse facultaire (ant\u00e9rieurement \u00e9mis mensuellement sous le nom \u00ab&nbsp;La FBM dans les m\u00e9dias&nbsp;\u00bb). Le sondage offrait \u00e9galement la possibilit\u00e9 de formuler des suggestions individuelles concernant le concept, le contenu et la mise en page de la newsletter. Au total, <strong>211 r\u00e9ponses<\/strong> ont \u00e9t\u00e9 recueillies.<\/p>\n\n\n\n<p class=\"has-medium-font-size\"><strong>Format et modalit\u00e9s d&rsquo;envoi<\/strong><\/p>\n\n\n\n<p class=\"has-text-color has-link-color wp-elements-8823bf91883b689f18293d52745b6405\" style=\"color:#af4c64\"><strong>Question: \u00c0 quelle fr\u00e9quence lisez-vous la newsletter \u00abINFO FBM\u00bb?<\/strong><\/p>\n\n\n\n<figure class=\"wp-block-image size-full\"><img alt=\"\" loading=\"lazy\" decoding=\"async\" width=\"2994\" height=\"1221\" src=\"https:\/\/wp.unil.ch\/infofbm\/files\/2024\/10\/1.png\" alt=\"\" class=\"wp-image-21967\" srcset=\"https:\/\/wp.unil.ch\/infofbm\/files\/2024\/10\/1.png 2994w, https:\/\/wp.unil.ch\/infofbm\/files\/2024\/10\/1-300x122.png 300w, https:\/\/wp.unil.ch\/infofbm\/files\/2024\/10\/1-580x237.png 580w, https:\/\/wp.unil.ch\/infofbm\/files\/2024\/10\/1-90x37.png 90w, https:\/\/wp.unil.ch\/infofbm\/files\/2024\/10\/1-768x313.png 768w, https:\/\/wp.unil.ch\/infofbm\/files\/2024\/10\/1-1536x626.png 1536w, https:\/\/wp.unil.ch\/infofbm\/files\/2024\/10\/1-2048x835.png 2048w, https:\/\/wp.unil.ch\/infofbm\/files\/2024\/10\/1-1320x538.png 1320w\" sizes=\"auto, (max-width: 2994px) 100vw, 2994px\" \/><\/figure>\n\n\n\n<p class=\"has-text-color has-link-color wp-elements-8c8815d5aeb30a09c0574821b9c1b5bc\" style=\"color:#af4c64\"><strong>Question: Si vous la lisez, la parcourez-vous \u2026<\/strong><\/p>\n\n\n\n<figure class=\"wp-block-image size-full\"><img alt=\"\" loading=\"lazy\" decoding=\"async\" width=\"2994\" height=\"1221\" src=\"https:\/\/wp.unil.ch\/infofbm\/files\/2024\/10\/2.png\" alt=\"\" class=\"wp-image-21968\" srcset=\"https:\/\/wp.unil.ch\/infofbm\/files\/2024\/10\/2.png 2994w, https:\/\/wp.unil.ch\/infofbm\/files\/2024\/10\/2-300x122.png 300w, https:\/\/wp.unil.ch\/infofbm\/files\/2024\/10\/2-580x237.png 580w, https:\/\/wp.unil.ch\/infofbm\/files\/2024\/10\/2-90x37.png 90w, https:\/\/wp.unil.ch\/infofbm\/files\/2024\/10\/2-768x313.png 768w, https:\/\/wp.unil.ch\/infofbm\/files\/2024\/10\/2-1536x626.png 1536w, https:\/\/wp.unil.ch\/infofbm\/files\/2024\/10\/2-2048x835.png 2048w, https:\/\/wp.unil.ch\/infofbm\/files\/2024\/10\/2-1320x538.png 1320w\" sizes=\"auto, (max-width: 2994px) 100vw, 2994px\" \/><\/figure>\n\n\n\n<p class=\"has-text-color has-link-color wp-elements-3406165ee1546a509e551f54ece43235\" style=\"color:#af4c64\"><strong>Question: Que pensez-vous de la <u>fr\u00e9quence<\/u> de la newsletter?<\/strong><\/p>\n\n\n\n<figure class=\"wp-block-image size-full\"><img alt=\"\" loading=\"lazy\" decoding=\"async\" width=\"2994\" height=\"1221\" src=\"https:\/\/wp.unil.ch\/infofbm\/files\/2024\/10\/3.png\" alt=\"\" class=\"wp-image-21969\" srcset=\"https:\/\/wp.unil.ch\/infofbm\/files\/2024\/10\/3.png 2994w, https:\/\/wp.unil.ch\/infofbm\/files\/2024\/10\/3-300x122.png 300w, https:\/\/wp.unil.ch\/infofbm\/files\/2024\/10\/3-580x237.png 580w, https:\/\/wp.unil.ch\/infofbm\/files\/2024\/10\/3-90x37.png 90w, https:\/\/wp.unil.ch\/infofbm\/files\/2024\/10\/3-768x313.png 768w, https:\/\/wp.unil.ch\/infofbm\/files\/2024\/10\/3-1536x626.png 1536w, https:\/\/wp.unil.ch\/infofbm\/files\/2024\/10\/3-2048x835.png 2048w, https:\/\/wp.unil.ch\/infofbm\/files\/2024\/10\/3-1320x538.png 1320w\" sizes=\"auto, (max-width: 2994px) 100vw, 2994px\" \/><\/figure>\n\n\n\n<p class=\"has-text-color has-link-color wp-elements-32791ac9fbf999db67cfb8d8c1f7f139\" style=\"color:#af4c64\"><strong>En r\u00e9sum\u00e9:<\/strong><\/p>\n\n\n\n<p>\ud83d\udca1 La grande majorit\u00e9 des r\u00e9pondant\u00b7es lit la newsletter <strong>r\u00e9guli\u00e8rement<\/strong> et <strong>partiellement <\/strong>(en d\u00e9filant).<\/p>\n\n\n\n<p>\ud83d\udca1 Les r\u00e9pondant\u00b7es sont globalement <strong>content\u00b7es avec sa fr\u00e9quence actuelle <\/strong>(une fois tous les 1-2 mois).<\/p>\n\n\n\n<p class=\"has-medium-font-size\"><strong>Contenu et pertinence<\/strong><\/p>\n\n\n\n<p class=\"has-text-color has-link-color wp-elements-809f9068b0a93e01d0548b60b51e2f32\" style=\"color:#af4c64\"><strong>Question: Que pensez-vous de la <u>quantit\u00e9 d&rsquo;informations<\/u> dans la newsletter?<\/strong><\/p>\n\n\n\n<figure class=\"wp-block-image size-full\"><img alt=\"\" loading=\"lazy\" decoding=\"async\" width=\"2994\" height=\"1221\" src=\"https:\/\/wp.unil.ch\/infofbm\/files\/2024\/10\/4.png\" alt=\"\" class=\"wp-image-21981\" srcset=\"https:\/\/wp.unil.ch\/infofbm\/files\/2024\/10\/4.png 2994w, https:\/\/wp.unil.ch\/infofbm\/files\/2024\/10\/4-300x122.png 300w, https:\/\/wp.unil.ch\/infofbm\/files\/2024\/10\/4-580x237.png 580w, https:\/\/wp.unil.ch\/infofbm\/files\/2024\/10\/4-90x37.png 90w, https:\/\/wp.unil.ch\/infofbm\/files\/2024\/10\/4-768x313.png 768w, https:\/\/wp.unil.ch\/infofbm\/files\/2024\/10\/4-1536x626.png 1536w, https:\/\/wp.unil.ch\/infofbm\/files\/2024\/10\/4-2048x835.png 2048w, https:\/\/wp.unil.ch\/infofbm\/files\/2024\/10\/4-1320x538.png 1320w\" sizes=\"auto, (max-width: 2994px) 100vw, 2994px\" \/><\/figure>\n\n\n\n<p>Parmi les commentaires des r\u00e9pondant\u00b7es ayant s\u00e9lectionn\u00e9 l\u2019option \u00ab autre \u00bb, plusieurs signalent que la newsletter est per\u00e7ue comme <strong>trop longue<\/strong>. Certaines personnes soulignent \u00e9galement que la mise en page rend difficile la recherche d&rsquo;informations et expriment le souhait d&rsquo;un design plus \u00e9pur\u00e9.<\/p>\n\n\n\n<p class=\"has-text-color has-link-color wp-elements-64ba069fd0476fbb5a7722c033f2274b\" style=\"color:#af4c64\"><strong>Question: Que pensez-vous de la <u>longueur<\/u> de la newsletter?<\/strong><\/p>\n\n\n\n<figure class=\"wp-block-image size-full\"><img alt=\"\" loading=\"lazy\" decoding=\"async\" width=\"2994\" height=\"1221\" src=\"https:\/\/wp.unil.ch\/infofbm\/files\/2024\/10\/5.png\" alt=\"\" class=\"wp-image-21982\" srcset=\"https:\/\/wp.unil.ch\/infofbm\/files\/2024\/10\/5.png 2994w, https:\/\/wp.unil.ch\/infofbm\/files\/2024\/10\/5-300x122.png 300w, https:\/\/wp.unil.ch\/infofbm\/files\/2024\/10\/5-580x237.png 580w, https:\/\/wp.unil.ch\/infofbm\/files\/2024\/10\/5-90x37.png 90w, https:\/\/wp.unil.ch\/infofbm\/files\/2024\/10\/5-768x313.png 768w, https:\/\/wp.unil.ch\/infofbm\/files\/2024\/10\/5-1536x626.png 1536w, https:\/\/wp.unil.ch\/infofbm\/files\/2024\/10\/5-2048x835.png 2048w, https:\/\/wp.unil.ch\/infofbm\/files\/2024\/10\/5-1320x538.png 1320w\" sizes=\"auto, (max-width: 2994px) 100vw, 2994px\" \/><\/figure>\n\n\n\n<p class=\"has-text-color has-link-color wp-elements-1fc4777bf8babeeed30940872ab778f4\" style=\"color:#af4c64\"><strong>Question: Trouvez-vous des informations dans la newsletter que vous n&rsquo;avez pas vues ailleurs?<\/strong><\/p>\n\n\n\n<figure class=\"wp-block-image size-full\"><img alt=\"\" loading=\"lazy\" decoding=\"async\" width=\"2994\" height=\"1221\" src=\"https:\/\/wp.unil.ch\/infofbm\/files\/2024\/10\/6.png\" alt=\"\" class=\"wp-image-21983\" srcset=\"https:\/\/wp.unil.ch\/infofbm\/files\/2024\/10\/6.png 2994w, https:\/\/wp.unil.ch\/infofbm\/files\/2024\/10\/6-300x122.png 300w, https:\/\/wp.unil.ch\/infofbm\/files\/2024\/10\/6-580x237.png 580w, https:\/\/wp.unil.ch\/infofbm\/files\/2024\/10\/6-90x37.png 90w, https:\/\/wp.unil.ch\/infofbm\/files\/2024\/10\/6-768x313.png 768w, https:\/\/wp.unil.ch\/infofbm\/files\/2024\/10\/6-1536x626.png 1536w, https:\/\/wp.unil.ch\/infofbm\/files\/2024\/10\/6-2048x835.png 2048w, https:\/\/wp.unil.ch\/infofbm\/files\/2024\/10\/6-1320x538.png 1320w\" sizes=\"auto, (max-width: 2994px) 100vw, 2994px\" \/><\/figure>\n\n\n\n<p class=\"has-text-color has-link-color wp-elements-32791ac9fbf999db67cfb8d8c1f7f139\" style=\"color:#af4c64\"><strong>En r\u00e9sum\u00e9:<\/strong><\/p>\n\n\n\n<p><a>\ud83d\udca1<\/a> Une majorit\u00e9 des r\u00e9pondant\u00b7es juge la <strong>quantit\u00e9 d\u2019informations ad\u00e9quate <\/strong>et 40% trouvent que la <strong>newsletter est trop longue.<\/strong><\/p>\n\n\n\n<p>\ud83d\udca1 Cependant, les r\u00e9pondant\u00b7es y d\u00e9couvrent majoritairement des <strong>nouvelles informations <\/strong>(80%).<\/p>\n\n\n\n<p>\ud83d\udca1 Les informations d\u00e9j\u00e0 vues ailleurs concernent principalement<br><\/p>\n\n\n\n<ul class=\"wp-block-list\">\n<li>Les <strong>Le\u00e7ons inaugurales, nominations, <\/strong>certains prix et distinctions<\/li>\n\n\n\n<li>Les <strong>actualit\u00e9s &amp; \u00e9v\u00e9nements institutionnels<\/strong> de l\u2019UNIL et du CHUV<\/li>\n\n\n\n<li>Les appels d\u2019offres, certains projets de recherche<\/li>\n<\/ul>\n\n\n\n<p><\/p>\n\n\n\n<p>\ud83d\udca1 Parmi les canaux \u00abredondants\u00bb, les plus cit\u00e9s sont<\/p>\n\n\n\n<ul class=\"wp-block-list\">\n<li>Les <strong>emails<\/strong><\/li>\n\n\n\n<li>Les <strong>r\u00e9seaux sociaux et les sites web de la FBM<\/strong>, de l\u2019UNIL et du CHUV<\/li>\n\n\n\n<li>D\u2019autres newsletters de l\u2019UNIL et du CHUV<\/li>\n<\/ul>\n\n\n\n<p class=\"has-text-color has-link-color wp-elements-4b0df15fcc8a6903ee8a6b52a44ad8c6\" style=\"color:#af4c64\"><strong>Question: Quelles informations trouvez-vous <u>les plus pertinentes\/int\u00e9ressantes<\/u><br>dans la newsletter?<em> <\/em><\/strong><em>(plusieurs r\u00e9ponses possibles)<\/em><\/p>\n\n\n\n<figure class=\"wp-block-image size-full is-resized\"><img alt=\"\" loading=\"lazy\" decoding=\"async\" width=\"2296\" height=\"1335\" src=\"https:\/\/wp.unil.ch\/infofbm\/files\/2024\/10\/7.png\" alt=\"\" class=\"wp-image-21987\" style=\"width:755px;height:auto\" srcset=\"https:\/\/wp.unil.ch\/infofbm\/files\/2024\/10\/7.png 2296w, https:\/\/wp.unil.ch\/infofbm\/files\/2024\/10\/7-300x174.png 300w, https:\/\/wp.unil.ch\/infofbm\/files\/2024\/10\/7-580x337.png 580w, https:\/\/wp.unil.ch\/infofbm\/files\/2024\/10\/7-90x52.png 90w, https:\/\/wp.unil.ch\/infofbm\/files\/2024\/10\/7-768x447.png 768w, https:\/\/wp.unil.ch\/infofbm\/files\/2024\/10\/7-1536x893.png 1536w, https:\/\/wp.unil.ch\/infofbm\/files\/2024\/10\/7-2048x1191.png 2048w, https:\/\/wp.unil.ch\/infofbm\/files\/2024\/10\/7-1320x768.png 1320w\" sizes=\"auto, (max-width: 2296px) 100vw, 2296px\" \/><\/figure>\n\n\n\n<p class=\"has-text-color has-link-color wp-elements-32791ac9fbf999db67cfb8d8c1f7f139\" style=\"color:#af4c64\"><strong>En r\u00e9sum\u00e9:<\/strong><\/p>\n\n\n\n<p>\ud83d\udca1 &nbsp;Les th\u00e9matiques consid\u00e9r\u00e9es comme les plus pertinentes\/int\u00e9ressantes par les r\u00e9pondant\u00b7es sont les <strong>actualit\u00e9s en lien avec la FBM<\/strong> (news du d\u00e9canat, \u00e9v\u00e9nements, personnalit\u00e9s et rencontres) <strong>et avec la recherche <\/strong>(actualit\u00e9s, informations, projets).<\/p>\n\n\n\n<p>\ud83d\udca1 Les int\u00e9r\u00eats indiqu\u00e9s correspondent au <strong>profil des r\u00e9pondant\u00b7es<\/strong>, compos\u00e9s environ pour moiti\u00e9 de membres du corps acad\u00e9mique et pour moiti\u00e9 du personnel administratif et technique (PAT).<\/p>\n\n\n\n<figure class=\"wp-block-image size-full\"><img alt=\"\" loading=\"lazy\" decoding=\"async\" width=\"2994\" height=\"1221\" src=\"https:\/\/wp.unil.ch\/infofbm\/files\/2024\/10\/8.png\" alt=\"\" class=\"wp-image-21989\" srcset=\"https:\/\/wp.unil.ch\/infofbm\/files\/2024\/10\/8.png 2994w, https:\/\/wp.unil.ch\/infofbm\/files\/2024\/10\/8-300x122.png 300w, https:\/\/wp.unil.ch\/infofbm\/files\/2024\/10\/8-580x237.png 580w, https:\/\/wp.unil.ch\/infofbm\/files\/2024\/10\/8-90x37.png 90w, https:\/\/wp.unil.ch\/infofbm\/files\/2024\/10\/8-768x313.png 768w, https:\/\/wp.unil.ch\/infofbm\/files\/2024\/10\/8-1536x626.png 1536w, https:\/\/wp.unil.ch\/infofbm\/files\/2024\/10\/8-2048x835.png 2048w, https:\/\/wp.unil.ch\/infofbm\/files\/2024\/10\/8-1320x538.png 1320w\" sizes=\"auto, (max-width: 2994px) 100vw, 2994px\" \/><\/figure>\n\n\n\n<p>\ud83d\udca1 Parmi les th\u00e9matiques mentionn\u00e9es que les r\u00e9pondant\u00b7es aimeraient voir davantage (questions ouvertes), les sujets principaux sont&nbsp;:<\/p>\n\n\n\n<ul class=\"wp-block-list\">\n<li><strong>\u00c9ditos du doyen<\/strong> et news de l\u2019\u00e9quipe d\u00e9canale<\/li>\n\n\n\n<li><strong>News du PAT<\/strong> et rencontres avec ses membres<\/li>\n\n\n\n<li><strong>Projets &amp; avanc\u00e9es<\/strong> de recherche<\/li>\n\n\n\n<li><strong>Une revue de presse*<\/strong><\/li>\n<\/ul>\n\n\n\n<p class=\"has-small-font-size\"><em>* 80% des r\u00e9pondant\u00b7es indiquent avoir r\u00e9guli\u00e8rement ou occasionnellement consult\u00e9 l\u2019ancienne revue de presse&nbsp;\u00ab&nbsp;La FBM dans les m\u00e9dias&nbsp;\u00bb (voir section suivante).<\/em><\/p>\n\n\n\n<p class=\"has-medium-font-size\"><strong>Revue de presse<\/strong><\/p>\n\n\n\n<p class=\"has-text-color has-link-color wp-elements-f2fe92e6c89e13f3a9edaa6083878512\" style=\"color:#af4c64\"><strong>Question: Lisiez-vous la revue de presse \u00ab\u00a0LA FBM DANS LES M\u00c9DIAS\u00a0\u00bb, dont la diffusion s\u2019est arr\u00eat\u00e9e en juin 2023?<\/strong><\/p>\n\n\n\n<figure class=\"wp-block-image size-full\"><img alt=\"\" loading=\"lazy\" decoding=\"async\" width=\"2994\" height=\"1221\" src=\"https:\/\/wp.unil.ch\/infofbm\/files\/2024\/10\/9.png\" alt=\"\" class=\"wp-image-21991\" srcset=\"https:\/\/wp.unil.ch\/infofbm\/files\/2024\/10\/9.png 2994w, https:\/\/wp.unil.ch\/infofbm\/files\/2024\/10\/9-300x122.png 300w, https:\/\/wp.unil.ch\/infofbm\/files\/2024\/10\/9-580x237.png 580w, https:\/\/wp.unil.ch\/infofbm\/files\/2024\/10\/9-90x37.png 90w, https:\/\/wp.unil.ch\/infofbm\/files\/2024\/10\/9-768x313.png 768w, https:\/\/wp.unil.ch\/infofbm\/files\/2024\/10\/9-1536x626.png 1536w, https:\/\/wp.unil.ch\/infofbm\/files\/2024\/10\/9-2048x835.png 2048w, https:\/\/wp.unil.ch\/infofbm\/files\/2024\/10\/9-1320x538.png 1320w\" sizes=\"auto, (max-width: 2994px) 100vw, 2994px\" \/><\/figure>\n\n\n\n<p class=\"has-text-color has-link-color wp-elements-f63e6b392e9bf61fc3c5c57dfe14cb0b\" style=\"color:#af4c64\"><strong>Question: Seriez-vous int\u00e9ress\u00e9\u00b7e par une revue de presse r\u00e9guli\u00e8re de la FBM?<\/strong> (liste d&rsquo;articles de presse, \u00e9missions radio, TV, etc. mentionnant des membres de la FBM)<\/p>\n\n\n\n<figure class=\"wp-block-image size-large\"><img alt=\"\" loading=\"lazy\" decoding=\"async\" width=\"580\" height=\"114\" src=\"https:\/\/wp.unil.ch\/infofbm\/files\/2024\/10\/11-580x114.png\" alt=\"\" class=\"wp-image-21992\" srcset=\"https:\/\/wp.unil.ch\/infofbm\/files\/2024\/10\/11-580x114.png 580w, https:\/\/wp.unil.ch\/infofbm\/files\/2024\/10\/11-300x59.png 300w, https:\/\/wp.unil.ch\/infofbm\/files\/2024\/10\/11-90x18.png 90w, https:\/\/wp.unil.ch\/infofbm\/files\/2024\/10\/11-768x151.png 768w, https:\/\/wp.unil.ch\/infofbm\/files\/2024\/10\/11-1536x302.png 1536w, https:\/\/wp.unil.ch\/infofbm\/files\/2024\/10\/11-2048x402.png 2048w, https:\/\/wp.unil.ch\/infofbm\/files\/2024\/10\/11-1320x259.png 1320w\" sizes=\"auto, (max-width: 580px) 100vw, 580px\" \/><\/figure>\n\n\n\n<p class=\"has-text-color has-link-color wp-elements-97e24c8ff1b18e8922ca8db51a5d73e9\" style=\"color:#af4c64\"><strong>Question: \u00c0 quelle fr\u00e9quence aimeriez-vous recevoir une telle revue de presse?<\/strong><\/p>\n\n\n\n<figure class=\"wp-block-image size-full\"><img alt=\"\" loading=\"lazy\" decoding=\"async\" width=\"2994\" height=\"1221\" src=\"https:\/\/wp.unil.ch\/infofbm\/files\/2024\/10\/12.png\" alt=\"\" class=\"wp-image-21993\" srcset=\"https:\/\/wp.unil.ch\/infofbm\/files\/2024\/10\/12.png 2994w, https:\/\/wp.unil.ch\/infofbm\/files\/2024\/10\/12-300x122.png 300w, https:\/\/wp.unil.ch\/infofbm\/files\/2024\/10\/12-580x237.png 580w, https:\/\/wp.unil.ch\/infofbm\/files\/2024\/10\/12-90x37.png 90w, https:\/\/wp.unil.ch\/infofbm\/files\/2024\/10\/12-768x313.png 768w, https:\/\/wp.unil.ch\/infofbm\/files\/2024\/10\/12-1536x626.png 1536w, https:\/\/wp.unil.ch\/infofbm\/files\/2024\/10\/12-2048x835.png 2048w, https:\/\/wp.unil.ch\/infofbm\/files\/2024\/10\/12-1320x538.png 1320w\" sizes=\"auto, (max-width: 2994px) 100vw, 2994px\" \/><\/figure>\n\n\n\n<p class=\"has-text-color has-link-color wp-elements-32791ac9fbf999db67cfb8d8c1f7f139\" style=\"color:#af4c64\"><strong>En r\u00e9sum\u00e9:<\/strong><\/p>\n\n\n\n<p>\ud83d\udca1 80% des r\u00e9pondant\u00b7es indiquent avoir <strong>r\u00e9guli\u00e8rement ou occasionnellement<\/strong> consult\u00e9 l\u2019ancienne revue de presse&nbsp;\u00ab&nbsp;La FBM dans les m\u00e9dias&nbsp;\u00bb.<\/p>\n\n\n\n<p>\ud83d\udca1 &nbsp;Cependant, la majorit\u00e9 des r\u00e9pondant\u00b7es souhaiterait recevoir une revue de presse FBM sous forme de <strong>rubrique int\u00e9gr\u00e9e dans la newsletter<\/strong> facultaire.<\/p>\n\n\n\n<p>\ud83d\udca1 Leur fr\u00e9quence pr\u00e9f\u00e9r\u00e9e (une fois tous les 1-2 mois) correspond \u00e0 la fr\u00e9quence actuelle de la newsletter facultaire.<\/p>\n\n\n\n<p class=\"has-medium-font-size\"><strong>Design<\/strong><\/p>\n\n\n\n<p class=\"has-text-color has-link-color wp-elements-bc1d01b25dc5d297c856abe6fba72f6e\" style=\"color:#af4c64\"><strong>Question: \u00cates-vous satisfait\u00b7e de la mise en page et du design de la newsletter?<\/strong><\/p>\n\n\n\n<figure class=\"wp-block-image size-full\"><img alt=\"\" loading=\"lazy\" decoding=\"async\" width=\"2534\" height=\"487\" src=\"https:\/\/wp.unil.ch\/infofbm\/files\/2024\/10\/13.png\" alt=\"\" class=\"wp-image-21995\" srcset=\"https:\/\/wp.unil.ch\/infofbm\/files\/2024\/10\/13.png 2534w, https:\/\/wp.unil.ch\/infofbm\/files\/2024\/10\/13-300x58.png 300w, https:\/\/wp.unil.ch\/infofbm\/files\/2024\/10\/13-580x111.png 580w, https:\/\/wp.unil.ch\/infofbm\/files\/2024\/10\/13-90x17.png 90w, https:\/\/wp.unil.ch\/infofbm\/files\/2024\/10\/13-768x148.png 768w, https:\/\/wp.unil.ch\/infofbm\/files\/2024\/10\/13-1536x295.png 1536w, https:\/\/wp.unil.ch\/infofbm\/files\/2024\/10\/13-2048x394.png 2048w, https:\/\/wp.unil.ch\/infofbm\/files\/2024\/10\/13-1320x254.png 1320w\" sizes=\"auto, (max-width: 2534px) 100vw, 2534px\" \/><\/figure>\n\n\n\n<p class=\"has-text-color has-link-color wp-elements-8e5a99c69968be8e28059d66cb6ed7f8\" style=\"color:#af4c64\"><strong>Question: Avez-vous des suggestions sp\u00e9cifiques pour am\u00e9liorer la mise en page?<br><\/strong><\/p>\n\n\n\n<figure class=\"wp-block-image size-full\"><img alt=\"\" loading=\"lazy\" decoding=\"async\" width=\"2947\" height=\"1152\" src=\"https:\/\/wp.unil.ch\/infofbm\/files\/2024\/10\/14.png\" alt=\"\" class=\"wp-image-21996\" srcset=\"https:\/\/wp.unil.ch\/infofbm\/files\/2024\/10\/14.png 2947w, https:\/\/wp.unil.ch\/infofbm\/files\/2024\/10\/14-300x117.png 300w, https:\/\/wp.unil.ch\/infofbm\/files\/2024\/10\/14-580x227.png 580w, https:\/\/wp.unil.ch\/infofbm\/files\/2024\/10\/14-90x35.png 90w, https:\/\/wp.unil.ch\/infofbm\/files\/2024\/10\/14-768x300.png 768w, https:\/\/wp.unil.ch\/infofbm\/files\/2024\/10\/14-1536x600.png 1536w, https:\/\/wp.unil.ch\/infofbm\/files\/2024\/10\/14-2048x801.png 2048w, https:\/\/wp.unil.ch\/infofbm\/files\/2024\/10\/14-1320x516.png 1320w\" sizes=\"auto, (max-width: 2947px) 100vw, 2947px\" \/><\/figure>\n\n\n\n<p class=\"has-small-font-size\"><em>Illustration cr\u00e9\u00e9e sur la base d\u2019une analyse th\u00e9matique regroupant les 27 r\u00e9ponses re\u00e7ues \u00e0 l\u2019aide de ChatGPT. La taille des cercles indique la fr\u00e9quence \u00e0 laquelle une th\u00e9matique a \u00e9t\u00e9 mentionn\u00e9e par diff\u00e9rents r\u00e9pondant\u00b7es.<\/em><\/p>\n\n\n\n<p class=\"has-text-color has-link-color wp-elements-32791ac9fbf999db67cfb8d8c1f7f139\" style=\"color:#af4c64\"><strong>En r\u00e9sum\u00e9:<\/strong><\/p>\n\n\n\n<p>\ud83d\udca1 Une l\u00e9g\u00e8re majorit\u00e9 des r\u00e9pondant\u00b7es est globalement <strong>satisfaite<\/strong> avec la mise en page de la newsletter.<\/p>\n\n\n\n<p>\ud83d\udca1 Cependant, le souhait d\u2019am\u00e9lioration le plus cit\u00e9 est <strong>l\u2019am\u00e9lioration de la navigation et hi\u00e9rarchisation<\/strong> de l\u2019information.<\/p>\n\n\n\n<p>\ud83d\udca1 R\u00e9sumant les suggestions et r\u00e9ponses aux questions ouvertes, les r\u00e9pondant\u00b7es souhaiteraient voir une am\u00e9lioration de l&rsquo;\u00ab&nbsp;exp\u00e9rience lecteur&nbsp;\u00bb, notamment \u00e0 travers<\/p>\n\n\n\n<ul class=\"wp-block-list\">\n<li>une <strong>navigation simplifi\u00e9e<\/strong><\/li>\n\n\n\n<li>une <strong>r\u00e9duction de la longueur<\/strong><\/li>\n\n\n\n<li>une <strong>modernisation du design<\/strong><\/li>\n\n\n\n<li>tout en <strong>r\u00e9organisant le contenu<\/strong> de mani\u00e8re plus claire et engageante.<\/li>\n<\/ul>\n\n\n\n<p><\/p>\n","protected":false},"excerpt":{"rendered":"<p>La newsletter FBM fait peau neuve: r\u00e9sultats du sondage Pour la rentr\u00e9e universitaire 2024-25, la newsletter INFO FBM devient FOCUS FBM, avec un design rafra\u00eechi et un format plus concis et dynamique: une newsletter focalis\u00e9e sur l\u2019actualit\u00e9, les \u00e9v\u00e9nements et<\/p>\n","protected":false},"author":855,"featured_media":0,"parent":0,"menu_order":0,"comment_status":"closed","ping_status":"closed","template":"","meta":{"_seopress_robots_primary_cat":"","_seopress_titles_title":"","_seopress_titles_desc":"","_seopress_robots_index":"","footnotes":""},"class_list":["post-21935","page","type-page","status-publish"],"_links":{"self":[{"href":"https:\/\/wp.unil.ch\/infofbm\/wp-json\/wp\/v2\/pages\/21935","targetHints":{"allow":["GET"]}}],"collection":[{"href":"https:\/\/wp.unil.ch\/infofbm\/wp-json\/wp\/v2\/pages"}],"about":[{"href":"https:\/\/wp.unil.ch\/infofbm\/wp-json\/wp\/v2\/types\/page"}],"author":[{"embeddable":true,"href":"https:\/\/wp.unil.ch\/infofbm\/wp-json\/wp\/v2\/users\/855"}],"replies":[{"embeddable":true,"href":"https:\/\/wp.unil.ch\/infofbm\/wp-json\/wp\/v2\/comments?post=21935"}],"version-history":[{"count":5,"href":"https:\/\/wp.unil.ch\/infofbm\/wp-json\/wp\/v2\/pages\/21935\/revisions"}],"predecessor-version":[{"id":22024,"href":"https:\/\/wp.unil.ch\/infofbm\/wp-json\/wp\/v2\/pages\/21935\/revisions\/22024"}],"wp:attachment":[{"href":"https:\/\/wp.unil.ch\/infofbm\/wp-json\/wp\/v2\/media?parent=21935"}],"curies":[{"name":"wp","href":"https:\/\/api.w.org\/{rel}","templated":true}]}}