{"id":989,"date":"2022-02-17T16:26:36","date_gmt":"2022-02-17T15:26:36","guid":{"rendered":"https:\/\/wp.unil.ch\/infoecoledemedecine\/?page_id=989"},"modified":"2026-02-12T10:19:33","modified_gmt":"2026-02-12T09:19:33","slug":"feedback","status":"publish","type":"page","link":"https:\/\/wp.unil.ch\/infoecoledemedecine\/feedback\/","title":{"rendered":"Newsletter \u00ab\u00a0Feedback\u00a0\u00bb"},"content":{"rendered":"\n<p>Au printemps 2021, l\u2019\u00c9cole de m\u00e9decine a propos\u00e9 pour la premi\u00e8re fois d\u2019\u00e9valuer l\u2019ensemble de son cursus \u00e0 ses \u00e9tudiant\u00b7es de 2e&nbsp;ann\u00e9e de Master. La d\u00e9marche s\u2019inscrit dans une volont\u00e9 d\u2019<strong>am\u00e9lioration continue du cursus<\/strong>&nbsp;et accompagne \u00e9galement le processus d\u2019accr\u00e9ditation des fili\u00e8res de m\u00e9decine suisses. \u00c0 l\u2019occasion de la premi\u00e8re \u00e9valuation, un manque d\u2019informations a \u00e9t\u00e9 point\u00e9 du doigt\u2009: c\u2019est ainsi qu\u2019est n\u00e9e la&nbsp;<strong>newsletter \u00ab&nbsp;Feedback&nbsp;\u00bb<\/strong>&nbsp;au printemps 2022.<\/p>\n\n\n\n<p>Ce canal de communication permet de pr\u00e9senter les actions en cours ou \u00e0 venir \u00e0 l\u2019\u00c9cole de m\u00e9decine, suite, notamment, aux \u00e9valuations de cursus. Feedback est envoy\u00e9 une fois par ann\u00e9e \u00e0 tou\u00b7te\u00b7s les \u00e9tudiant\u00b7es en m\u00e9decine de Lausanne.<\/p>\n\n\n\n<figure class=\"wp-block-image size-large\"><img alt=\"\" loading=\"lazy\" decoding=\"async\" width=\"1024\" height=\"293\" src=\"https:\/\/wp.unil.ch\/infoecoledemedecine\/files\/2022\/02\/feedback_1400x400_bleu5-1024x293.jpg\" alt=\"\" class=\"wp-image-1181\" srcset=\"https:\/\/wp.unil.ch\/infoecoledemedecine\/files\/2022\/02\/feedback_1400x400_bleu5-1024x293.jpg 1024w, https:\/\/wp.unil.ch\/infoecoledemedecine\/files\/2022\/02\/feedback_1400x400_bleu5-300x86.jpg 300w, https:\/\/wp.unil.ch\/infoecoledemedecine\/files\/2022\/02\/feedback_1400x400_bleu5-768x219.jpg 768w, https:\/\/wp.unil.ch\/infoecoledemedecine\/files\/2022\/02\/feedback_1400x400_bleu5-1320x377.jpg 1320w, https:\/\/wp.unil.ch\/infoecoledemedecine\/files\/2022\/02\/feedback_1400x400_bleu5.jpg 1400w\" sizes=\"auto, (max-width: 1024px) 100vw, 1024px\" \/><\/figure>\n\n\n\n<h5 class=\"wp-block-heading has-text-color has-link-color wp-elements-cd03bb4de88c8a5a1c7897884d5387f3\" style=\"color:#ca054d\"><a href=\"https:\/\/wp.unil.ch\/infoecoledemedecine?mailpoet_router&amp;endpoint=view_in_browser&amp;action=view&amp;data=WzI2OSwiMWZiOGUyMjVmZjU4IiwzMjYsImZmZDllMSIsMTk3LDBd\">Feedback n\u00b04 | juin 2025<\/a> <\/h5>\n\n\n\n<h6 class=\"wp-block-heading\">\u00c9valuation du cursus 2024<\/h6>\n\n\n\n<ul class=\"wp-block-list\">\n<li><a href=\"https:\/\/wp.unil.ch\/infoecoledemedecine\/2025\/05\/evaluation-du-cursus-2024-constat-n1\/\">Constat n\u00b01<\/a> \u2013 Un curriculum \u00e0 moderniser<\/li>\n\n\n\n<li><a href=\"https:\/\/wp.unil.ch\/infoecoledemedecine\/2025\/05\/evaluation-du-cursus-2024-constat-n2\/\">Constat n\u00b02<\/a> \u2013 L&rsquo;avis des \u00e9tudiant\u00b7es compte!<\/li>\n\n\n\n<li><a href=\"https:\/\/wp.unil.ch\/infoecoledemedecine\/2025\/05\/evaluation-du-cursus-2024-constat-n3\/\">Constat n\u00b03<\/a> \u2013 L\u2019approche interpro pourrait \u00eatre d\u00e9velopp\u00e9e davantage<\/li>\n\n\n\n<li>Lire<a href=\"https:\/\/wp.unil.ch\/infoecoledemedecine\/wp-admin\/admin.php?page=mailpoet-newsletter-editor&amp;id=269\"> <\/a><a href=\"https:\/\/wp.unil.ch\/infoecoledemedecine?mailpoet_router&amp;endpoint=view_in_browser&amp;action=view&amp;data=WzI2OSwiMWZiOGUyMjVmZjU4IiwzMjYsImZmZDllMSIsMTk3LDBd\">Feedback n\u00b04<\/a><\/li>\n<\/ul>\n\n\n\n<h5 class=\"wp-block-heading has-text-color has-link-color wp-elements-9c7b10b5a5010400c627833b6617898a\" style=\"color:#ca054d\"><a href=\"https:\/\/wp.unil.ch\/infoecoledemedecine?mailpoet_router&amp;endpoint=view_in_browser&amp;action=view&amp;data=WzIyOCwiNDk1OTQzMGQ3MTYzIiwzMjYsImZmZDllMSIsMTcwLDBd\">Feedback n\u00b03 | juin 2024<\/a><\/h5>\n\n\n\n<h6 class=\"wp-block-heading\">\u00c9valuation du cursus 2023<\/h6>\n\n\n\n<ul class=\"wp-block-list\">\n<li><a href=\"https:\/\/wp.unil.ch\/infoecoledemedecine\/2024\/05\/evaluation-du-cursus-2023-constat-n1\/\">Constat n\u00b01<\/a> \u2013 Une r\u00e9vision du Bachelor et une r\u00e9forme du Master attendues<\/li>\n\n\n\n<li><a href=\"https:\/\/wp.unil.ch\/infoecoledemedecine\/2024\/05\/evaluation-du-cursus-2023-constat-n2\/\">Constat n\u00b02 <\/a>\u2013 Mieux acqu\u00e9rir les comp\u00e9tences pour la recherche<\/li>\n\n\n\n<li>Quelques nouveaut\u00e9s 2023 et au-del\u00e0 (\u00e0 lire dans <a href=\"https:\/\/wp.unil.ch\/infoecoledemedecine?mailpoet_router&amp;endpoint=view_in_browser&amp;action=view&amp;data=WzIyOCwiNDk1OTQzMGQ3MTYzIiwzMjYsImZmZDllMSIsMTcwLDBd\">Feedback n\u00b03<\/a>)<\/li>\n<\/ul>\n\n\n\n<h5 class=\"wp-block-heading has-text-color has-link-color wp-elements-0cd1e12cb22a7f3f293e1ef2287651ae\" style=\"color:#ca054d\"><a href=\"https:\/\/wp.unil.ch\/infoecoledemedecine?mailpoet_router&amp;endpoint=view_in_browser&amp;action=view&amp;data=WzE4MCwiNWM3YmU2OWRkMmYxIiwzMjYsImZmZDllMSIsMTM2LDBd\">Feedback n\u00b02 | mars 2023<\/a><\/h5>\n\n\n\n<h6 class=\"wp-block-heading\">\u00c9valuation du cursus 2022<\/h6>\n\n\n\n<ul class=\"wp-block-list\">\n<li><a href=\"https:\/\/wp.unil.ch\/infoecoledemedecine\/2023\/03\/evaluation-du-cursus-2022-constat-n1\/\" data-type=\"post\" data-id=\"1390\">Constat n\u00b01<\/a> \u2013 Comment s&rsquo;orienter apr\u00e8s le Master ?<\/li>\n\n\n\n<li><a href=\"https:\/\/wp.unil.ch\/infoecoledemedecine\/2023\/03\/evaluation-du-cursus-2022-constat-n2\/\" data-type=\"post\" data-id=\"1396\">Constat n\u00b02<\/a> \u2013 Est-ce utile d&rsquo;\u00e9valuer les enseignements ?<\/li>\n\n\n\n<li>Quelques nouveaut\u00e9s 2022 (\u00e0 lire dans <a href=\"https:\/\/wp.unil.ch\/infoecoledemedecine?mailpoet_router&amp;endpoint=view_in_browser&amp;action=view&amp;data=WzE4MCwiNWM3YmU2OWRkMmYxIiwzMjYsImZmZDllMSIsMTM2LDBd\">Feedback n\u00b02<\/a>)<\/li>\n<\/ul>\n\n\n\n<div class=\"wp-block-columns is-layout-flex wp-container-core-columns-is-layout-9d6595d7 wp-block-columns-is-layout-flex\">\n<div class=\"wp-block-column is-layout-flow wp-block-column-is-layout-flow\">\n<h5 class=\"wp-block-heading has-text-color has-link-color wp-elements-77bdbd09b9d4498e72145abab9d533a7\" style=\"color:#ca054d\"><a href=\"https:\/\/wp.unil.ch\/infoecoledemedecine?mailpoet_router&amp;endpoint=view_in_browser&amp;action=view&amp;data=Wzk2LCJjODQyY2RjZjAyZjUiLDMyNiwiZmZkOWUxIiw2MiwwXQ\">Feedback n\u00b01 | mars 2022<\/a><\/h5>\n\n\n\n<h6 class=\"wp-block-heading\">\u00c9valuation du cursus 2021<\/h6>\n\n\n\n<ul class=\"wp-block-list\">\n<li><a href=\"https:\/\/wp.unil.ch\/infoecoledemedecine\/2022\/02\/evaluation-du-cursus-2021-constat-n1\/\">Constat n\u00b01<\/a> \u2013 Th\u00e9orie et pratique dans le cursus<\/li>\n\n\n\n<li><a href=\"https:\/\/wp.unil.ch\/infoecoledemedecine\/2022\/02\/evaluation-du-cursus-2021-constat-n2\/\">Constat n\u00b02<\/a> \u2013 Interprofessionnalit\u00e9<\/li>\n\n\n\n<li><a href=\"https:\/\/wp.unil.ch\/infoecoledemedecine\/2022\/02\/evaluation-du-cursus-constat-n3\/\">Constat n\u00b03<\/a> \u2013 TM \/ Enseignement des concepts et m\u00e9thodes de la recherche scientifique<\/li>\n\n\n\n<li><a href=\"https:\/\/wp.unil.ch\/infoecoledemedecine\/2022\/02\/evaluation-du-cursus-constat-n4\/\">Constat n\u00b04<\/a> \u2013 Interactivit\u00e9 et outils de vote<\/li>\n\n\n\n<li><a href=\"https:\/\/wp.unil.ch\/infoecoledemedecine\/2022\/02\/evaluation-du-cursus-2021-constat-n5\/\">Constat n\u00b05<\/a> \u2013 \u00c9valuations des apprentissages (examens \u00e9crits et ECOS)<\/li>\n\n\n\n<li><a href=\"https:\/\/wp.unil.ch\/infoecoledemedecine\/2022\/02\/xx-evaluation-du-cursus-2021-constat-n6\/\">Constat n\u00b06<\/a> \u2013 Outils pour s\u2019orienter dans son futur parcours professionnel<\/li>\n\n\n\n<li>Un nouveau canal de communication (\u00e0 lire dans <a href=\"https:\/\/wp.unil.ch\/infoecoledemedecine?mailpoet_router&amp;endpoint=view_in_browser&amp;action=view&amp;data=Wzk2LCJjODQyY2RjZjAyZjUiLDMyNiwiZmZkOWUxIiw2MiwwXQ\">Feedback n\u00b01<\/a>)<\/li>\n<\/ul>\n<\/div>\n<\/div>\n\n\n\n<p><\/p>\n","protected":false},"excerpt":{"rendered":"<p>Au printemps 2021, l\u2019\u00c9cole de m\u00e9decine a propos\u00e9 pour la premi\u00e8re fois d\u2019\u00e9valuer l\u2019ensemble de son cursus \u00e0 ses \u00e9tudiant\u00b7es de 2e&nbsp;ann\u00e9e de Master. La d\u00e9marche s\u2019inscrit dans une volont\u00e9 &hellip; <\/p>\n","protected":false},"author":248,"featured_media":0,"parent":0,"menu_order":0,"comment_status":"closed","ping_status":"closed","template":"","meta":{"_seopress_robots_primary_cat":"","_seopress_titles_title":"","_seopress_titles_desc":"","_seopress_robots_index":"","footnotes":""},"class_list":["post-989","page","type-page","status-publish"],"_links":{"self":[{"href":"https:\/\/wp.unil.ch\/infoecoledemedecine\/wp-json\/wp\/v2\/pages\/989","targetHints":{"allow":["GET"]}}],"collection":[{"href":"https:\/\/wp.unil.ch\/infoecoledemedecine\/wp-json\/wp\/v2\/pages"}],"about":[{"href":"https:\/\/wp.unil.ch\/infoecoledemedecine\/wp-json\/wp\/v2\/types\/page"}],"author":[{"embeddable":true,"href":"https:\/\/wp.unil.ch\/infoecoledemedecine\/wp-json\/wp\/v2\/users\/248"}],"replies":[{"embeddable":true,"href":"https:\/\/wp.unil.ch\/infoecoledemedecine\/wp-json\/wp\/v2\/comments?post=989"}],"version-history":[{"count":5,"href":"https:\/\/wp.unil.ch\/infoecoledemedecine\/wp-json\/wp\/v2\/pages\/989\/revisions"}],"predecessor-version":[{"id":2244,"href":"https:\/\/wp.unil.ch\/infoecoledemedecine\/wp-json\/wp\/v2\/pages\/989\/revisions\/2244"}],"wp:attachment":[{"href":"https:\/\/wp.unil.ch\/infoecoledemedecine\/wp-json\/wp\/v2\/media?parent=989"}],"curies":[{"name":"wp","href":"https:\/\/api.w.org\/{rel}","templated":true}]}}