{"id":906,"date":"2022-02-17T07:13:42","date_gmt":"2022-02-17T06:13:42","guid":{"rendered":"https:\/\/wp.unil.ch\/infoecoledemedecine\/?page_id=906"},"modified":"2025-11-06T11:20:40","modified_gmt":"2025-11-06T10:20:40","slug":"bienvenue","status":"publish","type":"page","link":"https:\/\/wp.unil.ch\/infoecoledemedecine\/bienvenue\/","title":{"rendered":"\u00ab\u00a0La newsletter de l\u2019EM\u00a0\u00bb"},"content":{"rendered":"\n<p><strong>Informer et cr\u00e9er du lien !<\/strong>&nbsp;C\u2019est le souhait de l\u2019\u00c9cole de m\u00e9decine qui a inaugur\u00e9 ce format de newsletter \u00e0 l\u2019automne 2020. Ce canal de communication permet de faire le focus sur un th\u00e8me particulier ainsi que sur les enseignantes et enseignants particuli\u00e8rement impliqu\u00e9s dans l\u2019enseignement (responsables de modules, etc.). &nbsp;<\/p>\n\n\n\n<p>Nous vous souhaitons une agr\u00e9able lecture et recueillons volontiers vos \u00e9ventuels commentaires.<\/p>\n\n\n\n<ul class=\"wp-block-list\">\n<li><a href=\"https:\/\/wp.unil.ch\/infoecoledemedecine?mailpoet_router&amp;endpoint=view_in_browser&amp;action=view&amp;data=WzI4MSwiMGNhYzhkMzU3YTdmIiwzMjYsImZmZDllMSIsMjA5LDBd\">n\u00b07 | 6 novembre 2025<\/a> <\/li>\n\n\n\n<li><a href=\"https:\/\/wp.unil.ch\/infoecoledemedecine?mailpoet_router&amp;endpoint=view_in_browser&amp;action=view&amp;data=WzI0MywiYWVmODg5ZTViZjFmIiwwLDAsMCwxXQ\">n\u00b06 | 13 f\u00e9vrier 2025<\/a><\/li>\n\n\n\n<li><a href=\"https:\/\/wp.unil.ch\/infoecoledemedecine?mailpoet_router&amp;endpoint=view_in_browser&amp;action=view&amp;data=WzIxMiwiYjE0YmRlYTAxNDRkIiwwLDAsMCwxXQ\">n\u00b05 | 9 novembre 2024<\/a><\/li>\n\n\n\n<li><a href=\"https:\/\/wp.unil.ch\/infoecoledemedecine?mailpoet_router&amp;endpoint=view_in_browser&amp;action=view&amp;data=WzE1MywiOTU3YWM5ZDMyODYxIiwzMjYsImZmZDllMSIsMTE3LDBd\">n\u00b04 | 8 novembre 2023<\/a><\/li>\n\n\n\n<li><a href=\"https:\/\/wp.unil.ch\/infoecoledemedecine?mailpoet_router&amp;endpoint=view_in_browser&amp;action=view&amp;data=WzEzNSwiZTgxODgyMWMxYWI0IiwzMjYsImZmZDllMSIsMTAxLDBd\">n\u00b03 |\u00a014 septembre 2022<\/a> | sp\u00e9ciale concours<\/li>\n\n\n\n<li><a href=\"https:\/\/wp.unil.ch\/infoecoledemedecine?mailpoet_router&amp;endpoint=view_in_browser&amp;action=view&amp;data=WzY5LCI1M2Q4NWI3N2M3ZmEiLDMyNiwiZmZkOWUxIiw0NCwwXQ\">n\u00b02 | 23 juin 2021<\/a><\/li>\n\n\n\n<li><a href=\"https:\/\/wp.unil.ch\/infoecoledemedecine?mailpoet_router&amp;endpoint=view_in_browser&amp;action=view&amp;data=WzQ1LCJkYTA3YjdkYzFkMWUiLDAsMCwyMiwxXQ\">sp\u00e9ciale | 10 f\u00e9vrier 2021<\/a> | sp\u00e9ciale Travail de Master<\/li>\n\n\n\n<li><a href=\"https:\/\/wp.unil.ch\/infoecoledemedecine?mailpoet_router&amp;endpoint=view_in_browser&amp;action=view&amp;data=WzM0LCIyY2YzNDdlMzg5YmEiLDMyNiwiZmZkOWUxIiwxNiwwXQ\">n\u00b01 | 15 octobre 2020<\/a> | sp\u00e9ciale pand\u00e9mie<\/li>\n<\/ul>\n\n\n\n<p>Ce nouveau m\u00e9dia vous int\u00e9resse et vous souhaitez recevoir les prochaines \u00e9ditions ? Inscrivez-vous pour le recevoir d\u00e8s sa sortie !<\/p>\n\n\n\n<div class=\"wp-block-buttons is-content-justification-center is-layout-flex wp-container-core-buttons-is-layout-16018d1d wp-block-buttons-is-layout-flex\">\n<div class=\"wp-block-button has-custom-width wp-block-button__width-50 is-style-fill\"><a class=\"wp-block-button__link has-background wp-element-button\" href=\"https:\/\/wp.unil.ch\/infoecoledemedecine\/abonnements\/\" style=\"border-radius:0px;background-color:#ca054d\">s&rsquo;inscrire \/ se d\u00e9sabonner<\/a><\/div>\n<\/div>\n\n\n\n<p><\/p>\n\n\n\n<p><em>Les enseignant\u00b7es et les \u00e9tudiant\u00b7es de l\u2019\u00c9cole de m\u00e9decine re\u00e7oivent automatiquement cette newsletter via leur messagerie institutionnelle (sans d\u00e9sabonnement possible).<\/em><\/p>\n","protected":false},"excerpt":{"rendered":"<p>Informer et cr\u00e9er du lien !&nbsp;C\u2019est le souhait de l\u2019\u00c9cole de m\u00e9decine qui a inaugur\u00e9 ce format de newsletter \u00e0 l\u2019automne 2020. Ce canal de communication permet de faire le &hellip; <\/p>\n","protected":false},"author":248,"featured_media":0,"parent":0,"menu_order":0,"comment_status":"closed","ping_status":"closed","template":"","meta":{"_seopress_robots_primary_cat":"","_seopress_titles_title":"","_seopress_titles_desc":"","_seopress_robots_index":"","footnotes":""},"class_list":["post-906","page","type-page","status-publish"],"_links":{"self":[{"href":"https:\/\/wp.unil.ch\/infoecoledemedecine\/wp-json\/wp\/v2\/pages\/906","targetHints":{"allow":["GET"]}}],"collection":[{"href":"https:\/\/wp.unil.ch\/infoecoledemedecine\/wp-json\/wp\/v2\/pages"}],"about":[{"href":"https:\/\/wp.unil.ch\/infoecoledemedecine\/wp-json\/wp\/v2\/types\/page"}],"author":[{"embeddable":true,"href":"https:\/\/wp.unil.ch\/infoecoledemedecine\/wp-json\/wp\/v2\/users\/248"}],"replies":[{"embeddable":true,"href":"https:\/\/wp.unil.ch\/infoecoledemedecine\/wp-json\/wp\/v2\/comments?post=906"}],"version-history":[{"count":6,"href":"https:\/\/wp.unil.ch\/infoecoledemedecine\/wp-json\/wp\/v2\/pages\/906\/revisions"}],"predecessor-version":[{"id":2215,"href":"https:\/\/wp.unil.ch\/infoecoledemedecine\/wp-json\/wp\/v2\/pages\/906\/revisions\/2215"}],"wp:attachment":[{"href":"https:\/\/wp.unil.ch\/infoecoledemedecine\/wp-json\/wp\/v2\/media?parent=906"}],"curies":[{"name":"wp","href":"https:\/\/api.w.org\/{rel}","templated":true}]}}