{"id":6,"date":"2019-11-28T16:00:19","date_gmt":"2019-11-28T15:00:19","guid":{"rendered":"http:\/\/wp.unil.ch\/nfoecoledemedecine\/?page_id=6"},"modified":"2025-10-23T11:21:56","modified_gmt":"2025-10-23T09:21:56","slug":"home","status":"publish","type":"page","link":"https:\/\/wp.unil.ch\/infoecoledemedecine\/","title":{"rendered":"Les newsletters de l\u2019\u00c9cole de m\u00e9decine"},"content":{"rendered":"\n<p>L\u2019\u00c9cole de m\u00e9decine \u00e9dite plusieurs formats de newsletters \u00e0 destination de ses publics principaux\u2009: ses enseignant\u00b7es (plus de 1 000) et ses \u00e9tudiant\u00b7es (autour de 2\u2009000 sur l\u2019entier du cursus).<\/p>\n\n\n\n<div class=\"wp-block-columns is-layout-flex wp-container-core-columns-is-layout-9d6595d7 wp-block-columns-is-layout-flex\">\n<div class=\"wp-block-column is-layout-flow wp-block-column-is-layout-flow\">\n<figure class=\"wp-block-image size-large is-style-default\"><a href=\"https:\/\/wp.unil.ch\/infoecoledemedecine\/bienvenue\/\"><img decoding=\"async\" src=\"https:\/\/wp.unil.ch\/infoecoledemedecine\/files\/2025\/10\/visuel-newsletter-new-1024x293.png\" alt=\"visuel newsletter new\" class=\"wp-image-2181\" \/><\/a><\/figure>\n<\/div>\n\n\n\n<div class=\"wp-block-column is-layout-flow wp-block-column-is-layout-flow\">\n<figure class=\"wp-block-image size-large is-style-default\"><a href=\"https:\/\/wp.unil.ch\/infoecoledemedecine\/feedback\/\"><img alt=\"\" loading=\"lazy\" decoding=\"async\" width=\"1024\" height=\"293\" src=\"https:\/\/wp.unil.ch\/infoecoledemedecine\/files\/2022\/02\/feedback_1400x400_bleu5-1024x293.jpg\" alt=\"\" class=\"wp-image-1181\" srcset=\"https:\/\/wp.unil.ch\/infoecoledemedecine\/files\/2022\/02\/feedback_1400x400_bleu5-1024x293.jpg 1024w, https:\/\/wp.unil.ch\/infoecoledemedecine\/files\/2022\/02\/feedback_1400x400_bleu5-300x86.jpg 300w, https:\/\/wp.unil.ch\/infoecoledemedecine\/files\/2022\/02\/feedback_1400x400_bleu5-768x219.jpg 768w, https:\/\/wp.unil.ch\/infoecoledemedecine\/files\/2022\/02\/feedback_1400x400_bleu5-1320x377.jpg 1320w, https:\/\/wp.unil.ch\/infoecoledemedecine\/files\/2022\/02\/feedback_1400x400_bleu5.jpg 1400w\" sizes=\"auto, (max-width: 1024px) 100vw, 1024px\" \/><\/a><\/figure>\n<\/div>\n<\/div>\n\n\n\n<div class=\"wp-block-columns is-layout-flex wp-container-core-columns-is-layout-9d6595d7 wp-block-columns-is-layout-flex\">\n<div class=\"wp-block-column is-layout-flow wp-block-column-is-layout-flow\">\n<p>La \u00ab\u2009<a href=\"https:\/\/wp.unil.ch\/infoecoledemedecine\/bienvenue\/\">newsletter de l\u2019\u00c9cole de m\u00e9decine<\/a>&nbsp;\u00bb fait le focus sur les changements de responsabilit\u00e9s au sein du corps enseignant (responsables de modules, etc.) ou sur un th\u00e8me particulier. Destin\u00e9e \u00e0 un public diversifi\u00e9, elle est disponible sur abonnement \u00e0 toute personne int\u00e9ress\u00e9e. Inscrivez-vous pour la recevoir d\u00e8s sa sortie\u2009!<\/p>\n\n\n\n<p>Les enseignant\u00b7es et les \u00e9tudiant\u00b7es de l\u2019\u00c9cole de m\u00e9decine la re\u00e7oivent automatiquement via leur messagerie institutionnelle (sans d\u00e9sabonnement possible).<\/p>\n<\/div>\n\n\n\n<div class=\"wp-block-column is-layout-flow wp-block-column-is-layout-flow\">\n<p>\u00ab&nbsp;<a href=\"https:\/\/wp.unil.ch\/infoecoledemedecine\/feedback\/\">Feedback<\/a>&nbsp;\u00bb pr\u00e9sente des adaptations s\u00e9lectionn\u00e9es \u2013 en cours ou d\u00e9j\u00e0 mises en place \u00e0 l\u2019\u00c9cole de m\u00e9decine \u2013 en \u00e9cho \u00e0 l\u2019\u00e9valuation de cursus r\u00e9alis\u00e9e par les \u00e9tudiant\u00b7es des vol\u00e9es&nbsp;MMed2.<\/p>\n\n\n\n<p>Elle est adress\u00e9e aux \u00e9tudiant\u00b7es en m\u00e9decine (sans d\u00e9sabonnement possible).<\/p>\n<\/div>\n<\/div>\n\n\n\n<p><\/p>\n","protected":false},"excerpt":{"rendered":"<p>L\u2019\u00c9cole de m\u00e9decine \u00e9dite plusieurs formats de newsletters \u00e0 destination de ses publics principaux\u2009: ses enseignant\u00b7es (plus de 1 000) et ses \u00e9tudiant\u00b7es (autour de 2\u2009000 sur l\u2019entier du cursus). &hellip; <\/p>\n","protected":false},"author":248,"featured_media":0,"parent":0,"menu_order":0,"comment_status":"closed","ping_status":"closed","template":"","meta":{"_seopress_robots_primary_cat":"","_seopress_titles_title":"","_seopress_titles_desc":"","_seopress_robots_index":"","footnotes":""},"class_list":["post-6","page","type-page","status-publish"],"_links":{"self":[{"href":"https:\/\/wp.unil.ch\/infoecoledemedecine\/wp-json\/wp\/v2\/pages\/6","targetHints":{"allow":["GET"]}}],"collection":[{"href":"https:\/\/wp.unil.ch\/infoecoledemedecine\/wp-json\/wp\/v2\/pages"}],"about":[{"href":"https:\/\/wp.unil.ch\/infoecoledemedecine\/wp-json\/wp\/v2\/types\/page"}],"author":[{"embeddable":true,"href":"https:\/\/wp.unil.ch\/infoecoledemedecine\/wp-json\/wp\/v2\/users\/248"}],"replies":[{"embeddable":true,"href":"https:\/\/wp.unil.ch\/infoecoledemedecine\/wp-json\/wp\/v2\/comments?post=6"}],"version-history":[{"count":4,"href":"https:\/\/wp.unil.ch\/infoecoledemedecine\/wp-json\/wp\/v2\/pages\/6\/revisions"}],"predecessor-version":[{"id":2183,"href":"https:\/\/wp.unil.ch\/infoecoledemedecine\/wp-json\/wp\/v2\/pages\/6\/revisions\/2183"}],"wp:attachment":[{"href":"https:\/\/wp.unil.ch\/infoecoledemedecine\/wp-json\/wp\/v2\/media?parent=6"}],"curies":[{"name":"wp","href":"https:\/\/api.w.org\/{rel}","templated":true}]}}