{"id":678,"date":"2025-05-09T10:36:54","date_gmt":"2025-05-09T08:36:54","guid":{"rendered":"https:\/\/wp.unil.ch\/infocivis\/?page_id=678"},"modified":"2025-05-09T10:36:54","modified_gmt":"2025-05-09T08:36:54","slug":"civis-luniversite-civique-europeenne","status":"publish","type":"page","link":"https:\/\/wp.unil.ch\/infocivis\/","title":{"rendered":"CIVIS &#8211; l&rsquo;Universit\u00e9 civique europ\u00e9enne"},"content":{"rendered":"\n<figure class=\"wp-block-image size-large\"><img alt=\"\" loading=\"lazy\" decoding=\"async\" width=\"1024\" height=\"480\" src=\"https:\/\/wp.unil.ch\/infocivis\/files\/2024\/11\/cropped-cropped-CIVIS-1024x480.png\" alt=\"\" class=\"wp-image-486\" srcset=\"https:\/\/wp.unil.ch\/infocivis\/files\/2024\/11\/cropped-cropped-CIVIS-1024x480.png 1024w, https:\/\/wp.unil.ch\/infocivis\/files\/2024\/11\/cropped-cropped-CIVIS-300x141.png 300w, https:\/\/wp.unil.ch\/infocivis\/files\/2024\/11\/cropped-cropped-CIVIS-768x360.png 768w, https:\/\/wp.unil.ch\/infocivis\/files\/2024\/11\/cropped-cropped-CIVIS-540x253.png 540w, https:\/\/wp.unil.ch\/infocivis\/files\/2024\/11\/cropped-cropped-CIVIS-1080x507.png 1080w, https:\/\/wp.unil.ch\/infocivis\/files\/2024\/11\/cropped-cropped-CIVIS.png 1132w\" sizes=\"auto, (max-width: 1024px) 100vw, 1024px\" \/><\/figure>\n\n\n\n<p class=\"has-text-align-left\">CIVIS l&rsquo;alliance europ\u00e9enne innovante dont l&rsquo;UNIL est membre, r\u00e9unit 11 universit\u00e9s pour offrir un campus inter-universitaire unique, alliant enseignement, recherche et engagement citoyen en Europe et en Afrique,<\/p>\n\n\n\n<p class=\"has-text-align-left\">L\u2019Alliance vise \u00e0&nbsp;relever les principaux d\u00e9fis soci\u00e9taux du 21<sup>\u00e8me&nbsp;<\/sup>si\u00e8cle&nbsp;en se concentrant sur cinq th\u00e9matiques&nbsp;:<\/p>\n\n\n\n<ul class=\"wp-block-list\">\n<li><a href=\"https:\/\/civis.eu\/en\/activities\/civis-hubs\/hub-3-health\" target=\"_blank\" rel=\"noreferrer noopener\">Sant\u00e9<\/a>\u00a0\u00a0<\/li>\n\n\n\n<li><a href=\"https:\/\/civis.eu\/en\/activities\/civis-hubs\/hub-4-cities-spaces-and-mobilities\" target=\"_blank\" rel=\"noreferrer noopener\">Villes, espaces et mobilit\u00e9s<\/a><\/li>\n\n\n\n<li><a href=\"https:\/\/civis.eu\/en\/activities\/civis-hubs\/hub-5-digital-and-technological-transformation\" target=\"_blank\" rel=\"noreferrer noopener\">Transformation num\u00e9rique et technologique<\/a><\/li>\n\n\n\n<li><a href=\"https:\/\/civis.eu\/en\/teach-and-research\/our-hubs\/hub-1-climate-energy-and-envirnoment\" target=\"_blank\" rel=\"noreferrer noopener\">Climat, environnement et \u00e9nergie<\/a><\/li>\n\n\n\n<li><a href=\"https:\/\/civis.eu\/en\/activities\/civis-hubs\/hub-2\" target=\"_blank\" rel=\"noreferrer noopener\">Soci\u00e9t\u00e9, culture et patrimoine<\/a><\/li>\n<\/ul>\n\n\n\n<p class=\"has-text-align-left\"><a><\/a>.<\/p>\n\n\n\n<p><\/p>\n\n\n\n<p><\/p>\n","protected":false},"excerpt":{"rendered":"<p>CIVIS l&rsquo;alliance europ\u00e9enne innovante dont l&rsquo;UNIL est membre, r\u00e9unit 11 universit\u00e9s pour offrir un campus inter-universitaire unique, alliant enseignement, recherche et engagement citoyen en Europe et en Afrique,&hellip;<\/p>\n","protected":false},"author":1002773,"featured_media":0,"parent":0,"menu_order":0,"comment_status":"closed","ping_status":"closed","template":"","meta":{"_seopress_robots_primary_cat":"","_seopress_titles_title":"","_seopress_titles_desc":"","_seopress_robots_index":"","footnotes":""},"class_list":["post-678","page","type-page","status-publish","has-post-thumbnail"],"_links":{"self":[{"href":"https:\/\/wp.unil.ch\/infocivis\/wp-json\/wp\/v2\/pages\/678","targetHints":{"allow":["GET"]}}],"collection":[{"href":"https:\/\/wp.unil.ch\/infocivis\/wp-json\/wp\/v2\/pages"}],"about":[{"href":"https:\/\/wp.unil.ch\/infocivis\/wp-json\/wp\/v2\/types\/page"}],"author":[{"embeddable":true,"href":"https:\/\/wp.unil.ch\/infocivis\/wp-json\/wp\/v2\/users\/1002773"}],"replies":[{"embeddable":true,"href":"https:\/\/wp.unil.ch\/infocivis\/wp-json\/wp\/v2\/comments?post=678"}],"version-history":[{"count":2,"href":"https:\/\/wp.unil.ch\/infocivis\/wp-json\/wp\/v2\/pages\/678\/revisions"}],"predecessor-version":[{"id":680,"href":"https:\/\/wp.unil.ch\/infocivis\/wp-json\/wp\/v2\/pages\/678\/revisions\/680"}],"wp:attachment":[{"href":"https:\/\/wp.unil.ch\/infocivis\/wp-json\/wp\/v2\/media?parent=678"}],"curies":[{"name":"wp","href":"https:\/\/api.w.org\/{rel}","templated":true}]}}