{"id":6,"date":"2017-10-11T10:32:19","date_gmt":"2017-10-11T08:32:19","guid":{"rendered":"http:\/\/wp.unil.ch\/infocirm\/?page_id=6"},"modified":"2019-04-05T16:46:08","modified_gmt":"2019-04-05T14:46:08","slug":"home","status":"publish","type":"page","link":"https:\/\/wp.unil.ch\/infocirm\/","title":{"rendered":"Home"},"content":{"rendered":"<p>Cr\u00e9\u00e9 en 2018, le Centre interdisciplinaire de recherche sur la montagne (CIRM) de l\u2019Universit\u00e9 de Lausanne a pour but de renforcer les connaissances sur les probl\u00e9matiques sp\u00e9cifiques aux r\u00e9gions de montagne (r\u00e9chauffement climatique, vuln\u00e9rabilit\u00e9 \u00e9conomique, am\u00e9nagement du territoire par ex.) en les appr\u00e9hendant par diff\u00e9rentes approches m\u00e9thodologiques port\u00e9es autant par les sciences naturelles que les sciences humaines et sociales. Il atteint ces objectifs en soutenant des projets de recherche interdisciplinaire, en r\u00e9alisant des synth\u00e8ses th\u00e9matiques et en organisant des \u00e9v\u00e9nements scientifiques.<\/p>\n<p>Il exploite\u00a0les synergies entre chercheur-es de l\u2019UNIL, rattach\u00e9s \u00e0 cinq facult\u00e9s diff\u00e9rentes,\u00a0afin de contribuer par des projets de recherche au d\u00e9veloppement durable des r\u00e9gions de montagne.\u00a0Une partie des activit\u00e9s est focalis\u00e9e\u00a0sur deux territoires de choix\u00a0: les Alpes vaudoises et les Alpes valaisannes.<\/p>\n<p>La strat\u00e9gie du CIRM est adopt\u00e9e par un conseil form\u00e9 de repr\u00e9sentants de l\u2019UNIL et des territoires. Le Centre est g\u00e9r\u00e9 par une \u00e9quipe localis\u00e9e sur le site de Sion de l\u2019UNIL.<\/p>\n","protected":false},"excerpt":{"rendered":"<p>Cr\u00e9\u00e9 en 2018, le Centre interdisciplinaire de recherche sur la montagne (CIRM) de l\u2019Universit\u00e9 de Lausanne a pour but de renforcer les connaissances sur les probl\u00e9matiques sp\u00e9cifiques aux r\u00e9gions de montagne (r\u00e9chauffement climatique, vuln\u00e9rabilit\u00e9 \u00e9conomique, am\u00e9nagement du territoire par ex.) en les appr\u00e9hendant par diff\u00e9rentes approches m\u00e9thodologiques port\u00e9es autant par les sciences naturelles que les &hellip; <\/p>\n<p class=\"link-more\"><a href=\"https:\/\/wp.unil.ch\/infocirm\/\" class=\"more-link\">Continuer la lecture<span class=\"screen-reader-text\"> de &laquo;&nbsp;Home&nbsp;&raquo;<\/span><\/a><\/p>\n","protected":false},"author":108,"featured_media":0,"parent":0,"menu_order":0,"comment_status":"closed","ping_status":"closed","template":"","meta":{"_seopress_robots_primary_cat":"","_seopress_titles_title":"","_seopress_titles_desc":"","_seopress_robots_index":"","footnotes":""},"class_list":["post-6","page","type-page","status-publish"],"_links":{"self":[{"href":"https:\/\/wp.unil.ch\/infocirm\/wp-json\/wp\/v2\/pages\/6","targetHints":{"allow":["GET"]}}],"collection":[{"href":"https:\/\/wp.unil.ch\/infocirm\/wp-json\/wp\/v2\/pages"}],"about":[{"href":"https:\/\/wp.unil.ch\/infocirm\/wp-json\/wp\/v2\/types\/page"}],"author":[{"embeddable":true,"href":"https:\/\/wp.unil.ch\/infocirm\/wp-json\/wp\/v2\/users\/108"}],"replies":[{"embeddable":true,"href":"https:\/\/wp.unil.ch\/infocirm\/wp-json\/wp\/v2\/comments?post=6"}],"version-history":[{"count":0,"href":"https:\/\/wp.unil.ch\/infocirm\/wp-json\/wp\/v2\/pages\/6\/revisions"}],"wp:attachment":[{"href":"https:\/\/wp.unil.ch\/infocirm\/wp-json\/wp\/v2\/media?parent=6"}],"curies":[{"name":"wp","href":"https:\/\/api.w.org\/{rel}","templated":true}]}}