{"id":171,"date":"2023-08-25T10:53:27","date_gmt":"2023-08-25T08:53:27","guid":{"rendered":"https:\/\/wp.unil.ch\/info-ouvema\/?page_id=171"},"modified":"2023-08-28T10:05:19","modified_gmt":"2023-08-28T08:05:19","slug":"home-2","status":"publish","type":"page","link":"https:\/\/wp.unil.ch\/info-ouvema\/","title":{"rendered":"Home"},"content":{"rendered":"\n<p>L\u2019Observatoire universitaire du v\u00e9lo et des mobilit\u00e9s actives (OUVEMA) est une structure de recherche bas\u00e9e \u00e0 l\u2019Universit\u00e9 de Lausanne, Suisse. Il r\u00e9unit des chercheur.e.s \u00a0qui s\u2019int\u00e9ressent au v\u00e9lo et aux autres mobilit\u00e9s actives sous l\u2019angle des pratiques et comportement, des politiques, de l\u2019urbanisme et de l\u2019environnement construit et de la sant\u00e9. D\u00e9couvrez nos activit\u00e9s sur notre site\u00a0<a class=\"\" href=\"https:\/\/www.unil.ch\/ouvema\">www.unil.ch\/ouvema<\/a>.<\/p>\n","protected":false},"excerpt":{"rendered":"<p>L\u2019Observatoire universitaire du v\u00e9lo et des mobilit\u00e9s actives (OUVEMA) est une structure de recherche bas\u00e9e \u00e0 l\u2019Universit\u00e9 de Lausanne, Suisse. Il r\u00e9unit des chercheur.e.s \u00a0qui s\u2019int\u00e9ressent au v\u00e9lo&hellip;<\/p>\n","protected":false},"author":1002665,"featured_media":0,"parent":0,"menu_order":0,"comment_status":"closed","ping_status":"closed","template":"template-full-width-cover.php","meta":{"_seopress_robots_primary_cat":"","_seopress_titles_title":"","_seopress_titles_desc":"","_seopress_robots_index":"","footnotes":""},"class_list":["post-171","page","type-page","status-publish","has-post-thumbnail"],"_links":{"self":[{"href":"https:\/\/wp.unil.ch\/info-ouvema\/wp-json\/wp\/v2\/pages\/171","targetHints":{"allow":["GET"]}}],"collection":[{"href":"https:\/\/wp.unil.ch\/info-ouvema\/wp-json\/wp\/v2\/pages"}],"about":[{"href":"https:\/\/wp.unil.ch\/info-ouvema\/wp-json\/wp\/v2\/types\/page"}],"author":[{"embeddable":true,"href":"https:\/\/wp.unil.ch\/info-ouvema\/wp-json\/wp\/v2\/users\/1002665"}],"replies":[{"embeddable":true,"href":"https:\/\/wp.unil.ch\/info-ouvema\/wp-json\/wp\/v2\/comments?post=171"}],"version-history":[{"count":0,"href":"https:\/\/wp.unil.ch\/info-ouvema\/wp-json\/wp\/v2\/pages\/171\/revisions"}],"wp:attachment":[{"href":"https:\/\/wp.unil.ch\/info-ouvema\/wp-json\/wp\/v2\/media?parent=171"}],"curies":[{"name":"wp","href":"https:\/\/api.w.org\/{rel}","templated":true}]}}