{"id":169,"date":"2023-08-25T10:53:19","date_gmt":"2023-08-25T08:53:19","guid":{"rendered":"https:\/\/wp.unil.ch\/info-ouvema\/?page_id=169"},"modified":"2023-09-06T11:59:41","modified_gmt":"2023-09-06T09:59:41","slug":"contact","status":"publish","type":"page","link":"https:\/\/wp.unil.ch\/info-ouvema\/contact\/","title":{"rendered":"Contact"},"content":{"rendered":"\n<p><\/p>\n\n\n\n<p>Observatoire universitaire du v\u00e9lo et des\u00a0mobilit\u00e9s actives (OUVEMA)<br>Academic observatory for cycling and active mobilities<br><br>c\/o Institut de g\u00e9ographie et durabilit\u00e9<br>Prof. Patrick R\u00e9rat<br>Universit\u00e9 de Lausanne<br>Mouline \u2013 G\u00e9opolis<br>1015 Lausanne<br>Suisse<br><br><a href=\"'+String.fromCharCode(111,117,118,101,109,97,64,117,110,105,108,46,99,104)+'?subject=Contact')\">ouvema@unil.ch<\/a><br><a href=\"https:\/\/www.unil.ch\/ouvema\">www.unil.ch\/ouvema<\/a><\/p>\n","protected":false},"excerpt":{"rendered":"<p>Observatoire universitaire du v\u00e9lo et des\u00a0mobilit\u00e9s actives (OUVEMA)Academic observatory for cycling and active mobilities c\/o Institut de g\u00e9ographie et durabilit\u00e9Prof. Patrick R\u00e9ratUniversit\u00e9 de LausanneMouline \u2013 G\u00e9opolis1015 LausanneSuisse ouvema@unil.chwww.unil.ch\/ouvema<\/p>\n","protected":false},"author":1002665,"featured_media":0,"parent":0,"menu_order":0,"comment_status":"closed","ping_status":"closed","template":"template-full-width.php","meta":{"_seopress_robots_primary_cat":"","_seopress_titles_title":"","_seopress_titles_desc":"","_seopress_robots_index":"","footnotes":""},"class_list":["post-169","page","type-page","status-publish","has-post-thumbnail"],"_links":{"self":[{"href":"https:\/\/wp.unil.ch\/info-ouvema\/wp-json\/wp\/v2\/pages\/169","targetHints":{"allow":["GET"]}}],"collection":[{"href":"https:\/\/wp.unil.ch\/info-ouvema\/wp-json\/wp\/v2\/pages"}],"about":[{"href":"https:\/\/wp.unil.ch\/info-ouvema\/wp-json\/wp\/v2\/types\/page"}],"author":[{"embeddable":true,"href":"https:\/\/wp.unil.ch\/info-ouvema\/wp-json\/wp\/v2\/users\/1002665"}],"replies":[{"embeddable":true,"href":"https:\/\/wp.unil.ch\/info-ouvema\/wp-json\/wp\/v2\/comments?post=169"}],"version-history":[{"count":0,"href":"https:\/\/wp.unil.ch\/info-ouvema\/wp-json\/wp\/v2\/pages\/169\/revisions"}],"wp:attachment":[{"href":"https:\/\/wp.unil.ch\/info-ouvema\/wp-json\/wp\/v2\/media?parent=169"}],"curies":[{"name":"wp","href":"https:\/\/api.w.org\/{rel}","templated":true}]}}