{"id":19,"date":"2013-04-02T16:08:10","date_gmt":"2013-04-02T15:08:10","guid":{"rendered":"http:\/\/wp.unil.ch\/impact\/?page_id=19"},"modified":"2020-04-07T11:44:35","modified_gmt":"2020-04-07T10:44:35","slug":"commenter","status":"publish","type":"page","link":"https:\/\/wp.unil.ch\/impact\/commenter\/","title":{"rendered":"Commenter"},"content":{"rendered":"\n<div class=\"wp-block-columns is-layout-flex wp-container-core-columns-is-layout-9d6595d7 wp-block-columns-is-layout-flex\">\n<div class=\"wp-block-column is-layout-flow wp-block-column-is-layout-flow\">\n<p>Transcrire est rarement un but en soi ; la transcription est le plus souvent propos\u00e9e en vue d\u2019<strong>illustrer un point th\u00e9orique<\/strong>&nbsp;ou de&nbsp;<strong>rendre compte&nbsp;<\/strong>d\u2019un ph\u00e9nom\u00e8ne. L\u2019enjeu pour les enseignants comme pour les \u00e9tudiants est par cons\u00e9quent d\u2019<strong>articuler \u00e9troitement les diff\u00e9rents commentaires aux sources et aux transcriptions.<\/strong><\/p>\n<\/div>\n\n\n\n<div class=\"wp-block-column is-layout-flow wp-block-column-is-layout-flow\">\n<figure class=\"wp-block-image size-large\"><a href=\"https:\/\/wp.unil.ch\/impact\/files\/2013\/04\/Transcrire_B.png\"><img alt=\"\" loading=\"lazy\" decoding=\"async\" width=\"773\" height=\"483\" src=\"https:\/\/wp.unil.ch\/impact\/files\/2013\/04\/Transcrire_B.png\" alt=\"\" class=\"wp-image-657\" srcset=\"https:\/\/wp.unil.ch\/impact\/files\/2013\/04\/Transcrire_B.png 773w, https:\/\/wp.unil.ch\/impact\/files\/2013\/04\/Transcrire_B-300x187.png 300w, https:\/\/wp.unil.ch\/impact\/files\/2013\/04\/Transcrire_B-624x389.png 624w\" sizes=\"auto, (max-width: 773px) 85vw, 773px\" \/><\/a><\/figure>\n<\/div>\n<\/div>\n\n\n\n<div class=\"wp-block-columns is-layout-flex wp-container-core-columns-is-layout-9d6595d7 wp-block-columns-is-layout-flex\">\n<div class=\"wp-block-column is-layout-flow wp-block-column-is-layout-flow\">\n<p>IMPACT propose&nbsp;<strong>deux espaces<\/strong>&nbsp;dont les intitul\u00e9s sont personnalisables et qui sont r\u00e9serv\u00e9s \u00e0 la r\u00e9daction et \u00e0 la diffusion de commentaires de tout ordre. L\u2019interface permet ainsi de&nbsp;<strong>confectionner des unit\u00e9s th\u00e9matiques<\/strong>&nbsp;o\u00f9&nbsp;<strong>th\u00e9orie et pratique dialoguent et s\u2019enrichissent<\/strong>.<\/p>\n<\/div>\n\n\n\n<div class=\"wp-block-column is-layout-flow wp-block-column-is-layout-flow\">\n<p style=\"background-color:#b4d9fa\" class=\"has-background\">Exemple 1: L\u2019enseignant\u00a0<strong>exemplifie la th\u00e9orie<\/strong>\u00a0en proposant une analyse de la transcription.<br><br>Exemple 2: L\u2019\u00e9tudiant rend un\u00a0<strong>travail personnel\u00a0<\/strong>o\u00f9 il s\u2019agit d\u2019<strong>analyser une source<\/strong>\u00a0qu\u2019il aura lui m\u00eame\u00a0<strong>transcrite<\/strong>.<br><br>Exemple 3: Le chercheur\u00a0<strong>contextualise l\u2019extrait<\/strong>\u00a0transcrit et introduit quelques\u00a0<strong>notes ethnographiques<\/strong>.<\/p>\n<\/div>\n<\/div>\n\n\n\n<h3 class=\"wp-block-heading\">En pratique<\/h3>\n\n\n\n<div class=\"wp-block-columns is-layout-flex wp-container-core-columns-is-layout-9d6595d7 wp-block-columns-is-layout-flex\">\n<div class=\"wp-block-column is-layout-flow wp-block-column-is-layout-flow\">\n<p>Deux cases textes sont&nbsp;<strong>\u00e9ditables<\/strong> : il est possible de mettre en forme le texte \u00e0 la mani\u00e8re d\u2019un traitement de texte. Ces cases ont des titres pr\u00e9d\u00e9finis, mais il est possible de les modifier. La case \u00ab&nbsp;Documents annexes&nbsp;\u00bb permet de d\u00e9poser et mettre \u00e0 disposition tout type de fichier, par exemple un sch\u00e9ma ou un texte en format PDF.<\/p>\n<\/div>\n\n\n\n<div class=\"wp-block-column is-layout-flow wp-block-column-is-layout-flow\"><\/div>\n<\/div>\n","protected":false},"excerpt":{"rendered":"<p>Transcrire est rarement un but en soi ; la transcription est le plus souvent propos\u00e9e en vue d\u2019illustrer un point th\u00e9orique&nbsp;ou de&nbsp;rendre compte&nbsp;d\u2019un ph\u00e9nom\u00e8ne. L\u2019enjeu pour les enseignants comme pour les \u00e9tudiants est par cons\u00e9quent d\u2019articuler \u00e9troitement les diff\u00e9rents commentaires aux sources et aux transcriptions. IMPACT propose&nbsp;deux espaces&nbsp;dont les intitul\u00e9s sont personnalisables et qui sont &hellip; <a href=\"https:\/\/wp.unil.ch\/impact\/commenter\/\" class=\"more-link\">Continuer la lecture<span class=\"screen-reader-text\"> de &laquo;&nbsp;Commenter&nbsp;&raquo;<\/span><\/a><\/p>\n","protected":false},"author":450,"featured_media":0,"parent":0,"menu_order":4,"comment_status":"closed","ping_status":"closed","template":"","meta":{"_seopress_robots_primary_cat":"","_seopress_titles_title":"","_seopress_titles_desc":"","_seopress_robots_index":"","footnotes":""},"class_list":["post-19","page","type-page","status-publish"],"_links":{"self":[{"href":"https:\/\/wp.unil.ch\/impact\/wp-json\/wp\/v2\/pages\/19","targetHints":{"allow":["GET"]}}],"collection":[{"href":"https:\/\/wp.unil.ch\/impact\/wp-json\/wp\/v2\/pages"}],"about":[{"href":"https:\/\/wp.unil.ch\/impact\/wp-json\/wp\/v2\/types\/page"}],"author":[{"embeddable":true,"href":"https:\/\/wp.unil.ch\/impact\/wp-json\/wp\/v2\/users\/450"}],"replies":[{"embeddable":true,"href":"https:\/\/wp.unil.ch\/impact\/wp-json\/wp\/v2\/comments?post=19"}],"version-history":[{"count":0,"href":"https:\/\/wp.unil.ch\/impact\/wp-json\/wp\/v2\/pages\/19\/revisions"}],"wp:attachment":[{"href":"https:\/\/wp.unil.ch\/impact\/wp-json\/wp\/v2\/media?parent=19"}],"curies":[{"name":"wp","href":"https:\/\/api.w.org\/{rel}","templated":true}]}}