{"id":17,"date":"2013-04-02T16:07:56","date_gmt":"2013-04-02T15:07:56","guid":{"rendered":"http:\/\/wp.unil.ch\/impact\/?page_id=17"},"modified":"2020-05-15T08:23:15","modified_gmt":"2020-05-15T07:23:15","slug":"transcrire","status":"publish","type":"page","link":"https:\/\/wp.unil.ch\/impact\/transcrire\/","title":{"rendered":"Transcrire"},"content":{"rendered":"\n<div class=\"wp-block-columns is-layout-flex wp-container-core-columns-is-layout-9d6595d7 wp-block-columns-is-layout-flex\">\n<div class=\"wp-block-column is-layout-flow wp-block-column-is-layout-flow\">\n<p>Pour \u00eatre en mesure de <strong>montrer et discuter<\/strong> un ph\u00e9nom\u00e8ne, il peut \u00eatre utile de proposer une <strong>transcription<\/strong> de la source audio-visuelle.<\/p>\n\n\n\n<p>Une transcription doit au moins proposer la <strong>num\u00e9rotation des lignes<\/strong> et l\u2019<strong>identification des locuteurs<\/strong>.<\/p>\n<\/div>\n\n\n\n<div class=\"wp-block-column is-layout-flow wp-block-column-is-layout-flow\">\n<figure class=\"wp-block-image size-large\"><a href=\"https:\/\/wp.unil.ch\/impact\/files\/2013\/04\/Transcrire_B.png\"><img alt=\"\" loading=\"lazy\" decoding=\"async\" width=\"773\" height=\"483\" src=\"https:\/\/wp.unil.ch\/impact\/files\/2013\/04\/Transcrire_B.png\" alt=\"\" class=\"wp-image-657\" srcset=\"https:\/\/wp.unil.ch\/impact\/files\/2013\/04\/Transcrire_B.png 773w, https:\/\/wp.unil.ch\/impact\/files\/2013\/04\/Transcrire_B-300x187.png 300w, https:\/\/wp.unil.ch\/impact\/files\/2013\/04\/Transcrire_B-624x389.png 624w\" sizes=\"auto, (max-width: 773px) 85vw, 773px\" \/><\/a><\/figure>\n<\/div>\n<\/div>\n\n\n\n<div class=\"wp-block-columns is-layout-flex wp-container-core-columns-is-layout-9d6595d7 wp-block-columns-is-layout-flex\">\n<div class=\"wp-block-column is-layout-flow wp-block-column-is-layout-flow\">\n<p>IMPACT facilite la transcription en permettant un <strong>contr\u00f4le ais\u00e9 de la source<\/strong>.<\/p>\n\n\n\n<p>IMPACT propose un <strong>canevas intuitif<\/strong>, en num\u00e9rotant automatiquement les lignes et en attribuant une place sp\u00e9cifique \u00e0 l\u2019identification des locuteurs.<\/p>\n\n\n\n<p>IMPACT permet d\u2019<strong>importer<\/strong> une transcription existante ou d\u2019<strong>exporter<\/strong> la transcription dans un fichier texte calibr\u00e9.<\/p>\n<\/div>\n\n\n\n<div class=\"wp-block-column is-layout-flow wp-block-column-is-layout-flow\">\n<p style=\"background-color:#b4d9fa\" class=\"has-background\">Exemple 1 : les \u00e9tudiants s\u2019entra\u00eenent \u00e0 <strong>transcrire une source<\/strong> qu\u2019ils ont enregistr\u00e9e ou que l\u2019enseignant a mise \u00e0 disposition.<br><br>Exemple 2 : l\u2019enseignant fait travailler les \u00e9tudiants sur <strong>un corpus d\u00e9j\u00e0 constitu\u00e9<\/strong> (sources + transcriptions).<br><br>Exemple 3 : plusieurs chercheurs collaborent \u00e0 la transcription d&rsquo;une <strong>base de donn\u00e9es commune<\/strong>.<\/p>\n\n\n\n<p><\/p>\n<\/div>\n<\/div>\n\n\n\n<h3 class=\"wp-block-heading\">En pratique<\/h3>\n\n\n\n<div class=\"wp-block-columns is-layout-flex wp-container-core-columns-is-layout-9d6595d7 wp-block-columns-is-layout-flex\">\n<div class=\"wp-block-column is-layout-flow wp-block-column-is-layout-flow\">\n<p>La case \u00ab&nbsp;Transcription&nbsp;\u00bb dispose de trois colonnes:<\/p>\n\n\n\n<ol class=\"wp-block-list\"><li>la colonne blanche est d\u00e9volue \u00e0 la <strong>num\u00e9rotation automatique des lignes<\/strong>. Activ\u00e9e par d\u00e9faut, elle peut \u00eatre d\u00e9sactiv\u00e9e localement, par exemple pour les donn\u00e9es contextuelles. Pour cela, placer le curseur sur une ligne et d\u00e9cocher la case \u00ab&nbsp;num\u00e9roter lignes&nbsp;\u00bb.<\/li><li>la colonne en gris clair, compos\u00e9e de trois caract\u00e8res au maximum, sert \u00e0 <strong>identifier les locuteurs<\/strong>. Par exemple, \u00ab&nbsp;A&nbsp;\u00bb, \u00ab&nbsp;B&nbsp;\u00bb \u00ab&nbsp;C&nbsp;\u00bb&#8230; ou \u00ab&nbsp;JER&nbsp;\u00bb, \u00ab&nbsp;CYR&nbsp;\u00bb, \u00ab&nbsp;JUL&nbsp;\u00bb&#8230;<\/li><li>la colonne en gris fonc\u00e9 permet de <strong>transcrire<\/strong> les paroles ou les gestes des interlocuteurs.<\/li><\/ol>\nPour <strong>importer<\/strong> une transcription existante, il suffit de cliquer sur le bouton correspondant puis copier-coller la transcription et enfin cliquer sur <button>Importer&#8230;<\/button>. Dans ce cas, il sera probablement n\u00e9cessaire d\u2019ajuster la transcription en cliquant sur <button>Editer<\/button>. Le bouton <button>Exporter<\/button> <strong>t\u00e9l\u00e9charge<\/strong> la transcription dans un fichier DOCX sur l\u2019ordinateur.\n<\/div>\n\n\n\n<div class=\"wp-block-column is-layout-flow wp-block-column-is-layout-flow\">\n<figure class=\"wp-block-image size-large\"><a href=\"https:\/\/wp.unil.ch\/impact\/files\/2013\/04\/\u00e9dition_de_la_transcription.png\"><img alt=\"\" loading=\"lazy\" decoding=\"async\" width=\"383\" height=\"383\" src=\"https:\/\/wp.unil.ch\/impact\/files\/2013\/04\/\u00e9dition_de_la_transcription.png\" alt=\"\" class=\"wp-image-321\" srcset=\"https:\/\/wp.unil.ch\/impact\/files\/2013\/04\/\u00e9dition_de_la_transcription.png 383w, https:\/\/wp.unil.ch\/impact\/files\/2013\/04\/\u00e9dition_de_la_transcription-150x150.png 150w, https:\/\/wp.unil.ch\/impact\/files\/2013\/04\/\u00e9dition_de_la_transcription-300x300.png 300w\" sizes=\"auto, (max-width: 383px) 85vw, 383px\" \/><\/a><\/figure>\n<\/div>\n<\/div>\n","protected":false},"excerpt":{"rendered":"<p>Pour \u00eatre en mesure de montrer et discuter un ph\u00e9nom\u00e8ne, il peut \u00eatre utile de proposer une transcription de la source audio-visuelle. Une transcription doit au moins proposer la num\u00e9rotation des lignes et l\u2019identification des locuteurs. IMPACT facilite la transcription en permettant un contr\u00f4le ais\u00e9 de la source. IMPACT propose un canevas intuitif, en num\u00e9rotant &hellip; <a href=\"https:\/\/wp.unil.ch\/impact\/transcrire\/\" class=\"more-link\">Continuer la lecture<span class=\"screen-reader-text\"> de &laquo;&nbsp;Transcrire&nbsp;&raquo;<\/span><\/a><\/p>\n","protected":false},"author":450,"featured_media":0,"parent":0,"menu_order":3,"comment_status":"closed","ping_status":"closed","template":"","meta":{"_seopress_robots_primary_cat":"","_seopress_titles_title":"","_seopress_titles_desc":"","_seopress_robots_index":"","footnotes":""},"class_list":["post-17","page","type-page","status-publish"],"_links":{"self":[{"href":"https:\/\/wp.unil.ch\/impact\/wp-json\/wp\/v2\/pages\/17","targetHints":{"allow":["GET"]}}],"collection":[{"href":"https:\/\/wp.unil.ch\/impact\/wp-json\/wp\/v2\/pages"}],"about":[{"href":"https:\/\/wp.unil.ch\/impact\/wp-json\/wp\/v2\/types\/page"}],"author":[{"embeddable":true,"href":"https:\/\/wp.unil.ch\/impact\/wp-json\/wp\/v2\/users\/450"}],"replies":[{"embeddable":true,"href":"https:\/\/wp.unil.ch\/impact\/wp-json\/wp\/v2\/comments?post=17"}],"version-history":[{"count":0,"href":"https:\/\/wp.unil.ch\/impact\/wp-json\/wp\/v2\/pages\/17\/revisions"}],"wp:attachment":[{"href":"https:\/\/wp.unil.ch\/impact\/wp-json\/wp\/v2\/media?parent=17"}],"curies":[{"name":"wp","href":"https:\/\/api.w.org\/{rel}","templated":true}]}}