{"id":15,"date":"2013-04-02T16:07:37","date_gmt":"2013-04-02T15:07:37","guid":{"rendered":"http:\/\/wp.unil.ch\/impact\/?page_id=15"},"modified":"2020-04-07T11:43:19","modified_gmt":"2020-04-07T10:43:19","slug":"diffuser","status":"publish","type":"page","link":"https:\/\/wp.unil.ch\/impact\/diffuser\/","title":{"rendered":"Diffuser la source"},"content":{"rendered":"\n<div class=\"wp-block-columns is-layout-flex wp-container-core-columns-is-layout-9d6595d7 wp-block-columns-is-layout-flex\">\n<div class=\"wp-block-column is-layout-flow wp-block-column-is-layout-flow\">\n<p>Le travail de terrain exige la plupart du temps de&nbsp;<strong>documenter les pratiques<\/strong>, c\u2019est-\u00e0-dire d\u2019en conserver une trace.<\/p>\n\n\n\n<p>Pour ce faire, on est rapidement amen\u00e9 \u00e0 travailler avec des&nbsp;<strong>enregistrements audio ou audio-visuels<\/strong>.<\/p>\n\n\n\n<p>IMPACT facilite la&nbsp;<strong>diffusion des sources<\/strong>&nbsp;et&nbsp;<strong>leur partage entre utilisateurs<\/strong>&nbsp;en ne les conservant qu\u2019\u00e0 un seul endroit.<\/p>\n<\/div>\n\n\n\n<div class=\"wp-block-column is-layout-flow wp-block-column-is-layout-flow\">\n<figure class=\"wp-block-image size-large\"><a href=\"https:\/\/wp.unil.ch\/impact\/files\/2013\/06\/test1.png\"><img alt=\"\" loading=\"lazy\" decoding=\"async\" width=\"458\" height=\"411\" src=\"https:\/\/wp.unil.ch\/impact\/files\/2013\/06\/test1.png\" alt=\"\" class=\"wp-image-234\" srcset=\"https:\/\/wp.unil.ch\/impact\/files\/2013\/06\/test1.png 458w, https:\/\/wp.unil.ch\/impact\/files\/2013\/06\/test1-300x269.png 300w\" sizes=\"auto, (max-width: 458px) 85vw, 458px\" \/><\/a><\/figure>\n\n\n\n<p style=\"background-color:#b4d9fa\" class=\"has-background\">Exemple 1 : les \u00e9tudiants <strong>alimentent une base de donn\u00e9es<\/strong> commune en t\u00e9l\u00e9versant chacun une source.<br><br>Exemple 2 : l\u2019enseignant t\u00e9l\u00e9verse <strong>une source commune dont chaque \u00e9tudiant choisit un extrait<\/strong>.<br><br>Exemple 3 : plusieurs chercheurs collaborent \u00e0 la confection d&rsquo;une <strong>base de donn\u00e9es commune<\/strong>.<\/p>\n<\/div>\n<\/div>\n\n\n\n<h3 class=\"wp-block-heading\">En pratique<\/h3>\n\n\n\n<div class=\"wp-block-columns is-layout-flex wp-container-core-columns-is-layout-9d6595d7 wp-block-columns-is-layout-flex\">\n<div class=\"wp-block-column is-layout-flow wp-block-column-is-layout-flow\">\n<p>De nombreux formats sont support\u00e9s, dont : <strong>WMA, AAC, MP3 et MP4\/H.264<\/strong> (vid\u00e9o).<\/p>\n\n\n\n<p>L&rsquo;ajout d\u2019un m\u00e9dia se fait soit depuis l\u2019ordinateur, soit en utilisant un fichier d\u00e9j\u00e0 disponible :<\/p>\n\n\n\n<ul><li>pour d\u00e9poser un fichier depuis l\u2019ordinateur, cliquer sur <button>D\u00e9poser&#8230;<\/button>, puis sur <button>Choisir un fichier<\/button>. Une fois le fichier s\u00e9lectionn\u00e9, un message appara\u00eet pour confirmer l\u2019envoi. \u00c0 ce stade, vous pouvez vous d\u00e9connecter ou poursuivre le remplissage de votre fiche. Le transcodage du fichier demande 5 \u00e0 10 minutes. Pass\u00e9 ce d\u00e9lai, vous pouvez recharger la page et le m\u00e9dia est lisible.<\/li><li>pour utiliser un fichier d\u00e9j\u00e0 d\u00e9pos\u00e9, cliquer sur <button>Choisir&#8230;<\/button> et s\u00e9lectionner le fichier souhait\u00e9 dans la liste. (Note: tous les fichiers d\u00e9pos\u00e9s dans un cours sont utilisables.) Vous pouvez \u00e9galement introduire une URL (p. ex. Youtube, Dailymotion).<\/li><\/ul>\n\n\n\n<p>Il est possible d\u2019isoler un segment gr\u00e2ce au bouton <button>Choisir un extrait&#8230;<\/button> : introduire les bornes souhait\u00e9es (d\u00e9but et fin, en secondes) et cliquer sur <button>Choisir<\/button>. Ce r\u00e9glage op\u00e8re sur la lecture seulement et il est possible de le modifier en tout temps.<\/p>\n<\/div>\n\n\n\n<div class=\"wp-block-column is-layout-flow wp-block-column-is-layout-flow\">\n<figure class=\"wp-block-image size-large\"><a href=\"https:\/\/wp.unil.ch\/impact\/files\/2013\/06\/test2.png\"><img alt=\"\" loading=\"lazy\" decoding=\"async\" width=\"462\" height=\"417\" src=\"https:\/\/wp.unil.ch\/impact\/files\/2013\/06\/test2.png\" alt=\"\" class=\"wp-image-235\" srcset=\"https:\/\/wp.unil.ch\/impact\/files\/2013\/06\/test2.png 462w, https:\/\/wp.unil.ch\/impact\/files\/2013\/06\/test2-300x270.png 300w\" sizes=\"auto, (max-width: 462px) 85vw, 462px\" \/><\/a><\/figure>\n<\/div>\n<\/div>\n\n\n\n<div class=\"wp-block-columns is-layout-flex wp-container-core-columns-is-layout-9d6595d7 wp-block-columns-is-layout-flex\">\n<div class=\"wp-block-column is-layout-flow wp-block-column-is-layout-flow\">\n<p>Contr\u00f4les : il est possible de naviguer dans l\u2019extrait, de modifier le volume et de passer en mode plein \u00e9cran\/pleine fen\u00eatre avec les commandes situ\u00e9es en bas de la case. Il est \u00e9galement possible de contr\u00f4ler la lecture avec le clavier.<\/p>\n\n\n\n<p>Attention: toutes les commandes ne fonctionnent pas (encore) dans tous les navigateurs !<\/p>\n\n\n\n<p>La lecture de l\u2019extrait provoque le d\u00e9filement automatique de la transcription. L\u2019application fait un calcul simple pour que le d\u00e9but de la transcription corresponde au d\u00e9but de l\u2019extrait, la fin \u00e0 la fin, etc. Il est n\u00e9anmoins possible de d\u00e9sactiver cette synchronisation dans l&rsquo;\u00e9dition de la transcription.<\/p>\n<\/div>\n\n\n\n<div class=\"wp-block-column is-layout-flow wp-block-column-is-layout-flow\">\n<figure class=\"wp-block-image size-large\"><a href=\"https:\/\/wp.unil.ch\/impact\/files\/2013\/06\/commandes-impact.png\"><img alt=\"\" loading=\"lazy\" decoding=\"async\" width=\"1024\" height=\"618\" src=\"https:\/\/wp.unil.ch\/impact\/files\/2013\/06\/commandes-impact-1024x618.png\" alt=\"\" class=\"wp-image-257\" srcset=\"https:\/\/wp.unil.ch\/impact\/files\/2013\/06\/commandes-impact-1024x618.png 1024w, https:\/\/wp.unil.ch\/impact\/files\/2013\/06\/commandes-impact-300x181.png 300w, https:\/\/wp.unil.ch\/impact\/files\/2013\/06\/commandes-impact-624x376.png 624w, https:\/\/wp.unil.ch\/impact\/files\/2013\/06\/commandes-impact.png 1109w\" sizes=\"auto, (max-width: 709px) 85vw, (max-width: 909px) 67vw, (max-width: 1362px) 62vw, 840px\" \/><\/a><\/figure>\n<\/div>\n<\/div>\n","protected":false},"excerpt":{"rendered":"<p>Le travail de terrain exige la plupart du temps de&nbsp;documenter les pratiques, c\u2019est-\u00e0-dire d\u2019en conserver une trace. Pour ce faire, on est rapidement amen\u00e9 \u00e0 travailler avec des&nbsp;enregistrements audio ou audio-visuels. IMPACT facilite la&nbsp;diffusion des sources&nbsp;et&nbsp;leur partage entre utilisateurs&nbsp;en ne les conservant qu\u2019\u00e0 un seul endroit. Exemple 1 : les \u00e9tudiants alimentent une base de &hellip; <a href=\"https:\/\/wp.unil.ch\/impact\/diffuser\/\" class=\"more-link\">Continuer la lecture<span class=\"screen-reader-text\"> de &laquo;&nbsp;Diffuser la source&nbsp;&raquo;<\/span><\/a><\/p>\n","protected":false},"author":450,"featured_media":0,"parent":0,"menu_order":2,"comment_status":"closed","ping_status":"closed","template":"","meta":{"_seopress_robots_primary_cat":"","_seopress_titles_title":"","_seopress_titles_desc":"","_seopress_robots_index":"","footnotes":""},"class_list":["post-15","page","type-page","status-publish"],"_links":{"self":[{"href":"https:\/\/wp.unil.ch\/impact\/wp-json\/wp\/v2\/pages\/15","targetHints":{"allow":["GET"]}}],"collection":[{"href":"https:\/\/wp.unil.ch\/impact\/wp-json\/wp\/v2\/pages"}],"about":[{"href":"https:\/\/wp.unil.ch\/impact\/wp-json\/wp\/v2\/types\/page"}],"author":[{"embeddable":true,"href":"https:\/\/wp.unil.ch\/impact\/wp-json\/wp\/v2\/users\/450"}],"replies":[{"embeddable":true,"href":"https:\/\/wp.unil.ch\/impact\/wp-json\/wp\/v2\/comments?post=15"}],"version-history":[{"count":0,"href":"https:\/\/wp.unil.ch\/impact\/wp-json\/wp\/v2\/pages\/15\/revisions"}],"wp:attachment":[{"href":"https:\/\/wp.unil.ch\/impact\/wp-json\/wp\/v2\/media?parent=15"}],"curies":[{"name":"wp","href":"https:\/\/api.w.org\/{rel}","templated":true}]}}