{"id":592,"date":"2020-02-02T11:29:52","date_gmt":"2020-02-02T10:29:52","guid":{"rendered":"http:\/\/wp.unil.ch\/ice\/?page_id=592"},"modified":"2020-02-26T16:53:31","modified_gmt":"2020-02-26T15:53:31","slug":"melanie-bartz","status":"publish","type":"page","link":"https:\/\/wp.unil.ch\/ice\/team\/melanie-bartz\/","title":{"rendered":"Melanie Bartz"},"content":{"rendered":"<p><img alt=\"\" loading=\"lazy\" decoding=\"async\" class=\"size-medium wp-image-636 alignleft\" src=\"https:\/\/wp.unil.ch\/ice\/files\/2020\/02\/bartz-1-200x300.jpg\" alt=\"\" width=\"200\" height=\"300\" srcset=\"https:\/\/wp.unil.ch\/ice\/files\/2020\/02\/bartz-1-200x300.jpg 200w, https:\/\/wp.unil.ch\/ice\/files\/2020\/02\/bartz-1-683x1024.jpg 683w, https:\/\/wp.unil.ch\/ice\/files\/2020\/02\/bartz-1-768x1152.jpg 768w, https:\/\/wp.unil.ch\/ice\/files\/2020\/02\/bartz-1-147x220.jpg 147w, https:\/\/wp.unil.ch\/ice\/files\/2020\/02\/bartz-1.jpg 800w\" sizes=\"auto, (max-width: 200px) 100vw, 200px\" \/><\/p>\n<p><strong>Research Statement<\/strong><\/p>\n<p>The Late Neogene and Quaternary are key periods in the study of environmental change and human evolution and require special attention in the field of geochronology. As a geomorphologist with expertise in luminescence and electron spin resonance (ESR) dating, I have been working on different trapped charge dating procedures to constrain the timing of environmental variations and human-landscape-interactions. Over the past few years, I have focused on different depositional environments (fluvial, alluvial fan, littoral, hill slope) and climatic settings (hyperarid to humid), which give key insights into climatic fluctuations and tectonic histories over the Quaternary period. Besides the application of trapped charge dating as a chronological tool, I am very interested in developing new analytical approaches and methodological improvements.<\/p>\n<p><strong>Research Project<\/strong><\/p>\n<p>Understanding the relative contribution of silicate and carbonate to the weathering budget is important for constraining the global carbon cycle. Within my current postdoctoral research, we will work towards establishing a new technique to estimate the degree of chemical weathering experienced by silicate minerals, based on their luminescence properties (e.g. emission and time-resolved spectroscopy). A series of laboratory experiments will be conducted to study progressive changes in luminescence characteristics of quartz and feldspars following laboratory chemical weathering treatments. This new approach will serve as an independent method for constraining chemical weathering in the critical zone (see further details about this project <a href=\"https:\/\/wp.unil.ch\/ice\/research-projects\/\">here<\/a>).<\/p>\n<p><strong>Biography<\/strong><\/p>\n<p>I studied Geography and Quaternary Science\/Geoarchaeology at the University of Cologne (Germany) and obtained my MSc degree in 2013. My PhD research (2014-2017) was part of the Collaborative Research Centre (CRC) 806 \u2018Our Way to Europe\u2019, where I studied Quaternary fluvial environments in northern Morocco including climatic and tectonic variations to understand modern human migration. Within this project, I used trapped charge dating, sedimentology and geochemistry to understand morphodynamic activity and stability phases in river and ephemeral stream systems. After my PhD, I was involved in the CRC 1211 \u201cEarth Evolution at the Dry Limit\u201d (University of Cologne, 2017-2020), where the interaction of coastal alluvial fans with marine terraces gave new knowledge of climatic and tectonic changes in the Atacama Desert (Chile). I especially worked on the development and application of luminescence and ESR dating techniques to constrain the timing of Quaternary landscape change in this hyperarid environment. In February 2020, I joined ICE as an SNSF postdoc.<\/p>\n<p>&nbsp;<\/p>\n<p><strong>Publications<\/strong><\/p>\n<p><strong>In review<\/strong><\/p>\n<ol>\n<li><strong>Bartz, M.<\/strong>, Duval, M., Brill, D., Zander, A., King, G.E., Rhein, A., Walk, J., Stauch, G., Lehmkuhl, F., Br\u00fcckner, H., in review. Testing the potential of K-feldspar pIR-IRSL and quartz ESR for dating coastal alluvial fan complexes in arid environments. Quaternary International.<\/li>\n<\/ol>\n<p><strong>In press<\/strong><\/p>\n<ol start=\"2\">\n<li><strong>Bartz, M.<\/strong>, Walk, J., Binnie, S., Brill, D., Stauch, G., Lehmkuhl, F., Hoffmeister, D., Br\u00fcckner, H., in press. Late Pleistocene alluvial fan evolution along the coastal Atacama Desert (N Chile). Global and Planetary Change. DOI: 10.1016\/j.gloplacha.2019.103091<\/li>\n<\/ol>\n<p><strong>2020<\/strong><\/p>\n<ol start=\"3\">\n<li>Medialdea, A., May, S.M., Brill, D., King, G., Ritter, B., Wennrich, V., <strong>Bartz, M.<\/strong>, Zander, A., Hurtado, S., Kuiper, K., Hoffmeister, D., Schulte, P., Gr\u00f6bner, M., Opitz, S., Br\u00fcckner, H., Bubenzer, O., 2020. Identification of humid periods in the Atacama Desert through hillslope activity established by infrared stimulated luminescence (IRSL) dating. Global and Planetary Change 185, 103086. DOI: 10.1016\/j.gloplacha.2019.103086<\/li>\n<li>Walk, J., Stauch, G., Br\u00fcckner, H., Hoffmeister, D., Lehmkuhl, F., <strong>Bartz, M.<\/strong>, Sep\u00falveda, F.A., Reyers, M., V\u00e1squez, P., in press. Gradients in climate, geology, and topography affecting coastal alluvial fan morphodynamics in hyperarid regions \u2013 the Atacama perspective. Global and Planetary Change 185, 102994. DOI: 10.1016\/j.gloplacha.2019.102994<\/li>\n<\/ol>\n<p><strong>2019<\/strong><\/p>\n<ol start=\"5\">\n<li><strong>Bartz, M.<\/strong>, Arnold, L.J., Spooner, A.M., Demuro, M., Campa\u00f1a, I., Rixhon, G., Br\u00fcckner, H., Duval, M., 2019. First experimental evaluation of the alpha efficiency in coarse-grained quartz for ESR dating purposes: implications for dose rate evaluation. Nature Scientific Reports 9, 19769. DOI: 10.1038\/s41598-019-54688-9<\/li>\n<li><strong>Bartz, M.,<\/strong> Quaternary fluvial environments in NE Morocco inferred from geochronological and sedimentological investigations. E&amp;G Quaternary Science Journal. Thesis Abstract 68, 1-4. DOI: 10.5194\/egqsj-68-1-2019<\/li>\n<li><strong>Bartz, M<\/strong>., Arnold, L.J., Demuro, M., Duval, M., King, G.E., Rixhon, G., \u00c1lvarez Posada, C., Par\u00e9s, J.M., Br\u00fcckner, H., 2019. Single-grain TT-OSL dating results confirm an Early Pleistocene age for the lower Moulouya River deposits (NE Morocco). Quaternary Geochronology 49, 138-145. DOI: 10.1016\/j.quageo.2018.04.007<\/li>\n<li>Walk, J., Stauch, G., <strong>Bartz, M.<\/strong>, Br\u00fcckner, H., Lehmkuhl, F., 2019. Geomorphology of the coastal alluvial fan complex Guanillos, northern Chile. Journal of Maps 15 (2), 436-447. DOI: 10.1080\/17445647.2019.1611499<\/li>\n<li>Bosq, M., Bertran, P., Beauval, C., Kreutzer, S., Duval, M., <strong>Bartz, M.<\/strong>, Mercier, N., Sitzia, L., Stephan, P., LITAQ project members, 2019. Stratigraphy and chronology of Pleistocene coastal deposits in northern Aquitaine, France: A reinvestigation. Quaternaire 30 (1), 5-20. DOI: 10.4000\/quaternaire.11112<\/li>\n<\/ol>\n<p><strong>2018<\/strong><\/p>\n<ol start=\"10\">\n<li><strong>Bartz, M<\/strong>., Rixhon, R., Duval, M., King, G.E., \u00c1lvarez Posada, C., Par\u00e9s, J.M., Br\u00fcckner, H., 2018. Successful combination of electron spin resonance, luminescence and palaeomagnetic dating methods allows reconstruction of the Pleistocene evolution of the lower Moulouya river (NE Morocco). Quaternary Science Reviews 185, 153-171. DOI:10.1016\/j.quascirev.2017.11.008<\/li>\n<li>Kreutzer, S., Duval, M., <strong>Bartz, M.<\/strong>, Bertran, P., Bosq, M., Eynaud, F., Verdin, F., Mercier, N., 2018. Deciphering long-term coastal dynamics using IR-RF and ESR dating: A case study from M\u00e9doc, south-west France. Quaternary Geochronology 48, 108-120. DOI: 10.1016\/j.quageo.2018.09.005<\/li>\n<\/ol>\n<p><strong>2017<\/strong><\/p>\n<ol start=\"12\">\n<li><strong>Bartz, M.,<\/strong> Rixhon, G., Kehl, M., El Ouahabi, M., Klasen, N., Brill, D., Weniger, G.-C., Mikdad, A., Br\u00fcckner, H., 2017. Unravelling \ufb02uvial deposition and pedogenesis in ephemeral stream deposits in the vicinity of the prehistoric rock shelter of Ifri n&#8217;Ammar (NE Morocco) during the last 100 ka. Catena 152, 115-134. DOI : 10.1016\/j.catena.2016.12.007<\/li>\n<li>Duval, M., Bahain, J.-J., <strong>Bartz, M.,<\/strong> Falgu\u00e8res, C., Guilarte, V., Moreno, D., Tissoux, H., del Val, M., Voinchet, P., Arnold, L.J., 2017. Defining minimum requirements for reporting ESR dating methodology and age estimates based on optically bleached quartz grains. Ancient TL 35 (1), 11-19.<\/li>\n<li>Rixhon, G., <strong>Bartz, M.<\/strong>, El Ouahabi, M., Szemkus, N., Br\u00fcckner, H., 2017. Contrasting terrace systems of the lower Moulouya river as indicator of crustal deformation in NE Morocco. Journal of African Earth Sciences 126, 45-57. DOI: 10.1016\/j.jafrearsci.2016.11.005<\/li>\n<\/ol>\n<p><strong>2015<\/strong><\/p>\n<ol start=\"15\">\n<li><strong>Bartz, M.,<\/strong> Klasen, N., Zander, A., Brill, D., Rixhon, G., Seeliger, M., Eiwanger, J., Weniger, G.-C., Mikdad, A., Br\u00fcckner, H., 2015. Luminescence dating of ephemeral stream deposits around the Palaeolithic site of Ifri n\u2018Ammar (Morocco). Quaternary Geochronology 30, 460-465. DOI: 10.1016\/j.quageo.2015.02.012<\/li>\n<li>Seeliger, M., <strong>Bartz, M.<\/strong>, Br\u00fcckner, H., 2015. Umweltgeschichte Elaias. In: Matthaei, A., Zimmermann, M. (eds.): Urbane Strukturen und b\u00fcrgerliche Identit\u00e4t im Hellenismus \u2013 Die hellenistische Polis als Lebensform Band 5. Verlag Antike.<\/li>\n<\/ol>\n<p><strong>2014<\/strong><\/p>\n<ol start=\"17\">\n<li>Seeliger, M., Brill, D., Feuser, S., <strong>Bartz, M.<\/strong>, Erkul, E., Kelterbaum, D., V\u00f6tt, A., Klein, C., Pirson, F., Br\u00fcckner, H., 2014. Purpose and age of underwater walls in the Bay of Elaia (western Turkey) \u2013 a multidisciplinary approach. Gearchaeology 29, 138-155. DOI: 10.1002\/gea.21471<\/li>\n<\/ol>\n<p><strong>2013<\/strong><\/p>\n<ol start=\"18\">\n<li>Seeliger, M., <strong>Bartz, M.<\/strong>, Erkul, E., Feuser, S., Kelterbaum, D., Klein, C., Pirson, F., V\u00f6tt, A., Br\u00fcckner, H., 2013. Taken from the sea, reclaimed by the sea: The fate of the closed harbour of Elaia, the maritime satellite city of Pergamum (Turkey). Quaternary International 312, 70-83. DOI: 10.1016\/j.quaint.2013.03.004<\/li>\n<li>Pint, A., Seeliger, M., <strong>Bartz, M.<\/strong>, Kelterbaum, D., Br\u00fcckner, H., 2013. Die Rekonstruktion der Pal\u00e4oumwelt von Elaia anhand von mikropal\u00e4ontologischen, sedimentologischen und geochemischen Kriterien. In: Pirson, F. (ed.): Pergamon &#8211; Bericht \u00fcber die Arbeiten in der Kampagne 2012. Arch\u00e4ologischer Anzeiger 2013\/2, 123-130.<\/li>\n<\/ol>\n<p><strong>2012<\/strong><\/p>\n<ol start=\"20\">\n<li>Seeliger, M., <strong>Bartz, M.<\/strong>, Br\u00fcckner, H., 2012. Der geschlossene Hafen von Elaia. In: Pirson, F. (ed.): Pergamon &#8211; Bericht \u00fcber die Arbeiten in der Kampagne 2011. Arch\u00e4ologischer Anzeiger 2012\/2, 234-240.<\/li>\n<\/ol>\n<p><strong>2011<\/strong><\/p>\n<ol start=\"21\">\n<li>Seeliger, M., <strong>Bartz, M.<\/strong>, Br\u00fcckner, H., 2011. Mauern im Meer \u2013 Geoarch\u00e4ologische Untersuchungen in der Bucht von Elaia. In: Pirson, F. (ed.): Pergamon &#8211; Bericht \u00fcber die Arbeiten in der Kampagne 2010. Arch\u00e4ologischer Anzeiger 2011\/2, 175-185.<\/li>\n<\/ol>\n<p>&nbsp;<\/p>\n<p><strong>Contact<\/strong><\/p>\n<p>Melanie Bartz<br class=\"\" \/>University of Lausanne<br \/>\nInstitute of Earth Surface Dynamics<br class=\"\" \/>G\u00e9opolis, office 4413<br class=\"\" \/>1015 Lausanne, Switzerland<br class=\"\" \/>melanie.bartz@unil.ch<\/p>\n","protected":false},"excerpt":{"rendered":"<p>Research Statement The Late Neogene and Quaternary are key periods in the study of environmental change and human evolution and require special attention in the field of geochronology. As a &hellip; <\/p>\n","protected":false},"author":1001880,"featured_media":0,"parent":2,"menu_order":0,"comment_status":"closed","ping_status":"closed","template":"","meta":{"_seopress_robots_primary_cat":"","_seopress_titles_title":"","_seopress_titles_desc":"","_seopress_robots_index":"","footnotes":""},"class_list":["post-592","page","type-page","status-publish"],"_links":{"self":[{"href":"https:\/\/wp.unil.ch\/ice\/wp-json\/wp\/v2\/pages\/592","targetHints":{"allow":["GET"]}}],"collection":[{"href":"https:\/\/wp.unil.ch\/ice\/wp-json\/wp\/v2\/pages"}],"about":[{"href":"https:\/\/wp.unil.ch\/ice\/wp-json\/wp\/v2\/types\/page"}],"author":[{"embeddable":true,"href":"https:\/\/wp.unil.ch\/ice\/wp-json\/wp\/v2\/users\/1001880"}],"replies":[{"embeddable":true,"href":"https:\/\/wp.unil.ch\/ice\/wp-json\/wp\/v2\/comments?post=592"}],"version-history":[{"count":0,"href":"https:\/\/wp.unil.ch\/ice\/wp-json\/wp\/v2\/pages\/592\/revisions"}],"up":[{"embeddable":true,"href":"https:\/\/wp.unil.ch\/ice\/wp-json\/wp\/v2\/pages\/2"}],"wp:attachment":[{"href":"https:\/\/wp.unil.ch\/ice\/wp-json\/wp\/v2\/media?parent=592"}],"curies":[{"name":"wp","href":"https:\/\/api.w.org\/{rel}","templated":true}]}}