{"id":88,"date":"2017-03-20T14:15:05","date_gmt":"2017-03-20T13:15:05","guid":{"rendered":"http:\/\/wp.unil.ch\/icare\/?page_id=88"},"modified":"2017-04-01T18:42:09","modified_gmt":"2017-04-01T16:42:09","slug":"icare-bot","status":"publish","type":"page","link":"https:\/\/wp.unil.ch\/icare\/icare-bot\/","title":{"rendered":"iCare Bot"},"content":{"rendered":"<p>Bereits bestehende \u00dcberwachungssysteme f\u00fcr Menschen mit erh\u00f6htem Hilfebedarf sind entweder sehr teuer, wenig benutzerfreundlich oder nicht auf die Bed\u00fcrfnisse involvierter Betreuungspersonen zugeschnitten. Deshalb haben wir im Rahmen des iCare Forschungsprojekts ein kosteng\u00fcnstiges \u00dcberwachungssystem f\u00fcr diese Zielgruppe entwickelt. Es basiert auf einem Raspberry Pi Computer,\u00a0der einfach durch handels\u00fcbliche\u00a0Peripherieger\u00e4te\u00a0(zum Beispiel Kameras, Bewegungsmelder, Monitore etc.) erg\u00e4nzt werden kann.<\/p>\n<p>F\u00fcr die Bewegungserkennung verwenden wir einen batteriebetriebenen Wireless-Sensor mit sehr geringem Energieverbrauch, der \u00fcberall in einer Wohnung aufgestellt werden kann. Dieser Sensor kann individuell programmiert werden, was beispielsweise eine Aktivierung\/Deaktivierung nach Zeitplan erlaubt. Dadurch k\u00f6nnen Warnmeldungen f\u00fcr verschiedenen Szenarien ausgel\u00f6st werden, zum Beispiel durch das Senden einer Nachricht an Familienangeh\u00f6rige oder andere Betreuungspersonen bei fehlender Aktivit\u00e4t am Morgen oder wenn eine Person mit erh\u00f6htem Hilfebedarf das Haus in der Nacht verl\u00e4sst. Um die Warnmeldung visuell zu erg\u00e4nzen, verwenden wir eine preisg\u00fcnstige Webcam, die bei Bedarf oder ausgel\u00f6st durch einen Sensor ein Video\/Foto macht.<\/p>\n<figure id=\"attachment_244\" aria-describedby=\"caption-attachment-244\" style=\"width: 346px\" class=\"wp-caption aligncenter\"><a href=\"https:\/\/wp.unil.ch\/icare\/files\/2017\/03\/ICareBot-e1490603492290.png\"><img alt=\"\" loading=\"lazy\" decoding=\"async\" class=\"wp-image-244\" src=\"https:\/\/wp.unil.ch\/icare\/files\/2017\/03\/ICareBot-e1490603492290.png\" alt=\"\" width=\"346\" height=\"300\" srcset=\"https:\/\/wp.unil.ch\/icare\/files\/2017\/03\/ICareBot-e1490603492290.png 448w, https:\/\/wp.unil.ch\/icare\/files\/2017\/03\/ICareBot-e1490603492290-300x260.png 300w\" sizes=\"auto, (max-width: 346px) 100vw, 346px\" \/><\/a><figcaption id=\"caption-attachment-244\" class=\"wp-caption-text\">Raspberry Pi mit Erg\u00e4nzungen<\/figcaption><\/figure>\n<p>Als Benutzeroberfl\u00e4che verwenden wir Telegram Messenger, einen cloudbasierten Instant Messaging Service, der es erlaubt, Warnmeldungen in verschiedenen Formaten anzuzeigen. Diese L\u00f6sung erlaubt das Senden verschl\u00fcsselter Nachrichten, ist Open Source, l\u00e4uft auf den meisten Betriebssystemen (zum Beispiel PC, Mac, Linux, iOS, Android, Windows Phone, Ubuntu Touch), begrenzt die Gr\u00f6sse der gesendeten Mitteilungen nicht und verursacht keine Benutzungskosten.\u00a0Der iCare Bot wurde bereits unter Laborbedingungen getestet und wird gegenw\u00e4rtig in einem nat\u00fcrlichen Umfeld durch \u00e4ltere Menschen und Pflegeeinrichtungen evaluiert.<\/p>\n<figure id=\"attachment_246\" aria-describedby=\"caption-attachment-246\" style=\"width: 428px\" class=\"wp-caption aligncenter\"><a href=\"https:\/\/wp.unil.ch\/icare\/files\/2017\/03\/ICareMessage-e1490603412789.png\"><img alt=\"\" loading=\"lazy\" decoding=\"async\" class=\"wp-image-246 size-full\" src=\"https:\/\/wp.unil.ch\/icare\/files\/2017\/03\/ICareMessage-e1490603412789.png\" alt=\"\" width=\"428\" height=\"288\" srcset=\"https:\/\/wp.unil.ch\/icare\/files\/2017\/03\/ICareMessage-e1490603412789.png 428w, https:\/\/wp.unil.ch\/icare\/files\/2017\/03\/ICareMessage-e1490603412789-300x202.png 300w\" sizes=\"auto, (max-width: 428px) 100vw, 428px\" \/><\/a><figcaption id=\"caption-attachment-246\" class=\"wp-caption-text\">iCare Bot (links) und Alarmmeldung via Telegram (rechts)<\/figcaption><\/figure>\n","protected":false},"excerpt":{"rendered":"<p>Bereits bestehende \u00dcberwachungssysteme f\u00fcr Menschen mit erh\u00f6htem Hilfebedarf sind entweder sehr teuer, wenig benutzerfreundlich oder nicht auf die Bed\u00fcrfnisse involvierter Betreuungspersonen zugeschnitten. Deshalb haben wir im Rahmen des iCare Forschungsprojekts ein kosteng\u00fcnstiges \u00dcberwachungssystem f\u00fcr diese Zielgruppe entwickelt. Es basiert auf<\/p>\n","protected":false},"author":1001528,"featured_media":0,"parent":0,"menu_order":0,"comment_status":"closed","ping_status":"closed","template":"","meta":{"_seopress_robots_primary_cat":"","_seopress_titles_title":"","_seopress_titles_desc":"","_seopress_robots_index":"","footnotes":""},"class_list":["post-88","page","type-page","status-publish"],"_links":{"self":[{"href":"https:\/\/wp.unil.ch\/icare\/wp-json\/wp\/v2\/pages\/88","targetHints":{"allow":["GET"]}}],"collection":[{"href":"https:\/\/wp.unil.ch\/icare\/wp-json\/wp\/v2\/pages"}],"about":[{"href":"https:\/\/wp.unil.ch\/icare\/wp-json\/wp\/v2\/types\/page"}],"author":[{"embeddable":true,"href":"https:\/\/wp.unil.ch\/icare\/wp-json\/wp\/v2\/users\/1001528"}],"replies":[{"embeddable":true,"href":"https:\/\/wp.unil.ch\/icare\/wp-json\/wp\/v2\/comments?post=88"}],"version-history":[{"count":0,"href":"https:\/\/wp.unil.ch\/icare\/wp-json\/wp\/v2\/pages\/88\/revisions"}],"wp:attachment":[{"href":"https:\/\/wp.unil.ch\/icare\/wp-json\/wp\/v2\/media?parent=88"}],"curies":[{"name":"wp","href":"https:\/\/api.w.org\/{rel}","templated":true}]}}