{"id":59,"date":"2017-03-20T10:38:52","date_gmt":"2017-03-20T09:38:52","guid":{"rendered":"http:\/\/wp.unil.ch\/icare\/?page_id=59"},"modified":"2017-03-28T12:02:05","modified_gmt":"2017-03-28T10:02:05","slug":"desearch","status":"publish","type":"page","link":"https:\/\/wp.unil.ch\/icare\/desearch\/","title":{"rendered":"DeSearch"},"content":{"rendered":"<figure id=\"attachment_241\" aria-describedby=\"caption-attachment-241\" style=\"width: 120px\" class=\"wp-caption alignright\"><a href=\"https:\/\/wp.unil.ch\/icare\/desearch\/bluetooth_sender\/\" rel=\"attachment wp-att-241\"><img alt=\"\" loading=\"lazy\" decoding=\"async\" class=\"wp-image-241\" src=\"https:\/\/wp.unil.ch\/icare\/files\/2017\/03\/Bluetooth_Sender-e1490603560768.png\" alt=\"\" width=\"120\" height=\"200\" \/><\/a><figcaption id=\"caption-attachment-241\" class=\"wp-caption-text\">Bluetooth-Sender<\/figcaption><\/figure>\n<p>&nbsp;<\/p>\n<p>Im Rahmen des iCare-Projekts wurde DeSearch entwickelt, mit dessen Hilfe vermisste\u00a0behinderte oder demente Menschen schnell gefunden und zuvor definierte Kontaktstellen (z.B. Familienangeh\u00f6rige, Spitex, etc.) informiert werden sollen. Dadurch soll den Betroffenen m\u00f6glichst lange der Verbleib in der eigenen Wohnung oder das Leben in offenen Einrichtungen erm\u00f6glicht werden.\u00a0Im Unterschied zu einer permanenten \u00dcberwachung mit GPS-Trackern wird DeSearch nur im Bedarfsfall aktiviert, indem ein knopfgrosser Bluetooth-Sender, der beispielsweise in Kleider oder Schuhe eingen\u00e4ht werden kann, eingeschaltet wird.<\/p>\n<figure id=\"attachment_243\" aria-describedby=\"caption-attachment-243\" style=\"width: 245px\" class=\"wp-caption alignleft\"><a href=\"https:\/\/wp.unil.ch\/icare\/desearch\/empfangsstation\/\" rel=\"attachment wp-att-243\"><img alt=\"\" loading=\"lazy\" decoding=\"async\" class=\"wp-image-243\" src=\"https:\/\/wp.unil.ch\/icare\/files\/2017\/03\/Empfangsstation-e1490603513551.png\" alt=\"\" width=\"245\" height=\"200\" \/><\/a><figcaption id=\"caption-attachment-243\" class=\"wp-caption-text\">DeSearch Empfangsstation<\/figcaption><\/figure>\n<p>&nbsp;<\/p>\n<p>Um die geringe Reichweite der Bluetooth-Sender aufzufangen, k\u00f6nnen\u00a0neuralgischen Stellen wie\u00a0Bushaltestellen oder Bahnh\u00f6fe und mobile Elemente wie\u00a0Busse oder Taxis mit DeSearch Empfangsstationen ausgestattet werden.<\/p>\n<p>&nbsp;<\/p>\n<p>&nbsp;<\/p>\n<p>Eine gr\u00f6ssere Reichweite k\u00f6nnte allerdings durch eine aktive Partizipation von B\u00fcrgern gewonnen werden. Durch die Installation einer einfachen App werden Smartphones zu mobilen Empfangsstationen, welche den Standort einer sich in der N\u00e4he befindlichen hilfebed\u00fcrftigen Person orten k\u00f6nnen, wenn im Notfall eine Aktivierung des Bluetooth-Senders verlangt worden ist.<\/p>\n<p><img alt=\"\" loading=\"lazy\" decoding=\"async\" class=\"size-full wp-image-242 aligncenter\" src=\"https:\/\/wp.unil.ch\/icare\/files\/2017\/03\/De_Search_Netz-e1490603539960.png\" alt=\"\" width=\"513\" height=\"205\" srcset=\"https:\/\/wp.unil.ch\/icare\/files\/2017\/03\/De_Search_Netz-e1490603539960.png 513w, https:\/\/wp.unil.ch\/icare\/files\/2017\/03\/De_Search_Netz-e1490603539960-300x120.png 300w\" sizes=\"auto, (max-width: 513px) 100vw, 513px\" \/><\/p>\n<p>DeSearch wird gegenw\u00e4rtig im Rahmen des Forschungsprojekts iCare evaluiert und es wird sich zeigen, ob B\u00fcrger gewillt sind, ihre private Infrastruktur f\u00fcr gemeinn\u00fctzige Aktionen, wie beispielsweise eine Personensuche, zur Verf\u00fcgung zu stellen.<\/p>\n","protected":false},"excerpt":{"rendered":"<p>&nbsp; Im Rahmen des iCare-Projekts wurde DeSearch entwickelt, mit dessen Hilfe vermisste\u00a0behinderte oder demente Menschen schnell gefunden und zuvor definierte Kontaktstellen (z.B. Familienangeh\u00f6rige, Spitex, etc.) informiert werden sollen. Dadurch soll den Betroffenen m\u00f6glichst lange der Verbleib in der eigenen Wohnung<\/p>\n","protected":false},"author":1001528,"featured_media":0,"parent":0,"menu_order":0,"comment_status":"closed","ping_status":"closed","template":"","meta":{"_seopress_robots_primary_cat":"","_seopress_titles_title":"","_seopress_titles_desc":"","_seopress_robots_index":"","footnotes":""},"class_list":["post-59","page","type-page","status-publish"],"_links":{"self":[{"href":"https:\/\/wp.unil.ch\/icare\/wp-json\/wp\/v2\/pages\/59","targetHints":{"allow":["GET"]}}],"collection":[{"href":"https:\/\/wp.unil.ch\/icare\/wp-json\/wp\/v2\/pages"}],"about":[{"href":"https:\/\/wp.unil.ch\/icare\/wp-json\/wp\/v2\/types\/page"}],"author":[{"embeddable":true,"href":"https:\/\/wp.unil.ch\/icare\/wp-json\/wp\/v2\/users\/1001528"}],"replies":[{"embeddable":true,"href":"https:\/\/wp.unil.ch\/icare\/wp-json\/wp\/v2\/comments?post=59"}],"version-history":[{"count":0,"href":"https:\/\/wp.unil.ch\/icare\/wp-json\/wp\/v2\/pages\/59\/revisions"}],"wp:attachment":[{"href":"https:\/\/wp.unil.ch\/icare\/wp-json\/wp\/v2\/media?parent=59"}],"curies":[{"name":"wp","href":"https:\/\/api.w.org\/{rel}","templated":true}]}}