{"id":6,"date":"2019-11-28T16:00:19","date_gmt":"2019-11-28T15:00:19","guid":{"rendered":"http:\/\/wp.unil.ch\/modele\/?page_id=6"},"modified":"2025-09-16T07:45:39","modified_gmt":"2025-09-16T05:45:39","slug":"home","status":"publish","type":"page","link":"https:\/\/wp.unil.ch\/iaunil\/","title":{"rendered":"Home"},"content":{"rendered":"\n<div class=\"wp-block-group has-global-padding is-content-justification-left is-layout-constrained wp-container-core-group-is-layout-562784d7 wp-block-group-is-layout-constrained\" style=\"margin-top:0;margin-bottom:var(--wp--preset--spacing--40)\">\n<p style=\"font-size:clamp(0.875rem, 0.875rem + ((1vw - 0.2rem) * 0.708), 1.3rem);\">L\u2019intelligence artificielle transforme en profondeur nos soci\u00e9t\u00e9s, nos modes de vie et nos fa\u00e7ons de penser. \u00c0 l\u2019Universit\u00e9 de Lausanne, elle est au c\u0153ur d\u2019une recherche de pointe et d\u2019un enseignement innovant, ancr\u00e9s dans une large diversit\u00e9 de disciplines. De l\u2019analyse de donn\u00e9es au traitement du langage, nos chercheur\u00b7e\u00b7s interrogent ses usages, d\u00e9veloppent de nouvelles approches et \u00e9clairent ses enjeux scientifiques, \u00e9thiques et sociaux. L\u2019UNIL s\u2019affirme ainsi comme un acteur acad\u00e9mique majeur, en apportant un regard critique et interdisciplinaire sur l\u2019intelligence artificielle.<\/p>\n<\/div>\n\n\n\n<div class=\"wp-block-group alignfull has-base-2-color has-text-color has-background has-link-color wp-elements-5cde5e7fcc010236dd0029d3e44c328e has-global-padding is-layout-constrained wp-block-group-is-layout-constrained\" style=\"background-color:#071d23;padding-top:var(--wp--preset--spacing--20)\">\n<div class=\"wp-block-group alignwide has-global-padding is-layout-constrained wp-container-core-group-is-layout-e6038ede wp-block-group-is-layout-constrained\" style=\"padding-top:var(--wp--preset--spacing--30);padding-bottom:var(--wp--preset--spacing--30)\">\n<h2 class=\"wp-block-heading alignwide is-style-default has-base-2-color has-text-color has-link-color has-x-large-font-size wp-elements-6348da8c2bc63d83d56f139884ac3a60\"><strong>Derni\u00e8res publications<\/strong><\/h2>\n\n\n\n<div class=\"wp-block-query alignwide news is-layout-flow wp-block-query-is-layout-flow\"><ul class=\"columns-3 news wp-block-post-template is-layout-grid wp-container-core-post-template-is-layout-4764eb0f wp-block-post-template-is-layout-grid\"><li class=\"wp-block-post post-3781 post type-post status-publish format-standard has-post-thumbnail category-ressources\">\n<figure style=\"aspect-ratio:16\/9; padding-top:0;padding-bottom:0;\" class=\"max-size-400 wp-block-post-featured-image\"><a href=\"https:\/\/wp.unil.ch\/iaunil\/dcsr-llm-utiliser-lintelligence-artificielle-pour-la-recherche-a-lunil\/\" target=\"_self\"  ><img loading=\"lazy\" decoding=\"async\" width=\"1536\" height=\"1024\" src=\"https:\/\/wp.unil.ch\/iaunil\/files\/2026\/03\/image_3.jpg\" class=\"attachment-post-thumbnail size-post-thumbnail wp-post-image\" alt=\"DCSR-LLM : utiliser l\u2019intelligence artificielle pour la recherche \u00e0 l\u2019UNIL\" style=\"border-radius:0px;border-style:none;border-width:0px;width:100%;height:100%;object-fit:cover;\" srcset=\"https:\/\/wp.unil.ch\/iaunil\/files\/2026\/03\/image_3.jpg 1536w, https:\/\/wp.unil.ch\/iaunil\/files\/2026\/03\/image_3-300x200.jpg 300w, https:\/\/wp.unil.ch\/iaunil\/files\/2026\/03\/image_3-1024x683.jpg 1024w, https:\/\/wp.unil.ch\/iaunil\/files\/2026\/03\/image_3-768x512.jpg 768w\" sizes=\"auto, (max-width: 1536px) 100vw, 1536px\" \/><\/a><\/figure>\n\n<h3 style=\"font-style:normal;font-weight:600; padding-top:0;padding-bottom:0;margin-right:0;margin-left:0;\" class=\"has-link-color green-glow wp-elements-9b3d14d80b93fbc36d179a74c16e8b6a wp-block-post-title\"><a href=\"https:\/\/wp.unil.ch\/iaunil\/dcsr-llm-utiliser-lintelligence-artificielle-pour-la-recherche-a-lunil\/\" target=\"_self\" >DCSR-LLM : utiliser l\u2019intelligence artificielle pour la recherche \u00e0 l\u2019UNIL<\/a><\/h3>\n\n<div class=\"wp-block-post-excerpt has-medium-font-size\"><p class=\"wp-block-post-excerpt__excerpt\">Comparer des mod\u00e8les, extraire des donn\u00e9es structur\u00e9es, reproduire des workflows : DCSR-LLM aide les chercheuses et chercheurs de l&rsquo;UNIL \u00e0 utiliser l&rsquo;IA au-del\u00e0 du chatbot. <\/p><\/div>\n\n<div style=\"text-decoration:underline;padding-top:0;padding-bottom:var(--wp--preset--spacing--30);margin-bottom:var(--wp--preset--spacing--40)\" class=\"taxonomy-category wp-block-post-terms\"><a href=\"https:\/\/wp.unil.ch\/iaunil\/category\/ressources\/\" rel=\"tag\">Ressources<\/a><\/div>\n<\/li><li class=\"wp-block-post post-3731 post type-post status-publish format-standard has-post-thumbnail category-ressources\">\n<figure style=\"aspect-ratio:16\/9; padding-top:0;padding-bottom:0;\" class=\"max-size-400 wp-block-post-featured-image\"><a href=\"https:\/\/wp.unil.ch\/iaunil\/on-a-teste-pour-vous-le-mooc-intelligence-artificielle-pour-et-par-les-enseignants\/\" target=\"_self\"  ><img loading=\"lazy\" decoding=\"async\" width=\"1920\" height=\"1095\" src=\"https:\/\/wp.unil.ch\/iaunil\/files\/2026\/03\/1.jpg\" class=\"attachment-post-thumbnail size-post-thumbnail wp-post-image\" alt=\"On a test\u00e9 pour vous : le MOOC \u00ab Intelligence artificielle pour et par les enseignants \u00bb\" style=\"border-radius:0px;border-style:none;border-width:0px;width:100%;height:100%;object-fit:cover;\" srcset=\"https:\/\/wp.unil.ch\/iaunil\/files\/2026\/03\/1.jpg 1920w, https:\/\/wp.unil.ch\/iaunil\/files\/2026\/03\/1-300x171.jpg 300w, https:\/\/wp.unil.ch\/iaunil\/files\/2026\/03\/1-1024x584.jpg 1024w, https:\/\/wp.unil.ch\/iaunil\/files\/2026\/03\/1-768x438.jpg 768w, https:\/\/wp.unil.ch\/iaunil\/files\/2026\/03\/1-1536x876.jpg 1536w\" sizes=\"auto, (max-width: 1920px) 100vw, 1920px\" \/><\/a><\/figure>\n\n<h3 style=\"font-style:normal;font-weight:600; padding-top:0;padding-bottom:0;margin-right:0;margin-left:0;\" class=\"has-link-color green-glow wp-elements-9b3d14d80b93fbc36d179a74c16e8b6a wp-block-post-title\"><a href=\"https:\/\/wp.unil.ch\/iaunil\/on-a-teste-pour-vous-le-mooc-intelligence-artificielle-pour-et-par-les-enseignants\/\" target=\"_self\" >On a test\u00e9 pour vous : le MOOC \u00ab Intelligence artificielle pour et par les enseignants \u00bb<\/a><\/h3>\n\n<div class=\"wp-block-post-excerpt has-medium-font-size\"><p class=\"wp-block-post-excerpt__excerpt\">Une introduction claire, accessible et stimulante \u00e0 l\u2019IA pour les enseignant\u00b7e\u00b7s, avec vid\u00e9os, activit\u00e9s interactives et r\u00e9flexion \u00e9thique, en un peu plus de 3 heures. <\/p><\/div>\n\n<div style=\"text-decoration:underline;padding-top:0;padding-bottom:var(--wp--preset--spacing--30);margin-bottom:var(--wp--preset--spacing--40)\" class=\"taxonomy-category wp-block-post-terms\"><a href=\"https:\/\/wp.unil.ch\/iaunil\/category\/ressources\/\" rel=\"tag\">Ressources<\/a><\/div>\n<\/li><li class=\"wp-block-post post-3725 post type-post status-publish format-standard has-post-thumbnail category-ressources\">\n<figure style=\"aspect-ratio:16\/9; padding-top:0;padding-bottom:0;\" class=\"max-size-400 wp-block-post-featured-image\"><a href=\"https:\/\/wp.unil.ch\/iaunil\/on-a-teste-pour-vous-le-mooc-lintelligence-artificielle-avec-intelligence\/\" target=\"_self\"  ><img loading=\"lazy\" decoding=\"async\" width=\"1920\" height=\"1094\" src=\"https:\/\/wp.unil.ch\/iaunil\/files\/2026\/03\/2.jpg\" class=\"attachment-post-thumbnail size-post-thumbnail wp-post-image\" alt=\"On a test\u00e9 pour vous : le MOOC \u00ab L\u2019Intelligence Artificielle\u2026 avec intelligence ! \u00bb\" style=\"border-radius:0px;border-style:none;border-width:0px;width:100%;height:100%;object-fit:cover;\" srcset=\"https:\/\/wp.unil.ch\/iaunil\/files\/2026\/03\/2.jpg 1920w, https:\/\/wp.unil.ch\/iaunil\/files\/2026\/03\/2-300x171.jpg 300w, https:\/\/wp.unil.ch\/iaunil\/files\/2026\/03\/2-1024x583.jpg 1024w, https:\/\/wp.unil.ch\/iaunil\/files\/2026\/03\/2-768x438.jpg 768w, https:\/\/wp.unil.ch\/iaunil\/files\/2026\/03\/2-1536x875.jpg 1536w\" sizes=\"auto, (max-width: 1920px) 100vw, 1920px\" \/><\/a><\/figure>\n\n<h3 style=\"font-style:normal;font-weight:600; padding-top:0;padding-bottom:0;margin-right:0;margin-left:0;\" class=\"has-link-color green-glow wp-elements-9b3d14d80b93fbc36d179a74c16e8b6a wp-block-post-title\"><a href=\"https:\/\/wp.unil.ch\/iaunil\/on-a-teste-pour-vous-le-mooc-lintelligence-artificielle-avec-intelligence\/\" target=\"_self\" >On a test\u00e9 pour vous : le MOOC \u00ab L\u2019Intelligence Artificielle\u2026 avec intelligence ! \u00bb<\/a><\/h3>\n\n<div class=\"wp-block-post-excerpt has-medium-font-size\"><p class=\"wp-block-post-excerpt__excerpt\">Une formation dense et structur\u00e9e pour les enseignant\u00b7e\u00b7s qui souhaitent mieux comprendre l\u2019IA, ses impacts \u00e9ducatifs et ses applications concr\u00e8tes en classe. <\/p><\/div>\n\n<div style=\"text-decoration:underline;padding-top:0;padding-bottom:var(--wp--preset--spacing--30);margin-bottom:var(--wp--preset--spacing--40)\" class=\"taxonomy-category wp-block-post-terms\"><a href=\"https:\/\/wp.unil.ch\/iaunil\/category\/ressources\/\" rel=\"tag\">Ressources<\/a><\/div>\n<\/li><\/ul>\n\n<\/div>\n<\/div>\n<\/div>\n\n\n\n<div class=\"wp-block-group alignwide has-global-padding is-layout-constrained wp-block-group-is-layout-constrained\" style=\"padding-top:var(--wp--preset--spacing--40)\">\n<h2 class=\"wp-block-heading alignwide has-x-large-font-size\"><strong>L&rsquo;intelligence artificielle \u00e0 l&rsquo;UNIL<\/strong><\/h2>\n\n\n\n<div class=\"wp-block-group alignwide is-layout-grid wp-container-core-group-is-layout-f20d2ea5 wp-block-group-is-layout-grid\" style=\"margin-top:var(--wp--preset--spacing--10);margin-bottom:var(--wp--preset--spacing--10);padding-top:var(--wp--preset--spacing--30);padding-bottom:var(--wp--preset--spacing--30)\">\n<div class=\"wp-block-group wp-container-content-c9e2bd16 is-vertical is-layout-flex wp-container-core-group-is-layout-604103d6 wp-block-group-is-layout-flex\" style=\"padding-bottom:var(--wp--preset--spacing--30)\">\n<figure class=\"wp-block-image size-full image-container color-1\"><a href=\"https:\/\/wp.unil.ch\/iaunil\/ia-pour-toutes\/\"><img loading=\"lazy\" decoding=\"async\" width=\"1232\" height=\"928\" src=\"https:\/\/wp.unil.ch\/iaunil2\/files\/2025\/04\/1-1.png\" alt=\"1\" class=\"wp-image-955\" style=\"aspect-ratio:16\/9;object-fit:cover\" srcset=\"https:\/\/wp.unil.ch\/iaunil\/files\/2025\/04\/1-1.png 1232w, https:\/\/wp.unil.ch\/iaunil\/files\/2025\/04\/1-1-300x226.png 300w, https:\/\/wp.unil.ch\/iaunil\/files\/2025\/04\/1-1-1024x771.png 1024w, https:\/\/wp.unil.ch\/iaunil\/files\/2025\/04\/1-1-768x578.png 768w\" sizes=\"auto, (max-width: 1232px) 100vw, 1232px\" \/><\/a><\/figure>\n\n\n\n<h2 class=\"wp-block-heading red-glow has-large-font-size\" style=\"font-style:normal;font-weight:600\"><a href=\"https:\/\/wp.unil.ch\/iaunil\/ia-pour-toutes\/\" data-type=\"page\" data-id=\"171\">L&rsquo;IA pour tout\u00b7e\u00b7s<\/a><\/h2>\n\n\n\n<p>L\u2019IA fait d\u00e9j\u00e0 partie de notre quotidien. Quelques chiffres cl\u00e9s et d\u00e9finitions aident \u00e0 comprendre son impact et ses enjeux.<\/p>\n<\/div>\n\n\n\n<div class=\"wp-block-group wp-container-content-c9e2bd16 is-vertical is-layout-flex wp-container-core-group-is-layout-604103d6 wp-block-group-is-layout-flex\" style=\"padding-bottom:var(--wp--preset--spacing--30)\">\n<figure class=\"wp-block-image size-full image-container color-3\"><a href=\"https:\/\/wp.unil.ch\/iaunil\/recherche\/\"><img loading=\"lazy\" decoding=\"async\" width=\"1232\" height=\"928\" src=\"https:\/\/wp.unil.ch\/iaunil2\/files\/2025\/04\/2-1.png\" alt=\"2\" class=\"wp-image-957\" style=\"aspect-ratio:16\/9;object-fit:cover\" srcset=\"https:\/\/wp.unil.ch\/iaunil\/files\/2025\/04\/2-1.png 1232w, https:\/\/wp.unil.ch\/iaunil\/files\/2025\/04\/2-1-300x226.png 300w, https:\/\/wp.unil.ch\/iaunil\/files\/2025\/04\/2-1-1024x771.png 1024w, https:\/\/wp.unil.ch\/iaunil\/files\/2025\/04\/2-1-768x578.png 768w\" sizes=\"auto, (max-width: 1232px) 100vw, 1232px\" \/><\/a><\/figure>\n\n\n\n<h2 class=\"wp-block-heading red-glow has-large-font-size\" style=\"font-style:normal;font-weight:600\"><a href=\"https:\/\/wp.unil.ch\/iaunil\/recherche\/\" data-type=\"page\" data-id=\"173\">Recherche<\/a><\/h2>\n\n\n\n<p>Des \u00e9quipes interdisciplinaires \u00e0 l\u2019UNIL repoussent les limites de l\u2019IA. Leurs travaux stimulent l\u2019innovation dans de multiples domaines.<\/p>\n<\/div>\n\n\n\n<div class=\"wp-block-group wp-container-content-c9e2bd16 is-vertical is-layout-flex wp-container-core-group-is-layout-604103d6 wp-block-group-is-layout-flex\" style=\"padding-bottom:var(--wp--preset--spacing--30)\">\n<figure class=\"wp-block-image size-full image-container color-2\"><a href=\"https:\/\/wp.unil.ch\/iaunil\/enseignement\"><img loading=\"lazy\" decoding=\"async\" width=\"1232\" height=\"928\" src=\"https:\/\/wp.unil.ch\/iaunil2\/files\/2025\/04\/3-1.png\" alt=\"3\" class=\"wp-image-959\" style=\"aspect-ratio:16\/9;object-fit:cover\" srcset=\"https:\/\/wp.unil.ch\/iaunil\/files\/2025\/04\/3-1.png 1232w, https:\/\/wp.unil.ch\/iaunil\/files\/2025\/04\/3-1-300x226.png 300w, https:\/\/wp.unil.ch\/iaunil\/files\/2025\/04\/3-1-1024x771.png 1024w, https:\/\/wp.unil.ch\/iaunil\/files\/2025\/04\/3-1-768x578.png 768w\" sizes=\"auto, (max-width: 1232px) 100vw, 1232px\" \/><\/a><\/figure>\n\n\n\n<h2 class=\"wp-block-heading red-glow has-large-font-size\" style=\"font-style:normal;font-weight:600\"><a href=\"https:\/\/wp.unil.ch\/iaunil\/enseignement\" data-type=\"page\" data-id=\"177\">Enseignement<\/a><\/h2>\n\n\n\n<p>L\u2019UNIL forme \u00e9tudiant\u00b7e\u00b7s et enseignant\u00b7e\u00b7s aux usages de l\u2019IA. Cursus innovants et ressources p\u00e9dagogiques d\u00e9veloppent une culture num\u00e9rique commune.<\/p>\n<\/div>\n\n\n\n<div class=\"wp-block-group wp-container-content-c9e2bd16 is-vertical is-layout-flex wp-container-core-group-is-layout-604103d6 wp-block-group-is-layout-flex\" style=\"padding-bottom:var(--wp--preset--spacing--30)\">\n<figure class=\"wp-block-image size-full image-container color-6\"><a href=\"https:\/\/wp.unil.ch\/iaunil\/expertes-ia-a-lunil\/\"><img loading=\"lazy\" decoding=\"async\" width=\"1232\" height=\"928\" src=\"https:\/\/wp.unil.ch\/iaunil2\/files\/2025\/04\/4-1.png\" alt=\"4\" class=\"wp-image-962\" style=\"aspect-ratio:16\/9;object-fit:cover\" srcset=\"https:\/\/wp.unil.ch\/iaunil\/files\/2025\/04\/4-1.png 1232w, https:\/\/wp.unil.ch\/iaunil\/files\/2025\/04\/4-1-300x226.png 300w, https:\/\/wp.unil.ch\/iaunil\/files\/2025\/04\/4-1-1024x771.png 1024w, https:\/\/wp.unil.ch\/iaunil\/files\/2025\/04\/4-1-768x578.png 768w\" sizes=\"auto, (max-width: 1232px) 100vw, 1232px\" \/><\/a><\/figure>\n\n\n\n<h2 class=\"wp-block-heading red-glow has-large-font-size\" style=\"font-style:normal;font-weight:600\"><a href=\"https:\/\/wp.unil.ch\/iaunil\/expertes-ia-a-lunil\/\" data-type=\"page\" data-id=\"181\">Expert\u00b7e\u00b7s \u00e0 l&rsquo;UNIL<\/a><\/h2>\n\n\n\n<p>Nos expert\u00b7e\u00b7s en IA publient \u00e9tudes et articles de pointe, tout en soutenant recherches et projets novateurs.<\/p>\n<\/div>\n\n\n\n<div class=\"wp-block-group wp-container-content-c9e2bd16 is-vertical is-layout-flex wp-container-core-group-is-layout-604103d6 wp-block-group-is-layout-flex\" style=\"padding-bottom:var(--wp--preset--spacing--30)\">\n<figure class=\"wp-block-image size-full image-container color-4\"><a href=\"https:\/\/wp.unil.ch\/iaunil\/ressources\/\"><img loading=\"lazy\" decoding=\"async\" width=\"1232\" height=\"928\" src=\"https:\/\/wp.unil.ch\/iaunil2\/files\/2025\/04\/5-1.png\" alt=\"5\" class=\"wp-image-964\" style=\"aspect-ratio:16\/9;object-fit:cover\" srcset=\"https:\/\/wp.unil.ch\/iaunil\/files\/2025\/04\/5-1.png 1232w, https:\/\/wp.unil.ch\/iaunil\/files\/2025\/04\/5-1-300x226.png 300w, https:\/\/wp.unil.ch\/iaunil\/files\/2025\/04\/5-1-1024x771.png 1024w, https:\/\/wp.unil.ch\/iaunil\/files\/2025\/04\/5-1-768x578.png 768w\" sizes=\"auto, (max-width: 1232px) 100vw, 1232px\" \/><\/a><\/figure>\n\n\n\n<h2 class=\"wp-block-heading red-glow has-large-font-size\" style=\"font-style:normal;font-weight:600\"><a href=\"https:\/\/wp.unil.ch\/iaunil\/ressources\/\" data-type=\"page\" data-id=\"185\">Ressources<\/a><\/h2>\n\n\n\n<p>Outils, tutoriels et formations sont \u00e0 disposition pour ma\u00eetriser l\u2019IA. Notre plateforme rassemble tout le n\u00e9cessaire pour progresser.<\/p>\n<\/div>\n\n\n\n<div class=\"wp-block-group wp-container-content-c9e2bd16 is-vertical is-layout-flex wp-container-core-group-is-layout-604103d6 wp-block-group-is-layout-flex\" style=\"padding-bottom:var(--wp--preset--spacing--30)\">\n<figure class=\"wp-block-image size-full image-container color-5\"><a href=\"https:\/\/wp.unil.ch\/iaunil\/actualites\/\"><img loading=\"lazy\" decoding=\"async\" width=\"1232\" height=\"928\" src=\"https:\/\/wp.unil.ch\/iaunil2\/files\/2025\/04\/6-1.png\" alt=\"6\" class=\"wp-image-966\" style=\"aspect-ratio:16\/9;object-fit:cover\" srcset=\"https:\/\/wp.unil.ch\/iaunil\/files\/2025\/04\/6-1.png 1232w, https:\/\/wp.unil.ch\/iaunil\/files\/2025\/04\/6-1-300x226.png 300w, https:\/\/wp.unil.ch\/iaunil\/files\/2025\/04\/6-1-1024x771.png 1024w, https:\/\/wp.unil.ch\/iaunil\/files\/2025\/04\/6-1-768x578.png 768w\" sizes=\"auto, (max-width: 1232px) 100vw, 1232px\" \/><\/a><\/figure>\n\n\n\n<h2 class=\"wp-block-heading red-glow has-large-font-size\" style=\"font-style:normal;font-weight:600\"><a href=\"https:\/\/wp.unil.ch\/iaunil\/actualites\/\" data-type=\"page\" data-id=\"190\">Actualit\u00e9s<\/a><\/h2>\n\n\n\n<p>Retrouvez les derniers articles, projets et avanc\u00e9es dans la communaut\u00e9 IA de l\u2019UNIL. Restez inform\u00e9\u00b7e et faites partie du mouvement !<\/p>\n<\/div>\n<\/div>\n<\/div>\n","protected":false},"excerpt":{"rendered":"<p>L\u2019intelligence artificielle transforme en profondeur nos soci\u00e9t\u00e9s, nos modes de vie et nos fa\u00e7ons de penser. \u00c0 l\u2019Universit\u00e9 de Lausanne, elle est au c\u0153ur d\u2019une recherche de pointe et d\u2019un enseignement innovant, ancr\u00e9s dans une large diversit\u00e9 de disciplines. De l\u2019analyse de donn\u00e9es au traitement du langage, nos chercheur\u00b7e\u00b7s interrogent ses usages, d\u00e9veloppent de nouvelles [&hellip;]<\/p>\n","protected":false},"author":108,"featured_media":0,"parent":0,"menu_order":0,"comment_status":"closed","ping_status":"closed","template":"page-no-title","meta":{"_seopress_robots_primary_cat":"","_seopress_titles_title":"","_seopress_titles_desc":"","_seopress_robots_index":"","footnotes":""},"class_list":["post-6","page","type-page","status-publish"],"_links":{"self":[{"href":"https:\/\/wp.unil.ch\/iaunil\/wp-json\/wp\/v2\/pages\/6","targetHints":{"allow":["GET"]}}],"collection":[{"href":"https:\/\/wp.unil.ch\/iaunil\/wp-json\/wp\/v2\/pages"}],"about":[{"href":"https:\/\/wp.unil.ch\/iaunil\/wp-json\/wp\/v2\/types\/page"}],"author":[{"embeddable":true,"href":"https:\/\/wp.unil.ch\/iaunil\/wp-json\/wp\/v2\/users\/108"}],"replies":[{"embeddable":true,"href":"https:\/\/wp.unil.ch\/iaunil\/wp-json\/wp\/v2\/comments?post=6"}],"version-history":[{"count":5,"href":"https:\/\/wp.unil.ch\/iaunil\/wp-json\/wp\/v2\/pages\/6\/revisions"}],"predecessor-version":[{"id":2842,"href":"https:\/\/wp.unil.ch\/iaunil\/wp-json\/wp\/v2\/pages\/6\/revisions\/2842"}],"wp:attachment":[{"href":"https:\/\/wp.unil.ch\/iaunil\/wp-json\/wp\/v2\/media?parent=6"}],"curies":[{"name":"wp","href":"https:\/\/api.w.org\/{rel}","templated":true}]}}