{"id":432,"date":"2024-12-03T10:33:05","date_gmt":"2024-12-03T09:33:05","guid":{"rendered":"https:\/\/wp.unil.ch\/iaunil2\/?page_id=432"},"modified":"2025-08-15T13:14:46","modified_gmt":"2025-08-15T11:14:46","slug":"impressum","status":"publish","type":"page","link":"https:\/\/wp.unil.ch\/iaunil\/impressum\/","title":{"rendered":"Impressum"},"content":{"rendered":"\n<h3 class=\"wp-block-heading\">\u00c9diteur du site<\/h3>\n\n\n\n<p>Service de la recherche<br>Quartier UNIL-Sorge, 1015 Ecublens<\/p>\n\n\n\n<h3 class=\"wp-block-heading\">Contact<\/h3>\n\n\n\n<p>iaunil@unil.ch<\/p>\n\n\n\n<h3 class=\"wp-block-heading\">Coordination &amp; ressources<\/h3>\n\n\n\n<p><a href=\"https:\/\/www.unil.ch\/unil\/fr\/home\/menuinst\/universite\/intelligence-artificielle\/cellule-strategique-ia.html\" target=\"_blank\" rel=\"noreferrer noopener\">Cellule strat\u00e9gique IA (UNIL)<\/a> \u2014 appui m\u00e9thodologique, am\u00e9lioration visuelle du site et traductions<\/p>\n\n\n\n<h3 class=\"wp-block-heading\">Cr\u00e9dits<\/h3>\n\n\n\n<p>R\u00e9daction et contenu : Th\u00e9 Van Luong (Service de la recherche) et Jean-Fran\u00e7ois Van de Po\u00ebl (Centre de soutien \u00e0 l&rsquo;enseignement)<br>Conception UX et UI : <a href=\"https:\/\/zegwaart.ch\/\" target=\"_blank\" rel=\"noreferrer noopener\">Karim Khouw Zegwaart<\/a><br>Photographie (banni\u00e8res) : Fabrice Ducrest \u00a9 UNIL<br>Illustrations : certaines images sont g\u00e9n\u00e9r\u00e9es \u00e0 l\u2019aide d\u2019outils d\u2019IA et valid\u00e9es par le Service de la Recherche.<\/p>\n","protected":false},"excerpt":{"rendered":"<p>\u00c9diteur du site Service de la rechercheQuartier UNIL-Sorge, 1015 Ecublens Contact iaunil@unil.ch Coordination &amp; ressources Cellule strat\u00e9gique IA (UNIL) \u2014 appui m\u00e9thodologique, am\u00e9lioration visuelle du site et traductions Cr\u00e9dits R\u00e9daction et contenu : Th\u00e9 Van Luong (Service de la recherche) et Jean-Fran\u00e7ois Van de Po\u00ebl (Centre de soutien \u00e0 l&rsquo;enseignement)Conception UX et UI : Karim [&hellip;]<\/p>\n","protected":false},"author":108,"featured_media":2477,"parent":0,"menu_order":0,"comment_status":"closed","ping_status":"closed","template":"","meta":{"_seopress_robots_primary_cat":"","_seopress_titles_title":"","_seopress_titles_desc":"","_seopress_robots_index":"","footnotes":""},"class_list":["post-432","page","type-page","status-publish","has-post-thumbnail"],"_links":{"self":[{"href":"https:\/\/wp.unil.ch\/iaunil\/wp-json\/wp\/v2\/pages\/432","targetHints":{"allow":["GET"]}}],"collection":[{"href":"https:\/\/wp.unil.ch\/iaunil\/wp-json\/wp\/v2\/pages"}],"about":[{"href":"https:\/\/wp.unil.ch\/iaunil\/wp-json\/wp\/v2\/types\/page"}],"author":[{"embeddable":true,"href":"https:\/\/wp.unil.ch\/iaunil\/wp-json\/wp\/v2\/users\/108"}],"replies":[{"embeddable":true,"href":"https:\/\/wp.unil.ch\/iaunil\/wp-json\/wp\/v2\/comments?post=432"}],"version-history":[{"count":5,"href":"https:\/\/wp.unil.ch\/iaunil\/wp-json\/wp\/v2\/pages\/432\/revisions"}],"predecessor-version":[{"id":2683,"href":"https:\/\/wp.unil.ch\/iaunil\/wp-json\/wp\/v2\/pages\/432\/revisions\/2683"}],"wp:featuredmedia":[{"embeddable":true,"href":"https:\/\/wp.unil.ch\/iaunil\/wp-json\/wp\/v2\/media\/2477"}],"wp:attachment":[{"href":"https:\/\/wp.unil.ch\/iaunil\/wp-json\/wp\/v2\/media?parent=432"}],"curies":[{"name":"wp","href":"https:\/\/api.w.org\/{rel}","templated":true}]}}