{"id":190,"date":"2024-11-29T08:01:36","date_gmt":"2024-11-29T07:01:36","guid":{"rendered":"https:\/\/wp.unil.ch\/iaunil2\/?page_id=190"},"modified":"2025-09-16T08:08:00","modified_gmt":"2025-09-16T06:08:00","slug":"actualites","status":"publish","type":"page","link":"https:\/\/wp.unil.ch\/iaunil\/actualites\/","title":{"rendered":"Actualit\u00e9s"},"content":{"rendered":"\n<div class=\"wp-block-group has-global-padding is-content-justification-left is-layout-constrained wp-container-core-group-is-layout-4d571bcc wp-block-group-is-layout-constrained\" style=\"margin-bottom:var(--wp--preset--spacing--40)\">\n<p class=\"has-text-align-left\" style=\"font-size:clamp(0.875rem, 0.875rem + ((1vw - 0.2rem) * 0.708), 1.3rem);\">L\u2019IA dans l\u2019actualit\u00e9 : retrouvez les derni\u00e8res mentions de l\u2019UNIL dans la presse et sur le web. Articles, interviews, tribunes ou analyses \u2014 d\u00e9couvrez comment nos chercheur\u00b7e\u00b7s contribuent au d\u00e9bat public et partagent leur expertise sur les grands enjeux de l\u2019intelligence artificielle.<\/p>\n<\/div>\n\n\n\n<div class=\"wp-block-group alignwide has-global-padding is-content-justification-left is-layout-constrained wp-container-core-group-is-layout-e9fdee28 wp-block-group-is-layout-constrained\" style=\"padding-top:var(--wp--preset--spacing--10);padding-bottom:var(--wp--preset--spacing--10)\">\n<div class=\"wp-block-query alignwide is-layout-flow wp-block-query-is-layout-flow\"><ul class=\"columns-1 wp-block-post-template is-layout-grid wp-container-core-post-template-is-layout-2fe809ea wp-block-post-template-is-layout-grid\"><li class=\"wp-block-post post-3826 post type-post status-publish format-standard category-actualites\">\n\n<div class=\"wp-block-group is-vertical is-layout-flex wp-container-core-group-is-layout-1d9585cc wp-block-group-is-layout-flex\" style=\"padding-bottom:var(--wp--preset--spacing--10)\"><h3 style=\"font-style:normal;font-weight:600;\" class=\"underline-title red-glow wp-block-post-title\"><a href=\"https:\/\/wp.unil.ch\/iaunil\/colloque-lia-dans-contre-lespace-public-ethique-et-politique-des-mediations-numeriques\/\" target=\"_self\" >Colloque \u00ab\u00a0L&rsquo;IA dans\/contre l&rsquo;espace public. Ethique et politique des m\u00e9diations num\u00e9riques\u00a0\u00bb<\/a><\/h3>\n\n<div class=\"wp-block-post-date has-medium-font-size\"><time datetime=\"2026-04-06T12:23:54+02:00\"><a href=\"https:\/\/wp.unil.ch\/iaunil\/colloque-lia-dans-contre-lespace-public-ethique-et-politique-des-mediations-numeriques\/\">6 avril 2026<\/a><\/time><\/div>\n\n\n<hr class=\"wp-block-separator has-alpha-channel-opacity hr-actu\" style=\"margin-top:0;margin-bottom:0\" \/>\n<\/div>\n\n<\/li><li class=\"wp-block-post post-3767 post type-post status-publish format-standard category-actualites\">\n\n<div class=\"wp-block-group is-vertical is-layout-flex wp-container-core-group-is-layout-1d9585cc wp-block-group-is-layout-flex\" style=\"padding-bottom:var(--wp--preset--spacing--10)\"><h3 style=\"font-style:normal;font-weight:600;\" class=\"underline-title red-glow wp-block-post-title\"><a href=\"https:\/\/wp.unil.ch\/iaunil\/a-luniversite-le-defi-de-lia-est-moins-la-triche-que-lapprentissage\/\" target=\"_self\" >\u00c0 l\u2019universit\u00e9, le d\u00e9fi de l\u2019IA est moins la triche que l\u2019apprentissage<\/a><\/h3>\n\n<div class=\"wp-block-post-date has-medium-font-size\"><time datetime=\"2026-03-29T23:38:35+02:00\"><a href=\"https:\/\/wp.unil.ch\/iaunil\/a-luniversite-le-defi-de-lia-est-moins-la-triche-que-lapprentissage\/\">29 mars 2026<\/a><\/time><\/div>\n\n\n<hr class=\"wp-block-separator has-alpha-channel-opacity hr-actu\" style=\"margin-top:0;margin-bottom:0\" \/>\n<\/div>\n\n<\/li><li class=\"wp-block-post post-3710 post type-post status-publish format-standard category-actualites\">\n\n<div class=\"wp-block-group is-vertical is-layout-flex wp-container-core-group-is-layout-1d9585cc wp-block-group-is-layout-flex\" style=\"padding-bottom:var(--wp--preset--spacing--10)\"><h3 style=\"font-style:normal;font-weight:600;\" class=\"underline-title red-glow wp-block-post-title\"><a href=\"https:\/\/wp.unil.ch\/iaunil\/formations-gratuites-anthropic-comprendre-claude-claude-code-et-les-agents-ia\/\" target=\"_self\" >Formations gratuites Anthropic : comprendre Claude, Claude Code et les agents IA<\/a><\/h3>\n\n<div class=\"wp-block-post-date has-medium-font-size\"><time datetime=\"2026-03-24T22:32:57+01:00\"><a href=\"https:\/\/wp.unil.ch\/iaunil\/formations-gratuites-anthropic-comprendre-claude-claude-code-et-les-agents-ia\/\">24 mars 2026<\/a><\/time><\/div>\n\n\n<hr class=\"wp-block-separator has-alpha-channel-opacity hr-actu\" style=\"margin-top:0;margin-bottom:0\" \/>\n<\/div>\n\n<\/li><li class=\"wp-block-post post-3552 post type-post status-publish format-standard category-actualites\">\n\n<div class=\"wp-block-group is-vertical is-layout-flex wp-container-core-group-is-layout-1d9585cc wp-block-group-is-layout-flex\" style=\"padding-bottom:var(--wp--preset--spacing--10)\"><h3 style=\"font-style:normal;font-weight:600;\" class=\"underline-title red-glow wp-block-post-title\"><a href=\"https:\/\/wp.unil.ch\/iaunil\/quand-lia-bouscule-les-auditoires-une-journee-romande-pour-penser-lenseignement-superieur-de-demain\/\" target=\"_self\" >Quand l\u2019IA bouscule les auditoires : une journ\u00e9e romande pour penser l\u2019enseignement sup\u00e9rieur de demain<\/a><\/h3>\n\n<div class=\"wp-block-post-date has-medium-font-size\"><time datetime=\"2026-02-16T15:22:23+01:00\"><a href=\"https:\/\/wp.unil.ch\/iaunil\/quand-lia-bouscule-les-auditoires-une-journee-romande-pour-penser-lenseignement-superieur-de-demain\/\">16 f\u00e9vrier 2026<\/a><\/time><\/div>\n\n\n<hr class=\"wp-block-separator has-alpha-channel-opacity hr-actu\" style=\"margin-top:0;margin-bottom:0\" \/>\n<\/div>\n\n<\/li><li class=\"wp-block-post post-3461 post type-post status-publish format-standard category-actualites\">\n\n<div class=\"wp-block-group is-vertical is-layout-flex wp-container-core-group-is-layout-1d9585cc wp-block-group-is-layout-flex\" style=\"padding-bottom:var(--wp--preset--spacing--10)\"><h3 style=\"font-style:normal;font-weight:600;\" class=\"underline-title red-glow wp-block-post-title\"><a href=\"https:\/\/wp.unil.ch\/iaunil\/ia-et-travail-une-micro-certification-civis-pour-outiller-les-responsables-dequipe\/\" target=\"_self\" >IA et travail : une micro-certification CIVIS pour outiller les responsables d\u2019\u00e9quipe<\/a><\/h3>\n\n<div class=\"wp-block-post-date has-medium-font-size\"><time datetime=\"2026-01-29T10:03:35+01:00\"><a href=\"https:\/\/wp.unil.ch\/iaunil\/ia-et-travail-une-micro-certification-civis-pour-outiller-les-responsables-dequipe\/\">29 janvier 2026<\/a><\/time><\/div>\n\n\n<hr class=\"wp-block-separator has-alpha-channel-opacity hr-actu\" style=\"margin-top:0;margin-bottom:0\" \/>\n<\/div>\n\n<\/li><li class=\"wp-block-post post-3423 post type-post status-publish format-standard category-actualites\">\n\n<div class=\"wp-block-group is-vertical is-layout-flex wp-container-core-group-is-layout-1d9585cc wp-block-group-is-layout-flex\" style=\"padding-bottom:var(--wp--preset--spacing--10)\"><h3 style=\"font-style:normal;font-weight:600;\" class=\"underline-title red-glow wp-block-post-title\"><a href=\"https:\/\/wp.unil.ch\/iaunil\/journee-romande-ia-et-enseignement-superieur\/\" target=\"_self\" >Journ\u00e9e romande IA et enseignement sup\u00e9rieur<\/a><\/h3>\n\n<div class=\"wp-block-post-date has-medium-font-size\"><time datetime=\"2026-01-23T14:41:18+01:00\"><a href=\"https:\/\/wp.unil.ch\/iaunil\/journee-romande-ia-et-enseignement-superieur\/\">23 janvier 2026<\/a><\/time><\/div>\n\n\n<hr class=\"wp-block-separator has-alpha-channel-opacity hr-actu\" style=\"margin-top:0;margin-bottom:0\" \/>\n<\/div>\n\n<\/li><li class=\"wp-block-post post-3418 post type-post status-publish format-standard category-actualites\">\n\n<div class=\"wp-block-group is-vertical is-layout-flex wp-container-core-group-is-layout-1d9585cc wp-block-group-is-layout-flex\" style=\"padding-bottom:var(--wp--preset--spacing--10)\"><h3 style=\"font-style:normal;font-weight:600;\" class=\"underline-title red-glow wp-block-post-title\"><a href=\"https:\/\/wp.unil.ch\/iaunil\/le-tout-premier-cafe-scientifique-sur-le-theme-de-lia-debarque-a-lunil\/\" target=\"_self\" >Le tout premier caf\u00e9 scientifique sur le th\u00e8me de l\u2019IA d\u00e9barque \u00e0 l\u2019UNIL<\/a><\/h3>\n\n<div class=\"wp-block-post-date has-medium-font-size\"><time datetime=\"2026-01-23T14:28:58+01:00\"><a href=\"https:\/\/wp.unil.ch\/iaunil\/le-tout-premier-cafe-scientifique-sur-le-theme-de-lia-debarque-a-lunil\/\">23 janvier 2026<\/a><\/time><\/div>\n\n\n<hr class=\"wp-block-separator has-alpha-channel-opacity hr-actu\" style=\"margin-top:0;margin-bottom:0\" \/>\n<\/div>\n\n<\/li><li class=\"wp-block-post post-3407 post type-post status-publish format-standard category-actualites\">\n\n<div class=\"wp-block-group is-vertical is-layout-flex wp-container-core-group-is-layout-1d9585cc wp-block-group-is-layout-flex\" style=\"padding-bottom:var(--wp--preset--spacing--10)\"><h3 style=\"font-style:normal;font-weight:600;\" class=\"underline-title red-glow wp-block-post-title\"><a href=\"https:\/\/wp.unil.ch\/iaunil\/lia-generative-face-aux-biais-de-genre-dans-la-representation-du-sport-feminin\/\" target=\"_self\" >L\u2019IA g\u00e9n\u00e9rative face aux biais de genre dans la repr\u00e9sentation du sport f\u00e9minin<\/a><\/h3>\n\n<div class=\"wp-block-post-date has-medium-font-size\"><time datetime=\"2026-01-19T13:56:11+01:00\"><a href=\"https:\/\/wp.unil.ch\/iaunil\/lia-generative-face-aux-biais-de-genre-dans-la-representation-du-sport-feminin\/\">19 janvier 2026<\/a><\/time><\/div>\n\n\n<hr class=\"wp-block-separator has-alpha-channel-opacity hr-actu\" style=\"margin-top:0;margin-bottom:0\" \/>\n<\/div>\n\n<\/li><li class=\"wp-block-post post-3400 post type-post status-publish format-standard category-actualites\">\n\n<div class=\"wp-block-group is-vertical is-layout-flex wp-container-core-group-is-layout-1d9585cc wp-block-group-is-layout-flex\" style=\"padding-bottom:var(--wp--preset--spacing--10)\"><h3 style=\"font-style:normal;font-weight:600;\" class=\"underline-title red-glow wp-block-post-title\"><a href=\"https:\/\/wp.unil.ch\/iaunil\/stimuler-la-reflexion-plutot-que-lassistance-un-nouvel-usage-pedagogique-de-lia\/\" target=\"_self\" >Stimuler la r\u00e9flexion plut\u00f4t que l\u2019assistance : un nouvel usage p\u00e9dagogique de l\u2019IA<\/a><\/h3>\n\n<div class=\"wp-block-post-date has-medium-font-size\"><time datetime=\"2026-01-19T13:31:20+01:00\"><a href=\"https:\/\/wp.unil.ch\/iaunil\/stimuler-la-reflexion-plutot-que-lassistance-un-nouvel-usage-pedagogique-de-lia\/\">19 janvier 2026<\/a><\/time><\/div>\n\n\n<hr class=\"wp-block-separator has-alpha-channel-opacity hr-actu\" style=\"margin-top:0;margin-bottom:0\" \/>\n<\/div>\n\n<\/li><li class=\"wp-block-post post-3395 post type-post status-publish format-standard category-actualites\">\n\n<div class=\"wp-block-group is-vertical is-layout-flex wp-container-core-group-is-layout-1d9585cc wp-block-group-is-layout-flex\" style=\"padding-bottom:var(--wp--preset--spacing--10)\"><h3 style=\"font-style:normal;font-weight:600;\" class=\"underline-title red-glow wp-block-post-title\"><a href=\"https:\/\/wp.unil.ch\/iaunil\/aux-commandes-de-la-strategie-ia-de-lunil-nicolas-salamin-veut-une-revolution-maitrisee\/\" target=\"_self\" >Aux commandes de la strat\u00e9gie IA de l\u2019Unil, Nicolas Salamin veut une r\u00e9volution ma\u00eetris\u00e9e<\/a><\/h3>\n\n<div class=\"wp-block-post-date has-medium-font-size\"><time datetime=\"2026-01-19T11:44:02+01:00\"><a href=\"https:\/\/wp.unil.ch\/iaunil\/aux-commandes-de-la-strategie-ia-de-lunil-nicolas-salamin-veut-une-revolution-maitrisee\/\">19 janvier 2026<\/a><\/time><\/div>\n\n\n<hr class=\"wp-block-separator has-alpha-channel-opacity hr-actu\" style=\"margin-top:0;margin-bottom:0\" \/>\n<\/div>\n\n<\/li><\/ul>\n\n<nav class=\"wp-block-query-pagination is-layout-flex wp-block-query-pagination-is-layout-flex\" aria-label=\"Pagination\">\n\n\n<div class=\"wp-block-query-pagination-numbers\"><span aria-current=\"page\" class=\"page-numbers current\">1<\/span>\n<a class=\"page-numbers\" href=\"?query-5-page=2\">2<\/a>\n<a class=\"page-numbers\" href=\"?query-5-page=3\">3<\/a><\/div>\n\n<a href=\"\/iaunil\/wp-json\/wp\/v2\/pages\/190?query-5-page=2\" class=\"wp-block-query-pagination-next\">Page suivante<\/a>\n<\/nav>\n\n<\/div>\n<\/div>\n\n\n\n<div class=\"wp-block-group has-global-padding is-content-justification-center is-layout-constrained wp-container-core-group-is-layout-bce697e8 wp-block-group-is-layout-constrained\" style=\"margin-top:var(--wp--preset--spacing--40);padding-top:var(--wp--preset--spacing--40);padding-bottom:0\">\n<hr class=\"wp-block-separator has-text-color has-contrast-3-color has-alpha-channel-opacity has-contrast-3-background-color has-background is-style-wide\" style=\"margin-bottom:var(--wp--preset--spacing--40)\" \/>\n\n\n\n<h2 class=\"wp-block-heading has-x-large-font-size\"><strong>Continuer ma lecture<\/strong><\/h2>\n\n\n\n<div class=\"wp-block-group is-layout-flow wp-container-core-group-is-layout-a00e8899 wp-block-group-is-layout-flow\" style=\"margin-top:0;margin-bottom:0;padding-top:var(--wp--preset--spacing--20);padding-bottom:var(--wp--preset--spacing--20);font-size:clamp(0.984rem, 0.984rem + ((1vw - 0.2rem) * 0.86), 1.5rem);\">\n<p><a href=\"https:\/\/wp.unil.ch\/iaunil\/ia-pour-toutes\/\" data-type=\"page\" data-id=\"171\">IA pour toutes et tous<\/a><\/p>\n\n\n\n<p><a href=\"https:\/\/wp.unil.ch\/iaunil\/recherche\/\" data-type=\"page\" data-id=\"173\">Recherche<\/a><\/p>\n\n\n\n<p><a href=\"https:\/\/wp.unil.ch\/iaunil\/enseignement\/\" data-type=\"page\" data-id=\"177\">Enseignement<\/a><\/p>\n\n\n\n<p><a href=\"https:\/\/wp.unil.ch\/iaunil\/expertes-ia-a-lunil\/\" data-type=\"page\" data-id=\"181\">Expertes et experts<\/a><\/p>\n\n\n\n<p><a href=\"https:\/\/wp.unil.ch\/iaunil\/ressources\/\" data-type=\"page\" data-id=\"185\">Ressources<\/a><\/p>\n\n\n\n<p><a href=\"https:\/\/wp.unil.ch\/iaunil\/actualites\/\" data-type=\"page\" data-id=\"190\">Actualit\u00e9s<\/a><\/p>\n<\/div>\n<\/div>\n","protected":false},"excerpt":{"rendered":"<p>L\u2019IA dans l\u2019actualit\u00e9 : retrouvez les derni\u00e8res mentions de l\u2019UNIL dans la presse et sur le web. Articles, interviews, tribunes ou analyses \u2014 d\u00e9couvrez comment nos chercheur\u00b7e\u00b7s contribuent au d\u00e9bat public et partagent leur expertise sur les grands enjeux de l\u2019intelligence artificielle. Continuer ma lecture<\/p>\n","protected":false},"author":108,"featured_media":2468,"parent":0,"menu_order":0,"comment_status":"closed","ping_status":"closed","template":"","meta":{"_seopress_robots_primary_cat":"","_seopress_titles_title":"","_seopress_titles_desc":"","_seopress_robots_index":"","footnotes":""},"class_list":["post-190","page","type-page","status-publish","has-post-thumbnail"],"_links":{"self":[{"href":"https:\/\/wp.unil.ch\/iaunil\/wp-json\/wp\/v2\/pages\/190","targetHints":{"allow":["GET"]}}],"collection":[{"href":"https:\/\/wp.unil.ch\/iaunil\/wp-json\/wp\/v2\/pages"}],"about":[{"href":"https:\/\/wp.unil.ch\/iaunil\/wp-json\/wp\/v2\/types\/page"}],"author":[{"embeddable":true,"href":"https:\/\/wp.unil.ch\/iaunil\/wp-json\/wp\/v2\/users\/108"}],"replies":[{"embeddable":true,"href":"https:\/\/wp.unil.ch\/iaunil\/wp-json\/wp\/v2\/comments?post=190"}],"version-history":[{"count":5,"href":"https:\/\/wp.unil.ch\/iaunil\/wp-json\/wp\/v2\/pages\/190\/revisions"}],"predecessor-version":[{"id":2861,"href":"https:\/\/wp.unil.ch\/iaunil\/wp-json\/wp\/v2\/pages\/190\/revisions\/2861"}],"wp:featuredmedia":[{"embeddable":true,"href":"https:\/\/wp.unil.ch\/iaunil\/wp-json\/wp\/v2\/media\/2468"}],"wp:attachment":[{"href":"https:\/\/wp.unil.ch\/iaunil\/wp-json\/wp\/v2\/media?parent=190"}],"curies":[{"name":"wp","href":"https:\/\/api.w.org\/{rel}","templated":true}]}}