{"id":177,"date":"2024-11-29T07:59:31","date_gmt":"2024-11-29T06:59:31","guid":{"rendered":"https:\/\/wp.unil.ch\/iaunil2\/?page_id=177"},"modified":"2025-07-20T18:54:04","modified_gmt":"2025-07-20T16:54:04","slug":"enseignement","status":"publish","type":"page","link":"https:\/\/wp.unil.ch\/iaunil\/enseignement\/","title":{"rendered":"Enseignement"},"content":{"rendered":"\n<div class=\"wp-block-group has-global-padding is-content-justification-left is-layout-constrained wp-container-core-group-is-layout-4d571bcc wp-block-group-is-layout-constrained\" style=\"margin-bottom:var(--wp--preset--spacing--40)\">\n<p class=\"has-text-align-left\" style=\"font-size:clamp(0.875rem, 0.875rem + ((1vw - 0.2rem) * 0.708), 1.3rem);\">Former \u00e0 l\u2019IA, c\u2019est pr\u00e9parer les \u00e9tudiant\u00b7e\u00b7s \u00e0 innover dans un monde num\u00e9rique en constante \u00e9volution. \u00c0 l\u2019UNIL, des cursus m\u00ealant projets concrets, s\u00e9minaires et approches interdisciplinaires stimulent leur curiosit\u00e9. En parall\u00e8le, nous soutenons les enseignant\u00b7e\u00b7s pour int\u00e9grer ces outils et transmettre une culture num\u00e9rique solide.<\/p>\n<\/div>\n\n\n\n<div class=\"wp-block-group alignwide has-global-padding is-layout-constrained wp-block-group-is-layout-constrained\" style=\"padding-top:var(--wp--preset--spacing--10);padding-bottom:var(--wp--preset--spacing--10)\">\n<div class=\"wp-block-query alignwide is-layout-flow wp-block-query-is-layout-flow\"><ul class=\"columns-3 wp-block-post-template is-layout-grid wp-container-core-post-template-is-layout-4142fc9f wp-block-post-template-is-layout-grid\"><li class=\"wp-block-post post-3321 post type-post status-publish format-standard has-post-thumbnail category-education\">\n\n<div class=\"wp-block-group is-vertical is-layout-flex wp-container-core-group-is-layout-604103d6 wp-block-group-is-layout-flex\" style=\"padding-bottom:var(--wp--preset--spacing--30)\"><figure style=\"aspect-ratio:16\/9;\" class=\"image-container color-2 max-size-400 wp-block-post-featured-image\"><a href=\"https:\/\/wp.unil.ch\/iaunil\/un-cadre-australien-pour-lia-dans-lenseignement-superieur-entre-opportunites-et-vigilance-ethique\/\" target=\"_self\"  ><img loading=\"lazy\" decoding=\"async\" width=\"1232\" height=\"928\" src=\"https:\/\/wp.unil.ch\/iaunil\/files\/2025\/12\/cobratv_onceptual_image_of_australia_outlined_with_interconne_940f1174-2b4b-48f0-be46-e2763cabf59c_0.jpg\" class=\"attachment-post-thumbnail size-post-thumbnail wp-post-image\" alt=\"Un cadre australien pour l&rsquo;IA dans l&rsquo;enseignement sup\u00e9rieur : entre opportunit\u00e9s et vigilance\" style=\"border-radius:0px;width:100%;height:100%;object-fit:cover;\" srcset=\"https:\/\/wp.unil.ch\/iaunil\/files\/2025\/12\/cobratv_onceptual_image_of_australia_outlined_with_interconne_940f1174-2b4b-48f0-be46-e2763cabf59c_0.jpg 1232w, https:\/\/wp.unil.ch\/iaunil\/files\/2025\/12\/cobratv_onceptual_image_of_australia_outlined_with_interconne_940f1174-2b4b-48f0-be46-e2763cabf59c_0-300x226.jpg 300w, https:\/\/wp.unil.ch\/iaunil\/files\/2025\/12\/cobratv_onceptual_image_of_australia_outlined_with_interconne_940f1174-2b4b-48f0-be46-e2763cabf59c_0-1024x771.jpg 1024w, https:\/\/wp.unil.ch\/iaunil\/files\/2025\/12\/cobratv_onceptual_image_of_australia_outlined_with_interconne_940f1174-2b4b-48f0-be46-e2763cabf59c_0-768x578.jpg 768w\" sizes=\"auto, (max-width: 1232px) 100vw, 1232px\" \/><\/a><\/figure>\n\n<h3 style=\"font-style:normal;font-weight:600;\" class=\"wp-block-post-title\"><a href=\"https:\/\/wp.unil.ch\/iaunil\/un-cadre-australien-pour-lia-dans-lenseignement-superieur-entre-opportunites-et-vigilance-ethique\/\" target=\"_self\" >Un cadre australien pour l&rsquo;IA dans l&rsquo;enseignement sup\u00e9rieur : entre opportunit\u00e9s et vigilance<\/a><\/h3>\n\n<div style=\"padding-top:0;padding-bottom:0;\" class=\"wp-block-post-excerpt\"><p class=\"wp-block-post-excerpt__excerpt\">L\u2019Australie publie un cadre pour une int\u00e9gration responsable de l\u2019IA dans l\u2019enseignement sup\u00e9rieur, pla\u00e7ant \u00e9quit\u00e9, \u00e9thique et vigilance critique au c\u0153ur des pratiques. <\/p><\/div><\/div>\n\n<\/li><li class=\"wp-block-post post-2992 post type-post status-publish format-standard has-post-thumbnail category-education\">\n\n<div class=\"wp-block-group is-vertical is-layout-flex wp-container-core-group-is-layout-604103d6 wp-block-group-is-layout-flex\" style=\"padding-bottom:var(--wp--preset--spacing--30)\"><figure style=\"aspect-ratio:16\/9;\" class=\"image-container color-2 max-size-400 wp-block-post-featured-image\"><a href=\"https:\/\/wp.unil.ch\/iaunil\/impacts-de-lia-sur-lapprentissage-et-lenseignement\/\" target=\"_self\"  ><img loading=\"lazy\" decoding=\"async\" width=\"640\" height=\"427\" src=\"https:\/\/wp.unil.ch\/iaunil\/files\/2025\/10\/chatgpt-image-30-oct.-2025-11_52_04-moyenne-2.jpeg\" class=\"attachment-post-thumbnail size-post-thumbnail wp-post-image\" alt=\"Impacts de l\u2019IA sur l\u2019apprentissage et l\u2019enseignement : Entre soutien et illusion\" style=\"border-radius:0px;width:100%;height:100%;object-fit:cover;\" srcset=\"https:\/\/wp.unil.ch\/iaunil\/files\/2025\/10\/chatgpt-image-30-oct.-2025-11_52_04-moyenne-2.jpeg 640w, https:\/\/wp.unil.ch\/iaunil\/files\/2025\/10\/chatgpt-image-30-oct.-2025-11_52_04-moyenne-2-300x200.jpeg 300w\" sizes=\"auto, (max-width: 640px) 100vw, 640px\" \/><\/a><\/figure>\n\n<h3 style=\"font-style:normal;font-weight:600;\" class=\"wp-block-post-title\"><a href=\"https:\/\/wp.unil.ch\/iaunil\/impacts-de-lia-sur-lapprentissage-et-lenseignement\/\" target=\"_self\" >Impacts de l\u2019IA sur l\u2019apprentissage et l\u2019enseignement : Entre soutien et illusion<\/a><\/h3>\n\n<div style=\"padding-top:0;padding-bottom:0;\" class=\"wp-block-post-excerpt\"><p class=\"wp-block-post-excerpt__excerpt\">L\u2019IA aide \u00e0 apprendre, mais peut cr\u00e9er une illusion de ma\u00eetrise en r\u00e9duisant l\u2019effort critique. Utile comme soutien, mais pas comme substitution \u00e0 la r\u00e9flexion personnelle. <\/p><\/div><\/div>\n\n<\/li><li class=\"wp-block-post post-2977 post type-post status-publish format-standard has-post-thumbnail category-education\">\n\n<div class=\"wp-block-group is-vertical is-layout-flex wp-container-core-group-is-layout-604103d6 wp-block-group-is-layout-flex\" style=\"padding-bottom:var(--wp--preset--spacing--30)\"><figure style=\"aspect-ratio:16\/9;\" class=\"image-container color-2 max-size-400 wp-block-post-featured-image\"><a href=\"https:\/\/wp.unil.ch\/iaunil\/le-cadre-quadridimensionnel-des-competences-humains-ia\/\" target=\"_self\"  ><img loading=\"lazy\" decoding=\"async\" width=\"1536\" height=\"1024\" src=\"https:\/\/wp.unil.ch\/iaunil\/files\/2025\/10\/chatgpt-image-26-nov.-2025-11_59_41.jpeg\" class=\"attachment-post-thumbnail size-post-thumbnail wp-post-image\" alt=\"Le cadre quadridimensionnel des comp\u00e9tences Humains-IA : une approche int\u00e9gr\u00e9e\" style=\"border-radius:0px;width:100%;height:100%;object-fit:cover;\" srcset=\"https:\/\/wp.unil.ch\/iaunil\/files\/2025\/10\/chatgpt-image-26-nov.-2025-11_59_41.jpeg 1536w, https:\/\/wp.unil.ch\/iaunil\/files\/2025\/10\/chatgpt-image-26-nov.-2025-11_59_41-300x200.jpeg 300w, https:\/\/wp.unil.ch\/iaunil\/files\/2025\/10\/chatgpt-image-26-nov.-2025-11_59_41-1024x683.jpeg 1024w, https:\/\/wp.unil.ch\/iaunil\/files\/2025\/10\/chatgpt-image-26-nov.-2025-11_59_41-768x512.jpeg 768w\" sizes=\"auto, (max-width: 1536px) 100vw, 1536px\" \/><\/a><\/figure>\n\n<h3 style=\"font-style:normal;font-weight:600;\" class=\"wp-block-post-title\"><a href=\"https:\/\/wp.unil.ch\/iaunil\/le-cadre-quadridimensionnel-des-competences-humains-ia\/\" target=\"_self\" >Le cadre quadridimensionnel des comp\u00e9tences Humains-IA : une approche int\u00e9gr\u00e9e<\/a><\/h3>\n\n<div style=\"padding-top:0;padding-bottom:0;\" class=\"wp-block-post-excerpt\"><p class=\"wp-block-post-excerpt__excerpt\">Co-agence humain-IA et r\u00e9gulation conjointe. Quatre axes pour la formation : capacit\u00e9s de l\u2019IA, comp\u00e9tences critiques de v\u00e9rification, litt\u00e9ratie IA et capacit\u00e9s humaines distinctives. <\/p><\/div><\/div>\n\n<\/li><li class=\"wp-block-post post-642 post type-post status-publish format-standard has-post-thumbnail category-education\">\n\n<div class=\"wp-block-group is-vertical is-layout-flex wp-container-core-group-is-layout-604103d6 wp-block-group-is-layout-flex\" style=\"padding-bottom:var(--wp--preset--spacing--30)\"><figure style=\"aspect-ratio:16\/9;\" class=\"image-container color-2 max-size-400 wp-block-post-featured-image\"><a href=\"https:\/\/wp.unil.ch\/iaunil\/lauthenticite-des-productions-academiques-a-lere-de-lia-une-humble-reflexion-sur-levolution-de-nos-pratiques-decriture\/\" target=\"_self\"  ><img loading=\"lazy\" decoding=\"async\" width=\"1232\" height=\"928\" src=\"https:\/\/wp.unil.ch\/iaunil\/files\/2025\/01\/iacommecompagnon.jpg\" class=\"attachment-post-thumbnail size-post-thumbnail wp-post-image\" alt=\"L\u2019IA comme compagnon d\u2019\u00e9criture : quels enjeux pour l\u2019authenticit\u00e9 et l\u2019\u00e9valuation dans le sup\u00e9rieur\" style=\"border-radius:0px;width:100%;height:100%;object-fit:cover;\" srcset=\"https:\/\/wp.unil.ch\/iaunil\/files\/2025\/01\/iacommecompagnon.jpg 1232w, https:\/\/wp.unil.ch\/iaunil\/files\/2025\/01\/iacommecompagnon-300x226.jpg 300w, https:\/\/wp.unil.ch\/iaunil\/files\/2025\/01\/iacommecompagnon-1024x771.jpg 1024w, https:\/\/wp.unil.ch\/iaunil\/files\/2025\/01\/iacommecompagnon-768x578.jpg 768w\" sizes=\"auto, (max-width: 1232px) 100vw, 1232px\" \/><\/a><\/figure>\n\n<h3 style=\"font-style:normal;font-weight:600;\" class=\"wp-block-post-title\"><a href=\"https:\/\/wp.unil.ch\/iaunil\/lauthenticite-des-productions-academiques-a-lere-de-lia-une-humble-reflexion-sur-levolution-de-nos-pratiques-decriture\/\" target=\"_self\" >L\u2019IA comme compagnon d\u2019\u00e9criture : quels enjeux pour l\u2019authenticit\u00e9 et l\u2019\u00e9valuation dans le sup\u00e9rieur<\/a><\/h3>\n\n<div style=\"padding-top:0;padding-bottom:0;\" class=\"wp-block-post-excerpt\"><p class=\"wp-block-post-excerpt__excerpt\">L\u2019IA bouscule nos fa\u00e7ons d\u2019\u00e9crire et d\u2019\u00e9valuer. Cette r\u00e9flexion invite \u00e0 repenser les pratiques p\u00e9dagogiques tout en pr\u00e9servant l\u2019authenticit\u00e9 et l\u2019int\u00e9grit\u00e9 des productions acad\u00e9miques. <\/p><\/div><\/div>\n\n<\/li><li class=\"wp-block-post post-625 post type-post status-publish format-standard has-post-thumbnail category-education\">\n\n<div class=\"wp-block-group is-vertical is-layout-flex wp-container-core-group-is-layout-604103d6 wp-block-group-is-layout-flex\" style=\"padding-bottom:var(--wp--preset--spacing--30)\"><figure style=\"aspect-ratio:16\/9;\" class=\"image-container color-2 max-size-400 wp-block-post-featured-image\"><a href=\"https:\/\/wp.unil.ch\/iaunil\/quelles-competences-ia-pour-les-enseignantes-et-les-etudiantes\/\" target=\"_self\"  ><img loading=\"lazy\" decoding=\"async\" width=\"1232\" height=\"928\" src=\"https:\/\/wp.unil.ch\/iaunil\/files\/2025\/01\/cobratv_a_visionary_university_environment_focused_on_ai_educ_71af3699-c5d9-4951-914e-75750db0858d_3.jpg\" class=\"attachment-post-thumbnail size-post-thumbnail wp-post-image\" alt=\"Former aux comp\u00e9tences IA : un enjeu pour l\u2019enseignement sup\u00e9rieur\" style=\"border-radius:0px;width:100%;height:100%;object-fit:cover;\" srcset=\"https:\/\/wp.unil.ch\/iaunil\/files\/2025\/01\/cobratv_a_visionary_university_environment_focused_on_ai_educ_71af3699-c5d9-4951-914e-75750db0858d_3.jpg 1232w, https:\/\/wp.unil.ch\/iaunil\/files\/2025\/01\/cobratv_a_visionary_university_environment_focused_on_ai_educ_71af3699-c5d9-4951-914e-75750db0858d_3-300x226.jpg 300w, https:\/\/wp.unil.ch\/iaunil\/files\/2025\/01\/cobratv_a_visionary_university_environment_focused_on_ai_educ_71af3699-c5d9-4951-914e-75750db0858d_3-1024x771.jpg 1024w, https:\/\/wp.unil.ch\/iaunil\/files\/2025\/01\/cobratv_a_visionary_university_environment_focused_on_ai_educ_71af3699-c5d9-4951-914e-75750db0858d_3-768x578.jpg 768w\" sizes=\"auto, (max-width: 1232px) 100vw, 1232px\" \/><\/a><\/figure>\n\n<h3 style=\"font-style:normal;font-weight:600;\" class=\"wp-block-post-title\"><a href=\"https:\/\/wp.unil.ch\/iaunil\/quelles-competences-ia-pour-les-enseignantes-et-les-etudiantes\/\" target=\"_self\" >Former aux comp\u00e9tences IA : un enjeu pour l\u2019enseignement sup\u00e9rieur<\/a><\/h3>\n\n<div style=\"padding-top:0;padding-bottom:0;\" class=\"wp-block-post-excerpt\"><p class=\"wp-block-post-excerpt__excerpt\">Face \u00e0 la g\u00e9n\u00e9ralisation de l\u2019IA, cet article propose des cadres pour d\u00e9velopper une appropriation critique, progressive et cr\u00e9ative par les \u00e9tudiant\u00b7e\u00b7s comme par les enseignant\u00b7e\u00b7s. <\/p><\/div><\/div>\n\n<\/li><li class=\"wp-block-post post-592 post type-post status-publish format-standard has-post-thumbnail category-education\">\n\n<div class=\"wp-block-group is-vertical is-layout-flex wp-container-core-group-is-layout-604103d6 wp-block-group-is-layout-flex\" style=\"padding-bottom:var(--wp--preset--spacing--30)\"><figure style=\"aspect-ratio:16\/9;\" class=\"image-container color-2 max-size-400 wp-block-post-featured-image\"><a href=\"https:\/\/wp.unil.ch\/iaunil\/prax-ia\/\" target=\"_self\"  ><img loading=\"lazy\" decoding=\"async\" width=\"1232\" height=\"928\" src=\"https:\/\/wp.unil.ch\/iaunil\/files\/2024\/12\/cobratv_a_modern_university_classroom_infused_with_artificial_686347c8-c976-4693-892d-f3ce971f9b4e_3.png\" class=\"attachment-post-thumbnail size-post-thumbnail wp-post-image\" alt=\"PRAX-IA : un cadre pour repenser l\u2019\u00e9valuation et l\u2019enseignement \u00e0 l\u2019\u00e8re des IA g\u00e9n\u00e9ratives\" style=\"border-radius:0px;width:100%;height:100%;object-fit:cover;\" srcset=\"https:\/\/wp.unil.ch\/iaunil\/files\/2024\/12\/cobratv_a_modern_university_classroom_infused_with_artificial_686347c8-c976-4693-892d-f3ce971f9b4e_3.png 1232w, https:\/\/wp.unil.ch\/iaunil\/files\/2024\/12\/cobratv_a_modern_university_classroom_infused_with_artificial_686347c8-c976-4693-892d-f3ce971f9b4e_3-300x226.png 300w, https:\/\/wp.unil.ch\/iaunil\/files\/2024\/12\/cobratv_a_modern_university_classroom_infused_with_artificial_686347c8-c976-4693-892d-f3ce971f9b4e_3-1024x771.png 1024w, https:\/\/wp.unil.ch\/iaunil\/files\/2024\/12\/cobratv_a_modern_university_classroom_infused_with_artificial_686347c8-c976-4693-892d-f3ce971f9b4e_3-768x578.png 768w\" sizes=\"auto, (max-width: 1232px) 100vw, 1232px\" \/><\/a><\/figure>\n\n<h3 style=\"font-style:normal;font-weight:600;\" class=\"wp-block-post-title\"><a href=\"https:\/\/wp.unil.ch\/iaunil\/prax-ia\/\" target=\"_self\" >PRAX-IA : un cadre pour repenser l\u2019\u00e9valuation et l\u2019enseignement \u00e0 l\u2019\u00e8re des IA g\u00e9n\u00e9ratives<\/a><\/h3>\n\n<div style=\"padding-top:0;padding-bottom:0;\" class=\"wp-block-post-excerpt\"><p class=\"wp-block-post-excerpt__excerpt\">\u00c0 l\u2019\u00e8re des IA g\u00e9n\u00e9ratives, le mod\u00e8le PRAX-IA aide \u00e0 adapter l\u2019enseignement et l\u2019\u00e9valuation gr\u00e2ce \u00e0 deux axes de r\u00e9flexion et des outils concrets pour guider enseignants et enseignantes. <\/p><\/div><\/div>\n\n<\/li><\/ul>\n\n\n\n<\/div>\n<\/div>\n\n\n\n<div class=\"wp-block-group has-global-padding is-content-justification-center is-layout-constrained wp-container-core-group-is-layout-bce697e8 wp-block-group-is-layout-constrained\" style=\"margin-top:var(--wp--preset--spacing--40);padding-top:var(--wp--preset--spacing--40);padding-bottom:0\">\n<hr class=\"wp-block-separator has-text-color has-contrast-3-color has-alpha-channel-opacity has-contrast-3-background-color has-background is-style-wide\" style=\"margin-bottom:var(--wp--preset--spacing--40)\" \/>\n\n\n\n<h2 class=\"wp-block-heading has-x-large-font-size\"><strong>Continuer ma lecture<\/strong><\/h2>\n\n\n\n<div class=\"wp-block-group is-layout-flow wp-container-core-group-is-layout-a00e8899 wp-block-group-is-layout-flow\" style=\"margin-top:0;margin-bottom:0;padding-top:var(--wp--preset--spacing--20);padding-bottom:var(--wp--preset--spacing--20);font-size:clamp(0.984rem, 0.984rem + ((1vw - 0.2rem) * 0.86), 1.5rem);\">\n<p><a href=\"https:\/\/wp.unil.ch\/iaunil\/ia-pour-toutes\/\" data-type=\"page\" data-id=\"171\">IA pour toutes et tous<\/a><\/p>\n\n\n\n<p><a href=\"https:\/\/wp.unil.ch\/iaunil\/recherche\/\" data-type=\"page\" data-id=\"173\">Recherche<\/a><\/p>\n\n\n\n<p><a href=\"https:\/\/wp.unil.ch\/iaunil\/enseignement\/\" data-type=\"page\" data-id=\"177\">Enseignement<\/a><\/p>\n\n\n\n<p><a href=\"https:\/\/wp.unil.ch\/iaunil\/expertes-ia-a-lunil\/\" data-type=\"page\" data-id=\"181\">Expertes et experts<\/a><\/p>\n\n\n\n<p><a href=\"https:\/\/wp.unil.ch\/iaunil\/ressources\/\" data-type=\"page\" data-id=\"185\">Ressources<\/a><\/p>\n\n\n\n<p><a href=\"https:\/\/wp.unil.ch\/iaunil\/actualites\/\" data-type=\"page\" data-id=\"190\">Actualit\u00e9s<\/a><\/p>\n<\/div>\n<\/div>\n","protected":false},"excerpt":{"rendered":"<p>Former \u00e0 l\u2019IA, c\u2019est pr\u00e9parer les \u00e9tudiant\u00b7e\u00b7s \u00e0 innover dans un monde num\u00e9rique en constante \u00e9volution. \u00c0 l\u2019UNIL, des cursus m\u00ealant projets concrets, s\u00e9minaires et approches interdisciplinaires stimulent leur curiosit\u00e9. En parall\u00e8le, nous soutenons les enseignant\u00b7e\u00b7s pour int\u00e9grer ces outils et transmettre une culture num\u00e9rique solide. Continuer ma lecture<\/p>\n","protected":false},"author":108,"featured_media":2479,"parent":0,"menu_order":0,"comment_status":"closed","ping_status":"closed","template":"","meta":{"_seopress_robots_primary_cat":"","_seopress_titles_title":"","_seopress_titles_desc":"","_seopress_robots_index":"","footnotes":""},"class_list":["post-177","page","type-page","status-publish","has-post-thumbnail"],"_links":{"self":[{"href":"https:\/\/wp.unil.ch\/iaunil\/wp-json\/wp\/v2\/pages\/177","targetHints":{"allow":["GET"]}}],"collection":[{"href":"https:\/\/wp.unil.ch\/iaunil\/wp-json\/wp\/v2\/pages"}],"about":[{"href":"https:\/\/wp.unil.ch\/iaunil\/wp-json\/wp\/v2\/types\/page"}],"author":[{"embeddable":true,"href":"https:\/\/wp.unil.ch\/iaunil\/wp-json\/wp\/v2\/users\/108"}],"replies":[{"embeddable":true,"href":"https:\/\/wp.unil.ch\/iaunil\/wp-json\/wp\/v2\/comments?post=177"}],"version-history":[{"count":6,"href":"https:\/\/wp.unil.ch\/iaunil\/wp-json\/wp\/v2\/pages\/177\/revisions"}],"predecessor-version":[{"id":2685,"href":"https:\/\/wp.unil.ch\/iaunil\/wp-json\/wp\/v2\/pages\/177\/revisions\/2685"}],"wp:featuredmedia":[{"embeddable":true,"href":"https:\/\/wp.unil.ch\/iaunil\/wp-json\/wp\/v2\/media\/2479"}],"wp:attachment":[{"href":"https:\/\/wp.unil.ch\/iaunil\/wp-json\/wp\/v2\/media?parent=177"}],"curies":[{"name":"wp","href":"https:\/\/api.w.org\/{rel}","templated":true}]}}