{"id":2671,"date":"2024-12-03T10:33:05","date_gmt":"2024-12-03T09:33:05","guid":{"rendered":"https:\/\/wp.unil.ch\/iaunil\/legal-notice\/"},"modified":"2026-04-19T14:49:23","modified_gmt":"2026-04-19T12:49:23","slug":"impressum","status":"publish","type":"page","link":"https:\/\/wp.unil.ch\/iaunil\/en\/impressum\/","title":{"rendered":"Impressum"},"content":{"rendered":"\n<h3 class=\"wp-block-heading\">Site publisher<\/h3>\n\n\n\n<p>Service de la recherche<br>Quartier UNIL-Sorge, 1015 Ecublens<\/p>\n\n\n\n<h3 class=\"wp-block-heading\">Contact<\/h3>\n\n\n\n<p>iaunil@unil.ch<\/p>\n\n\n\n<h3 class=\"wp-block-heading\">Coordination &amp; resources<\/h3>\n\n\n\n<p><a href=\"https:\/\/www.unil.ch\/unil\/fr\/home\/menuinst\/universite\/intelligence-artificielle\/cellule-strategique-ia.html\" target=\"_blank\" rel=\"noreferrer noopener\">AI Strategic Unit (UNIL)<\/a>: methodological support, visual improvements to the site, and translations<\/p>\n\n\n\n<h3 class=\"wp-block-heading\">Credits<\/h3>\n\n\n\n<p>Writing and content: Th\u00e9 Van Luong (Service de la recherche) et Jean-Fran\u00e7ois Van de Po\u00ebl (Centre de soutien \u00e0 l&#8217;enseignement)<br>UX and UI design: <a href=\"https:\/\/zegwaart.ch\/\" target=\"_blank\" rel=\"noreferrer noopener\">Karim Khouw Zegwaart<\/a><br>Photography (banners): Fabrice Ducrest \u00a9 UNIL<br>Illustrations: some images are generated using AI tools and approved by the Service de la recherche.<\/p>\n","protected":false},"excerpt":{"rendered":"<p>Site publisher Service de la rechercheQuartier UNIL-Sorge, 1015 Ecublens Contact iaunil@unil.ch Coordination &amp; resources AI Strategic Unit (UNIL): methodological support, visual improvements to the site, and translations Credits Writing and content: Th\u00e9 Van Luong (Service de la recherche) et Jean-Fran\u00e7ois Van de Po\u00ebl (Centre de soutien \u00e0 l&#8217;enseignement)UX and UI design: Karim Khouw ZegwaartPhotography (banners): [&hellip;]<\/p>\n","protected":false},"author":108,"featured_media":2478,"parent":0,"menu_order":0,"comment_status":"closed","ping_status":"closed","template":"","meta":{"_seopress_robots_primary_cat":"","_seopress_titles_title":"","_seopress_titles_desc":"","_seopress_robots_index":"","footnotes":""},"class_list":["post-2671","page","type-page","status-publish","has-post-thumbnail"],"_links":{"self":[{"href":"https:\/\/wp.unil.ch\/iaunil\/en\/wp-json\/wp\/v2\/pages\/2671","targetHints":{"allow":["GET"]}}],"collection":[{"href":"https:\/\/wp.unil.ch\/iaunil\/en\/wp-json\/wp\/v2\/pages"}],"about":[{"href":"https:\/\/wp.unil.ch\/iaunil\/en\/wp-json\/wp\/v2\/types\/page"}],"author":[{"embeddable":true,"href":"https:\/\/wp.unil.ch\/iaunil\/en\/wp-json\/wp\/v2\/users\/108"}],"replies":[{"embeddable":true,"href":"https:\/\/wp.unil.ch\/iaunil\/en\/wp-json\/wp\/v2\/comments?post=2671"}],"version-history":[{"count":5,"href":"https:\/\/wp.unil.ch\/iaunil\/en\/wp-json\/wp\/v2\/pages\/2671\/revisions"}],"predecessor-version":[{"id":3942,"href":"https:\/\/wp.unil.ch\/iaunil\/en\/wp-json\/wp\/v2\/pages\/2671\/revisions\/3942"}],"wp:featuredmedia":[{"embeddable":true,"href":"https:\/\/wp.unil.ch\/iaunil\/en\/wp-json\/wp\/v2\/media\/2478"}],"wp:attachment":[{"href":"https:\/\/wp.unil.ch\/iaunil\/en\/wp-json\/wp\/v2\/media?parent=2671"}],"curies":[{"name":"wp","href":"https:\/\/api.w.org\/{rel}","templated":true}]}}