{"id":610,"date":"2025-03-20T16:49:05","date_gmt":"2025-03-20T15:49:05","guid":{"rendered":"https:\/\/wp.unil.ch\/hydrology\/?page_id=610"},"modified":"2026-02-13T17:53:03","modified_gmt":"2026-02-13T16:53:03","slug":"le-bassin-versant-de-la-chamberonne","status":"publish","type":"page","link":"https:\/\/wp.unil.ch\/hydrology\/le-bassin-versant-de-la-chamberonne\/","title":{"rendered":"La Chamberonne"},"content":{"rendered":"\n<p><a href=\"https:\/\/wp.unil.ch\/hydrology\/field-sites\/chamberonne-catchment\/\" data-type=\"link\" data-id=\"https:\/\/wp.unil.ch\/hydrology\/field-sites\/chamberonne-catchment\/\">Read this page in english<\/a><\/p>\n\n\n\n<div class=\"wp-block-media-text has-media-on-the-right is-stacked-on-mobile\" style=\"grid-template-columns:auto 40%\"><div class=\"wp-block-media-text__content\">\n<p>La Chamberonne est une rivi\u00e8re de l\u2019ouest lausannois situ\u00e9e dans le canton de Vaud. Longue de 23.5 km, elle est compos\u00e9e de la rencontre des rivi\u00e8res Sorge et M\u00e8bre. Son bassin versant, d\u2019une surface de 40 km<sup>2<\/sup>, fait partie du bassin du fleuve Rh\u00f4ne. Son occupation du sol est marqu\u00e9e par une net transition entre des zones foresti\u00e8res et agricoles en amont et une zone fortement urbanis\u00e9e en aval. La rivi\u00e8re traverse les campus de l\u2019EPFL et de l\u2019UNIL avant de rejoindre le L\u00e9man. Avec un \u00e9coulement nord-sud, son bassin a les caract\u00e9ristiques typiques des rivi\u00e8res l\u00e9maniques c\u00f4t\u00e9 suisse.<\/p>\n<\/div><figure class=\"wp-block-media-text__media\"><img loading=\"lazy\" decoding=\"async\" width=\"795\" height=\"1024\" src=\"https:\/\/wp.unil.ch\/hydrology\/files\/2025\/03\/bv_chamberonne_aerial-795x1024.png\" alt=\"Vue a\u00e9rienne du bassin versant de la CHamberonne.\" class=\"wp-image-595 size-full\" srcset=\"https:\/\/wp.unil.ch\/hydrology\/files\/2025\/03\/bv_chamberonne_aerial-795x1024.png 795w, https:\/\/wp.unil.ch\/hydrology\/files\/2025\/03\/bv_chamberonne_aerial-233x300.png 233w, https:\/\/wp.unil.ch\/hydrology\/files\/2025\/03\/bv_chamberonne_aerial-768x989.png 768w, https:\/\/wp.unil.ch\/hydrology\/files\/2025\/03\/bv_chamberonne_aerial-540x696.png 540w, https:\/\/wp.unil.ch\/hydrology\/files\/2025\/03\/bv_chamberonne_aerial.png 833w\" sizes=\"auto, (max-width: 795px) 100vw, 795px\" \/><\/figure><\/div>\n\n\n\n<h2 class=\"wp-block-heading\"><strong>Challenges \/ Opportunit\u00e9es<\/strong><\/h2>\n\n\n\n<p>Le bassin versant de la Chamberonne est un cas d\u2019\u00e9tude int\u00e9ressant pr\u00e9sentant de nombreuses contraintes pour la gestion de la ressource en eau. Premi\u00e8rement, la responsabilit\u00e9 administrative est partag\u00e9e entre 13 communes. De plus, son bassin connait ces derni\u00e8res d\u00e9cennies une forte urbanisation (+ 11 % sur la p\u00e9riode 1985-2018) entrainant une d\u00e9gradation de la qualit\u00e9 des eaux. En effet, des kilom\u00e8tres de tron\u00e7on sont enterr\u00e9s ; plusieurs infrastructures hydrauliques sont obsol\u00e8tes ; en cas d\u2019orage, des eaux us\u00e9es sont r\u00e9guli\u00e8rement d\u00e9vers\u00e9es directement dans la rivi\u00e8re et de nombreuses sources de pollution ont \u00e9t\u00e9 d\u00e9tect\u00e9es. Cette forte modification de son \u00e9cosyst\u00e8me est, de nos jours, typique des rivi\u00e8res urbaines en Suisse.<\/p>\n\n\n\n<p>En raison de ces enjeux, la Chamberonne est \u00e9galement au centre de deux initiatives majeures men\u00e9es par le canton de Vaud : le Plan r\u00e9gional d&#8217;\u00e9vacuation des eaux (PREE) de la Chamberonne (dont l&#8217;\u00e9laboration a d\u00e9but\u00e9 en 2018 avec pour objectifs d&#8217;am\u00e9liorer la gestion du bassin versant) et le projet de renaturation de la Broye-Chamberonne (<a href=\"https:\/\/broye-chamberonne.ch\/ecf-chamberonne\/\">https:\/\/broye-chamberonne.ch\/ecf-chamberonne\/<\/a>), qui modifiera substantiellement la morphologie de la rivi\u00e8re \u00e0 son embouchure.<\/p>\n\n\n\n<p>La proximit\u00e9 de la Chamberonne aux campus de l\u2019UNIL et de l\u2019EPFL repr\u00e9sente une grande opportunit\u00e9 pour la recherche, l\u2019enseignement et l&#8217;innovation. De nombreux cours de sciences de l&#8217;environnement comprennent des excursions et des activit\u00e9s sur la Chamberonne et certains sont d\u00e9velopp\u00e9s en collaboration avec des associations locales. Pour faciliter les \u00e9changes et d\u00e9velopper de nouvelles id\u00e9es, un r\u00e9seau acad\u00e9mique autour de la Chamberonne a \u00e9t\u00e9 cr\u00e9\u00e9 au printemps 2025. Toute personne ou groupe int\u00e9ress\u00e9 par la collaboration et le d\u00e9veloppement de nouveaux projets est le bienvenu dans ce r\u00e9seau.<\/p>\n\n\n\n<figure class=\"wp-block-image size-large\"><img loading=\"lazy\" decoding=\"async\" width=\"1024\" height=\"547\" src=\"https:\/\/wp.unil.ch\/hydrology\/files\/2025\/03\/chamberonne_land_use_photo-1024x547.jpg\" alt=\"chamberonne land use photo\" class=\"wp-image-597\" srcset=\"https:\/\/wp.unil.ch\/hydrology\/files\/2025\/03\/chamberonne_land_use_photo-1024x547.jpg 1024w, https:\/\/wp.unil.ch\/hydrology\/files\/2025\/03\/chamberonne_land_use_photo-300x160.jpg 300w, https:\/\/wp.unil.ch\/hydrology\/files\/2025\/03\/chamberonne_land_use_photo-768x410.jpg 768w, https:\/\/wp.unil.ch\/hydrology\/files\/2025\/03\/chamberonne_land_use_photo-540x288.jpg 540w, https:\/\/wp.unil.ch\/hydrology\/files\/2025\/03\/chamberonne_land_use_photo-1080x577.jpg 1080w, https:\/\/wp.unil.ch\/hydrology\/files\/2025\/03\/chamberonne_land_use_photo.jpg 1217w\" sizes=\"auto, (max-width: 1024px) 100vw, 1024px\" \/><figcaption class=\"wp-element-caption\">Carte de la couverture du sol du bassin versant de la Chamberonne.<\/figcaption><\/figure>\n\n\n\n<h2 class=\"wp-block-heading\">Projets en cours<\/h2>\n\n\n\n<p>Outre les initiatives majeures men\u00e9es par le Canton de Vaud, il existe diverses activit\u00e9s men\u00e9es par des groupes de recherche individuels \u00e0 l&#8217;UNIL et \u00e0 l&#8217;EPFL. Certaines d&#8217;entre elles sont list\u00e9es ci-dessous.<\/p>\n\n\n\n<ul class=\"wp-block-list\">\n<li>Le groupe d&#8217;hydrologie de l&#8217;UNIL (P. Benettin) a d\u00e9ploy\u00e9 des capteurs \u00e0 4 endroits sur la M\u00e8bre et la Sorge et une station m\u00e9t\u00e9orologique sur le b\u00e2timent G\u00e9opolis. Des \u00e9chantillons hebdomadaires d&#8217;eau de pluie et d&#8217;eau de la rivi\u00e8re sont \u00e9galement collect\u00e9s pour des analyses chimiques \u00e0 partir d&#8217;octobre 2024. Des projets de master en cours visent \u00e0 \u00e9chantillonner l&#8217;eau et les s\u00e9diments pendant les \u00e9v\u00e9nements de crue. <br><\/li>\n\n\n\n<li>L&#8217;Institut de dynamique de la surface terrestre (IDYST) de l&#8217;UNIL exploite une station permanente sur la Chamberonne, pr\u00e8s de son embouchure, avec de multiples capteurs, cam\u00e9ras et un \u00e9chantillonneur automatis\u00e9 en place en permanence.<br><\/li>\n\n\n\n<li>Le projet EPFL UrbanTwins (P. Perona et R. Bernier-Latmani) a d\u00e9ploy\u00e9 plusieurs capteurs le long de la Sorge afin d&#8217;\u00e9tudier l&#8217;impact du campus de l&#8217;EPFL sur les eaux de la rivi\u00e8re. Les donn\u00e9es sont disponible en ligne sur l&#8217;\u00ab<a href=\"https:\/\/water-portal.epfl.ch\/\">EPFL Water Portal<\/a>\u00bb.<br><\/li>\n\n\n\n<li>Le groupe de l&#8217;UNIL dirig\u00e9 par C\u00e9line Weyermann et pr\u00e9c\u00e9demment par Nicolas Estoppey ont d\u00e9ploy\u00e9 des \u00e9chantillonneurs passifs \u00e0 de nombreux endroits sur les eaux de la Chamberonne pour identifier les sources de pollution ponctuelle le long de la rivi\u00e8re.<br><\/li>\n\n\n\n<li>Le Centre Ecotox de l&#8217;EPFL (Beno\u00eet Ferrari, Carmen Casado Martinez, R\u00e9becca Beauvais) a particip\u00e9 \u00e0 plusieurs projets d&#8217;\u00e9cotoxicologie sur la Chamberonne.<br><\/li>\n\n\n\n<li>L&#8217;ancien laboratoire ECHO de l&#8217;EPFL (A. Rinaldo) exploitait 4 stations de mesure de d\u00e9bit, une station m\u00e9t\u00e9orologique sur le campus et un pluviom\u00e8tre et a collect\u00e9 environ 7 ans de donn\u00e9es de 2012 \u00e0 2019.<br><\/li>\n\n\n\n<li>L&#8217;Institut f\u00e9d\u00e9ral de recherches sur la for\u00eat, la neige et le paysage (WSL) g\u00e8re la station <a href=\"https:\/\/lwf.wsl.ch\/en\/flaechen\/lausanne\/\" data-type=\"link\" data-id=\"https:\/\/lwf.wsl.ch\/en\/flaechen\/lausanne\/?tx_wslwebapps_webapps_lwfdispatcher%5Baction%5D=which&amp;tx_wslwebapps_webapps_lwfdispatcher%5Bcontroller%5D=Lwf&amp;cHash=b1861aeea2334f97f5138837c3c9f53a\">Lausanne Forest<\/a>, dans le cadre du programme de recherche \u00e0 long terme sur les \u00e9cosyst\u00e8mes forestiers (LWF). La station est situ\u00e9e dans le Parc national du Jorat, \u00e0 proximit\u00e9 de la source orientale du bassin versant de la Chamberonne.<br><\/li>\n\n\n\n<li>De nombreux cours de l&#8217;EPFL et de l&#8217;UNIL comprennent des activit\u00e9s de terrain sur la Chamberonne. Par exemple, les cours de : G\u00e9ochimie, \u00e9cotoxicologie, transport de solut\u00e9s, hydraulique fluviale, g\u00e9ophysique environnementale, gestion des ressources en eau.<br><\/li>\n\n\n\n<li>De nombreuses activit\u00e9s de m\u00e9diation scientifique pour les enfants et le grand public sont men\u00e9es sur la Chamberonne par des associations telles que L&#8217;\u00e9prouvette, Myc\u00e9lium, Ville en t\u00eate, la Maison de la Rivi\u00e8re.<\/li>\n<\/ul>\n\n\n\n<details class=\"wp-block-details is-layout-flow wp-block-details-is-layout-flow\"><summary>Publications<\/summary>\n<p><\/p>\n\n\n\n<p><strong>Articles \/ Rapports<\/strong><\/p>\n\n\n\n<p>Pfeiffer,&nbsp;F., Tascon,&nbsp;I., Estoppey,&nbsp;N., Weyermann,&nbsp;C. (2024): Investigation des sources de pollutions aquatiques. In: Environnement et justice. M\u00e9langes en l&#8217;honneur de la Prof. Anne-Christine Favre. St\u00e4mpfli \u00c9ditions SA Berne, 317-328, doi: https:\/\/serval.unil.ch\/notice\/serval:BIB_6B00719280AA<\/p>\n\n\n\n<p>Halder, J., Pralong, C., Bonvin, F., Lambiel, F., Vennemann, T. (2014) Application of \u03b4<sup>18<\/sup>O, \u03b4<sup>13<\/sup>C<sub>DIC<\/sub>, and major ions to evaluate micropollutant sources in the Bay of Vidy, Lake Geneva. Isot Environ Health Stud. 52 : 94\u2013111. doi:10.1080\/10256016.2014.971786<\/p>\n\n\n\n<p>Rossi, L., Chesaux, L. (2013). Sources diffuses de micropolluants dans le L\u00e9man : Etude de bassins versants sp\u00e9cifiques et d\u00e9finition d\u2019outils d\u2019extrapolation. Rapport d\u2019\u00e9tude de l\u2019EPFL, laboratoire de technologie \u00e9cologique (ECOL), sur mandat de l\u2019Office f\u00e9d\u00e9ral de l\u2019environnement (OFEV). doi: <a href=\"https:\/\/infoscience.epfl.ch\/entities\/publication\/39e08516-4ca1-4f73-89d3-8d39b6993e2d\/full\">https:\/\/infoscience.epfl.ch\/entities\/publication\/39e08516-4ca1-4f73-89d3-8d39b6993e2d\/full<\/a><\/p>\n\n\n\n<p>Bonvin, F., Ch\u00e8vre, N., Rutler, N., Kohn, T. (2012) Pharmaceuticals and their human metabolites in Lake Geneva: occurrence, fate and ecotoxicological relevance. Archs. Sci. 65 : 143-156, doi: https:\/\/doi.org\/10.5169\/seals-738357<\/p>\n\n\n\n<p><strong>Th\u00e8ses de Master<\/strong><\/p>\n\n\n\n<p>Borriero, A. (2020): Variability of major ion concentrations in the M\u00e8bre river : field experiments and modeling. Master thesis, EPFL \/ Padova, ECHO.<\/p>\n\n\n\n<p>Passera, L. (2019): Metal transport in the Chamberonne basin \u2013 focus on suspended solids. Master thesis, UNIL, IDYST.<\/p>\n\n\n\n<p>Gyger, M. (2018): Seasonal contamination and biomagnification of polybrominated diphenyl ethers (PBDEs) in the river La Sorge. Master thesis, UNIL, IDYST.<\/p>\n\n\n\n<p>Kjelberg, F. (2018): Quantification saisonni\u00e8re de la contamination et de la bioamplification des polychlorobiph\u00e9nyles (PCB) le long d\u2019une cha\u00eene trophique d\u2019eau douce : la rivi\u00e8re de la Sorge. Master thesis, UNIL, IDYST.<\/p>\n\n\n\n<p>Trujillo Gomez, M. (2018): Quantifying fine particle transport in the Chamberonne. Master thesis, UNIL, IDYST.<\/p>\n\n\n\n<p>Denervaud, A. (2017): Gauging the highs: design and realization of a water sampling campaign during high and low streamflow. Master thesis, EPFL, ECHO.<\/p>\n\n\n\n<p>Broadhurst, M. (2014): Mod\u00e8le hydrologique de pr\u00e9vision de d\u00e9bit pour le bassin versant de la Chamberonne. Master thesis, EPFL, ECOL.<\/p>\n\n\n\n<p>Muniz Miranda, G. (2012): Gestion int\u00e9gr\u00e9e des ressources en eau dans le bassin versant de la M\u00e8bre-Sorge. Master thesis, UNIL, IGD.<\/p>\n\n\n\n<p>Pralong, C. (2011): Utilisation du rapport isotopique du carbone inorganique dissous comme traceur environnemental du syst\u00e8me aquatique de la baie de Vidy. Master thesis, UNIL, IDYST.<\/p>\n\n\n\n<p><strong>Projets de Master<\/strong><\/p>\n\n\n\n<p>Manetti, N. (2021): Data analysis of the Chamberonne river with R. Master project, EPFL, ECHO.<\/p>\n\n\n\n<p>Steullet, L. (2018): Sampling stream water during a storm event. Master project, EPFL, ECHO.<\/p>\n\n\n\n<p>Fleury, L. (2017): Designing and conducting a water sampling campaign on the M\u00e8bre River. Master project, EPFL, ECHO.<\/p>\n\n\n\n<p>Ficheux, L. (2016): Assessing the dilution effect in a river during storm events : Evolution of solute concentrations of the Sorge sampled during storm events. Master project, EPFL, ECHO.<\/p>\n\n\n\n<p>S\u00e9chaud, A. (2016): Designing and conducting a water sampling campaign on the M\u00e8bre River. Master project, EPFL, ECHO.<\/p>\n\n\n\n<p>Le Roy, B. (2013): Calibration of an hydrology modelling in the Sorge catchment. Master project, EPFL, ECHO.<\/p>\n\n\n\n<p>Moal, O. (2013): Analyse des pesticides du bassin versant de la Chamberonne. Master project, EPFL, ECHO.<\/p>\n\n\n\n<p>Stalder, S. (2012): Identification des sources de pesticides agricoles dans le bassin versant de la Chamberonne. Master project, EPFL, ECHO.<\/p>\n\n\n\n<p>Sidler, J. (2012): Impacts de la station de pompage d\u2019eau du lac de l\u2019EPFL et de l\u2019UNIL sur la Chamberonne. Master project, EPFL, ECOL.<\/p>\n\n\n\n<p>Imfeld, C. (2011): Calibration d&#8217;un mod\u00e8le pluie-d\u00e9bit g\u00e9omorphologique pour la Chamberonne. Master project, EPFL, ECHO.<\/p>\n\n\n\n<p>Schneider, K. (2009): Syst\u00e8me modulaire gradu\u00e9 : \u00c9tat des lieux des donn\u00e9es existant pour le bassin versant de la M\u00e8bre et la Sorge. Master project, EPFL, ECOL.<\/p>\n\n\n\n<p><strong>Th\u00e8se de Bachelor<\/strong><\/p>\n\n\n\n<p>Lambiel, F. (2010): Qualitative and quantitative water assessment of the Chamberonne River (Switzerland) on the basis of stable isotope compositions. Bachelor thesis, UNIL, IMG.<\/p>\n<\/details>\n\n\n\n<h2 class=\"wp-block-heading\">Carte interactive<\/h2>\n\n\n\n<p>Les cartes ci-dessous montrent le bassin versant (limites approximative bas\u00e9e sur la topographie) et les principaux points de mesure le long de son r\u00e9seau.<\/p>\n\n\n\n<h3 class=\"wp-block-heading\">Carte TopoSuisse<\/h3>\n\n\n\n\n<!-- iframe plugin v.6.0 wordpress.org\/plugins\/iframe\/ -->\n<iframe src=\"https:\/\/map.geo.admin.ch\/#\/embed?lang=fr&#038;center=2538755.54,1156719.75&#038;z=4.808&#038;topic=ech&#038;layers=ch.swisstopo.zeitreihen@year=1864,f;ch.bfs.gebaeude_wohnungs_register,f;ch.bav.haltestellen-oev,f;ch.swisstopo.swisstlm3d-wanderwege,f;ch.vbs.schiessanzeigen,f;ch.astra.wanderland-sperrungen_umleitungen,f;KML%7Chttps:\/\/raw.githubusercontent.com\/pbenettin\/WebGeodataPBenettin\/refs\/heads\/main\/Chamberonne_data\/Chamberonne_topographic_borders.kml@style=geoadmin@clampToGround=false,,0.79;KML%7Chttps:\/\/raw.githubusercontent.com\/pbenettin\/WebGeodataPBenettin\/refs\/heads\/main\/Chamberonne_data\/meteo_stations_for_Web.kml@features=,f;KML%7Chttps:\/\/raw.githubusercontent.com\/pbenettin\/WebGeodataPBenettin\/refs\/heads\/main\/Chamberonne_data\/stream_stations_for_Web.kml&#038;bgLayer=ch.swisstopo.pixelkarte-farbe&#038;featureInfo=default\" width=\"100%\" height=\"700\" style=\"border:0;\" loading=\"lazy\" referrerpolicy=\"no-referrer-when-downgrade\" 0=\"allowfullscreen\" scrolling=\"yes\" class=\"iframe-class\" frameborder=\"0\"><\/iframe>\n\n\n\n\n<h3 class=\"wp-block-heading\">Carte Google Maps<\/h3>\n\n\n\n\n<!-- iframe plugin v.6.0 wordpress.org\/plugins\/iframe\/ -->\n<iframe loading=\"lazy\" src=\"https:\/\/www.google.com\/maps\/d\/u\/0\/embed?mid=1eEy4B3AdyE0XKBlEhHtztL8e4nqkqf4&#038;ehbc=2E312F&#038;noprof=1\" width=\"480\" height=\"640\" scrolling=\"yes\" class=\"iframe-class\" frameborder=\"0\"><\/iframe>\n\n\n\n<p><!-- \/wp:post-content --><\/p>","protected":false},"excerpt":{"rendered":"<p>Read this page in english La Chamberonne est une rivi\u00e8re de l\u2019ouest lausannois situ\u00e9e dans le canton de Vaud. Longue de 23.5 km, elle est compos\u00e9e de la&hellip;<\/p>\n","protected":false},"author":1002976,"featured_media":0,"parent":0,"menu_order":0,"comment_status":"closed","ping_status":"closed","template":"template-full-width.php","meta":{"_seopress_robots_primary_cat":"","_seopress_titles_title":"%%post_title%% %%sep%% %%sitetitle%%","_seopress_titles_desc":"La Chamberonne est une rivi\u00e8re de l\u2019ouest lausannois situ\u00e9e dans le canton de Vaud, qui traverse les campus de l\u2019EPFL et de l\u2019UNIL avant de rejoindre le L\u00e9man. ","_seopress_robots_index":"","footnotes":""},"class_list":["post-610","page","type-page","status-publish","has-post-thumbnail"],"_links":{"self":[{"href":"https:\/\/wp.unil.ch\/hydrology\/wp-json\/wp\/v2\/pages\/610","targetHints":{"allow":["GET"]}}],"collection":[{"href":"https:\/\/wp.unil.ch\/hydrology\/wp-json\/wp\/v2\/pages"}],"about":[{"href":"https:\/\/wp.unil.ch\/hydrology\/wp-json\/wp\/v2\/types\/page"}],"author":[{"embeddable":true,"href":"https:\/\/wp.unil.ch\/hydrology\/wp-json\/wp\/v2\/users\/1002976"}],"replies":[{"embeddable":true,"href":"https:\/\/wp.unil.ch\/hydrology\/wp-json\/wp\/v2\/comments?post=610"}],"version-history":[{"count":5,"href":"https:\/\/wp.unil.ch\/hydrology\/wp-json\/wp\/v2\/pages\/610\/revisions"}],"predecessor-version":[{"id":791,"href":"https:\/\/wp.unil.ch\/hydrology\/wp-json\/wp\/v2\/pages\/610\/revisions\/791"}],"wp:attachment":[{"href":"https:\/\/wp.unil.ch\/hydrology\/wp-json\/wp\/v2\/media?parent=610"}],"curies":[{"name":"wp","href":"https:\/\/api.w.org\/{rel}","templated":true}]}}