{"id":188,"date":"2023-12-01T16:40:22","date_gmt":"2023-12-01T15:40:22","guid":{"rendered":"https:\/\/wp.unil.ch\/hydrology\/?page_id=188"},"modified":"2026-02-13T17:53:47","modified_gmt":"2026-02-13T16:53:47","slug":"chamberonne-catchment","status":"publish","type":"page","link":"https:\/\/wp.unil.ch\/hydrology\/field-sites\/chamberonne-catchment\/","title":{"rendered":"Chamberonne catchment"},"content":{"rendered":"\n<p><a href=\"https:\/\/wp.unil.ch\/hydrology\/le-bassin-versant-de-la-chamberonne\/\" data-type=\"link\" data-id=\"https:\/\/wp.unil.ch\/hydrology\/le-bassin-versant-de-la-chamberonne\/\">Lire cette page en fran\u00e7ais<\/a><\/p>\n\n\n\n<div class=\"wp-block-media-text has-media-on-the-right is-stacked-on-mobile\" style=\"grid-template-columns:auto 40%\"><div class=\"wp-block-media-text__content\">\n<p>The Chamberonne River is located in the west of Lausanne in the Canton of Vaud. It is 23.5 km long and it is composed of the Sorge and the M\u00e8bre tributaries. Its catchment has an area of about 40 km<sup>2<\/sup> and is part of the broader Rh\u00f4ne River catchment. It has a mixed land use with a sharp transition from upper forested and agricultural areas to lower urban areas. The river flows through the EPFL and UNIL campuses before reaching Lake L\u00e9man. With a north-south flow, its catchment has the typical configuration of the Swiss Lemanic Rivers.<\/p>\n<\/div><figure class=\"wp-block-media-text__media\"><img loading=\"lazy\" decoding=\"async\" width=\"795\" height=\"1024\" src=\"https:\/\/wp.unil.ch\/hydrology\/files\/2025\/03\/bv_chamberonne_aerial-795x1024.png\" alt=\"bv chamberonne aerial\" class=\"wp-image-595 size-full\" srcset=\"https:\/\/wp.unil.ch\/hydrology\/files\/2025\/03\/bv_chamberonne_aerial-795x1024.png 795w, https:\/\/wp.unil.ch\/hydrology\/files\/2025\/03\/bv_chamberonne_aerial-233x300.png 233w, https:\/\/wp.unil.ch\/hydrology\/files\/2025\/03\/bv_chamberonne_aerial-768x989.png 768w, https:\/\/wp.unil.ch\/hydrology\/files\/2025\/03\/bv_chamberonne_aerial-540x696.png 540w, https:\/\/wp.unil.ch\/hydrology\/files\/2025\/03\/bv_chamberonne_aerial.png 833w\" sizes=\"auto, (max-width: 795px) 100vw, 795px\" \/><\/figure><\/div>\n\n\n\n<h2 class=\"wp-block-heading\"><strong>Challenges \/ Opportunities<\/strong><\/h2>\n\n\n\n<p>The Chamberonne is a compelling case study for water resources management because it encapsulates many of the major challenges faced by urban rivers: administrative responsibilities are shared across 13 municipalities; there is a sharp land use transition from forest and agriculture to urban (the urban surface increased by 11% in the period 1985-2018 and it&#8217;s been further increasing since then), resulting in the alternation of protected areas, naturalistic trails but also kilometers of river network channelized underground; water quality is often poor due to outdated hydraulic infrastructures, stormflow bypass systems often releasing untreated sewage water into the river during storms, and multiple unidentified point pollution sources. These challenges are common among many urban rivers in Switzerland and worldwide.<\/p>\n\n\n\n<p>Because of these challenges, the Chamberonne is also at the center of two major initiatives carried out by the Canton of Vaud: the Plan r\u00e9gional d\u2019\u00e9vacuation des eaux (PREE) de la Chamberonne (whose development started in 2018 with the goals of improving the management of the Chamberonne drainage basin) and the Broye-Chamberonne renaturation project (<a href=\"https:\/\/broye-chamberonne.ch\/ecf-chamberonne\/\">https:\/\/broye-chamberonne.ch\/ecf-chamberonne\/<\/a>), which will substantially modify the morphology of the river close to its mouth.<\/p>\n\n\n\n<p>The proximity of the Chamberonne to the UNIL\/EPFL campuses represents a unique opportunity for teaching, research and innovation. Many Environmental Science courses include excursions and activities on the Chamberonne and some are developed in collaboration with local associations. To facilitate exchanges and develop new ideas, an academic network around the Chamberonne has been created in spring 2025. Every person\/group interested in collaborating and developing new projects is welcome to join this network.<\/p>\n\n\n<div class=\"wp-block-image\">\n<figure class=\"aligncenter size-large\"><img loading=\"lazy\" decoding=\"async\" width=\"1024\" height=\"547\" src=\"https:\/\/wp.unil.ch\/hydrology\/files\/2025\/03\/chamberonne_land_use_photo-1024x547.jpg\" alt=\"chamberonne land use photo\" class=\"wp-image-597\" srcset=\"https:\/\/wp.unil.ch\/hydrology\/files\/2025\/03\/chamberonne_land_use_photo-1024x547.jpg 1024w, https:\/\/wp.unil.ch\/hydrology\/files\/2025\/03\/chamberonne_land_use_photo-300x160.jpg 300w, https:\/\/wp.unil.ch\/hydrology\/files\/2025\/03\/chamberonne_land_use_photo-768x410.jpg 768w, https:\/\/wp.unil.ch\/hydrology\/files\/2025\/03\/chamberonne_land_use_photo-540x288.jpg 540w, https:\/\/wp.unil.ch\/hydrology\/files\/2025\/03\/chamberonne_land_use_photo-1080x577.jpg 1080w, https:\/\/wp.unil.ch\/hydrology\/files\/2025\/03\/chamberonne_land_use_photo.jpg 1217w\" sizes=\"auto, (max-width: 1024px) 100vw, 1024px\" \/><figcaption class=\"wp-element-caption\">Map of the Chamberonne catchment land use.<\/figcaption><\/figure>\n<\/div>\n\n\n<h2 class=\"wp-block-heading\"><strong>Ongoing activities<\/strong><\/h2>\n\n\n\n<p>Besides the major initiatives led by the Canton of Vaud, there exist various activities carried out by individual research groups at UNIL and EPFL. Some of them are listed below.<\/p>\n\n\n\n<ul class=\"wp-block-list\">\n<li>The UNIL hydrology group (Paolo Benettin) has deployed sensors at 4 locations on the M\u00e8bre and Sorge and a weather station on the G\u00e9opolis building. Weekly samples of rainwater and streamwater are also collected for chemical analyses since the Fall 2024. Ongoing master projects aim at sampling water and sediments during storm events. <br><\/li>\n\n\n\n<li>The Institute of Earth Surface Dynamics (IDYST) at UNIL operates a permanent station on the Chamberonne close to its mouth, with multiple sensors, cameras and an automated sampler permanently in place. <br><\/li>\n\n\n\n<li>The EPFL UrbanTwins project (Paolo Perona and Rizlan Bernier-Latmani) has deployed several sensors along the Sorge tributary to study the impact of EPFL campus on streamwater. The data is available online on the <a href=\"https:\/\/water-portal.epfl.ch\/\">EPFL Water Portal<\/a>.<br><\/li>\n\n\n\n<li>The UNIL group led by C\u00e9line Weyermann and previously by Nicolas Estoppey deployed passive samplers at many locations on the Chamberonne waters to identify point pollution sources along the river.<br><\/li>\n\n\n\n<li>The EPFL Ecotox Center (Beno\u00eet Ferrari, Carmen Casado Martinez, R\u00e9becca Beauvais) participated in several ecotoxicology projects on the Chamberonne. <br><\/li>\n\n\n\n<li>The former EPFL ECHO lab (Andrea Rinaldo) used to operate 4 discharge gauging stations a meteo station on campus and a pluviometer and collected about 7 years of data from 2012 to 2019.<br><\/li>\n\n\n\n<li>The Swiss Federal Institute for Forest, Snow and Landscape Research (WSL) operates the <a href=\"https:\/\/lwf.wsl.ch\/en\/flaechen\/lausanne\/\">Lausanne Forest station<\/a>, as part of the Long-Term Forest Ecosystem Research (LWF) programme. The station is located within the national parc of Jorat, which is next to the east headwaters of the Chamberonne watershed.<br><\/li>\n\n\n\n<li>Many EPFL and UNIL courses include some field activities on the Chamberonne. For example, courses in: Geochemistry, Ecotoxicology, Solute transport, River Hydraulics, Environmental Geophysics, Water Resources Management.<br><\/li>\n\n\n\n<li>Many outreach activities for children and the general public are carried out on the Chamberonne by associations like L&#8217;\u00e9prouvette, Myc\u00e9lium, Ville en t\u00eate, la Maison de la Rivi\u00e8re.<\/li>\n<\/ul>\n\n\n\n<details class=\"wp-block-details is-layout-flow wp-block-details-is-layout-flow\"><summary>Publications<\/summary>\n<p><strong>Journal articles \/ Reports<\/strong><\/p>\n\n\n\n<p>Pfeiffer,&nbsp;F., Tascon,&nbsp;I., Estoppey,&nbsp;N., Weyermann,&nbsp;C. (2024): Investigation des sources de pollutions aquatiques. In: Environnement et justice. M\u00e9langes en l&#8217;honneur de la Prof. Anne-Christine Favre. St\u00e4mpfli \u00c9ditions SA Berne, 317-328, <a href=\"https:\/\/serval.unil.ch\/notice\/serval:BIB_6B00719280AA\">https:\/\/serval.unil.ch\/notice\/serval:BIB_6B00719280AA<\/a><\/p>\n\n\n\n<p>Halder, J., Pralong, C., Bonvin, F., Lambiel, F., Vennemann, T. (2014) Application of \u03b4<sup>18<\/sup>O, \u03b4<sup>13<\/sup>C<sub>DIC<\/sub>, and major ions to evaluate micropollutant sources in the Bay of Vidy, Lake Geneva. Isot Environ Health Stud. 52 : 94\u2013111. <a href=\"https:\/\/doi.org\/10.1080\/10256016.2014.971786\">https:\/\/doi.org\/10.1080\/10256016.2014.971786<\/a><\/p>\n\n\n\n<p>Rossi, L., Chesaux, L. (2013). Sources diffuses de micropolluants dans le L\u00e9man : Etude de bassins versants sp\u00e9cifiques et d\u00e9finition d\u2019outils d\u2019extrapolation. Rapport d\u2019\u00e9tude de l\u2019EPFL, laboratoire de technologie \u00e9cologique (ECOL), sur mandat de l\u2019Office f\u00e9d\u00e9ral de l\u2019environnement (OFEV). <a href=\"https:\/\/infoscience.epfl.ch\/entities\/publication\/39e08516-4ca1-4f73-89d3-8d39b6993e2d\/full\">https:\/\/infoscience.epfl.ch\/entities\/publication\/39e08516-4ca1-4f73-89d3-8d39b6993e2d\/full<\/a><\/p>\n\n\n\n<p>Bonvin, F., Ch\u00e8vre, N., Rutler, N., Kohn, T. (2012) Pharmaceuticals and their human metabolites in Lake Geneva: occurrence, fate and ecotoxicological relevance. Archs. Sci. 65 : 143-156, <a href=\"https:\/\/doi.org\/10.5169\/seals-738357\">https:\/\/doi.org\/10.5169\/seals-738357<\/a><\/p>\n\n\n\n<p><strong>MSc Theses<\/strong><\/p>\n\n\n\n<p>Borriero, A. (2020): Variability of major ion concentrations in the M\u00e8bre river : field experiments and modeling. Master thesis, EPFL \/ Padova, ECHO.<\/p>\n\n\n\n<p>Passera, L. (2019): Metal transport in the Chamberonne basin \u2013 focus on suspended solids. Master thesis, UNIL, IDYST.<\/p>\n\n\n\n<p>Gyger, M. (2018): Seasonal contamination and biomagnification of polybrominated diphenyl ethers (PBDEs) in the river La Sorge. Master thesis, UNIL, IDYST.<\/p>\n\n\n\n<p>Kjelberg, F. (2018): Quantification saisonni\u00e8re de la contamination et de la bioamplification des polychlorobiph\u00e9nyles (PCB) le long d\u2019une cha\u00eene trophique d\u2019eau douce : la rivi\u00e8re de la Sorge. Master thesis, UNIL, IDYST.<\/p>\n\n\n\n<p>Trujillo Gomez, M. (2018): Quantifying fine particle transport in the Chamberonne. Master thesis, UNIL, IDYST.<\/p>\n\n\n\n<p>Denervaud, A. (2017): Gauging the highs: design and realization of a water sampling campaign during high and low streamflow. Master thesis, EPFL, ECHO.<\/p>\n\n\n\n<p>Broadhurst, M. (2014): Mod\u00e8le hydrologique de pr\u00e9vision de d\u00e9bit pour le bassin versant de la Chamberonne. Master thesis, EPFL, ECOL.<\/p>\n\n\n\n<p>Stalder, P. (2013): Hydrology and Pesticide Transport Modelling in the Petite Chamberonne catchment. Master thesis, EPFL, ECHO.<\/p>\n\n\n\n<p>Muniz Miranda, G. (2012): Gestion int\u00e9gr\u00e9e des ressources en eau dans le bassin versant de la M\u00e8bre-Sorge. Master thesis, UNIL, IGD.<\/p>\n\n\n\n<p>Pralong, C. (2011): Utilisation du rapport isotopique du carbone inorganique dissous comme traceur environnemental du syst\u00e8me aquatique de la baie de Vidy. Master thesis, UNIL, IDYST.<\/p>\n\n\n\n<p><strong>Semester Projects<\/strong><\/p>\n\n\n\n<p>Manetti, N. (2021): Data analysis of the Chamberonne river with R. Master project, EPFL, ECHO.<\/p>\n\n\n\n<p>Steullet, L. (2018): Sampling stream water during a storm event. SIE project, EPFL, ECHO.<\/p>\n\n\n\n<p>Fleury, L. (2017): Designing and conducting a water sampling campaign on the M\u00e8bre River. SIE project, EPFL, ECHO.<\/p>\n\n\n\n<p>Ficheux, L. (2016): Assessing the dilution effect in a river during storm events : Evolution of solute concentrations of the Sorge sampled during storm events. SIE project, EPFL, ECHO.<\/p>\n\n\n\n<p>S\u00e9chaud, A. (2016): Designing and conducting a water sampling campaign on the M\u00e8bre River. SIE project, EPFL, ECHO.<\/p>\n\n\n\n<p>Le Roy, B. (2013): Calibration of an hydrology modelling in the Sorge catchment. SIE project, EPFL, ECHO.<\/p>\n\n\n\n<p>Moal, O. (2013): Analyse des pesticides du bassin versant de la Chamberonne. SIE project, EPFL, ECHO.<\/p>\n\n\n\n<p>Stalder, S. (2012): Identification des sources de pesticides agricoles dans le bassin versant de la Chamberonne. SIE project, EPFL, ECHO.<\/p>\n\n\n\n<p>Sidler, J. (2012): Impacts de la station de pompage d\u2019eau du lac de l\u2019EPFL et de l\u2019UNIL sur la Chamberonne. SIE project, EPFL, ECOL.<\/p>\n\n\n\n<p>Imfeld, C. (2011): Calibration d&#8217;un mod\u00e8le pluie-d\u00e9bit g\u00e9omorphologique pour la Chamberonne. SIE project, EPFL, ECHO.<\/p>\n\n\n\n<p>Schneider, K. (2009): Syst\u00e8me modulaire gradu\u00e9 : \u00c9tat des lieux des donn\u00e9es existant pour le bassin versant de la M\u00e8bre et la Sorge. SIE, EPFL, ECOL.<\/p>\n\n\n\n<p><strong>BSc theses<\/strong><\/p>\n\n\n\n<p>Lambiel, F. (2010): Qualitative and quantitative water assessment of the Chamberonne River (Switzerland) on the basis of stable isotope compositions. Bachelor thesis, UNIL, IMG.<\/p>\n<\/details>\n\n\n\n<h2 class=\"wp-block-heading\"><strong>Interactive map<\/strong>s<\/h2>\n\n\n\n<p>The maps below shows the watershed (approximate boundaries based on topography) and the main gauging points along its network:<\/p>\n\n\n\n<h3 class=\"wp-block-heading\">Swiss topographic map<\/h3>\n\n\n\n\n<!-- iframe plugin v.6.0 wordpress.org\/plugins\/iframe\/ -->\n<iframe src=\"https:\/\/map.geo.admin.ch\/#\/embed?lang=en&#038;center=2538755.54,1156719.75&#038;z=4.808&#038;topic=ech&#038;layers=ch.swisstopo.zeitreihen@year=1864,f;ch.bfs.gebaeude_wohnungs_register,f;ch.bav.haltestellen-oev,f;ch.swisstopo.swisstlm3d-wanderwege,f;ch.vbs.schiessanzeigen,f;ch.astra.wanderland-sperrungen_umleitungen,f;KML%7Chttps:\/\/raw.githubusercontent.com\/pbenettin\/WebGeodataPBenettin\/refs\/heads\/main\/Chamberonne_data\/Chamberonne_topographic_borders.kml@style=geoadmin@clampToGround=false,,0.79;KML%7Chttps:\/\/raw.githubusercontent.com\/pbenettin\/WebGeodataPBenettin\/refs\/heads\/main\/Chamberonne_data\/meteo_stations_for_Web.kml@features=,f;KML%7Chttps:\/\/raw.githubusercontent.com\/pbenettin\/WebGeodataPBenettin\/refs\/heads\/main\/Chamberonne_data\/stream_stations_for_Web.kml&#038;bgLayer=ch.swisstopo.pixelkarte-farbe&#038;featureInfo=default\" width=\"100%\" height=\"700\" style=\"border:0;\" loading=\"lazy\" referrerpolicy=\"no-referrer-when-downgrade\" 0=\"allowfullscreen\" scrolling=\"yes\" class=\"iframe-class\" frameborder=\"0\"><\/iframe>\n\n\n\n\n<h3 class=\"wp-block-heading\">Google maps<\/h3>\n\n\n\n\n<!-- iframe plugin v.6.0 wordpress.org\/plugins\/iframe\/ -->\n<iframe loading=\"lazy\" src=\"https:\/\/www.google.com\/maps\/d\/u\/0\/embed?mid=1eEy4B3AdyE0XKBlEhHtztL8e4nqkqf4&#038;ehbc=2E312F&#038;noprof=1\" width=\"480\" height=\"640\" scrolling=\"yes\" class=\"iframe-class\" frameborder=\"0\"><\/iframe>\n\n","protected":false},"excerpt":{"rendered":"<p>Lire cette page en fran\u00e7ais The Chamberonne River is located in the west of Lausanne in the Canton of Vaud. It is 23.5 km long and it is&hellip;<\/p>\n","protected":false},"author":1002724,"featured_media":0,"parent":169,"menu_order":0,"comment_status":"closed","ping_status":"closed","template":"template-full-width.php","meta":{"_seopress_robots_primary_cat":"","_seopress_titles_title":"%%post_title%% %%sep%% %%sitetitle%%","_seopress_titles_desc":"The Chamberonne River is in the Canton of Vaud near Lausanne. It flows through the EPFL and UNIL campuses before reaching Lake Geneva.","_seopress_robots_index":"","footnotes":""},"class_list":["post-188","page","type-page","status-publish","has-post-thumbnail"],"_links":{"self":[{"href":"https:\/\/wp.unil.ch\/hydrology\/wp-json\/wp\/v2\/pages\/188","targetHints":{"allow":["GET"]}}],"collection":[{"href":"https:\/\/wp.unil.ch\/hydrology\/wp-json\/wp\/v2\/pages"}],"about":[{"href":"https:\/\/wp.unil.ch\/hydrology\/wp-json\/wp\/v2\/types\/page"}],"author":[{"embeddable":true,"href":"https:\/\/wp.unil.ch\/hydrology\/wp-json\/wp\/v2\/users\/1002724"}],"replies":[{"embeddable":true,"href":"https:\/\/wp.unil.ch\/hydrology\/wp-json\/wp\/v2\/comments?post=188"}],"version-history":[{"count":5,"href":"https:\/\/wp.unil.ch\/hydrology\/wp-json\/wp\/v2\/pages\/188\/revisions"}],"predecessor-version":[{"id":792,"href":"https:\/\/wp.unil.ch\/hydrology\/wp-json\/wp\/v2\/pages\/188\/revisions\/792"}],"up":[{"embeddable":true,"href":"https:\/\/wp.unil.ch\/hydrology\/wp-json\/wp\/v2\/pages\/169"}],"wp:attachment":[{"href":"https:\/\/wp.unil.ch\/hydrology\/wp-json\/wp\/v2\/media?parent=188"}],"curies":[{"name":"wp","href":"https:\/\/api.w.org\/{rel}","templated":true}]}}