{"id":196,"date":"2021-08-11T10:59:18","date_gmt":"2021-08-11T08:59:18","guid":{"rendered":"https:\/\/wp.unil.ch\/hydmet\/?page_id=196"},"modified":"2026-03-14T15:01:51","modified_gmt":"2026-03-14T14:01:51","slug":"group-publications","status":"publish","type":"page","link":"https:\/\/wp.unil.ch\/hydmet\/group-publications\/","title":{"rendered":"Publications"},"content":{"rendered":"\n<p class=\"has-large-font-size\"><span style=\"text-decoration: underline\">2026<\/span><\/p>\n\n\n\n<ul class=\"wp-block-list\">\n<li>Li, T., Yin, S., Xiao, Y., Peleg, N., <strong>A tailored deep learning method to improve spatial rainfall downscaling<\/strong>. Journal of Hydrology, 671, 135272.<\/li>\n\n\n\n<li>Roger, C., Hendrick, M,. Burger, M., Peleg, N., Fatichi, S., Manoli, G., <strong>Hourly urban air temperature forecasting with graph machine learning<\/strong>. ARC Geophysical Research, 2, 3.<\/li>\n\n\n\n<li>Urdiales-Flores, O., Koukoula, M., Prein, A., de Vries, A., Mariethoz, G., Bendix, J., Dominguez, F., Celleri, G., Peleg, N., <strong>Are urban impacts on extreme rainfall amplified in mountainous regions?<\/strong> Environmental Research Letters, 21, 44016.<\/li>\n\n\n\n<li>Li, T., Yin, S., Xiao, Y., Wang, M., Chen, L., Zou, W., Peleg, N., <strong>Quantifying rainfall variability and potential hazards of extreme events in Beijing through stochastic simulations<\/strong>. Journal of Hydrology: Regional Studies, 63, 103068.<\/li>\n<\/ul>\n\n\n\n<p class=\"has-large-font-size\"><span style=\"text-decoration: underline\">2025<\/span><\/p>\n\n\n\n<ul class=\"wp-block-list\">\n<li>Torell\u00f3-Sentelles, H., Koukoula, M., Villarini, G., Marra, F., Peleg, N., <strong>When storms slow down: Urban effects on rainfall accumulation and flood hazard<\/strong>. npj Natural Hazards, 2, 106<\/li>\n\n\n\n<li>Lian, T., Peleg, N., Bonetti, S., <strong>The effects of rainfall temporal variability on landscape evolution<\/strong>. JGR: Earth Surface, 130, e2025JF008307.<\/li>\n\n\n\n<li>Peleg, N., Koukoula M., Rajczak, J., Kotlarski, S., Dallan, E., Marra, F., <strong>Hotter summers, heavier showers: global warming and its impact on Swiss short-duration rainfall extremes<\/strong>. Weather and Climate Extremes, 50, 100829.<\/li>\n\n\n\n<li>Chen, M., Mahto, S.S., He, X., Jun, C., Paschalis, A., Peleg, N., Mascaro, G., Fatichi, S., <strong>Record-breaking rainfall: a stochastic approach for its prediction<\/strong>. npj Natural Hazards, 2, 98.<\/li>\n\n\n\n<li>Zhuang, Q., Koukoula, M., Liu, S., Zhou, Z., Peleg, N., <strong>Escalating typhoon risks in Shanghai amid shifting tracks driven by urbanization and sea surface temperature warming<\/strong>. Weather and Climate Dynamics, 6, 1267-1281.<\/li>\n\n\n\n<li>Hass, S.J., Peleg, N., Kirchengast, G., Fuchsberger, J., <strong>Sources and characteristics of heavy convective precipitation in the southeastern Alpine forelands<\/strong>. Journal of Hydrometeorology, 26, 1089\u20131100.<\/li>\n\n\n\n<li>Zou, W., Wright, D.B., Peleg, N., <strong>Morphing sub-daily rainfall fields based on temperature shifts to project future changes in rainfall extremes<\/strong>. Water Resources Research, 61, e2024WR038847.<\/li>\n\n\n\n<li>Jiang, F., Fatichi, S., Losapio, G., Peleg, N., <strong>Future glacier retreat and forest expansion in the Swiss Alps provide limited benefits for carbon sinks<\/strong>. Agricultural and Forest Meteorology, 372, 110682.<\/li>\n\n\n\n<li>Cache, T., Bevacqua, E., Zscheischler, J., Blagojevic, J., M\u00fcller-Thomy, H., Peleg, N., <strong>Simulating realistic design storms: a joint return period approach<\/strong>. Water Resources Research, 61, e2024WR039739.<\/li>\n\n\n\n<li>Peleg, N., Koukoula, M., Marra, F., <strong>A 2\u00b0C warming can double the frequency of extreme summer downpours in the Alps<\/strong>. npj Climate and Atmospheric Science, 8, 216.<\/li>\n\n\n\n<li>Torell\u00f3-Sentelles, H., Villarini, G., Koukoula, M., Peleg, N., <strong>Impacts of urban dynamics and thermodynamics on convective rainfall across different urban forms<\/strong>. Urban Climate, 62, 102499.<\/li>\n\n\n\n<li>Laux, P., Feldmann, D., Marra, F., Fledmann, H., Kunstmann, H., Trachte, K., Peleg., N, <strong>Future precipitation extremes and urban flood risk assessment using a non-stationary and convection-permitting climate-hydrodynamic modeling framework<\/strong>. Journal of Hydrology, 661B, 133607.<\/li>\n\n\n\n<li>Urdiales-Flores, O., Celleri, G., Mariethoz, J., Bendix, Peleg, N., <strong>Heavy rainfall patterns and high streamflow dynamics in the southern Ecuadorian Andes<\/strong>. Journal of Hydrometeorology, 26, 725-739.<\/li>\n\n\n\n<li>Wakjira, M.T., Peleg, N., Six, J., Molnar, P., <strong>Green water availability and water-limited crop yields under a changing climate in Ethiopia<\/strong>. Hydrology and Earth System Sciences, 29, 863-886.<\/li>\n\n\n\n<li>Kramer, I., Peleg, N., Mau, Y., <strong>Rising temperatures increase risk of soil salinity and land degradation in water-scarce regions<\/strong>. Agricultural Water Management, 307, 109223.<\/li>\n\n\n\n<li>Marra, F., Peleg, N., Cristiano, E., Nikolopoulos, E.I., Remondi, F., Tarolli, P., <strong>Preface: Hydro-meteorological extremes and hazards: vulnerability, risk, impacts, and mitigation<\/strong>. Natural Hazards and Earth System Sciences, 25, 2565\u20132570.<\/li>\n\n\n\n<li>Eeckman, J., De Grenus, B., Miesen, F., Thornton, J., Brunner, P., Peleg, N., <strong>Multi-instrumental monitoring of snowmelt infiltration in Vallon de Nant, Swiss Alps<\/strong>. Hydrology and Earth System Sciences, 29, 4093-4107.<\/li>\n\n\n\n<li>Zeng, Z., Peleg, N., Chen, H., Zhuo, L., <strong>Multi-factor spatial downscaling of satellite precipitation based on vegetation index and elevation<\/strong>. IEEE Journal of Selected Topics in Applied Earth Observations and Remote Sensing, 19, 3260-3273.<\/li>\n<\/ul>\n\n\n\n<p class=\"has-large-font-size\"><span style=\"text-decoration: underline\"><span style=\"text-decoration: underline\">2024<\/span><\/span><\/p>\n\n\n\n<ul class=\"wp-block-list\">\n<li>Cache, T., Gomez, M.S., Beucler, T., Blagojevic, J., Leitao, J.P., Peleg, N., <strong>Enhancing generalizability of data-driven urban flood models by incorporating contextual information<\/strong>. Hydrology and Earth System Sciences, 28, 5443-5458.<\/li>\n\n\n\n<li>Urdiales-Flores, D., Zittis, G., Hadjinicolaou, P., Cherchi, A., Alessandri, A., Peleg, N., Lelieveld, J., <strong>A global analysis of historical and future changes in Mediterranean climate-type regions<\/strong>. International Journal of Climatology.<\/li>\n\n\n\n<li>Torell\u00f3-Sentelles, H., Marra, F., Koukoula, M., Villarini, G., Peleg, N., <strong>Intensification and changing spatial extent of heavy rainfall in urban areas<\/strong>. Earth&#8217;s Future, 45, e2024EF004505.<\/li>\n\n\n\n<li>Peleg, N., Wright, D.B., Fowler, H.J., Leitao, J.P., Sharma, A., Marra, F., <strong>A simple and robust approach for adapting design storms to assess climate-induced changes in flash flood hazard.<\/strong> Advances in Water Resources, 193, 104823.<\/li>\n\n\n\n<li>Wakjira, M.T., Peleg, N., Six, J., Molnar, P., <strong>Current and future cropland suitability for cereal production across the rainfed agricultural landscapes of Ethiopia<\/strong>. Agricultural and Forest Meteorology, 358, 110262.<\/li>\n\n\n\n<li>Benoit, L., Koch, E., Peleg, N., Mari\u00e9thoz, G., <strong>Precipitation-elevation relationship: non-linearity and space-time variability prevail in the Swiss Alps<\/strong>. Journal of Hydrology X, 100186.<\/li>\n\n\n\n<li>Zhuang, Q., Koukoula, M., Liu, S., Zhou, Z., Gao, L., Peleg, N., <strong>Contradictory influences of urbanization on intense convective rainfall in a subtropical city<\/strong>. Environmental Research Letters, 19, 104020.<\/li>\n\n\n\n<li>Zou, W., Hu, G., Wiersma, P., Yin, S., Xiao, Y., Mariethoz, G., Peleg, N., <strong>Multiple-point geostatistics-based spatial downscaling of heavy rainfall fields<\/strong>. Journal of Hydrology, 632, 130899.<\/li>\n\n\n\n<li>Marra, F., Koukoula, M., Canale, A., Peleg, N., <strong>Predicting extreme sub-hourly precipitation intensification based on temperature shifts<\/strong>, Hydrology and Earth System Sciences, 28, 375\u2013389.<\/li>\n\n\n\n<li>Moraga, J.S., Peleg, N., Burlando, P., <strong>Modeling temperature-dependent sub-daily extreme rainfall with a gridded weather generator<\/strong>. Earth and Space Science, 11, e2023EA003403.<\/li>\n\n\n\n<li>Armon, M., de Vries, A., Marra, F., Peleg N., Wernli, H., <strong>Saharan rainfall climatology and its relationship with surface cyclones<\/strong>, Weather and Climate Extremes, 43, 100638.<\/li>\n<\/ul>\n\n\n\n<p class=\"has-large-font-size\"><span style=\"text-decoration: underline\"><span style=\"text-decoration: underline\">2023<\/span><\/span><\/p>\n\n\n\n<ul class=\"wp-block-list\">\n<li>Cache, T., Ramirez J., Molnar, P., Ruiz-Villanueva, V., Peleg N., <strong>Increased erosion in a pre-Alpine region contrasts with a future decrease in precipitation and snowmelt<\/strong>, Geomorphology, 108782. <\/li>\n\n\n\n<li>Nissan, A., Alcolombri, U., Peleg, N., Galili, N., Jimenez-Martinez, J., Molnar, P., Holzner, N., <strong>Global warming accelerates soil heterotrophic respiration<\/strong>, Nature Communication, 14, 3452.<\/li>\n\n\n\n<li>Sauter, C., Fowler, H., Westra, S., Ali, H., Peleg, N., White, C., <strong>Compound extreme hourly rainfall preconditioned by heatwaves most likely in the mid-latitudes<\/strong>, Weather and Climate Extremes, 40, 100563.<\/li>\n\n\n\n<li>Peleg, N., Torell\u00f3-Sentelles, H., Mari\u00e9thoz, G., Benoit, L., Leit\u00e3o, J. P., Marra, F., <strong>Brief communication: The potential use of low-cost acoustic sensors to detect rainfall for short-term urban flood warnings<\/strong>, Natural Hazards Earth Systems Science, 23, 1233\u20131240.<\/li>\n\n\n\n<li>Ramirez, J.A., Peleg, N., Baird, A.J., Young, D.M., Morris, P.J., Larocque, M., Garneau, M., <strong>Modelling peatland development in high-boreal Quebec, Canada, with DigiBog_Boreal<\/strong>. Ecological Modelling, 478, 110298.<\/li>\n\n\n\n<li>Wakjira, M.T., Peleg, N., Burlando, P., Molnar, P., <strong>Gridded daily 2-m air temperature dataset for Ethiopia derived by debiasing and downscaling ERA5-Land for the period 1981-2010.<\/strong> Data in Brief, 46, 108844.<\/li>\n<\/ul>\n\n\n\n<p class=\"has-large-font-size\"><span style=\"text-decoration: underline\"><span style=\"text-decoration: underline\">2022<\/span><\/span><\/p>\n\n\n\n<ul class=\"wp-block-list\">\n<li>Chiu, C., Wang, K., Paschalis, A., Erfani, T., Peleg, N., Fatichi, S., Theeuwes, N., Manoli, G., <strong>An analytical approximation of urban heat and dry islands and their impact on convection triggering<\/strong>. Urban Climate, 46, 101346.<\/li>\n\n\n\n<li>Zhang, Y., Ragettli, S., Molnar, P., Fink, O., Peleg, N., <strong>Generalization of an Encoder-Decoder LSTM model for flood prediction in ungauged catchments.<\/strong> Journal of Hydrology, 641(B), 128577.<\/li>\n\n\n\n<li>Moraga, J.S., Peleg, N., Molnar, P., Fatichi, S., Burlando, P., <strong>Uncertainty in high-resolution hydrological projections: Partitioning the influence of climate models and natural climate variability.<\/strong> Hydrological Processes, 36(10), e14695.<\/li>\n\n\n\n<li>Torell\u00f3-Sentelles, H., Franzke, C., <strong>Drought impact links to meteorological drought indicators and predictability in Spain<\/strong>. Hydrology and Earth System Sciences, 26, p. 1821-1844.<\/li>\n\n\n\n<li>Peleg, N., Ban, N., Gibson, M., Chen, A., Paschalis, A., Burlando, P., Leit\u00e3o, J., <strong>Mapping storm spatial profiles for flood impact assessments<\/strong>. Advances in Water Resources, 104258.<\/li>\n\n\n\n<li>Huang, J., Fatichi, S., Mascaro, G., Manoli, G., Peleg, N., <strong>Intensification of sub-daily rainfall extremes in a low-rise urban area<\/strong>. Urban Climate, 42, 101124.<\/li>\n\n\n\n<li>Schirmer, M., Winstral, A., Jonas, T., Burlando, P., Peleg, N., <strong>Natural climate variability is an important aspect of future projections of snow water resources and rain-on-snow events<\/strong>. The Cryosphere, 16, p. 3469\u20133488.<\/li>\n\n\n\n<li>Richards, D.R., Belcher, R.N., Carrasco, L.R., Edwards, P.J., Fatichi, S., Hamel, P., Masoudi, M., McDonnell, M.J., Peleg, N., Stanley, M.C., <strong>Global variation in contributions to human well-being from urban vegetation ecosystem services<\/strong>. One Earth, 5(5), p. 522-533.<\/li>\n\n\n\n<li>Ramirez, J.A., Mertin, M., Peleg, N., Horton, P., Skinner, C., Zimmermann, M., Keiler, M., <strong>Modelling the long-term geomorphic response to check dam failures in an alpine channel with CAESAR-Lisflood<\/strong>. International Journal of Sediment Research, 37(5), p. 687-700.<\/li>\n\n\n\n<li>Marcolongo, A., Vladymyrov, M., Lienert, S., Peleg, N., Haug, S., Zscheischler, J., <strong>Predicting years with extremely low gross primary production from daily weather data using Convolutional Neural Networks.<\/strong> Environmental Data Science, 1, E2.<\/li>\n\n\n\n<li>Fischer et al., <strong>Climate Scenarios for Switzerland CH2018 \u2013 Approach and Implications.<\/strong> Climate Services, 26, 100288.<\/li>\n<\/ul>\n\n\n\n<p class=\"has-large-font-size\"><span style=\"text-decoration: underline\">2021<\/span><\/p>\n\n\n\n<ul class=\"wp-block-list\">\n<li>Fatichi, S., Peleg, N., Mastrotheodoros, T., Pappas, C., Manoli, G., <strong>An ecohydrological journey of 4500 years reveals a stable but threatened precipitation\u2013groundwater recharge relation around Jerusalem<\/strong>. Science Advances, 7, eabe6303.<\/li>\n\n\n\n<li>Moraga, J.S., Peleg, N., Fatichi, S., Molnar, P., Burlando, P., <strong>Revealing the impacts of climate change on mountainous catchments through high-resolution modelling<\/strong>. Journal of Hydrology, 603, 126806.<\/li>\n\n\n\n<li>Wakjira, M.T., Peleg, N., Anghileri, D., Molnar, D., Alamirew, T., Six, J., Molnar, P., <strong>Rainfall seasonality and timing: implications for cereal crop production in Ethiopia<\/strong>. Agricultural and Forest Meteorology, 310, 108633.<\/li>\n\n\n\n<li>Peleg, N., Skinner, C., Ramirez, J., Molnar, P., <strong>Rainfall spatial-heterogeneity accelerates landscape evolution processes<\/strong>. Geomorphology, 390, 107863.<\/li>\n\n\n\n<li>Ali, H.,&nbsp;Peleg, N., Fowler, H., <strong>Global scaling of rainfall with dewpoint temperature reveals considerable ocean-land difference<\/strong>. Geophysical Research Letters, 48, e2021GL093798.<\/li>\n\n\n\n<li>Meili, N., Acero, J.A., Peleg, N., Manoli, G., Burlando, P., Fatichi, S., <strong>Vegetation cover and plant-trait effects on the outdoor thermal comfort in a tropical city<\/strong>. Building and Environment, 195, 107733.<\/li>\n\n\n\n<li>Hirschberg, J., Fatichi, S., Bennett, G.L., McArdell, B.W., Peleg, N., Lane, S.N., Schlunegger, F., Molnar, P., <strong>Climate change impacts on sediment yield and debris-flow activity in an Alpine catchment<\/strong>. Journal of Geophysical Research: Earth Surface, 126(1).<\/li>\n\n\n\n<li>Nyman, P., Yeates, P., Langhans, C., Noske, P., Peleg, N., Lane, P., Haydon, S., Sheridan, G., <strong>Probability and consequence of postfire erosion for treatability of water in an unfiltered supply system<\/strong>. Water Resources Research, 57(1), 2019WR026185.<\/li>\n<\/ul>\n\n\n\n<hr class=\"wp-block-separator has-css-opacity\" \/>\n\n\n\n<p class=\"has-large-font-size\"><span style=\"text-decoration: underline\">2020<\/span><\/p>\n\n\n\n<ul class=\"wp-block-list\">\n<li>Peleg, N., Skinner, C., Fatichi, S., Molnar, P., <strong>Temperature effects on the spatial structure of heavy rainfall modify catchment hydro-morphological response<\/strong>. Earth Surface Dynamics, 8, p. 17-36.<\/li>\n\n\n\n<li>Peleg, N., Sinclair, S., Fatichi, S., Burlando, P., <strong>Downscaling climate projections over large and data sparse regions: methodological application in the Zambezi River Basin<\/strong>. International Journal of Climatology, p. 1-23.<\/li>\n\n\n\n<li>Skinner, C., Peleg, N., Quinn, N., Coulthard, T., Molnar, P., Freer, J., <strong>The impact of different rainfall products on landscape modelling simulations<\/strong>. Earth Surface Processes and Landforms.<\/li>\n<\/ul>\n\n\n\n<hr class=\"wp-block-separator has-css-opacity\" \/>\n\n\n\n<p class=\"has-large-font-size\"><span style=\"text-decoration: underline\">2010-2019<\/span><span style=\"text-decoration: underline\"><\/span><\/p>\n\n\n\n<ul class=\"wp-block-list\">\n<li>Peleg, N., Molnar, P., Burlando, P., Fatichi, S., (2019) <strong>Exploring stochastic climate uncertainty in space and time using a gridded hourly weather generator<\/strong>. Journal of Hydrology, 571, p. 627-641.<\/li>\n\n\n\n<li>Peleg, N., Marra, F., Fatichi, S., Molnar, P., Morin, E., Sharma, A., Burlando, P., (2018) <strong>Intensification of convective rain cells at warmer temperatures observed from high-resolution weather radar data<\/strong>. Journal of Hydrometeorology, 19, p. 715-726.<\/li>\n\n\n\n<li>Peleg, N., Marra, F., Fatichi, S., Paschalis, A., Molnar, P., Burlando, P., (2018), <strong>Spatial variability of extreme rainfall at radar subpixel scale<\/strong>. Journal of Hydrology, 556, p. 922-933.<\/li>\n\n\n\n<li>Peleg, N., Fatichi, S., Paschalis, A., Molnar, P., and Burlando, P., (2017) <strong>An advanced stochastic weather generator for simulating 2-D high resolution climate variables<\/strong>. Journal of Advances in Modeling Earth Systems, 9, p. 1595-1627.<\/li>\n\n\n\n<li>Belachsen, I., Marra, F., Peleg, N., Morin, E., (2017), <strong>Convective rainfall in dry climate: relations with synoptic systems and flash-flood generation in the Dead Sea region<\/strong>. Hydrology and Earth System Sciences, 21, p. 1595-1627.<\/li>\n\n\n\n<li>Peleg, N., Blumensaat, F., Molnar, P., Fatichi, S., Burlando, P., (2017), <strong>Partitioning the impacts of spatial and climatological rainfall variability in urban drainage modeling<\/strong>. Hydrology and Earth System Sciences, 21, p. 1559\u20131572.<\/li>\n\n\n\n<li>Marra, F., Morin, E., Peleg, N., Mei, Z., Anagnostou, E., (2017), <strong>Comparing Intensity\u2013Duration\u2013Frequency curves derived from CMORPH and radar rainfall estimates over the Eastern Mediterranean<\/strong>. Hydrology and Earth System Sciences, 21, p. 2389\u20132404.<\/li>\n\n\n\n<li>Ayala, A., Pellicciotti, F., Peleg, N., Burlando, P., (2017), <strong>Melt and surface sublimation across a glacier in a dry environment: Distributed energy balance modelling of Juncal Norte Glacier, Chile<\/strong>. Journal of Glaciology, 63, p. 803-822.<\/li>\n\n\n\n<li>Fatichi, S., Ivanov, V., Paschalis, A., Molnar, P., Rimkus, S., Kim, J., Peleg, N., Burlando, P., Caporali, E., (2016), <strong>Uncertainty partition challenges the predictability of vital details of climate change<\/strong>. Earth\u2019s Future, 4 (5), p. 240-251.<\/li>\n\n\n\n<li>Peleg, N., Shamir, E., Georgakakos, KP., Morin, E., (2015), <strong>A framework for assessing hydrological regime sensitivity to climate change in a convective rainfall environment: A case study of two medium-sized eastern Mediterranean catchments, Israel<\/strong>. Hydrology and Earth System Sciences, 19, p. 567\u2013581.<\/li>\n\n\n\n<li>Peleg, N., Bartov, M., Morin, E., (2014), <strong>CMIP5-predicted climate shifts over the East Mediterranean: implications for the transition region between Mediterranean and semi-arid climates<\/strong>. International Journal of Climatology, 35 (8), p. 2144-2153.<\/li>\n\n\n\n<li>Peleg, N., Morin, E., (2014), <strong>Stochastic convective rain-field simulation using a high-resolution synoptically conditioned weather generator (HiReS-WG)<\/strong>. Water Resources Research, 50 (3), p. 2124-2139.<\/li>\n\n\n\n<li>Peleg, N., Ben-Asher, M., Morin, E., (2013), <strong>Radar subpixel-scale rainfall variability and uncertainty: lessons learned from observations of a dense rain-gauge network<\/strong>. Hydrology and Earth System Sciences, 17, p. 2195-2208.<\/li>\n\n\n\n<li>Peleg, N., Morin, E., (2012), <strong>Convective rain cells: Radar-derived spatio-temporal characteristics and synoptic patterns over the Eastern Mediterranean<\/strong>. Journal of Geophysical Research, 117,D15116.<\/li>\n\n\n\n<li>Peleg, N., Morin, E., Gvirtzman, H., Enzel, Y., (2012), <strong>Rainfall, spring discharge and past human occupancy in the Eastern Mediterranean<\/strong>. Climatic Change, 112, p. 769-789.<\/li>\n\n\n\n<li>Peleg, N., Gvirtzman, H., (2010), <strong>Groundwater flow modeling of two-levels perched karstic leaking aquifers as a tool for estimating recharge and hydraulic parameters<\/strong>. Journal of Hydrology, 388, p. 13-27.<\/li>\n<\/ul>\n","protected":false},"excerpt":{"rendered":"<p>2026 2025 2024 2023 2022 2021 2020 2010-2019<\/p>\n","protected":false},"author":1002277,"featured_media":0,"parent":0,"menu_order":0,"comment_status":"closed","ping_status":"closed","template":"","meta":{"_seopress_robots_primary_cat":"","_seopress_titles_title":"","_seopress_titles_desc":"","_seopress_robots_index":"","footnotes":""},"class_list":["post-196","page","type-page","status-publish"],"_links":{"self":[{"href":"https:\/\/wp.unil.ch\/hydmet\/wp-json\/wp\/v2\/pages\/196","targetHints":{"allow":["GET"]}}],"collection":[{"href":"https:\/\/wp.unil.ch\/hydmet\/wp-json\/wp\/v2\/pages"}],"about":[{"href":"https:\/\/wp.unil.ch\/hydmet\/wp-json\/wp\/v2\/types\/page"}],"author":[{"embeddable":true,"href":"https:\/\/wp.unil.ch\/hydmet\/wp-json\/wp\/v2\/users\/1002277"}],"replies":[{"embeddable":true,"href":"https:\/\/wp.unil.ch\/hydmet\/wp-json\/wp\/v2\/comments?post=196"}],"version-history":[{"count":5,"href":"https:\/\/wp.unil.ch\/hydmet\/wp-json\/wp\/v2\/pages\/196\/revisions"}],"predecessor-version":[{"id":777,"href":"https:\/\/wp.unil.ch\/hydmet\/wp-json\/wp\/v2\/pages\/196\/revisions\/777"}],"wp:attachment":[{"href":"https:\/\/wp.unil.ch\/hydmet\/wp-json\/wp\/v2\/media?parent=196"}],"curies":[{"name":"wp","href":"https:\/\/api.w.org\/{rel}","templated":true}]}}