{"id":635,"date":"2024-04-16T13:14:42","date_gmt":"2024-04-16T11:14:42","guid":{"rendered":"https:\/\/wp.unil.ch\/hutobstour\/?page_id=635"},"modified":"2024-12-18T18:50:40","modified_gmt":"2024-12-18T17:50:40","slug":"refuge-remix","status":"publish","type":"page","link":"https:\/\/wp.unil.ch\/hutobstour\/refuge-remix\/","title":{"rendered":"Refuge Remix"},"content":{"rendered":"\n<div class=\"wp-block-group has-buttons-text-background-color has-background\"><div class=\"wp-block-group__inner-container is-layout-constrained wp-block-group-is-layout-constrained\">\n<figure class=\"wp-block-table has-small-font-size\"><table class=\"has-border-background-color has-background\"><tbody><tr><td><em>Refuge Remix<\/em>&nbsp;est un \u00e9v\u00e9nement cr\u00e9atif et collaboratif con\u00e7u pour repenser la place des refuges dans la montagne de demain face aux d\u00e9fis environnementaux et soci\u00e9taux. Il s\u2019inspire d\u2019op\u00e9rations de re-design d\u2019espaces dans des lieux ouverts au public, tels que les gares ou les mus\u00e9es, initi\u00e9es par le collectif <a href=\"https:\/\/museomix.org\/\">Mus\u00e9omix<\/a>.<\/td><\/tr><\/tbody><\/table><\/figure>\n\n\n\n<div style=\"height:0px\" aria-hidden=\"true\" class=\"wp-block-spacer\"><\/div>\n\n\n\n<p class=\"has-small-font-size\"><strong>Pourquoi un Refuge Remix ?<\/strong><\/p>\n\n\n\n<p class=\"has-small-font-size\">Le Refuge Remix vise \u00e0 contribuer \u00e0 la prospective des refuges en proposant des solutions innovantes aux dilemmes auxquels ils sont confront\u00e9s. L&rsquo;objectif est de faire \u00e9merger des id\u00e9es et de les partager avec les concepteurs, propri\u00e9taires, gestionnaires et gardiens de refuges, alimentant ainsi le d\u00e9bat sur la conception et l&rsquo;animation de ces lieux.<\/p>\n\n\n\n<p class=\"has-small-font-size\"><strong>Comment \u00e7a se passe ?<\/strong><\/p>\n\n\n\n<p class=\"has-small-font-size\">L&rsquo;\u00e9v\u00e9nement se d\u00e9roule sur trois jours, r\u00e9unissant des \u00ab\u00a0utilisateurs\u00a0\u00bb et des \u00ab\u00a0producteurs\u00a0\u00bb de refuges pour r\u00e9interroger les fondements culturels et fonctionnels des refuges dans une optique de convivialit\u00e9. Des prototypes concrets sont r\u00e9alis\u00e9s \u00e0 partir de mat\u00e9riaux l\u00e9gers et \u00e0 faible impact environnemental, facilement transportables \u00e0 pied.<\/p>\n\n\n\n<p class=\"has-small-font-size\"><strong>Programme des trois jours du Refuge Remix : <\/strong><\/p>\n\n\n\n<figure class=\"wp-block-table is-style-regular, .table-colored-columns has-small-font-size\"><table class=\"has-primary-color has-buttons-text-background-color has-text-color has-background has-link-color has-fixed-layout\"><thead><tr><th class=\"has-text-align-center\" data-align=\"center\">Jour 1<\/th><th class=\"has-text-align-center\" data-align=\"center\">Jour 2<\/th><th class=\"has-text-align-center\" data-align=\"center\">Jour 3<\/th><\/tr><\/thead><tbody><tr><td class=\"has-text-align-center\" data-align=\"center\">Mont\u00e9e \u00e0 la cabane<\/td><td class=\"has-text-align-center\" data-align=\"center\">Travail en \u00e9quipes<\/td><td class=\"has-text-align-center\" data-align=\"center\">Mise en r\u00e9cit<\/td><\/tr><tr><td class=\"has-text-align-center\" data-align=\"center\">Pique-nique<\/td><td class=\"has-text-align-center\" data-align=\"center\">Fabrication des prototypes<\/td><td class=\"has-text-align-center\" data-align=\"center\">Pr\u00e9sentation finale<\/td><\/tr><tr><td class=\"has-text-align-center\" data-align=\"center\">Immersion et inspiration<\/td><td class=\"has-text-align-center\" data-align=\"center\">Crash Test<\/td><td class=\"has-text-align-center\" data-align=\"center\">Descente de la cabane<\/td><\/tr><\/tbody><\/table><\/figure>\n\n\n\n<p><strong>Avec qui ?<\/strong><\/p>\n\n\n\n<p class=\"has-small-font-size\">Plusieurs \u00e9quipes avec des participant\u00b7e\u00b7s aux profils vari\u00e9s, recrut\u00e9es par cooptation et appel \u00e0 candidature, sont accompagn\u00e9es par un facilitateur ou une facilitatrice assurant le lien avec l&rsquo;\u00e9quipe d&rsquo;organisation.<\/p>\n\n\n\n<p class=\"has-buttons-text-color has-accent-background-color has-text-color has-background has-link-color wp-elements-1cc851bb1df6a1fdcde930aa31f12870\"><strong>Les trois \u00e9ditions de Refuge Remix<\/strong><\/p>\n\n\n\n<p class=\"has-small-font-size\"><a href=\"https:\/\/wp.unil.ch\/hutobstour\/refuge-remix-2019\/\" data-type=\"page\" data-id=\"710\">2019 au Refuge de l&rsquo;Alpe de Villar d&rsquo;Ar\u00e8ne (2071 m)<\/a><\/p>\n\n\n\n<p class=\"has-small-font-size\"><a href=\"https:\/\/wp.unil.ch\/hutobstour\/refuge-remix-2023\/\" data-type=\"page\" data-id=\"616\">2023 au Refuge du Couvercle  (2683 m)<\/a><\/p>\n\n\n\n<p class=\"has-small-font-size\"><a href=\"https:\/\/wp.unil.ch\/hutobstour\/refuge-remix-2024\/\" data-type=\"page\" data-id=\"655\">2024 \u00e0 la Cabane de Saleinaz (2691 m)<\/a><\/p>\n<\/div><\/div>\n\n\n\n<p><\/p>\n","protected":false},"excerpt":{"rendered":"<p>Refuge Remix&nbsp;est un \u00e9v\u00e9nement cr\u00e9atif et collaboratif con\u00e7u pour repenser la place des refuges dans la montagne de demain face aux d\u00e9fis environnementaux et soci\u00e9taux. Il s\u2019inspire d\u2019op\u00e9rations&hellip;<\/p>\n","protected":false},"author":1001915,"featured_media":0,"parent":0,"menu_order":0,"comment_status":"closed","ping_status":"closed","template":"template-full-width.php","meta":{"_seopress_robots_primary_cat":"","_seopress_titles_title":"","_seopress_titles_desc":"","_seopress_robots_index":"","footnotes":""},"class_list":["post-635","page","type-page","status-publish","has-post-thumbnail"],"_links":{"self":[{"href":"https:\/\/wp.unil.ch\/hutobstour\/wp-json\/wp\/v2\/pages\/635","targetHints":{"allow":["GET"]}}],"collection":[{"href":"https:\/\/wp.unil.ch\/hutobstour\/wp-json\/wp\/v2\/pages"}],"about":[{"href":"https:\/\/wp.unil.ch\/hutobstour\/wp-json\/wp\/v2\/types\/page"}],"author":[{"embeddable":true,"href":"https:\/\/wp.unil.ch\/hutobstour\/wp-json\/wp\/v2\/users\/1001915"}],"replies":[{"embeddable":true,"href":"https:\/\/wp.unil.ch\/hutobstour\/wp-json\/wp\/v2\/comments?post=635"}],"version-history":[{"count":4,"href":"https:\/\/wp.unil.ch\/hutobstour\/wp-json\/wp\/v2\/pages\/635\/revisions"}],"predecessor-version":[{"id":989,"href":"https:\/\/wp.unil.ch\/hutobstour\/wp-json\/wp\/v2\/pages\/635\/revisions\/989"}],"wp:attachment":[{"href":"https:\/\/wp.unil.ch\/hutobstour\/wp-json\/wp\/v2\/media?parent=635"}],"curies":[{"name":"wp","href":"https:\/\/api.w.org\/{rel}","templated":true}]}}