{"id":616,"date":"2024-04-16T13:12:18","date_gmt":"2024-04-16T11:12:18","guid":{"rendered":"https:\/\/wp.unil.ch\/hutobstour\/?page_id=616"},"modified":"2024-09-27T10:43:24","modified_gmt":"2024-09-27T08:43:24","slug":"refuge-remix-2023","status":"publish","type":"page","link":"https:\/\/wp.unil.ch\/hutobstour\/refuge-remix-2023\/","title":{"rendered":"Refuge Remix 2023"},"content":{"rendered":"\n<div class=\"wp-block-group has-buttons-text-background-color has-background\"><div class=\"wp-block-group__inner-container is-layout-constrained wp-block-group-is-layout-constrained\">\n<h2 class=\"wp-block-heading has-text-align-center has-primary-color has-text-color has-link-color has-large-font-size wp-elements-d2c1b2c634160a5cee0bf0d5d5d3eb70\"><strong>12-13-14 Juin 2023<\/strong><br>Refuge du Couvercle, bassin de la Mer de Glace (France)<\/h2>\n\n\n\n<figure class=\"wp-block-embed is-type-video is-provider-youtube wp-block-embed-youtube wp-embed-aspect-16-9 wp-has-aspect-ratio\"><div class=\"wp-block-embed__wrapper\">\n<iframe loading=\"lazy\" title=\"HutObsTour \u2013 Refuge Remix 2023\" width=\"580\" height=\"326\" src=\"https:\/\/www.youtube.com\/embed\/CHwttjUjRN8?feature=oembed\" frameborder=\"0\" allow=\"accelerometer; autoplay; clipboard-write; encrypted-media; gyroscope; picture-in-picture; web-share\" referrerpolicy=\"strict-origin-when-cross-origin\" allowfullscreen><\/iframe>\n<\/div><\/figure>\n\n\n\n<p class=\"has-small-font-size\"><strong>Le refuge du Couvercle (2683 m)<\/strong><\/p>\n\n\n\n<p class=\"has-small-font-size\">Le refuge du Couvercle a une configuration particuli\u00e8rement int\u00e9ressante en termes de prospective des sites et pratiques de haute montagne :<\/p>\n\n\n\n<ul class=\"wp-block-list has-small-font-size\">\n<li>C&rsquo;est un haut-lieu embl\u00e9matique de l\u2019histoire de l\u2019alpinisme<\/li>\n\n\n\n<li>Il permet l&rsquo;acc\u00e8s \u00e0 des sommets mythiques de la r\u00e9gion (Aiguille Verte, Aiguille du Moine, Pointe Isabelle), vue face N Grandes Jorasses;<\/li>\n\n\n\n<li>La fr\u00e9quentation (environ 2 500 nuit\u00e9es par an) est fortement impact\u00e9e par le retrait glaciaire, avec en aval comme en amont des conditions d\u2019acc\u00e8s et d\u2019ascensions rendues plus difficiles et complexes;<\/li>\n\n\n\n<li class=\"has-small-font-size\">Il a \u00e9t\u00e9 r\u00e9nov\u00e9 en 2021; la capacit\u00e9 d\u2019accueil a \u00e9t\u00e9 r\u00e9duite de moiti\u00e9, mais reste la plus importante du secteur (64 couchages).<\/li>\n<\/ul>\n\n\n\n<h5 class=\"wp-block-heading has-buttons-text-color has-accent-background-color has-text-color has-background has-link-color wp-elements-c6ad3b6c59185ff7ae6dfc5253156fcb\">\u00c9laboration des d\u00e9fis<\/h5>\n\n\n\n<p class=\"has-small-font-size\">Les d\u00e9fis propos\u00e9s aux participant\u00b7e\u00b7s de ce Refuge Remix ont \u00e9t\u00e9 \u00e9labor\u00e9s sur la base de discussions avec les parties prenante du refuge du Couvercle :<\/p>\n\n\n\n<ul class=\"wp-block-list\">\n<li class=\"has-small-font-size\"> le gardien<\/li>\n\n\n\n<li class=\"has-small-font-size\">le Club Alpin Fran\u00e7ais (CAF) de Chamonix, <\/li>\n\n\n\n<li class=\"has-small-font-size\">la commune de Chamonix<\/li>\n\n\n\n<li class=\"has-small-font-size\">la Communaut\u00e9 de communes de la Vall\u00e9e de Chamonix-Mont-Blanc.<\/li>\n<\/ul>\n\n\n\n<p class=\"has-primary-color has-text-color has-link-color has-small-font-size wp-elements-6b224673d4202f6e16a34c94e77a88b7\">Ces discussions ont permis de d\u00e9finir <strong>4 axes d&rsquo;orientation des d\u00e9fis cr\u00e9atifs<\/strong> :<\/p>\n\n\n\n<ul class=\"wp-block-list\">\n<li class=\"has-small-font-size\"><strong>Relance de logiques d\u2019exploration et (re)d\u00e9couverte<\/strong> : \u00ab\u00a0improvisation en alpinisme\u00a0\u00bb (Cf. Yann Borgnet), itin\u00e9rance (programmes Parc national des Ecrins),&nbsp;\u00ab\u00a0alpinisme sans sommet\u00a0\u00bb (Cf. C\u00e9dric Dentant)<\/li>\n\n\n\n<li class=\"has-small-font-size\"><strong>Science participative et tourisme scientifique<\/strong> : biodiversit\u00e9, g\u00e9omorphologie, glaciologie, astronomie, etc. (Glaciorum en construction au Montenvers, &lsquo;camp de base\u00b4 du CR\u00c9A \u00e0 Chamonix, ruines cabane CNRS sur le glacier de Leschaux, vocation scientifique initiale du refuge des Cosmiques)\u2026<\/li>\n\n\n\n<li class=\"has-small-font-size\"><strong>Questionnements d\u2019\u00e9thique environnementale<\/strong> (site class\u00e9) <strong>et d\u2019\u00e9thique sportive<\/strong> (PCI Unesco), controverses \/ r\u00e9gulation de la fr\u00e9quentation de la haute montagne<\/li>\n\n\n\n<li class=\"has-small-font-size\"><strong>D\u00e9marches de formation, \u00e9ducation et transmission<\/strong> en direction des usager.e.s de la montagne<\/li>\n<\/ul>\n\n\n\n<div class=\"wp-block-cover\"><span aria-hidden=\"true\" class=\"wp-block-cover__background has-background-dim\"><\/span><img alt=\"\" loading=\"lazy\" decoding=\"async\" width=\"1024\" height=\"727\" class=\"wp-block-cover__image-background wp-image-836\" alt=\"\" src=\"https:\/\/wp.unil.ch\/hutobstour\/files\/2024\/04\/Travail_preparatoire-1024x727.png\" data-object-fit=\"cover\" srcset=\"https:\/\/wp.unil.ch\/hutobstour\/files\/2024\/04\/Travail_preparatoire-1024x727.png 1024w, https:\/\/wp.unil.ch\/hutobstour\/files\/2024\/04\/Travail_preparatoire-300x213.png 300w, https:\/\/wp.unil.ch\/hutobstour\/files\/2024\/04\/Travail_preparatoire-768x545.png 768w, https:\/\/wp.unil.ch\/hutobstour\/files\/2024\/04\/Travail_preparatoire-1536x1090.png 1536w, https:\/\/wp.unil.ch\/hutobstour\/files\/2024\/04\/Travail_preparatoire-540x383.png 540w, https:\/\/wp.unil.ch\/hutobstour\/files\/2024\/04\/Travail_preparatoire-1080x766.png 1080w, https:\/\/wp.unil.ch\/hutobstour\/files\/2024\/04\/Travail_preparatoire.png 1591w\" sizes=\"auto, (max-width: 1024px) 100vw, 1024px\" \/><div class=\"wp-block-cover__inner-container is-layout-flow wp-block-cover-is-layout-flow\">\n<p class=\"has-text-align-center has-large-font-size\"><strong>Travail pr\u00e9paratoire collectif : identification d\u2019enjeux li\u00e9s \u00e0 l\u2019exemplarit\u00e9 et \u00e0 la singularit\u00e9 des refuges<\/strong><\/p>\n<\/div><\/div>\n\n\n\n<h2 class=\"wp-block-heading has-buttons-text-color has-accent-background-color has-text-color has-background has-link-color has-normal-font-size wp-elements-180872d210e4174a48d99d8bf9030a10\">Les six d\u00e9fis propos\u00e9s<\/h2>\n\n\n\n<figure class=\"wp-block-gallery has-nested-images columns-default is-cropped wp-block-gallery-1 is-layout-flex wp-block-gallery-is-layout-flex\">\n<figure class=\"wp-block-image size-large\"><img alt=\"\" loading=\"lazy\" decoding=\"async\" width=\"727\" height=\"1024\" data-id=\"839\" src=\"https:\/\/wp.unil.ch\/hutobstour\/files\/2024\/04\/Defi_Lessismore-727x1024.png\" alt=\"\" class=\"wp-image-839\" srcset=\"https:\/\/wp.unil.ch\/hutobstour\/files\/2024\/04\/Defi_Lessismore-727x1024.png 727w, https:\/\/wp.unil.ch\/hutobstour\/files\/2024\/04\/Defi_Lessismore-213x300.png 213w, https:\/\/wp.unil.ch\/hutobstour\/files\/2024\/04\/Defi_Lessismore-768x1081.png 768w, https:\/\/wp.unil.ch\/hutobstour\/files\/2024\/04\/Defi_Lessismore-540x760.png 540w, https:\/\/wp.unil.ch\/hutobstour\/files\/2024\/04\/Defi_Lessismore.png 770w\" sizes=\"auto, (max-width: 727px) 100vw, 727px\" \/><\/figure>\n\n\n\n<figure class=\"wp-block-image size-large\"><img alt=\"\" loading=\"lazy\" decoding=\"async\" width=\"725\" height=\"1024\" data-id=\"846\" src=\"https:\/\/wp.unil.ch\/hutobstour\/files\/2024\/04\/Defi_RefugeVivant-725x1024.png\" alt=\"\" class=\"wp-image-846\" srcset=\"https:\/\/wp.unil.ch\/hutobstour\/files\/2024\/04\/Defi_RefugeVivant-725x1024.png 725w, https:\/\/wp.unil.ch\/hutobstour\/files\/2024\/04\/Defi_RefugeVivant-213x300.png 213w, https:\/\/wp.unil.ch\/hutobstour\/files\/2024\/04\/Defi_RefugeVivant-540x762.png 540w, https:\/\/wp.unil.ch\/hutobstour\/files\/2024\/04\/Defi_RefugeVivant.png 768w\" sizes=\"auto, (max-width: 725px) 100vw, 725px\" \/><\/figure>\n\n\n\n<figure class=\"wp-block-image size-large\"><img alt=\"\" loading=\"lazy\" decoding=\"async\" width=\"724\" height=\"1024\" data-id=\"845\" src=\"https:\/\/wp.unil.ch\/hutobstour\/files\/2024\/04\/Defi_VillaMerdeGlace-724x1024.png\" alt=\"\" class=\"wp-image-845\" srcset=\"https:\/\/wp.unil.ch\/hutobstour\/files\/2024\/04\/Defi_VillaMerdeGlace-724x1024.png 724w, https:\/\/wp.unil.ch\/hutobstour\/files\/2024\/04\/Defi_VillaMerdeGlace-212x300.png 212w, https:\/\/wp.unil.ch\/hutobstour\/files\/2024\/04\/Defi_VillaMerdeGlace-540x764.png 540w, https:\/\/wp.unil.ch\/hutobstour\/files\/2024\/04\/Defi_VillaMerdeGlace.png 766w\" sizes=\"auto, (max-width: 724px) 100vw, 724px\" \/><\/figure>\n\n\n\n<figure class=\"wp-block-image size-large\"><img alt=\"\" loading=\"lazy\" decoding=\"async\" width=\"722\" height=\"1024\" data-id=\"844\" src=\"https:\/\/wp.unil.ch\/hutobstour\/files\/2024\/04\/Defi_MareNostrum-722x1024.png\" alt=\"\" class=\"wp-image-844\" srcset=\"https:\/\/wp.unil.ch\/hutobstour\/files\/2024\/04\/Defi_MareNostrum-722x1024.png 722w, https:\/\/wp.unil.ch\/hutobstour\/files\/2024\/04\/Defi_MareNostrum-211x300.png 211w, https:\/\/wp.unil.ch\/hutobstour\/files\/2024\/04\/Defi_MareNostrum-540x766.png 540w, https:\/\/wp.unil.ch\/hutobstour\/files\/2024\/04\/Defi_MareNostrum.png 764w\" sizes=\"auto, (max-width: 722px) 100vw, 722px\" \/><\/figure>\n\n\n\n<figure class=\"wp-block-image size-large\"><img alt=\"\" loading=\"lazy\" decoding=\"async\" width=\"722\" height=\"1024\" data-id=\"843\" src=\"https:\/\/wp.unil.ch\/hutobstour\/files\/2024\/04\/Defi_Macrocosmos-722x1024.png\" alt=\"\" class=\"wp-image-843\" srcset=\"https:\/\/wp.unil.ch\/hutobstour\/files\/2024\/04\/Defi_Macrocosmos-722x1024.png 722w, https:\/\/wp.unil.ch\/hutobstour\/files\/2024\/04\/Defi_Macrocosmos-211x300.png 211w, https:\/\/wp.unil.ch\/hutobstour\/files\/2024\/04\/Defi_Macrocosmos-540x766.png 540w, https:\/\/wp.unil.ch\/hutobstour\/files\/2024\/04\/Defi_Macrocosmos.png 764w\" sizes=\"auto, (max-width: 722px) 100vw, 722px\" \/><\/figure>\n\n\n\n<figure class=\"wp-block-image size-large\"><img alt=\"\" loading=\"lazy\" decoding=\"async\" width=\"725\" height=\"1024\" data-id=\"842\" src=\"https:\/\/wp.unil.ch\/hutobstour\/files\/2024\/04\/Defi_Descension-725x1024.png\" alt=\"\" class=\"wp-image-842\" srcset=\"https:\/\/wp.unil.ch\/hutobstour\/files\/2024\/04\/Defi_Descension-725x1024.png 725w, https:\/\/wp.unil.ch\/hutobstour\/files\/2024\/04\/Defi_Descension-213x300.png 213w, https:\/\/wp.unil.ch\/hutobstour\/files\/2024\/04\/Defi_Descension-540x762.png 540w, https:\/\/wp.unil.ch\/hutobstour\/files\/2024\/04\/Defi_Descension.png 768w\" sizes=\"auto, (max-width: 725px) 100vw, 725px\" \/><\/figure>\n<\/figure>\n\n\n\n<h2 class=\"wp-block-heading has-buttons-text-color has-accent-background-color has-text-color has-background has-link-color has-normal-font-size wp-elements-47d9445a67e937d9d039eef3a1ef88f6\">Les prototypes r\u00e9alis\u00e9s<\/h2>\n\n\n\n<p class=\"has-normal-font-size\"><strong>Altertopo<\/strong><\/p>\n\n\n\n<blockquote class=\"wp-block-quote is-layout-flow wp-block-quote-is-layout-flow\">\n<p class=\"has-small-font-size\">\u2018De la porte au sommet : un voyage int\u00e9gral\u2019<\/p>\n<\/blockquote>\n\n\n\n<p class=\"has-small-font-size\">Changez vos habitudes de \u00ab consommation des sommets \u00bb en pr\u00e9parant diff\u00e9remment votre ascension, \u00e0 partir de chez vous.<\/p>\n\n\n\n<p class=\"has-small-font-size\">Public vis\u00e9 : alpinistes tous niveaux<\/p>\n\n\n\n<p class=\"has-small-font-size\">Mots cl\u00e9s : topo alternatif, low tech, transports en commun, faire diff\u00e9remment, cotations, approche collaborative, consommation<\/p>\n\n\n\n<figure class=\"wp-block-gallery has-nested-images columns-default is-cropped wp-block-gallery-2 is-layout-flex wp-block-gallery-is-layout-flex\">\n<figure class=\"wp-block-image size-large\"><a href=\"https:\/\/wp.unil.ch\/hutobstour\/files\/2024\/04\/AlterTopo_1.jpg\"><img alt=\"\" loading=\"lazy\" decoding=\"async\" width=\"799\" height=\"1024\" data-id=\"850\" src=\"https:\/\/wp.unil.ch\/hutobstour\/files\/2024\/04\/AlterTopo_1-799x1024.jpg\" alt=\"\" class=\"wp-image-850\" srcset=\"https:\/\/wp.unil.ch\/hutobstour\/files\/2024\/04\/AlterTopo_1-799x1024.jpg 799w, https:\/\/wp.unil.ch\/hutobstour\/files\/2024\/04\/AlterTopo_1-234x300.jpg 234w, https:\/\/wp.unil.ch\/hutobstour\/files\/2024\/04\/AlterTopo_1-768x985.jpg 768w, https:\/\/wp.unil.ch\/hutobstour\/files\/2024\/04\/AlterTopo_1-540x692.jpg 540w, https:\/\/wp.unil.ch\/hutobstour\/files\/2024\/04\/AlterTopo_1.jpg 936w\" sizes=\"auto, (max-width: 799px) 100vw, 799px\" \/><\/a><\/figure>\n\n\n\n<figure class=\"wp-block-image size-large\"><a href=\"https:\/\/wp.unil.ch\/hutobstour\/files\/2024\/04\/Altertopo_2.jpg\"><img alt=\"\" loading=\"lazy\" decoding=\"async\" width=\"1024\" height=\"703\" data-id=\"849\" src=\"https:\/\/wp.unil.ch\/hutobstour\/files\/2024\/04\/Altertopo_2-1024x703.jpg\" alt=\"\" class=\"wp-image-849\" srcset=\"https:\/\/wp.unil.ch\/hutobstour\/files\/2024\/04\/Altertopo_2-1024x703.jpg 1024w, https:\/\/wp.unil.ch\/hutobstour\/files\/2024\/04\/Altertopo_2-300x206.jpg 300w, https:\/\/wp.unil.ch\/hutobstour\/files\/2024\/04\/Altertopo_2-768x527.jpg 768w, https:\/\/wp.unil.ch\/hutobstour\/files\/2024\/04\/Altertopo_2-1536x1054.jpg 1536w, https:\/\/wp.unil.ch\/hutobstour\/files\/2024\/04\/Altertopo_2-540x371.jpg 540w, https:\/\/wp.unil.ch\/hutobstour\/files\/2024\/04\/Altertopo_2-1080x741.jpg 1080w, https:\/\/wp.unil.ch\/hutobstour\/files\/2024\/04\/Altertopo_2.jpg 1748w\" sizes=\"auto, (max-width: 1024px) 100vw, 1024px\" \/><\/a><\/figure>\n<\/figure>\n\n\n\n<p class=\"has-normal-font-size\"><strong>C.h.o.c.a.r.d<\/strong><\/p>\n\n\n\n<blockquote class=\"wp-block-quote is-layout-flow wp-block-quote-is-layout-flow\">\n<p class=\"has-small-font-size\">\u2018Contribution Humaine Ouverte Collaborative Aux Refuges Durables\u2019<\/p>\n<\/blockquote>\n\n\n\n<p class=\"has-small-font-size\">Partageons nos solutions pour une montagne sobre et durable sur une plateforme collaborative de solutions pour les gardien.nes de refuges, \u00e9prouv\u00e9es en refuge mais applicables en vall\u00e9e<\/p>\n\n\n\n<p class=\"has-small-font-size\">Public vis\u00e9 : gardien\u00b7ne\u00b7s, contributeur\u00b7rice\u00b7s<\/p>\n\n\n\n<p class=\"has-small-font-size\">Mots cl\u00e9s : low-tech, plateforme collaborative, d\u00e9croissance<\/p>\n\n\n<div class=\"wp-block-image is-style-default\">\n<figure class=\"aligncenter size-full\"><a href=\"https:\/\/wp.unil.ch\/hutobstour\/files\/2024\/04\/Chocard.jpg\"><img alt=\"\" loading=\"lazy\" decoding=\"async\" width=\"407\" height=\"542\" src=\"https:\/\/wp.unil.ch\/hutobstour\/files\/2024\/04\/Chocard.jpg\" alt=\"\" class=\"wp-image-852\" srcset=\"https:\/\/wp.unil.ch\/hutobstour\/files\/2024\/04\/Chocard.jpg 407w, https:\/\/wp.unil.ch\/hutobstour\/files\/2024\/04\/Chocard-225x300.jpg 225w\" sizes=\"auto, (max-width: 407px) 100vw, 407px\" \/><\/a><\/figure>\n<\/div>\n\n\n<p class=\"has-normal-font-size\"><strong>Corde sensible<\/strong><\/p>\n\n\n\n<blockquote class=\"wp-block-quote is-layout-flow wp-block-quote-is-layout-flow\">\n<p class=\"has-small-font-size\">\u2018Une invitation au partage sensitif de l\u2019ascension au refuge\u2019<\/p>\n<\/blockquote>\n\n\n\n<p class=\"has-small-font-size\">Partagez l\u2019exp\u00e9rience sensorielle de votre ascension, sur le glacier, les \u00e9chelles et l\u2019arriv\u00e9e au refuge et \u00e9crivez un r\u00e9cit collectif avec les autres pratiquant.es au fil du temps.<\/p>\n\n\n\n<p class=\"has-small-font-size\">Public vis\u00e9 : alpinistes et randonneur\u00b7se\u00b7s<\/p>\n\n\n\n<p class=\"has-small-font-size\">Mots cl\u00e9s : cartographie sensible, partage, ressenti, ancrage des \u00e9motions, paysages, archives, espace-temps, r\u00e9cit collectif<\/p>\n\n\n\n<figure class=\"wp-block-gallery has-nested-images columns-default is-cropped wp-block-gallery-3 is-layout-flex wp-block-gallery-is-layout-flex\">\n<figure class=\"wp-block-image size-large\"><a href=\"https:\/\/wp.unil.ch\/hutobstour\/files\/2024\/04\/Cordesensible_1.jpg\"><img alt=\"\" loading=\"lazy\" decoding=\"async\" width=\"655\" height=\"492\" data-id=\"855\" src=\"https:\/\/wp.unil.ch\/hutobstour\/files\/2024\/04\/Cordesensible_1.jpg\" alt=\"\" class=\"wp-image-855\" srcset=\"https:\/\/wp.unil.ch\/hutobstour\/files\/2024\/04\/Cordesensible_1.jpg 655w, https:\/\/wp.unil.ch\/hutobstour\/files\/2024\/04\/Cordesensible_1-300x225.jpg 300w, https:\/\/wp.unil.ch\/hutobstour\/files\/2024\/04\/Cordesensible_1-540x406.jpg 540w\" sizes=\"auto, (max-width: 655px) 100vw, 655px\" \/><\/a><\/figure>\n\n\n\n<figure class=\"wp-block-image size-large\"><a href=\"https:\/\/wp.unil.ch\/hutobstour\/files\/2024\/04\/Cordesensible_3.jpg\"><img alt=\"\" loading=\"lazy\" decoding=\"async\" width=\"405\" height=\"540\" data-id=\"854\" src=\"https:\/\/wp.unil.ch\/hutobstour\/files\/2024\/04\/Cordesensible_3.jpg\" alt=\"\" class=\"wp-image-854\" srcset=\"https:\/\/wp.unil.ch\/hutobstour\/files\/2024\/04\/Cordesensible_3.jpg 405w, https:\/\/wp.unil.ch\/hutobstour\/files\/2024\/04\/Cordesensible_3-225x300.jpg 225w\" sizes=\"auto, (max-width: 405px) 100vw, 405px\" \/><\/a><\/figure>\n\n\n\n<figure class=\"wp-block-image size-large\"><a href=\"https:\/\/wp.unil.ch\/hutobstour\/files\/2024\/04\/Cordesensible_2.jpg\"><img alt=\"\" loading=\"lazy\" decoding=\"async\" width=\"405\" height=\"540\" data-id=\"853\" src=\"https:\/\/wp.unil.ch\/hutobstour\/files\/2024\/04\/Cordesensible_2.jpg\" alt=\"\" class=\"wp-image-853\" srcset=\"https:\/\/wp.unil.ch\/hutobstour\/files\/2024\/04\/Cordesensible_2.jpg 405w, https:\/\/wp.unil.ch\/hutobstour\/files\/2024\/04\/Cordesensible_2-225x300.jpg 225w\" sizes=\"auto, (max-width: 405px) 100vw, 405px\" \/><\/a><\/figure>\n<\/figure>\n\n\n\n<p class=\"has-normal-font-size\"><strong>Refuge dataviz<\/strong><\/p>\n\n\n\n<blockquote class=\"wp-block-quote is-layout-flow wp-block-quote-is-layout-flow\">\n<p class=\"has-small-font-size\">\u2018D\u2019o\u00f9 je viens o\u00f9 je vais&rsquo;<\/p>\n<\/blockquote>\n\n\n\n<p class=\"has-small-font-size\">Indiquez votre destination en fonction de votre provenance et de la saison\u2026et si vous alliez explorer un espace moins fr\u00e9quent\u00e9 ?<\/p>\n\n\n\n<p class=\"has-small-font-size\">Public vis\u00e9 : tous les usager\u00b7e\u00b7s du refuge<\/p>\n\n\n\n<p class=\"has-small-font-size\">Mots cl\u00e9s : statistiques, visualisation, parcours, itin\u00e9raire, nudge, r\u00e9flexivit\u00e9, fr\u00e9quentation<\/p>\n\n\n<div class=\"wp-block-image\">\n<figure class=\"aligncenter size-full\"><a href=\"https:\/\/wp.unil.ch\/hutobstour\/files\/2024\/04\/Dataviz.jpg\"><img alt=\"\" loading=\"lazy\" decoding=\"async\" width=\"407\" height=\"542\" src=\"https:\/\/wp.unil.ch\/hutobstour\/files\/2024\/04\/Dataviz.jpg\" alt=\"\" class=\"wp-image-856\" srcset=\"https:\/\/wp.unil.ch\/hutobstour\/files\/2024\/04\/Dataviz.jpg 407w, https:\/\/wp.unil.ch\/hutobstour\/files\/2024\/04\/Dataviz-225x300.jpg 225w\" sizes=\"auto, (max-width: 407px) 100vw, 407px\" \/><\/a><\/figure>\n<\/div>\n\n\n<p class=\"has-normal-font-size\"><strong>T\u00e9l\u00e9f\u00e9rik<\/strong><\/p>\n\n\n\n<blockquote class=\"wp-block-quote is-layout-flow wp-block-quote-is-layout-flow\">\n<p class=\"has-small-font-size\">\u2018Cr\u00e9er des liens entre refuges et vall\u00e9es\u2019<\/p>\n<\/blockquote>\n\n\n\n<p class=\"has-small-font-size\">Partagez votre exp\u00e9rience de la montagne avec d\u2019autres publics de la vall\u00e9e, cr\u00e9ez des correspondances entre diff\u00e9rents milieux<\/p>\n\n\n\n<p class=\"has-small-font-size\">Public vis\u00e9 : publics \u00e9loign\u00e9s de la montagne, alpinistes et randonneur\u00b7se\u00b7s, habitant\u00b7e\u00b7s des refuges<\/p>\n\n\n\n<p class=\"has-small-font-size\">Mots cl\u00e9s : lien social, correspondance, jumelage, courrier, baluchon<\/p>\n\n\n<div class=\"wp-block-image\">\n<figure class=\"aligncenter size-full\"><a href=\"https:\/\/wp.unil.ch\/hutobstour\/files\/2024\/04\/Teleferik.jpg\"><img alt=\"\" loading=\"lazy\" decoding=\"async\" width=\"407\" height=\"542\" src=\"https:\/\/wp.unil.ch\/hutobstour\/files\/2024\/04\/Teleferik.jpg\" alt=\"\" class=\"wp-image-857\" srcset=\"https:\/\/wp.unil.ch\/hutobstour\/files\/2024\/04\/Teleferik.jpg 407w, https:\/\/wp.unil.ch\/hutobstour\/files\/2024\/04\/Teleferik-225x300.jpg 225w\" sizes=\"auto, (max-width: 407px) 100vw, 407px\" \/><\/a><\/figure>\n<\/div>\n\n\n<p class=\"has-normal-font-size\"><strong>Les Argonautes de la Mer de Glace<\/strong><\/p>\n\n\n\n<blockquote class=\"wp-block-quote is-layout-flow wp-block-quote-is-layout-flow\">\n<p class=\"has-small-font-size\">\u2018Embarquez pour une itin\u00e9rance sur les rives de la Mer de Glace en suivant les parcours d\u2019artistes, de botanistes et de g\u00e9ographes\u2019<\/p>\n<\/blockquote>\n\n\n\n<p class=\"has-small-font-size\">Navigation multith\u00e9matique de refuge en refuge sur un chemin atypique de haute-montagne, sans sommet mais avec nombre d\u2019ascensions \u00e9motionnelles<\/p>\n\n\n\n<p class=\"has-small-font-size\">Publics vis\u00e9s : groupes constitu\u00e9s (vis\u00e9e \u00e9conomique et sociale)<\/p>\n\n\n\n<p class=\"has-small-font-size\">Mots cl\u00e9s : itin\u00e9rance, science, art, cr\u00e9ation, r\u00e9cit de voyage, histoire du massif, cabotage, ports<\/p>\n\n\n\n<figure class=\"wp-block-gallery aligncenter has-nested-images columns-default is-cropped wp-block-gallery-4 is-layout-flex wp-block-gallery-is-layout-flex\">\n<figure class=\"wp-block-image size-full\"><a href=\"https:\/\/wp.unil.ch\/hutobstour\/files\/2024\/04\/Agronautes.jpg\"><img alt=\"\" loading=\"lazy\" decoding=\"async\" width=\"405\" height=\"540\" data-id=\"858\" src=\"https:\/\/wp.unil.ch\/hutobstour\/files\/2024\/04\/Agronautes.jpg\" alt=\"\" class=\"wp-image-858\" srcset=\"https:\/\/wp.unil.ch\/hutobstour\/files\/2024\/04\/Agronautes.jpg 405w, https:\/\/wp.unil.ch\/hutobstour\/files\/2024\/04\/Agronautes-225x300.jpg 225w\" sizes=\"auto, (max-width: 405px) 100vw, 405px\" \/><\/a><\/figure>\n\n\n\n<figure class=\"wp-block-image size-full\"><img alt=\"\" loading=\"lazy\" decoding=\"async\" width=\"1500\" height=\"1125\" data-id=\"865\" src=\"https:\/\/wp.unil.ch\/hutobstour\/files\/2024\/04\/Argonaute_2.jpg\" alt=\"\" class=\"wp-image-865\" srcset=\"https:\/\/wp.unil.ch\/hutobstour\/files\/2024\/04\/Argonaute_2.jpg 1500w, https:\/\/wp.unil.ch\/hutobstour\/files\/2024\/04\/Argonaute_2-300x225.jpg 300w, https:\/\/wp.unil.ch\/hutobstour\/files\/2024\/04\/Argonaute_2-1024x768.jpg 1024w, https:\/\/wp.unil.ch\/hutobstour\/files\/2024\/04\/Argonaute_2-768x576.jpg 768w, https:\/\/wp.unil.ch\/hutobstour\/files\/2024\/04\/Argonaute_2-540x405.jpg 540w, https:\/\/wp.unil.ch\/hutobstour\/files\/2024\/04\/Argonaute_2-1080x810.jpg 1080w\" sizes=\"auto, (max-width: 1500px) 100vw, 1500px\" \/><\/figure>\n\n\n\n<figure class=\"wp-block-image size-full\"><img alt=\"\" loading=\"lazy\" decoding=\"async\" width=\"768\" height=\"1035\" data-id=\"867\" src=\"https:\/\/wp.unil.ch\/hutobstour\/files\/2024\/04\/Argonautes_3-1.jpg\" alt=\"\" class=\"wp-image-867\" srcset=\"https:\/\/wp.unil.ch\/hutobstour\/files\/2024\/04\/Argonautes_3-1.jpg 768w, https:\/\/wp.unil.ch\/hutobstour\/files\/2024\/04\/Argonautes_3-1-223x300.jpg 223w, https:\/\/wp.unil.ch\/hutobstour\/files\/2024\/04\/Argonautes_3-1-760x1024.jpg 760w, https:\/\/wp.unil.ch\/hutobstour\/files\/2024\/04\/Argonautes_3-1-540x728.jpg 540w\" sizes=\"auto, (max-width: 768px) 100vw, 768px\" \/><\/figure>\n<\/figure>\n\n\n\n<p class=\"has-text-align-center\"><strong>Partenaires du Refuge Remix 2023<\/strong> :<\/p>\n\n\n\n<figure class=\"wp-block-image size-large\"><img alt=\"\" loading=\"lazy\" decoding=\"async\" width=\"1024\" height=\"100\" src=\"https:\/\/wp.unil.ch\/hutobstour\/files\/2024\/04\/Capture-decran-2024-04-17-a-12.24.27-1024x100.png\" alt=\"\" class=\"wp-image-893\" srcset=\"https:\/\/wp.unil.ch\/hutobstour\/files\/2024\/04\/Capture-decran-2024-04-17-a-12.24.27-1024x100.png 1024w, https:\/\/wp.unil.ch\/hutobstour\/files\/2024\/04\/Capture-decran-2024-04-17-a-12.24.27-300x29.png 300w, https:\/\/wp.unil.ch\/hutobstour\/files\/2024\/04\/Capture-decran-2024-04-17-a-12.24.27-768x75.png 768w, https:\/\/wp.unil.ch\/hutobstour\/files\/2024\/04\/Capture-decran-2024-04-17-a-12.24.27-540x53.png 540w, https:\/\/wp.unil.ch\/hutobstour\/files\/2024\/04\/Capture-decran-2024-04-17-a-12.24.27-1080x106.png 1080w, https:\/\/wp.unil.ch\/hutobstour\/files\/2024\/04\/Capture-decran-2024-04-17-a-12.24.27.png 1228w\" sizes=\"auto, (max-width: 1024px) 100vw, 1024px\" \/><\/figure>\n<\/div><\/div>\n","protected":false},"excerpt":{"rendered":"<p>12-13-14 Juin 2023Refuge du Couvercle, bassin de la Mer de Glace (France) Le refuge du Couvercle (2683 m) Le refuge du Couvercle a une configuration particuli\u00e8rement int\u00e9ressante en&hellip;<\/p>\n","protected":false},"author":1001915,"featured_media":0,"parent":0,"menu_order":0,"comment_status":"closed","ping_status":"closed","template":"template-full-width.php","meta":{"_seopress_robots_primary_cat":"","_seopress_titles_title":"","_seopress_titles_desc":"","_seopress_robots_index":"","footnotes":""},"class_list":["post-616","page","type-page","status-publish","has-post-thumbnail"],"_links":{"self":[{"href":"https:\/\/wp.unil.ch\/hutobstour\/wp-json\/wp\/v2\/pages\/616","targetHints":{"allow":["GET"]}}],"collection":[{"href":"https:\/\/wp.unil.ch\/hutobstour\/wp-json\/wp\/v2\/pages"}],"about":[{"href":"https:\/\/wp.unil.ch\/hutobstour\/wp-json\/wp\/v2\/types\/page"}],"author":[{"embeddable":true,"href":"https:\/\/wp.unil.ch\/hutobstour\/wp-json\/wp\/v2\/users\/1001915"}],"replies":[{"embeddable":true,"href":"https:\/\/wp.unil.ch\/hutobstour\/wp-json\/wp\/v2\/comments?post=616"}],"version-history":[{"count":4,"href":"https:\/\/wp.unil.ch\/hutobstour\/wp-json\/wp\/v2\/pages\/616\/revisions"}],"predecessor-version":[{"id":946,"href":"https:\/\/wp.unil.ch\/hutobstour\/wp-json\/wp\/v2\/pages\/616\/revisions\/946"}],"wp:attachment":[{"href":"https:\/\/wp.unil.ch\/hutobstour\/wp-json\/wp\/v2\/media?parent=616"}],"curies":[{"name":"wp","href":"https:\/\/api.w.org\/{rel}","templated":true}]}}