{"id":6,"date":"2019-11-28T16:00:19","date_gmt":"2019-11-28T15:00:19","guid":{"rendered":"http:\/\/wp.unil.ch\/modele\/?page_id=6"},"modified":"2024-04-11T14:39:55","modified_gmt":"2024-04-11T12:39:55","slug":"home","status":"publish","type":"page","link":"https:\/\/wp.unil.ch\/hutobstour\/","title":{"rendered":"HUTOBSTOUR \u2013 Les refuges comme observatoires de la transition touristique"},"content":{"rendered":"\n<div class=\"wp-block-group has-buttons-text-background-color has-background\"><div class=\"wp-block-group__inner-container is-layout-flow wp-block-group-is-layout-flow\">\n<div class=\"wp-block-group has-buttons-text-background-color has-background\"><div class=\"wp-block-group__inner-container is-layout-flow wp-block-group-is-layout-flow\">\n<h2 class=\"wp-block-heading has-normal-font-size\">Obser<strong>vatoires de la transition touristique.<\/strong> <strong>Repositionnement de la montagne peu am\u00e9nag\u00e9e et de ses m\u00e9tiers dans les Alpes franco-suisses.<\/strong><\/h2>\n\n\n\n<p class=\"has-small-font-size\">Les effets du changement climatique sont particuli\u00e8rement prononc\u00e9s en montagne (d\u00e9gradation du permafrost, recul des glaciers, etc.) et ont un impact important sur les activit\u00e9s touristiques et sportives, comme l&rsquo;acc\u00e8s aux refuges.&nbsp; Par ailleurs, de nouvelles formes d&rsquo;activit\u00e9s r\u00e9cr\u00e9atives et sportives se d\u00e9veloppent, qui n&rsquo;ont pas \u00e9t\u00e9 suffisamment \u00e9tudi\u00e9es en \u00e9t\u00e9 et hors station.  <br><br>Ce projet examine le r\u00f4le des refuges de montagne et des professions qui leur sont li\u00e9es en tant qu&rsquo;acteurs et marqueurs du r\u00e9\u00e9quilibrage entre \u00ab\u00a0zones de montagne peu d\u00e9velopp\u00e9es\u00a0\u00bb et \u00ab\u00a0zones de montagne d\u00e9velopp\u00e9es\u00a0\u00bb.&nbsp; Pour cela, nous suivons trois axes compl\u00e9mentaires&nbsp;: <\/p>\n<\/div><\/div>\n\n\n\n<figure class=\"wp-block-image size-large is-style-default\"><img alt=\"\" loading=\"lazy\" decoding=\"async\" width=\"1024\" height=\"451\" src=\"https:\/\/wp.unil.ch\/hutobstour\/files\/2021\/07\/Capture-de\u0301cran-2021-07-23-a\u0300-11.02.07-1024x451.png\" alt=\"\" class=\"wp-image-200\" srcset=\"https:\/\/wp.unil.ch\/hutobstour\/files\/2021\/07\/Capture-de\u0301cran-2021-07-23-a\u0300-11.02.07-1024x451.png 1024w, https:\/\/wp.unil.ch\/hutobstour\/files\/2021\/07\/Capture-de\u0301cran-2021-07-23-a\u0300-11.02.07-300x132.png 300w, https:\/\/wp.unil.ch\/hutobstour\/files\/2021\/07\/Capture-de\u0301cran-2021-07-23-a\u0300-11.02.07-768x338.png 768w, https:\/\/wp.unil.ch\/hutobstour\/files\/2021\/07\/Capture-de\u0301cran-2021-07-23-a\u0300-11.02.07-1536x677.png 1536w, https:\/\/wp.unil.ch\/hutobstour\/files\/2021\/07\/Capture-de\u0301cran-2021-07-23-a\u0300-11.02.07-2048x903.png 2048w, https:\/\/wp.unil.ch\/hutobstour\/files\/2021\/07\/Capture-de\u0301cran-2021-07-23-a\u0300-11.02.07-540x238.png 540w, https:\/\/wp.unil.ch\/hutobstour\/files\/2021\/07\/Capture-de\u0301cran-2021-07-23-a\u0300-11.02.07-1080x476.png 1080w, https:\/\/wp.unil.ch\/hutobstour\/files\/2021\/07\/Capture-de\u0301cran-2021-07-23-a\u0300-11.02.07-1980x873.png 1980w\" sizes=\"auto, (max-width: 1024px) 100vw, 1024px\" \/><\/figure>\n<\/div><\/div>\n","protected":false},"excerpt":{"rendered":"<p>Observatoires de la transition touristique. Repositionnement de la montagne peu am\u00e9nag\u00e9e et de ses m\u00e9tiers dans les Alpes franco-suisses. Les effets du changement climatique sont particuli\u00e8rement prononc\u00e9s en&hellip;<\/p>\n","protected":false},"author":1001915,"featured_media":647,"parent":0,"menu_order":0,"comment_status":"closed","ping_status":"closed","template":"template-full-width-cover.php","meta":{"_seopress_robots_primary_cat":"","_seopress_titles_title":"","_seopress_titles_desc":"","_seopress_robots_index":"","footnotes":""},"class_list":["post-6","page","type-page","status-publish","has-post-thumbnail"],"_links":{"self":[{"href":"https:\/\/wp.unil.ch\/hutobstour\/wp-json\/wp\/v2\/pages\/6","targetHints":{"allow":["GET"]}}],"collection":[{"href":"https:\/\/wp.unil.ch\/hutobstour\/wp-json\/wp\/v2\/pages"}],"about":[{"href":"https:\/\/wp.unil.ch\/hutobstour\/wp-json\/wp\/v2\/types\/page"}],"author":[{"embeddable":true,"href":"https:\/\/wp.unil.ch\/hutobstour\/wp-json\/wp\/v2\/users\/1001915"}],"replies":[{"embeddable":true,"href":"https:\/\/wp.unil.ch\/hutobstour\/wp-json\/wp\/v2\/comments?post=6"}],"version-history":[{"count":3,"href":"https:\/\/wp.unil.ch\/hutobstour\/wp-json\/wp\/v2\/pages\/6\/revisions"}],"predecessor-version":[{"id":665,"href":"https:\/\/wp.unil.ch\/hutobstour\/wp-json\/wp\/v2\/pages\/6\/revisions\/665"}],"wp:featuredmedia":[{"embeddable":true,"href":"https:\/\/wp.unil.ch\/hutobstour\/wp-json\/wp\/v2\/media\/647"}],"wp:attachment":[{"href":"https:\/\/wp.unil.ch\/hutobstour\/wp-json\/wp\/v2\/media?parent=6"}],"curies":[{"name":"wp","href":"https:\/\/api.w.org\/{rel}","templated":true}]}}