{"id":403,"date":"2021-09-09T16:22:04","date_gmt":"2021-09-09T14:22:04","guid":{"rendered":"https:\/\/wp.unil.ch\/hutobstour\/?page_id=403"},"modified":"2024-12-20T11:19:20","modified_gmt":"2024-12-20T10:19:20","slug":"newsletter","status":"publish","type":"page","link":"https:\/\/wp.unil.ch\/hutobstour\/newsletter\/","title":{"rendered":"Newsletter"},"content":{"rendered":"\n<div class=\"wp-block-group has-buttons-text-background-color has-background\"><div class=\"wp-block-group__inner-container is-layout-flow wp-block-group-is-layout-flow\">\n<h2 class=\"wp-block-heading has-text-align-center has-buttons-text-color has-accent-background-color has-text-color has-background has-normal-font-size\">Newsletter<\/h2>\n\n\n\n<p class=\"has-text-align-center has-normal-font-size\">Abonnez-vous \u00e0 notre newsletter et recevez les derni\u00e8res informations sur le projet HutObsTour. <\/p>\n\n\n\n<div style=\"height:51px\" aria-hidden=\"true\" class=\"wp-block-spacer\"><\/div>\n\n\n<\/div><\/div>\n\n\n\n<div style=\"height:5px\" aria-hidden=\"true\" class=\"wp-block-spacer\"><\/div>\n\n\n\n<p><strong>Les lettres d&rsquo;informations du projet HutObsTour<\/strong> : <\/p>\n\n\n\n<figure class=\"wp-block-table is-style-stripes\"><table><tbody><tr><td>Num\u00e9ro<\/td><td>Lettres d&rsquo;informations<\/td><\/tr><tr><td>1 \/ 2023<\/td><td><a href=\"https:\/\/wp.unil.ch\/infocirm?mailpoet_router&amp;endpoint=view_in_browser&amp;action=view&amp;data=WzY4LCI4OTAyMTNhYjg2MmUiLDU5OCwiYzAxNzgyIiw0NCwwXQ\" target=\"_blank\" rel=\"noreferrer noopener\">Lettre d&rsquo;information n\u00b01 &#8211; Juillet 2023<\/a><\/td><\/tr><tr><td>2\/2024<\/td><td><a href=\"https:\/\/wp.unil.ch\/infocirm?mailpoet_router&amp;endpoint=view_in_browser&amp;action=view&amp;data=Wzg1LCJkNmZjMzU2MzJlMDgiLDU5OCwiYzAxNzgyIiw2MCwwXQ\">Lettre d&rsquo;information n\u00b02 &#8211; D\u00e9cembre 2024<\/a><\/td><\/tr><\/tbody><\/table><\/figure>\n\n\n\n<p><\/p>\n","protected":false},"excerpt":{"rendered":"<p>Newsletter Abonnez-vous \u00e0 notre newsletter et recevez les derni\u00e8res informations sur le projet HutObsTour. Les lettres d&rsquo;informations du projet HutObsTour : Num\u00e9ro Lettres d&rsquo;informations 1 \/ 2023 Lettre&hellip;<\/p>\n","protected":false},"author":1001915,"featured_media":0,"parent":0,"menu_order":0,"comment_status":"closed","ping_status":"closed","template":"template-full-width.php","meta":{"_seopress_robots_primary_cat":"","_seopress_titles_title":"","_seopress_titles_desc":"","_seopress_robots_index":"","footnotes":""},"class_list":["post-403","page","type-page","status-publish","has-post-thumbnail"],"_links":{"self":[{"href":"https:\/\/wp.unil.ch\/hutobstour\/wp-json\/wp\/v2\/pages\/403","targetHints":{"allow":["GET"]}}],"collection":[{"href":"https:\/\/wp.unil.ch\/hutobstour\/wp-json\/wp\/v2\/pages"}],"about":[{"href":"https:\/\/wp.unil.ch\/hutobstour\/wp-json\/wp\/v2\/types\/page"}],"author":[{"embeddable":true,"href":"https:\/\/wp.unil.ch\/hutobstour\/wp-json\/wp\/v2\/users\/1001915"}],"replies":[{"embeddable":true,"href":"https:\/\/wp.unil.ch\/hutobstour\/wp-json\/wp\/v2\/comments?post=403"}],"version-history":[{"count":1,"href":"https:\/\/wp.unil.ch\/hutobstour\/wp-json\/wp\/v2\/pages\/403\/revisions"}],"predecessor-version":[{"id":993,"href":"https:\/\/wp.unil.ch\/hutobstour\/wp-json\/wp\/v2\/pages\/403\/revisions\/993"}],"wp:attachment":[{"href":"https:\/\/wp.unil.ch\/hutobstour\/wp-json\/wp\/v2\/media?parent=403"}],"curies":[{"name":"wp","href":"https:\/\/api.w.org\/{rel}","templated":true}]}}