{"id":373,"date":"2021-09-09T15:34:33","date_gmt":"2021-09-09T13:34:33","guid":{"rendered":"https:\/\/wp.unil.ch\/hutobstour\/?page_id=373"},"modified":"2024-04-11T14:43:45","modified_gmt":"2024-04-11T12:43:45","slug":"gouvernance","status":"publish","type":"page","link":"https:\/\/wp.unil.ch\/hutobstour\/gouvernance\/","title":{"rendered":"Axe 3 \u2013 La Gouvernance"},"content":{"rendered":"\n<div class=\"wp-block-group has-light-background-background-color has-background\"><div class=\"wp-block-group__inner-container is-layout-flow wp-block-group-is-layout-flow\">\n<h2 class=\"wp-block-heading has-light-background-color has-text-color has-background has-normal-font-size\" style=\"background-color:#03045f\">Le r\u00f4le structurant des refuges dans la gouvernance de la montagne peu am\u00e9nag\u00e9e<\/h2>\n\n\n\n<p class=\"has-small-font-size\">Le mod\u00e8le de d\u00e9veloppement touristique bas\u00e9 sur les stations de sports d\u2019hiver est en difficult\u00e9 dans les Alpes. Les refuges repr\u00e9sentent une alternative en termes de diversification des territoires de montagnes. <\/p>\n\n\n\n<p class=\"has-small-font-size\"><strong>L&rsquo;objectif de cet axe est d&rsquo;\u00e9tudier l&rsquo;adaptation structurelle et fonctionnelle des refuges au service de la diversification touristique<\/strong>, c&rsquo;est-\u00e0-dire la mani\u00e8re dont les refuges se transforment afin d\u2019accueillir de nouveaux publics et d\u2019autre part de s\u2019adapter aux attentes \u00e9volutives des des visiteurs, par exemple en termes de place de la technologie, de rapport au confort et de vivre ensemble. <\/p>\n\n\n\n<p class=\"has-small-font-size\">Il s\u2019agit \u00e9galement d\u2019\u00e9tudier les relations entre les acteurs qui gravitent autour des refuges, au sens large, afin de voir comment fonctionne la gouvernance \u201chors station\u201d qui est rest\u00e9e jusqu\u2019ici un angle mort des \u00e9tudes sur le tourisme en montagne.<\/p>\n<\/div><\/div>\n","protected":false},"excerpt":{"rendered":"<p>Le r\u00f4le structurant des refuges dans la gouvernance de la montagne peu am\u00e9nag\u00e9e Le mod\u00e8le de d\u00e9veloppement touristique bas\u00e9 sur les stations de sports d\u2019hiver est en difficult\u00e9&hellip;<\/p>\n","protected":false},"author":1001915,"featured_media":0,"parent":0,"menu_order":0,"comment_status":"closed","ping_status":"closed","template":"template-full-width.php","meta":{"_seopress_robots_primary_cat":"","_seopress_titles_title":"","_seopress_titles_desc":"","_seopress_robots_index":"","footnotes":""},"class_list":["post-373","page","type-page","status-publish","has-post-thumbnail"],"_links":{"self":[{"href":"https:\/\/wp.unil.ch\/hutobstour\/wp-json\/wp\/v2\/pages\/373","targetHints":{"allow":["GET"]}}],"collection":[{"href":"https:\/\/wp.unil.ch\/hutobstour\/wp-json\/wp\/v2\/pages"}],"about":[{"href":"https:\/\/wp.unil.ch\/hutobstour\/wp-json\/wp\/v2\/types\/page"}],"author":[{"embeddable":true,"href":"https:\/\/wp.unil.ch\/hutobstour\/wp-json\/wp\/v2\/users\/1001915"}],"replies":[{"embeddable":true,"href":"https:\/\/wp.unil.ch\/hutobstour\/wp-json\/wp\/v2\/comments?post=373"}],"version-history":[{"count":1,"href":"https:\/\/wp.unil.ch\/hutobstour\/wp-json\/wp\/v2\/pages\/373\/revisions"}],"predecessor-version":[{"id":669,"href":"https:\/\/wp.unil.ch\/hutobstour\/wp-json\/wp\/v2\/pages\/373\/revisions\/669"}],"wp:attachment":[{"href":"https:\/\/wp.unil.ch\/hutobstour\/wp-json\/wp\/v2\/media?parent=373"}],"curies":[{"name":"wp","href":"https:\/\/api.w.org\/{rel}","templated":true}]}}