{"id":369,"date":"2021-09-09T15:30:35","date_gmt":"2021-09-09T13:30:35","guid":{"rendered":"https:\/\/wp.unil.ch\/hutobstour\/?page_id=369"},"modified":"2024-04-11T14:43:23","modified_gmt":"2024-04-11T12:43:23","slug":"transformation","status":"publish","type":"page","link":"https:\/\/wp.unil.ch\/hutobstour\/transformation\/","title":{"rendered":"Axe 2 \u2013 La Transformation"},"content":{"rendered":"\n<div class=\"wp-block-group has-light-background-background-color has-background\"><div class=\"wp-block-group__inner-container is-layout-flow wp-block-group-is-layout-flow\">\n<h2 class=\"wp-block-heading has-light-background-color has-accent-background-color has-text-color has-background has-normal-font-size\">La transformation des cultures professionnelles des m\u00e9tiers de la montagne dans un contexte de transition<\/h2>\n\n\n\n<p class=\"has-small-font-size\"><strong>L\u2019objectif de cet axe est d\u2019examiner selon quels processus les m\u00e9tiers du tourisme li\u00e9s aux refuges se transforment et se r\u00e9organisent au regard de l\u2019\u00e9volution des conditions climatiques et soci\u00e9tales. <\/strong><\/p>\n\n\n\n<p class=\"has-small-font-size\">Cet axe s&rsquo;int\u00e9resse donc \u00e0 : <\/p>\n\n\n\n<p class=\"has-small-font-size\">\u2013 la transformation des missions et de la culture professionnelle des gardien.nes de refuge, accompagnateurs.trices en montagne et guides de haute montagne ;<br>\u2013 la trajectoire historique, sociale et culturelle des m\u00e9tiers et des pratiques, strat\u00e9gies d\u2019adaptation et d\u2019innovation, enjeux de formation ;<br>\u2013 l&rsquo;adaptation aux nouvelles client\u00e8les et \u00e0 leurs attentes, changements des conditions d\u2019exercice : pluriactivit\u00e9, trajectoire et projets de vie, \u201ccarri\u00e8res\u201d professionnelles, ancrage territorial, intelligence collective&#8230;<\/p>\n\n\n\n<p><\/p>\n<\/div><\/div>\n","protected":false},"excerpt":{"rendered":"<p>La transformation des cultures professionnelles des m\u00e9tiers de la montagne dans un contexte de transition L\u2019objectif de cet axe est d\u2019examiner selon quels processus les m\u00e9tiers du tourisme&hellip;<\/p>\n","protected":false},"author":1001915,"featured_media":0,"parent":0,"menu_order":0,"comment_status":"closed","ping_status":"closed","template":"template-full-width.php","meta":{"_seopress_robots_primary_cat":"","_seopress_titles_title":"","_seopress_titles_desc":"","_seopress_robots_index":"","footnotes":""},"class_list":["post-369","page","type-page","status-publish","has-post-thumbnail"],"_links":{"self":[{"href":"https:\/\/wp.unil.ch\/hutobstour\/wp-json\/wp\/v2\/pages\/369","targetHints":{"allow":["GET"]}}],"collection":[{"href":"https:\/\/wp.unil.ch\/hutobstour\/wp-json\/wp\/v2\/pages"}],"about":[{"href":"https:\/\/wp.unil.ch\/hutobstour\/wp-json\/wp\/v2\/types\/page"}],"author":[{"embeddable":true,"href":"https:\/\/wp.unil.ch\/hutobstour\/wp-json\/wp\/v2\/users\/1001915"}],"replies":[{"embeddable":true,"href":"https:\/\/wp.unil.ch\/hutobstour\/wp-json\/wp\/v2\/comments?post=369"}],"version-history":[{"count":1,"href":"https:\/\/wp.unil.ch\/hutobstour\/wp-json\/wp\/v2\/pages\/369\/revisions"}],"predecessor-version":[{"id":668,"href":"https:\/\/wp.unil.ch\/hutobstour\/wp-json\/wp\/v2\/pages\/369\/revisions\/668"}],"wp:attachment":[{"href":"https:\/\/wp.unil.ch\/hutobstour\/wp-json\/wp\/v2\/media?parent=369"}],"curies":[{"name":"wp","href":"https:\/\/api.w.org\/{rel}","templated":true}]}}