{"id":364,"date":"2021-09-09T15:27:02","date_gmt":"2021-09-09T13:27:02","guid":{"rendered":"https:\/\/wp.unil.ch\/hutobstour\/?page_id=364"},"modified":"2024-04-11T14:43:02","modified_gmt":"2024-04-11T12:43:02","slug":"frequentation","status":"publish","type":"page","link":"https:\/\/wp.unil.ch\/hutobstour\/frequentation\/","title":{"rendered":"Axe 1 \u2013 La Fr\u00e9quentation"},"content":{"rendered":"\n<div class=\"wp-block-group has-light-background-background-color has-background\"><div class=\"wp-block-group__inner-container is-layout-flow wp-block-group-is-layout-flow\">\n<h2 class=\"wp-block-heading has-light-background-color has-text-color has-background has-normal-font-size\" style=\"background-color:#00b6da\">Caract\u00e9risation des fr\u00e9quentations des refuges et des espaces et itin\u00e9raires de montagne<\/h2>\n\n\n\n<p class=\"has-small-font-size\">Les changements culturels et environnementaux se conjuguent pour recomposer en profondeur les activit\u00e9s r\u00e9cr\u00e9atives en montagne, ainsi que leur inscription dans le temps et l&rsquo;espace : abandon ou modification d&rsquo;itin\u00e9raires et concentration sur d\u2019autres, combinaisons in\u00e9dites de pratiques, et par l&rsquo;engouement pour des lieux plus p\u00e9riph\u00e9riques.<\/p>\n\n\n\n<p class=\"has-small-font-size\"><strong>L&rsquo;objectif de cet axe est de mettre en oeuvre des dispositifs d\u2019observation appropri\u00e9s \u00e0 la dispersion spatio-temporelle de la fr\u00e9quentation de la montagne peu am\u00e9nag\u00e9e. <\/strong><\/p>\n\n\n\n<p class=\"has-small-font-size\">Pour y parvenir, il faudra : <br>\u2013 \u00c9tablir un diagnostic des m\u00e9thodologies, techniques et outils disponibles pour observer et mesurer la fr\u00e9quentation des espaces naturels peu am\u00e9nag\u00e9s <br>\u2013 D\u00e9ployer un dispositif exp\u00e9rimental d\u2019observations et de mesures sur les terrains retenus : \u00e9cocompteurs, capteurs de pr\u00e9sence, relev\u00e9s de destinations et de faits marquants, plateformes d\u2019observation contributive&#8230; <br>\u2013 Exploiter des contenus g\u00e9n\u00e9r\u00e9s par les usagers (traces GPS, sorties et itin\u00e9raires signal\u00e9s) sur les r\u00e9seaux sociaux et plateformes communautaires utilis\u00e9s dans les Alpes suisses et fran\u00e7aises (Camp to camp, Strava, Ski tour..) : pr\u00e9sence \/ absence, intensit\u00e9 de fr\u00e9quentation, distribution et variations sur l\u2019ann\u00e9e&#8230;<\/p>\n<\/div><\/div>\n","protected":false},"excerpt":{"rendered":"<p>Caract\u00e9risation des fr\u00e9quentations des refuges et des espaces et itin\u00e9raires de montagne Les changements culturels et environnementaux se conjuguent pour recomposer en profondeur les activit\u00e9s r\u00e9cr\u00e9atives en montagne,&hellip;<\/p>\n","protected":false},"author":1001915,"featured_media":0,"parent":0,"menu_order":0,"comment_status":"closed","ping_status":"closed","template":"template-full-width.php","meta":{"_seopress_robots_primary_cat":"","_seopress_titles_title":"","_seopress_titles_desc":"","_seopress_robots_index":"","footnotes":""},"class_list":["post-364","page","type-page","status-publish","has-post-thumbnail"],"_links":{"self":[{"href":"https:\/\/wp.unil.ch\/hutobstour\/wp-json\/wp\/v2\/pages\/364","targetHints":{"allow":["GET"]}}],"collection":[{"href":"https:\/\/wp.unil.ch\/hutobstour\/wp-json\/wp\/v2\/pages"}],"about":[{"href":"https:\/\/wp.unil.ch\/hutobstour\/wp-json\/wp\/v2\/types\/page"}],"author":[{"embeddable":true,"href":"https:\/\/wp.unil.ch\/hutobstour\/wp-json\/wp\/v2\/users\/1001915"}],"replies":[{"embeddable":true,"href":"https:\/\/wp.unil.ch\/hutobstour\/wp-json\/wp\/v2\/comments?post=364"}],"version-history":[{"count":2,"href":"https:\/\/wp.unil.ch\/hutobstour\/wp-json\/wp\/v2\/pages\/364\/revisions"}],"predecessor-version":[{"id":918,"href":"https:\/\/wp.unil.ch\/hutobstour\/wp-json\/wp\/v2\/pages\/364\/revisions\/918"}],"wp:attachment":[{"href":"https:\/\/wp.unil.ch\/hutobstour\/wp-json\/wp\/v2\/media?parent=364"}],"curies":[{"name":"wp","href":"https:\/\/api.w.org\/{rel}","templated":true}]}}