{"id":224,"date":"2021-08-31T15:22:39","date_gmt":"2021-08-31T13:22:39","guid":{"rendered":"https:\/\/wp.unil.ch\/hutobstour\/?page_id=224"},"modified":"2024-12-18T15:44:15","modified_gmt":"2024-12-18T14:44:15","slug":"a-propos-2","status":"publish","type":"page","link":"https:\/\/wp.unil.ch\/hutobstour\/a-propos-2\/","title":{"rendered":"\u00c9quipe"},"content":{"rendered":"\n<div class=\"wp-block-group alignwide has-light-background-background-color has-background\"><div class=\"wp-block-group__inner-container is-layout-flow wp-block-group-is-layout-flow\">\n<hr class=\"wp-block-separator has-text-color has-accent-color has-css-opacity has-accent-background-color has-background is-style-wide\" \/>\n\n\n\n<div class=\"wp-block-columns is-layout-flex wp-container-core-columns-is-layout-9d6595d7 wp-block-columns-is-layout-flex\">\n<div class=\"wp-block-column is-layout-flow wp-block-column-is-layout-flow\">\n<figure class=\"wp-block-image size-full is-style-default\"><img alt=\"\" loading=\"lazy\" decoding=\"async\" width=\"750\" height=\"737\" src=\"https:\/\/wp.unil.ch\/hutobstour\/files\/2022\/04\/VA_2.png\" alt=\"\" class=\"wp-image-583\" srcset=\"https:\/\/wp.unil.ch\/hutobstour\/files\/2022\/04\/VA_2.png 750w, https:\/\/wp.unil.ch\/hutobstour\/files\/2022\/04\/VA_2-300x295.png 300w, https:\/\/wp.unil.ch\/hutobstour\/files\/2022\/04\/VA_2-540x531.png 540w\" sizes=\"auto, (max-width: 750px) 100vw, 750px\" \/><\/figure>\n\n\n\n<h2 class=\"wp-block-heading has-text-align-center has-small-font-size\"><a href=\"https:\/\/www.pacte-grenoble.fr\/membres\/victor-andrade\" target=\"_blank\" rel=\"noreferrer noopener\">Victor Andrade<\/a><\/h2>\n\n\n\n<p class=\"has-text-align-center\"><strong>Ing\u00e9nieur d&rsquo;\u00e9tude<\/strong><br>Universit\u00e9 Grenoble Alpes<\/p>\n<\/div>\n\n\n\n<div class=\"wp-block-column is-layout-flow wp-block-column-is-layout-flow\">\n<figure class=\"wp-block-image size-large is-style-rounded\"><img alt=\"\" loading=\"lazy\" decoding=\"async\" width=\"1024\" height=\"1024\" src=\"https:\/\/wp.unil.ch\/hutobstour\/files\/2021\/09\/PB_Plan-de-travail-1-1024x1024.png\" alt=\"\" class=\"wp-image-425\" srcset=\"https:\/\/wp.unil.ch\/hutobstour\/files\/2021\/09\/PB_Plan-de-travail-1-1024x1024.png 1024w, https:\/\/wp.unil.ch\/hutobstour\/files\/2021\/09\/PB_Plan-de-travail-1-300x300.png 300w, https:\/\/wp.unil.ch\/hutobstour\/files\/2021\/09\/PB_Plan-de-travail-1-150x150.png 150w, https:\/\/wp.unil.ch\/hutobstour\/files\/2021\/09\/PB_Plan-de-travail-1-768x768.png 768w, https:\/\/wp.unil.ch\/hutobstour\/files\/2021\/09\/PB_Plan-de-travail-1-540x540.png 540w, https:\/\/wp.unil.ch\/hutobstour\/files\/2021\/09\/PB_Plan-de-travail-1-1080x1080.png 1080w, https:\/\/wp.unil.ch\/hutobstour\/files\/2021\/09\/PB_Plan-de-travail-1.png 1200w\" sizes=\"auto, (max-width: 1024px) 100vw, 1024px\" \/><\/figure>\n\n\n\n<h2 class=\"wp-block-heading has-text-align-center has-accent-color has-text-color has-small-font-size\"><a href=\"https:\/\/www.pacte-grenoble.fr\/membres\/philippe-bourdeau\" target=\"_blank\" rel=\"noreferrer noopener\">Philippe Bourdeau<\/a><\/h2>\n\n\n\n<p class=\"has-text-align-center\"><strong>Professeur<\/strong><br>Universit\u00e9 Grenoble Alpes<\/p>\n<\/div>\n\n\n\n<div class=\"wp-block-column is-layout-flow wp-block-column-is-layout-flow\">\n<figure class=\"wp-block-image size-large is-style-rounded\"><img alt=\"\" loading=\"lazy\" decoding=\"async\" width=\"1024\" height=\"1024\" src=\"https:\/\/wp.unil.ch\/hutobstour\/files\/2021\/08\/LC_r_Plan-de-travail-1-1024x1024.png\" alt=\"\" class=\"wp-image-228\" srcset=\"https:\/\/wp.unil.ch\/hutobstour\/files\/2021\/08\/LC_r_Plan-de-travail-1-1024x1024.png 1024w, https:\/\/wp.unil.ch\/hutobstour\/files\/2021\/08\/LC_r_Plan-de-travail-1-300x300.png 300w, https:\/\/wp.unil.ch\/hutobstour\/files\/2021\/08\/LC_r_Plan-de-travail-1-150x150.png 150w, https:\/\/wp.unil.ch\/hutobstour\/files\/2021\/08\/LC_r_Plan-de-travail-1-768x768.png 768w, https:\/\/wp.unil.ch\/hutobstour\/files\/2021\/08\/LC_r_Plan-de-travail-1-540x540.png 540w, https:\/\/wp.unil.ch\/hutobstour\/files\/2021\/08\/LC_r_Plan-de-travail-1-1080x1080.png 1080w, https:\/\/wp.unil.ch\/hutobstour\/files\/2021\/08\/LC_r_Plan-de-travail-1.png 1200w\" sizes=\"auto, (max-width: 1024px) 100vw, 1024px\" \/><\/figure>\n\n\n\n<h2 class=\"wp-block-heading has-text-align-center has-normal-font-size\"><a href=\"https:\/\/applicationspub.unil.ch\/interpub\/noauth\/php\/Un\/UnPers.php?PerNum=1220813&amp;LanCode=37&amp;menu=coord\" target=\"_blank\" rel=\"noreferrer noopener\">Laine Chanteloup<\/a><\/h2>\n\n\n\n<p class=\"has-text-align-center\"><strong>Professeure assistante <\/strong><br>Universit\u00e9 de Lausanne<\/p>\n<\/div>\n<\/div>\n\n\n\n<div class=\"wp-block-columns is-layout-flex wp-container-core-columns-is-layout-9d6595d7 wp-block-columns-is-layout-flex\">\n<div class=\"wp-block-column is-layout-flow wp-block-column-is-layout-flow\">\n<figure class=\"wp-block-image size-large is-style-rounded\"><img alt=\"\" loading=\"lazy\" decoding=\"async\" width=\"1024\" height=\"1024\" src=\"https:\/\/wp.unil.ch\/hutobstour\/files\/2021\/08\/CC_r_Plan-de-travail-1-1024x1024.png\" alt=\"\" class=\"wp-image-231\" srcset=\"https:\/\/wp.unil.ch\/hutobstour\/files\/2021\/08\/CC_r_Plan-de-travail-1-1024x1024.png 1024w, https:\/\/wp.unil.ch\/hutobstour\/files\/2021\/08\/CC_r_Plan-de-travail-1-300x300.png 300w, https:\/\/wp.unil.ch\/hutobstour\/files\/2021\/08\/CC_r_Plan-de-travail-1-150x150.png 150w, https:\/\/wp.unil.ch\/hutobstour\/files\/2021\/08\/CC_r_Plan-de-travail-1-768x768.png 768w, https:\/\/wp.unil.ch\/hutobstour\/files\/2021\/08\/CC_r_Plan-de-travail-1-540x540.png 540w, https:\/\/wp.unil.ch\/hutobstour\/files\/2021\/08\/CC_r_Plan-de-travail-1-1080x1080.png 1080w, https:\/\/wp.unil.ch\/hutobstour\/files\/2021\/08\/CC_r_Plan-de-travail-1.png 1459w\" sizes=\"auto, (max-width: 1024px) 100vw, 1024px\" \/><\/figure>\n\n\n\n<h2 class=\"wp-block-heading has-text-align-center has-normal-font-size\"><a href=\"https:\/\/applicationspub.unil.ch\/interpub\/noauth\/php\/Un\/UnPers.php?PerNum=1054905&amp;LanCode=37\" target=\"_blank\" rel=\"noreferrer noopener\">Christophe Clivaz<\/a><\/h2>\n\n\n\n<p class=\"has-text-align-center\"><strong>Professeur associ\u00e9<\/strong><br>Universit\u00e9 de Lausanne<\/p>\n<\/div>\n\n\n\n<div class=\"wp-block-column is-layout-flow wp-block-column-is-layout-flow\">\n<figure class=\"wp-block-image size-large is-style-rounded\"><img alt=\"\" loading=\"lazy\" decoding=\"async\" width=\"1024\" height=\"1024\" src=\"https:\/\/wp.unil.ch\/hutobstour\/files\/2021\/08\/MC_R_Plan-de-travail-1-1024x1024.png\" alt=\"\" class=\"wp-image-232\" srcset=\"https:\/\/wp.unil.ch\/hutobstour\/files\/2021\/08\/MC_R_Plan-de-travail-1-1024x1024.png 1024w, https:\/\/wp.unil.ch\/hutobstour\/files\/2021\/08\/MC_R_Plan-de-travail-1-300x300.png 300w, https:\/\/wp.unil.ch\/hutobstour\/files\/2021\/08\/MC_R_Plan-de-travail-1-150x150.png 150w, https:\/\/wp.unil.ch\/hutobstour\/files\/2021\/08\/MC_R_Plan-de-travail-1-768x768.png 768w, https:\/\/wp.unil.ch\/hutobstour\/files\/2021\/08\/MC_R_Plan-de-travail-1-540x540.png 540w, https:\/\/wp.unil.ch\/hutobstour\/files\/2021\/08\/MC_R_Plan-de-travail-1-1080x1080.png 1080w, https:\/\/wp.unil.ch\/hutobstour\/files\/2021\/08\/MC_R_Plan-de-travail-1.png 1459w\" sizes=\"auto, (max-width: 1024px) 100vw, 1024px\" \/><\/figure>\n\n\n\n<h2 class=\"wp-block-heading has-text-align-center has-accent-color has-text-color has-normal-font-size\"><a href=\"https:\/\/applicationspub.unil.ch\/interpub\/noauth\/php\/Un\/UnPers.php?PerNum=1110489&amp;LanCode=37\" target=\"_blank\" rel=\"noreferrer noopener\">M\u00e9lanie Clivaz<\/a><\/h2>\n\n\n\n<p class=\"has-text-align-center\"><strong>Charg\u00e9e de projet<\/strong><br>Universit\u00e9 de Lausanne<\/p>\n<\/div>\n\n\n\n<div class=\"wp-block-column is-layout-flow wp-block-column-is-layout-flow\">\n<figure class=\"wp-block-image size-full is-style-rounded\"><img alt=\"\" loading=\"lazy\" decoding=\"async\" width=\"750\" height=\"737\" src=\"https:\/\/wp.unil.ch\/hutobstour\/files\/2022\/04\/SR_2.png\" alt=\"\" class=\"wp-image-585\" srcset=\"https:\/\/wp.unil.ch\/hutobstour\/files\/2022\/04\/SR_2.png 750w, https:\/\/wp.unil.ch\/hutobstour\/files\/2022\/04\/SR_2-300x295.png 300w, https:\/\/wp.unil.ch\/hutobstour\/files\/2022\/04\/SR_2-540x531.png 540w\" sizes=\"auto, (max-width: 750px) 100vw, 750px\" \/><\/figure>\n\n\n\n<h2 class=\"wp-block-heading has-text-align-center has-accent-color has-text-color has-normal-font-size\"><a href=\"https:\/\/www.pacte-grenoble.fr\/membres\/sophie-de-rosemont\" target=\"_blank\" rel=\"noreferrer noopener\">Sophie De Rosemont<\/a><\/h2>\n\n\n\n<p class=\"has-text-align-center\"><strong>Doctorante<\/strong><br>Universit\u00e9 Grenoble Alpes<\/p>\n<\/div>\n<\/div>\n\n\n\n<div style=\"height:36px\" aria-hidden=\"true\" class=\"wp-block-spacer\"><\/div>\n\n\n\n<div class=\"wp-block-columns is-layout-flex wp-container-core-columns-is-layout-9d6595d7 wp-block-columns-is-layout-flex\">\n<div class=\"wp-block-column is-layout-flow wp-block-column-is-layout-flow\">\n<figure class=\"wp-block-image size-large is-style-rounded\"><img alt=\"\" loading=\"lazy\" decoding=\"async\" width=\"1024\" height=\"1024\" src=\"https:\/\/wp.unil.ch\/hutobstour\/files\/2021\/08\/ML_r_Plan-de-travail-1-1024x1024.png\" alt=\"\" class=\"wp-image-244\" srcset=\"https:\/\/wp.unil.ch\/hutobstour\/files\/2021\/08\/ML_r_Plan-de-travail-1-1024x1024.png 1024w, https:\/\/wp.unil.ch\/hutobstour\/files\/2021\/08\/ML_r_Plan-de-travail-1-300x300.png 300w, https:\/\/wp.unil.ch\/hutobstour\/files\/2021\/08\/ML_r_Plan-de-travail-1-150x150.png 150w, https:\/\/wp.unil.ch\/hutobstour\/files\/2021\/08\/ML_r_Plan-de-travail-1-768x768.png 768w, https:\/\/wp.unil.ch\/hutobstour\/files\/2021\/08\/ML_r_Plan-de-travail-1-540x540.png 540w, https:\/\/wp.unil.ch\/hutobstour\/files\/2021\/08\/ML_r_Plan-de-travail-1-1080x1080.png 1080w, https:\/\/wp.unil.ch\/hutobstour\/files\/2021\/08\/ML_r_Plan-de-travail-1.png 1200w\" sizes=\"auto, (max-width: 1024px) 100vw, 1024px\" \/><\/figure>\n\n\n\n<h2 class=\"wp-block-heading has-text-align-center has-accent-color has-text-color has-normal-font-size\"><a href=\"https:\/\/www.pacte-grenoble.fr\/membres\/marc-langenbach\" target=\"_blank\" rel=\"noreferrer noopener\">Marc Langenbach<\/a><\/h2>\n\n\n\n<p class=\"has-text-align-center\"><strong>Ma\u00eetre de conf\u00e9rence<\/strong><br>Universit\u00e9 Grenoble Alpes<\/p>\n<\/div>\n\n\n\n<div class=\"wp-block-column is-layout-flow wp-block-column-is-layout-flow\"><\/div>\n\n\n\n<div class=\"wp-block-column is-layout-flow wp-block-column-is-layout-flow\">\n<figure class=\"wp-block-image size-full is-style-rounded\"><img alt=\"\" loading=\"lazy\" decoding=\"async\" width=\"750\" height=\"750\" src=\"https:\/\/wp.unil.ch\/hutobstour\/files\/2022\/04\/Jmi.png\" alt=\"\" class=\"wp-image-586\" srcset=\"https:\/\/wp.unil.ch\/hutobstour\/files\/2022\/04\/Jmi.png 750w, https:\/\/wp.unil.ch\/hutobstour\/files\/2022\/04\/Jmi-300x300.png 300w, https:\/\/wp.unil.ch\/hutobstour\/files\/2022\/04\/Jmi-150x150.png 150w, https:\/\/wp.unil.ch\/hutobstour\/files\/2022\/04\/Jmi-540x540.png 540w\" sizes=\"auto, (max-width: 750px) 100vw, 750px\" \/><\/figure>\n\n\n\n<h2 class=\"wp-block-heading has-text-align-center has-accent-color has-text-color has-normal-font-size\"><a href=\"https:\/\/igd.unil.ch\/jeanmiczka\/\" target=\"_blank\" rel=\"noreferrer noopener\">Jean Miczka<\/a><\/h2>\n\n\n\n<p class=\"has-text-align-center\"><strong>Doctorant FNS<\/strong><br>Universit\u00e9 de Lausanne<\/p>\n<\/div>\n<\/div>\n\n\n\n<div style=\"height:36px\" aria-hidden=\"true\" class=\"wp-block-spacer\"><\/div>\n\n\n\n<div style=\"height:45px\" aria-hidden=\"true\" class=\"wp-block-spacer\"><\/div>\n\n\n\n<h2 class=\"wp-block-heading has-text-align-center has-light-background-color has-accent-background-color has-text-color has-background has-larger-font-size\">Financement<\/h2>\n\n\n\n<div style=\"height:1px\" aria-hidden=\"true\" class=\"wp-block-spacer\"><\/div>\n\n\n\n<h4 class=\"wp-block-heading has-text-align-left has-primary-color has-text-color has-normal-font-size\">Ce projet est financ\u00e9 par l\u2019Agence nationale de la recherche ANR (France) et par le Fonds national de la recherche FNS (Suisse).<\/h4>\n\n\n\n<div class=\"wp-block-columns is-layout-flex wp-container-core-columns-is-layout-9d6595d7 wp-block-columns-is-layout-flex\">\n<div class=\"wp-block-column is-layout-flow wp-block-column-is-layout-flow\">\n<figure class=\"wp-block-image size-full is-style-default\"><img alt=\"\" loading=\"lazy\" decoding=\"async\" width=\"442\" height=\"114\" src=\"https:\/\/wp.unil.ch\/hutobstour\/files\/2021\/09\/FNS.png\" alt=\"\" class=\"wp-image-295\" srcset=\"https:\/\/wp.unil.ch\/hutobstour\/files\/2021\/09\/FNS.png 442w, https:\/\/wp.unil.ch\/hutobstour\/files\/2021\/09\/FNS-300x77.png 300w\" sizes=\"auto, (max-width: 442px) 100vw, 442px\" \/><\/figure>\n<\/div>\n\n\n\n<div class=\"wp-block-column is-layout-flow wp-block-column-is-layout-flow\">\n<figure class=\"wp-block-image size-large is-resized is-style-default\"><img alt=\"\" loading=\"lazy\" decoding=\"async\" width=\"1024\" height=\"263\" src=\"https:\/\/wp.unil.ch\/hutobstour\/files\/2021\/09\/ANR-logo-2021-complet_Plan-de-travail-1-1024x263.png\" alt=\"\" class=\"wp-image-298\" style=\"width:407px;height:103px\" srcset=\"https:\/\/wp.unil.ch\/hutobstour\/files\/2021\/09\/ANR-logo-2021-complet_Plan-de-travail-1-1024x263.png 1024w, https:\/\/wp.unil.ch\/hutobstour\/files\/2021\/09\/ANR-logo-2021-complet_Plan-de-travail-1-300x77.png 300w, https:\/\/wp.unil.ch\/hutobstour\/files\/2021\/09\/ANR-logo-2021-complet_Plan-de-travail-1-768x197.png 768w, https:\/\/wp.unil.ch\/hutobstour\/files\/2021\/09\/ANR-logo-2021-complet_Plan-de-travail-1-540x139.png 540w, https:\/\/wp.unil.ch\/hutobstour\/files\/2021\/09\/ANR-logo-2021-complet_Plan-de-travail-1-1080x277.png 1080w, https:\/\/wp.unil.ch\/hutobstour\/files\/2021\/09\/ANR-logo-2021-complet_Plan-de-travail-1.png 1465w\" sizes=\"auto, (max-width: 1024px) 100vw, 1024px\" \/><\/figure>\n<\/div>\n<\/div>\n<\/div><\/div>\n","protected":false},"excerpt":{"rendered":"<p>Victor Andrade Ing\u00e9nieur d&rsquo;\u00e9tudeUniversit\u00e9 Grenoble Alpes Philippe Bourdeau ProfesseurUniversit\u00e9 Grenoble Alpes Laine Chanteloup Professeure assistante Universit\u00e9 de Lausanne Christophe Clivaz Professeur associ\u00e9Universit\u00e9 de Lausanne M\u00e9lanie Clivaz Charg\u00e9e de&hellip;<\/p>\n","protected":false},"author":1001915,"featured_media":0,"parent":0,"menu_order":0,"comment_status":"closed","ping_status":"closed","template":"template-full-width.php","meta":{"_seopress_robots_primary_cat":"","_seopress_titles_title":"","_seopress_titles_desc":"","_seopress_robots_index":"","footnotes":""},"class_list":["post-224","page","type-page","status-publish","has-post-thumbnail"],"_links":{"self":[{"href":"https:\/\/wp.unil.ch\/hutobstour\/wp-json\/wp\/v2\/pages\/224","targetHints":{"allow":["GET"]}}],"collection":[{"href":"https:\/\/wp.unil.ch\/hutobstour\/wp-json\/wp\/v2\/pages"}],"about":[{"href":"https:\/\/wp.unil.ch\/hutobstour\/wp-json\/wp\/v2\/types\/page"}],"author":[{"embeddable":true,"href":"https:\/\/wp.unil.ch\/hutobstour\/wp-json\/wp\/v2\/users\/1001915"}],"replies":[{"embeddable":true,"href":"https:\/\/wp.unil.ch\/hutobstour\/wp-json\/wp\/v2\/comments?post=224"}],"version-history":[{"count":2,"href":"https:\/\/wp.unil.ch\/hutobstour\/wp-json\/wp\/v2\/pages\/224\/revisions"}],"predecessor-version":[{"id":952,"href":"https:\/\/wp.unil.ch\/hutobstour\/wp-json\/wp\/v2\/pages\/224\/revisions\/952"}],"wp:attachment":[{"href":"https:\/\/wp.unil.ch\/hutobstour\/wp-json\/wp\/v2\/media?parent=224"}],"curies":[{"name":"wp","href":"https:\/\/api.w.org\/{rel}","templated":true}]}}