{"id":203,"date":"2021-07-23T11:05:04","date_gmt":"2021-07-23T09:05:04","guid":{"rendered":"https:\/\/wp.unil.ch\/hutobstour\/?page_id=203"},"modified":"2024-04-11T14:42:24","modified_gmt":"2024-04-11T12:42:24","slug":"a-propos","status":"publish","type":"page","link":"https:\/\/wp.unil.ch\/hutobstour\/a-propos\/","title":{"rendered":"Le projet"},"content":{"rendered":"\n<main class=\"wp-block-group has-primary-color has-buttons-text-background-color has-text-color has-background\"><div class=\"wp-block-group__inner-container is-layout-flow wp-block-group-is-layout-flow\">\n<p class=\"has-small-font-size\">Le projet s&rsquo;inscrit dans un contexte de forte injonction adaptative des destinations touristiques de montagne face aux effets cumulatifs des changements climatiques et soci\u00e9taux. Si les stations de sports d&rsquo;hiver doivent aussi s&rsquo;adapter \u00e0 un imp\u00e9ratif de diversification, nous avons choisi l&rsquo;angle mort des lieux \u00ab hors station \u00bb comme terrain de recherche. Il s&rsquo;agit d&rsquo;une trajectoire de transition fond\u00e9e sur un r\u00e9\u00e9quilibrage territorial entre \u00ab\u00a0espace de montagne peu am\u00e9nag\u00e9s\u00a0\u00bb et \u00ab\u00a0espaces de montagne am\u00e9nag\u00e9s\u00a0\u00bb, qui appara\u00eet particuli\u00e8rement strat\u00e9gique \u00e0 l&rsquo;\u00e9chelle des Alpes suisses et fran\u00e7aises. Face \u00e0 un important d\u00e9ficit de connaissances sur la gouvernance et les flux de visiteurs des zones de montagne \u00ab peu am\u00e9nag\u00e9s \u00bb, les refuges et les m\u00e9tiers qui s&rsquo;y rattachent (gardiens de refuge, guides de haute montagne, accompagnateurs en montagne) sont des marqueurs privil\u00e9gi\u00e9s, tant en termes d&rsquo;infrastructures (refuges\/cabanes) que de culture (m\u00e9tiers). A l&rsquo;interface entre vall\u00e9e et haute montagne, les refuges jouent un r\u00f4le nodal dans les flux touristiques des zones de montagne peu am\u00e9nag\u00e9s, tandis que la capacit\u00e9 cr\u00e9atrice des activit\u00e9s professionnelles d&rsquo;h\u00e9bergement et d&rsquo;accompagnement qu&rsquo;elles g\u00e9n\u00e8rent est stimul\u00e9e par les effets d&rsquo;incertitude et de crise.<\/p>\n\n\n\n<div style=\"height:24px\" aria-hidden=\"true\" class=\"wp-block-spacer\"><\/div>\n\n\n\n<h2 class=\"wp-block-heading has-buttons-text-color has-text-color has-background has-normal-font-size\" style=\"background-color:#93e1f0\">Objectifs<\/h2>\n\n\n\n<p class=\"has-small-font-size\">Les objectifs du projet s&rsquo;appuient sur des besoins de recherche identifi\u00e9s par deux programmes pr\u00e9c\u00e9dents : \u00ab\u00a0Les refuges comme observatoires de la transition r\u00e9cr\u00e9ative en haute montagne\u00a0\u00bb (financement d&rsquo;amor\u00e7age CIRM UNIL) en Suisse et \u00ab\u00a0Refuges sentinelles\u00a0\u00bb (Pacte-LABEX ITEM-CDP Trajectories IDEX UGA) en France. Ces objectifs interrogent les pratiques et dynamiques observables au niveau des refuges et des m\u00e9tiers associ\u00e9s comme ressources de transition touristique, en s&rsquo;appuyant sur 3 axes : <\/p>\n\n\n\n<p class=\"has-primary-color has-text-color has-small-font-size\">1) la mise en oeuvre de <a href=\"https:\/\/wp.unil.ch\/hutobstour\/frequentation\/\" data-type=\"page\" data-id=\"364\">dispositifs d&rsquo;observation<\/a> adapt\u00e9s \u00e0 la dispersion spatio-temporelle de la fr\u00e9quentation  de la montagne peu am\u00e9nag\u00e9e ;  <\/p>\n\n\n\n<p class=\"has-small-font-size\">2) la <a href=\"https:\/\/wp.unil.ch\/hutobstour\/transformation\/\" data-type=\"page\" data-id=\"369\">transformation<\/a> des cultures professionnelles des m\u00e9tiers de la montagne ; <\/p>\n\n\n\n<p class=\"has-small-font-size\">3) le r\u00f4le structurant des refuges de montagne dans la <a href=\"https:\/\/wp.unil.ch\/hutobstour\/gouvernance\/\">gouvernance<\/a> de la montagne peu am\u00e9nag\u00e9e et dans la diversification touristique<\/p>\n\n\n\n<div style=\"height:24px\" aria-hidden=\"true\" class=\"wp-block-spacer\"><\/div>\n\n\n\n<h2 class=\"wp-block-heading has-light-background-color has-text-color has-background has-normal-font-size\" style=\"background-color:#00b6da\">M\u00e9thodologie<\/h2>\n\n\n\n<p class=\"has-small-font-size\">L&rsquo;approche propos\u00e9e sera d\u00e9ploy\u00e9e de mani\u00e8re transversale et sym\u00e9trique sur des sites situ\u00e9s \u00e0 la fois en France et en Suisse. Les orientations m\u00e9thodologiques retenues donneront une place centrale aux partenariats d\u00e9velopp\u00e9s dans une logique collaborative avec les op\u00e9rateurs et acteurs de terrain. D\u00e9j\u00e0 engag\u00e9e en amont dans l&rsquo;\u00e9laboration des objectifs, des questions et des m\u00e9thodes du projet, cette d\u00e9marche sera conduite \u00e0 toutes les \u00e9tapes de la recherche. Afin de croiser des sources et des types de donn\u00e9es adapt\u00e9s aux fortes sp\u00e9cificit\u00e9s socio-g\u00e9ographiques du sujet et des zones d&rsquo;\u00e9tude,  Plusieurs m\u00e9thodes seront mises en oeuvre : <\/p>\n\n\n\n<p class=\"has-small-font-size\"><strong><mark style=\"background-color:#ffffff\" class=\"has-inline-color has-accent-color\">M\u00e9thodes quantitatives<\/mark><\/strong> : Enqu\u00eates par questionnaire, dispositifs exp\u00e9rimentaux pour la collecte de donn\u00e9es sur les flux touristiques ;<\/p>\n\n\n\n<p class=\"has-small-font-size\"><strong><mark style=\"background-color:#ffffff\" class=\"has-inline-color has-accent-color\">M\u00e9thodes qualitatives <\/mark><\/strong>: Entretiens semi-directifs, observations in situ ;<\/p>\n\n\n\n<p class=\"has-small-font-size\"><mark style=\"background-color:#ffffff\" class=\"has-inline-color has-accent-color\"><strong>Approche transdisciplinaire<\/strong> :<\/mark> Focus groups, ateliers cr\u00e9atifs.<\/p>\n\n\n\n<div style=\"height:19px\" aria-hidden=\"true\" class=\"wp-block-spacer\"><\/div>\n\n\n\n<h2 class=\"wp-block-heading has-buttons-text-color has-text-color has-background has-normal-font-size\" style=\"background-color:#03045f\">Sites d&rsquo;\u00e9tude<\/h2>\n\n\n\n<p class=\"has-small-font-size\">Les sites d&rsquo;\u00e9tude sont situ\u00e9s en France et en Suisse, plus pr\u00e9cis\u00e9ment : <\/p>\n\n\n\n<p class=\"has-small-font-size\">\u2013 Dans le Parc national des \u00c9crins (4 sites)<\/p>\n\n\n\n<p class=\"has-small-font-size\">\u2013 Dans le bassin de la Mer de Glace (Chamonix) (6 sites)<\/p>\n\n\n\n<p class=\"has-small-font-size\">\u2013 Dans le Val Ferret (4 sites)<\/p>\n\n\n\n<p class=\"has-small-font-size\">\u2013 Dans les Vals d&rsquo;Entremont et de Bagnes (6 sites)<\/p>\n\n\n\n<div style=\"height:100px\" aria-hidden=\"true\" class=\"wp-block-spacer\"><\/div>\n\n\n\n<hr class=\"wp-block-separator has-text-color has-accent-color has-css-opacity has-accent-background-color has-background\" \/>\n\n\n\n<h2 class=\"wp-block-heading has-text-align-left has-primary-color has-text-color has-normal-font-size\">Finan<strong>cement<\/strong><\/h2>\n\n\n\n<h5 class=\"wp-block-heading has-text-align-left has-primary-color has-text-color has-small-font-size\">Ce projet est financ\u00e9 par l\u2019Agence nationale de la recherche ANR (France) et par le Fonds national de la recherche FNS (Suisse).<\/h5>\n\n\n\n<div class=\"wp-block-columns is-layout-flex wp-container-core-columns-is-layout-9d6595d7 wp-block-columns-is-layout-flex\">\n<div class=\"wp-block-column is-layout-flow wp-block-column-is-layout-flow\">\n<figure class=\"wp-block-image size-full is-style-default\"><img alt=\"\" loading=\"lazy\" decoding=\"async\" width=\"442\" height=\"114\" src=\"https:\/\/wp.unil.ch\/hutobstour\/files\/2021\/09\/FNS.png\" alt=\"\" class=\"wp-image-295\" srcset=\"https:\/\/wp.unil.ch\/hutobstour\/files\/2021\/09\/FNS.png 442w, https:\/\/wp.unil.ch\/hutobstour\/files\/2021\/09\/FNS-300x77.png 300w\" sizes=\"auto, (max-width: 442px) 100vw, 442px\" \/><\/figure>\n<\/div>\n\n\n\n<div class=\"wp-block-column is-layout-flow wp-block-column-is-layout-flow\">\n<figure class=\"wp-block-image size-large is-resized is-style-default\"><img alt=\"\" loading=\"lazy\" decoding=\"async\" width=\"1024\" height=\"263\" src=\"https:\/\/wp.unil.ch\/hutobstour\/files\/2021\/09\/ANR-logo-2021-complet_Plan-de-travail-1-1024x263.png\" alt=\"\" class=\"wp-image-298\" style=\"width:407px;height:103px\" srcset=\"https:\/\/wp.unil.ch\/hutobstour\/files\/2021\/09\/ANR-logo-2021-complet_Plan-de-travail-1-1024x263.png 1024w, https:\/\/wp.unil.ch\/hutobstour\/files\/2021\/09\/ANR-logo-2021-complet_Plan-de-travail-1-300x77.png 300w, https:\/\/wp.unil.ch\/hutobstour\/files\/2021\/09\/ANR-logo-2021-complet_Plan-de-travail-1-768x197.png 768w, https:\/\/wp.unil.ch\/hutobstour\/files\/2021\/09\/ANR-logo-2021-complet_Plan-de-travail-1-540x139.png 540w, https:\/\/wp.unil.ch\/hutobstour\/files\/2021\/09\/ANR-logo-2021-complet_Plan-de-travail-1-1080x277.png 1080w, https:\/\/wp.unil.ch\/hutobstour\/files\/2021\/09\/ANR-logo-2021-complet_Plan-de-travail-1.png 1465w\" sizes=\"auto, (max-width: 1024px) 100vw, 1024px\" \/><\/figure>\n<\/div>\n<\/div>\n<\/div><\/main>\n","protected":false},"excerpt":{"rendered":"<p>Le projet s&rsquo;inscrit dans un contexte de forte injonction adaptative des destinations touristiques de montagne face aux effets cumulatifs des changements climatiques et soci\u00e9taux. Si les stations de&hellip;<\/p>\n","protected":false},"author":1001915,"featured_media":0,"parent":0,"menu_order":0,"comment_status":"closed","ping_status":"closed","template":"template-full-width.php","meta":{"_seopress_robots_primary_cat":"","_seopress_titles_title":"","_seopress_titles_desc":"","_seopress_robots_index":"","footnotes":""},"class_list":["post-203","page","type-page","status-publish","has-post-thumbnail"],"_links":{"self":[{"href":"https:\/\/wp.unil.ch\/hutobstour\/wp-json\/wp\/v2\/pages\/203","targetHints":{"allow":["GET"]}}],"collection":[{"href":"https:\/\/wp.unil.ch\/hutobstour\/wp-json\/wp\/v2\/pages"}],"about":[{"href":"https:\/\/wp.unil.ch\/hutobstour\/wp-json\/wp\/v2\/types\/page"}],"author":[{"embeddable":true,"href":"https:\/\/wp.unil.ch\/hutobstour\/wp-json\/wp\/v2\/users\/1001915"}],"replies":[{"embeddable":true,"href":"https:\/\/wp.unil.ch\/hutobstour\/wp-json\/wp\/v2\/comments?post=203"}],"version-history":[{"count":1,"href":"https:\/\/wp.unil.ch\/hutobstour\/wp-json\/wp\/v2\/pages\/203\/revisions"}],"predecessor-version":[{"id":666,"href":"https:\/\/wp.unil.ch\/hutobstour\/wp-json\/wp\/v2\/pages\/203\/revisions\/666"}],"wp:attachment":[{"href":"https:\/\/wp.unil.ch\/hutobstour\/wp-json\/wp\/v2\/media?parent=203"}],"curies":[{"name":"wp","href":"https:\/\/api.w.org\/{rel}","templated":true}]}}