{"id":1079,"date":"2025-08-21T15:06:18","date_gmt":"2025-08-21T13:06:18","guid":{"rendered":"https:\/\/wp.unil.ch\/hutobstour\/?page_id=1079"},"modified":"2025-10-02T08:52:14","modified_gmt":"2025-10-02T06:52:14","slug":"rencontre2025","status":"publish","type":"page","link":"https:\/\/wp.unil.ch\/hutobstour\/rencontre2025\/","title":{"rendered":""},"content":{"rendered":"\n<div class=\"wp-block-group has-buttons-text-background-color has-background\"><div class=\"wp-block-group__inner-container is-layout-constrained wp-block-group-is-layout-constrained\">\n<p class=\"has-text-align-center has-accent-color has-buttons-text-background-color has-text-color has-background has-link-color has-larger-font-size wp-elements-23faaf8a470f29b9e4a1a03d4b481ef6\"><strong>Rencontre interprofessionnelle de fin de saison<\/strong><\/p>\n\n\n\n<p class=\"has-text-align-center has-large-font-size\"><strong>Mercredi 8 octobre 2025<\/strong><br>Orsi\u00e8res, Laiterie d&rsquo;Orsi\u00e8res<\/p>\n\n\n\n<p>Ce rendez-vous interprofessionnel de fin d\u2019\u00e9t\u00e9 r\u00e9unit les acteur\u00b7rices de la montagne dans le cadre du programme <strong>HutObsTour<\/strong>.<\/p>\n\n\n\n<p>Cette rencontre sera l&rsquo;occasion de : <\/p>\n\n\n\n<ul class=\"wp-block-list\">\n<li>partager vos retours d&rsquo;exp\u00e9rience sur la saison \u00e9coul\u00e9e; <\/li>\n\n\n\n<li>\u00e9changer avec d&rsquo;autres professionnel\u00b7les de la montagne ; <\/li>\n\n\n\n<li>d\u00e9couvrir l&rsquo;avanc\u00e9e du programme HutObsTour; <\/li>\n\n\n\n<li>Partager un moment convivial et informel autour d&rsquo;une raclette<br><\/li>\n<\/ul>\n\n\n\n<p class=\"has-accent-color has-text-color has-link-color has-normal-font-size wp-elements-f9ca5d3391bc62a9776704503bb7f9bd\"><strong>Programme<\/strong><\/p>\n\n\n\n<p><strong>09h00<\/strong> \u2013 Accueil et caf\u00e9<br><strong>09h30 \u2013<\/strong> D\u00e9briefing de la saison<br><strong>11h00 <\/strong> Pr\u00e9sentation des activit\u00e9s HutObsTour et perspectives<br><strong>12h30<\/strong> \u2013 Ap\u00e9ritif suivi d\u2019une raclette<\/p>\n\n\n\n<p><\/p>\n\n\n\n<p class=\"has-accent-color has-text-color has-link-color has-normal-font-size wp-elements-ea77069037de307a7b406506a74f2efa\"><strong>Inscription<\/strong><\/p>\n\n\n\n<p class=\"has-normal-font-size\">Les inscriptions sont closes. Merci de votre compr\u00e9hension.<\/p>\n\n\n\n<p class=\"has-normal-font-size\"><\/p>\n\n\n\n<div style=\"height:32px\" aria-hidden=\"true\" class=\"wp-block-spacer\"><\/div>\n<\/div><\/div>\n\n\n\n<p><\/p>\n","protected":false},"excerpt":{"rendered":"<p>Rencontre interprofessionnelle de fin de saison Mercredi 8 octobre 2025Orsi\u00e8res, Laiterie d&rsquo;Orsi\u00e8res Ce rendez-vous interprofessionnel de fin d\u2019\u00e9t\u00e9 r\u00e9unit les acteur\u00b7rices de la montagne dans le cadre du&hellip;<\/p>\n","protected":false},"author":1001915,"featured_media":0,"parent":0,"menu_order":0,"comment_status":"closed","ping_status":"closed","template":"template-full-width.php","meta":{"_seopress_robots_primary_cat":"","_seopress_titles_title":"","_seopress_titles_desc":"","_seopress_robots_index":"","footnotes":""},"class_list":["post-1079","page","type-page","status-publish","has-post-thumbnail"],"_links":{"self":[{"href":"https:\/\/wp.unil.ch\/hutobstour\/wp-json\/wp\/v2\/pages\/1079","targetHints":{"allow":["GET"]}}],"collection":[{"href":"https:\/\/wp.unil.ch\/hutobstour\/wp-json\/wp\/v2\/pages"}],"about":[{"href":"https:\/\/wp.unil.ch\/hutobstour\/wp-json\/wp\/v2\/types\/page"}],"author":[{"embeddable":true,"href":"https:\/\/wp.unil.ch\/hutobstour\/wp-json\/wp\/v2\/users\/1001915"}],"replies":[{"embeddable":true,"href":"https:\/\/wp.unil.ch\/hutobstour\/wp-json\/wp\/v2\/comments?post=1079"}],"version-history":[{"count":5,"href":"https:\/\/wp.unil.ch\/hutobstour\/wp-json\/wp\/v2\/pages\/1079\/revisions"}],"predecessor-version":[{"id":1093,"href":"https:\/\/wp.unil.ch\/hutobstour\/wp-json\/wp\/v2\/pages\/1079\/revisions\/1093"}],"wp:attachment":[{"href":"https:\/\/wp.unil.ch\/hutobstour\/wp-json\/wp\/v2\/media?parent=1079"}],"curies":[{"name":"wp","href":"https:\/\/api.w.org\/{rel}","templated":true}]}}