{"id":3225,"date":"2024-10-28T14:28:47","date_gmt":"2024-10-28T13:28:47","guid":{"rendered":"https:\/\/wp.unil.ch\/hrp\/?page_id=3225"},"modified":"2025-07-15T13:49:02","modified_gmt":"2025-07-15T11:49:02","slug":"exemples-de-projets-supportes","status":"publish","type":"page","link":"https:\/\/wp.unil.ch\/hrp\/exemples-de-projets-supportes\/","title":{"rendered":"Exemples de projets support\u00e9s"},"content":{"rendered":"\n<div class=\"wp-block-columns is-layout-flex wp-container-core-columns-is-layout-9d6595d7 wp-block-columns-is-layout-flex\">\n<div class=\"wp-block-column is-layout-flow wp-block-column-is-layout-flow\" style=\"flex-basis:100%\"><ul class=\"wp-block-latest-posts__list has-dates wp-block-latest-posts\"><li><a class=\"wp-block-latest-posts__post-title\" href=\"https:\/\/wp.unil.ch\/hrp\/sensitive-healthcare-for-inclusive-needs-in-perinatal-depression-shine\/\">Sensitive Healthcare for Inclusive Needs in Perinatal Depression (SHINE)<\/a><time datetime=\"2025-07-15T13:52:40+02:00\" class=\"wp-block-latest-posts__post-date\">15 juillet 2025<\/time><div class=\"wp-block-latest-posts__post-excerpt\">Pr\u00e9sentation de l\u2019\u00e9tude SHINE. Objectif : (1) \u00c9tudier les besoins de sant\u00e9 sp\u00e9cifiques et les comportements de recours aux soins des parents issus de diff\u00e9rentes structures familiales, ainsi que les points de vue des professionnel\u00b7le\u00b7s de sant\u00e9 concernant les obstacles potentiels \u00e0 la prestation de soins, au moyen d\u2019entretiens qualitatifs et de groupes de discussion.&hellip;<\/div><\/li>\n<li><a class=\"wp-block-latest-posts__post-title\" href=\"https:\/\/wp.unil.ch\/hrp\/etp-program-psoriasis-pilot\/\">ETP program psoriasis pilot\u00a0\u00a0\u00a0\u00a0\u00a0\u00a0\u00a0\u00a0\u00a0\u00a0\u00a0\u00a0\u00a0\u00a0\u00a0\u00a0<\/a><time datetime=\"2025-07-10T16:19:59+02:00\" class=\"wp-block-latest-posts__post-date\">10 juillet 2025<\/time><div class=\"wp-block-latest-posts__post-excerpt\">Le psoriasis est une maladie syst\u00e9mique \u00e0 m\u00e9diation immunitaire, caract\u00e9ris\u00e9e par des manifestations inflammatoires cutan\u00e9es, pouvant \u00e9galement toucher les articulations. Il impacte significativement la qualit\u00e9 de vie des patients, en particulier aux niveaux physique, psychologique, esth\u00e9tique corporel et social. Malgr\u00e9 des avanc\u00e9es importantes dans les traitements, leur efficacit\u00e9 d\u00e9pend largement de l\u2019autogestion de la maladie&hellip;<\/div><\/li>\n<li><a class=\"wp-block-latest-posts__post-title\" href=\"https:\/\/wp.unil.ch\/hrp\/pods\/\">PODS (Effectiveness of a patient-oriented discharge summary for older inpatients discharged home)\u00a0\u00a0\u00a0\u00a0\u00a0\u00a0\u00a0\u00a0\u00a0\u00a0\u00a0\u00a0\u00a0\u00a0\u00a0\u00a0<\/a><time datetime=\"2025-07-09T14:46:33+02:00\" class=\"wp-block-latest-posts__post-date\">9 juillet 2025<\/time><div class=\"wp-block-latest-posts__post-excerpt\">Pr\u00e9sentation de l&rsquo;\u00e9tude PODS. Objectif: L&rsquo;objectif principal est d\u2019\u00e9valuer l&rsquo;efficacit\u00e9 d&rsquo;un r\u00e9sum\u00e9 de sortie centr\u00e9 sur le patient sur la qualit\u00e9 de la transition de l\u2019h\u00f4pital \u00e0 domicile per\u00e7ue par les patients \u00e2g\u00e9s ainsi que les probl\u00e8mes et besoins apr\u00e8s le retour \u00e0 domicile. &nbsp; L\u2019objectif secondaire est d\u2019\u00e9valuer l\u2019implantation du r\u00e9sum\u00e9 de sortie dans&hellip;<\/div><\/li>\n<\/ul><\/div>\n<\/div>\n\n\n\n<p><\/p>\n","protected":false},"excerpt":{"rendered":"","protected":false},"author":1002817,"featured_media":2260,"parent":0,"menu_order":0,"comment_status":"closed","ping_status":"closed","template":"template-full-width-cover.php","meta":{"_seopress_robots_primary_cat":"","_seopress_titles_title":"","_seopress_titles_desc":"","_seopress_robots_index":"","footnotes":""},"class_list":["post-3225","page","type-page","status-publish","has-post-thumbnail"],"_links":{"self":[{"href":"https:\/\/wp.unil.ch\/hrp\/wp-json\/wp\/v2\/pages\/3225","targetHints":{"allow":["GET"]}}],"collection":[{"href":"https:\/\/wp.unil.ch\/hrp\/wp-json\/wp\/v2\/pages"}],"about":[{"href":"https:\/\/wp.unil.ch\/hrp\/wp-json\/wp\/v2\/types\/page"}],"author":[{"embeddable":true,"href":"https:\/\/wp.unil.ch\/hrp\/wp-json\/wp\/v2\/users\/1002817"}],"replies":[{"embeddable":true,"href":"https:\/\/wp.unil.ch\/hrp\/wp-json\/wp\/v2\/comments?post=3225"}],"version-history":[{"count":5,"href":"https:\/\/wp.unil.ch\/hrp\/wp-json\/wp\/v2\/pages\/3225\/revisions"}],"predecessor-version":[{"id":3408,"href":"https:\/\/wp.unil.ch\/hrp\/wp-json\/wp\/v2\/pages\/3225\/revisions\/3408"}],"wp:featuredmedia":[{"embeddable":true,"href":"https:\/\/wp.unil.ch\/hrp\/wp-json\/wp\/v2\/media\/2260"}],"wp:attachment":[{"href":"https:\/\/wp.unil.ch\/hrp\/wp-json\/wp\/v2\/media?parent=3225"}],"curies":[{"name":"wp","href":"https:\/\/api.w.org\/{rel}","templated":true}]}}