{"id":319,"date":"2022-05-19T16:38:44","date_gmt":"2022-05-19T14:38:44","guid":{"rendered":"https:\/\/wp.unil.ch\/hrp\/?page_id=319"},"modified":"2022-09-05T10:52:59","modified_gmt":"2022-09-05T08:52:59","slug":"les-etapes-a-suivre-pour-creer-mon-projet","status":"publish","type":"page","link":"https:\/\/wp.unil.ch\/hrp\/les-etapes-a-suivre-pour-creer-mon-projet\/","title":{"rendered":"Profiler mon projet"},"content":{"rendered":"\n<p class=\"has-light-background-color has-text-color\" style=\"font-size:50px\">Les \u00e9tapes \u00e0 suivre pour cr\u00e9er mon projet<\/p>\n\n\n\n<div class=\"wp-block-columns is-layout-flex wp-container-core-columns-is-layout-9d6595d7 wp-block-columns-is-layout-flex\">\n<div class=\"wp-block-column is-layout-flow wp-block-column-is-layout-flow\">\n<p class=\"justifier has-large-font-size\">Cette section donne un aper\u00e7u des<strong> processus r\u00e9glementaires les plus importants<\/strong> dans le contexte du <strong>d\u00e9veloppement<\/strong> et de la <strong>soumission<\/strong> de <strong>projets de recherche sur l\u2019\u00eatre humain<\/strong> (incluant les essais cliniques et les essais cliniques avec dispositif m\u00e9dical) aux <strong>commissions d&rsquo;\u00e9thique<\/strong> (EC) et aux <strong>autorit\u00e9s de la sant\u00e9 <\/strong>publique.<\/p>\n<\/div>\n<\/div>\n\n\n\n<div style=\"height:58px\" aria-hidden=\"true\" class=\"wp-block-spacer\"><\/div>\n\n\n\n<div class=\"wp-block-columns is-layout-flex wp-container-core-columns-is-layout-9d6595d7 wp-block-columns-is-layout-flex\">\n<div class=\"wp-block-column is-layout-flow wp-block-column-is-layout-flow\">\n<figure class=\"wp-block-image size-full is-resized\"><a href=\"https:\/\/wp.unil.ch\/hrp\/lrh_oclin_orh\/\"><img alt=\"\" loading=\"lazy\" decoding=\"async\" src=\"https:\/\/wp.unil.ch\/hrp\/files\/2022\/08\/design_categorisation.png\" alt=\"\" class=\"wp-image-2033\" width=\"350\" height=\"401\" srcset=\"https:\/\/wp.unil.ch\/hrp\/files\/2022\/08\/design_categorisation.png 467w, https:\/\/wp.unil.ch\/hrp\/files\/2022\/08\/design_categorisation-262x300.png 262w, https:\/\/wp.unil.ch\/hrp\/files\/2022\/08\/design_categorisation-10x12.png 10w\" sizes=\"auto, (max-width: 350px) 100vw, 350px\" \/><\/a><\/figure>\n<\/div>\n\n\n\n<div class=\"wp-block-column is-layout-flow wp-block-column-is-layout-flow\">\n<figure class=\"wp-block-image size-full is-resized\"><a href=\"https:\/\/wp.unil.ch\/hrp\/soumission\/\"><img alt=\"\" loading=\"lazy\" decoding=\"async\" src=\"https:\/\/wp.unil.ch\/hrp\/files\/2022\/08\/redaction_soumission.png\" alt=\"\" class=\"wp-image-2034\" width=\"350\" height=\"401\" srcset=\"https:\/\/wp.unil.ch\/hrp\/files\/2022\/08\/redaction_soumission.png 467w, https:\/\/wp.unil.ch\/hrp\/files\/2022\/08\/redaction_soumission-262x300.png 262w, https:\/\/wp.unil.ch\/hrp\/files\/2022\/08\/redaction_soumission-10x12.png 10w\" sizes=\"auto, (max-width: 350px) 100vw, 350px\" \/><\/a><\/figure>\n<\/div>\n\n\n\n<div class=\"wp-block-column is-layout-flow wp-block-column-is-layout-flow\">\n<figure class=\"wp-block-image size-full is-resized\"><a href=\"https:\/\/wp.unil.ch\/hrp\/activation-des-centres-participants\/\"><img alt=\"\" loading=\"lazy\" decoding=\"async\" src=\"https:\/\/wp.unil.ch\/hrp\/files\/2022\/08\/conduite_etude.png\" alt=\"\" class=\"wp-image-2035\" width=\"350\" height=\"401\" srcset=\"https:\/\/wp.unil.ch\/hrp\/files\/2022\/08\/conduite_etude.png 467w, https:\/\/wp.unil.ch\/hrp\/files\/2022\/08\/conduite_etude-262x300.png 262w, https:\/\/wp.unil.ch\/hrp\/files\/2022\/08\/conduite_etude-10x12.png 10w\" sizes=\"auto, (max-width: 350px) 100vw, 350px\" \/><\/a><\/figure>\n<\/div>\n<\/div>\n\n\n\n<div style=\"height:100px\" aria-hidden=\"true\" class=\"wp-block-spacer\"><\/div>\n\n\n\n<div class=\"wp-block-columns is-layout-flex wp-container-core-columns-is-layout-9d6595d7 wp-block-columns-is-layout-flex\">\n<div class=\"wp-block-column is-layout-flow wp-block-column-is-layout-flow\">\n<div class=\"wp-block-group is-vertical is-layout-flex wp-container-core-group-is-layout-8cf370e7 wp-block-group-is-layout-flex\">\n<p class=\"justifier has-large-font-size\">Les projets de recherche sur l\u2019\u00eatre humain en Suisse sont soumis aux obligations stipul\u00e9es par les <strong>directives internationales<\/strong> et par les <strong>r\u00e9glementations f\u00e9d\u00e9rales<\/strong>. Ces r\u00e9glementations garantissent au public que les <strong>droits<\/strong>, la <strong>s\u00e9curit\u00e9<\/strong> et le <strong>bien-\u00eatre<\/strong> des <strong>participants<\/strong> sont prot\u00e9g\u00e9s et que les <strong>donn\u00e9es recueillies<\/strong> sont <strong>fiables<\/strong>.<\/p>\n\n\n\n<p class=\"justifier has-large-font-size\">Les r\u00e9glementations suisses relatives aux projets de recherche sur l&rsquo;\u00eatre humain respectent les <strong>principes \u00e9thiques<\/strong> d\u00e9crits dans <strong>plusieurs lignes directrices internationales<\/strong>, telles que la <a rel=\"noreferrer noopener\" href=\"https:\/\/www.wma.net\/fr\/policies-post\/declaration-dhelsinki-de-lamm-principes-ethiques-applicables-a-la-recherche-medicale-impliquant-des-etres-humains\/\" data-type=\"URL\" data-id=\"https:\/\/www.wma.net\/fr\/policies-post\/declaration-dhelsinki-de-lamm-principes-ethiques-applicables-a-la-recherche-medicale-impliquant-des-etres-humains\/\" target=\"_blank\">D\u00e9claration d&rsquo;Helsinki<\/a> de l&rsquo;Association m\u00e9dicale mondiale, les <a rel=\"noreferrer noopener\" href=\"https:\/\/cioms.ch\/wp-content\/uploads\/2017\/01\/WEB-CIOMS-EthicalGuidelines.pdf\" data-type=\"URL\" data-id=\"https:\/\/cioms.ch\/wp-content\/uploads\/2017\/01\/WEB-CIOMS-EthicalGuidelines.pdf\" target=\"_blank\">lignes directrices internationales<\/a> d&rsquo;\u00e9thique pour la recherche en sant\u00e9 impliquant des \u00eatres humains du Conseil des organisations internationales des sciences m\u00e9dicales (<a rel=\"noreferrer noopener\" href=\"https:\/\/cioms.ch\/\" data-type=\"URL\" data-id=\"https:\/\/cioms.ch\/\" target=\"_blank\">CIOMS<\/a>) et les <a rel=\"noreferrer noopener\" href=\"https:\/\/ich.org\/page\/efficacy-guidelines\" data-type=\"URL\" data-id=\"https:\/\/ich.org\/page\/efficacy-guidelines\" target=\"_blank\">Bonnes Pratiques Cliniques<\/a> du Conseil international pour l&rsquo;harmonisation des exigences techniques relatives aux produits pharmaceutiques \u00e0 usage humain (<a rel=\"noreferrer noopener\" href=\"https:\/\/ich.org\/page\/efficacy-guidelines\" data-type=\"URL\" data-id=\"https:\/\/ich.org\/page\/efficacy-guidelines\" target=\"_blank\">ICH<\/a>), ces derni\u00e8res \u00e9tant explicitement mentionn\u00e9es dans les textes juridiques suisses.<\/p>\n<\/div>\n<\/div>\n<\/div>\n","protected":false},"excerpt":{"rendered":"<p>Les \u00e9tapes \u00e0 suivre pour cr\u00e9er mon projet Cette section donne un aper\u00e7u des processus r\u00e9glementaires les plus importants dans le contexte du d\u00e9veloppement et de la soumission&hellip;<\/p>\n","protected":false},"author":1002441,"featured_media":2260,"parent":0,"menu_order":0,"comment_status":"closed","ping_status":"closed","template":"template-full-width-cover.php","meta":{"_seopress_robots_primary_cat":"","_seopress_titles_title":"","_seopress_titles_desc":"","_seopress_robots_index":"","footnotes":""},"class_list":["post-319","page","type-page","status-publish","has-post-thumbnail"],"_links":{"self":[{"href":"https:\/\/wp.unil.ch\/hrp\/wp-json\/wp\/v2\/pages\/319","targetHints":{"allow":["GET"]}}],"collection":[{"href":"https:\/\/wp.unil.ch\/hrp\/wp-json\/wp\/v2\/pages"}],"about":[{"href":"https:\/\/wp.unil.ch\/hrp\/wp-json\/wp\/v2\/types\/page"}],"author":[{"embeddable":true,"href":"https:\/\/wp.unil.ch\/hrp\/wp-json\/wp\/v2\/users\/1002441"}],"replies":[{"embeddable":true,"href":"https:\/\/wp.unil.ch\/hrp\/wp-json\/wp\/v2\/comments?post=319"}],"version-history":[{"count":0,"href":"https:\/\/wp.unil.ch\/hrp\/wp-json\/wp\/v2\/pages\/319\/revisions"}],"wp:featuredmedia":[{"embeddable":true,"href":"https:\/\/wp.unil.ch\/hrp\/wp-json\/wp\/v2\/media\/2260"}],"wp:attachment":[{"href":"https:\/\/wp.unil.ch\/hrp\/wp-json\/wp\/v2\/media?parent=319"}],"curies":[{"name":"wp","href":"https:\/\/api.w.org\/{rel}","templated":true}]}}