{"id":2154,"date":"2022-08-23T16:13:09","date_gmt":"2022-08-23T14:13:09","guid":{"rendered":"https:\/\/wp.unil.ch\/hrp\/?page_id=2154"},"modified":"2024-11-08T13:50:04","modified_gmt":"2024-11-08T12:50:04","slug":"gestion-de-projet","status":"publish","type":"page","link":"https:\/\/wp.unil.ch\/hrp\/gestion-de-projet\/","title":{"rendered":"Gestion de projet"},"content":{"rendered":"\n<div class=\"wp-block-columns is-layout-flex wp-container-core-columns-is-layout-9d6595d7 wp-block-columns-is-layout-flex\">\n<div class=\"wp-block-column is-layout-flow wp-block-column-is-layout-flow\"><\/div>\n\n\n\n<div class=\"wp-block-column is-vertically-aligned-center is-layout-flow wp-block-column-is-layout-flow\" style=\"flex-basis:85%\">\n<div class=\"wp-block-group\"><div class=\"wp-block-group__inner-container is-layout-flow wp-block-group-is-layout-flow\">\n<p class=\"justifier\" style=\"font-size:20px\">Notre \u00e9quipe<strong> s&rsquo;engage \u00e0 mener \u00e0 bien votre \u00e9tude<\/strong> tout en <strong>respectant les normes et directives de qualit\u00e9<\/strong> locales, nationales et internationales. Nous comprenons l&rsquo;importance de mener des projets de recherche avec les<strong> plus hauts niveaux de qualit\u00e9 <\/strong>et d&rsquo;attention, qu&rsquo;il s&rsquo;agisse de <strong>r\u00e9duire la variabilit\u00e9 des donn\u00e9es<\/strong>, de <strong>respecter les crit\u00e8res d&rsquo;\u00e9valuation<\/strong> primaires et secondaires ou de se conformer strictement aux<strong> d\u00e9lais<\/strong> et aux <strong>budgets<\/strong>.<\/p>\n\n\n\n<div class=\"wp-block-group alignwide is-vertical is-content-justification-center is-layout-flex wp-container-core-group-is-layout-4b2eccd6 wp-block-group-is-layout-flex\">\n<div class=\"wp-block-group is-vertical is-content-justification-center is-layout-flex wp-container-core-group-is-layout-4b2eccd6 wp-block-group-is-layout-flex\">\n<div class=\"wp-block-group has-buttons-text-color has-accent-background-color has-text-color has-background is-vertical is-content-justification-center is-layout-flex wp-container-core-group-is-layout-4b2eccd6 wp-block-group-is-layout-flex\">\n<div class=\"wp-block-columns is-layout-flex wp-container-core-columns-is-layout-9d6595d7 wp-block-columns-is-layout-flex\">\n<div class=\"wp-block-column is-layout-flow wp-block-column-is-layout-flow\">\n<p class=\"justifier\" style=\"font-size:20px\">Ce que nous offrons (liste non exhaustive) :<\/p>\n<\/div>\n<\/div>\n\n\n\n<div class=\"wp-block-columns is-layout-flex wp-container-core-columns-is-layout-9d6595d7 wp-block-columns-is-layout-flex\">\n<div class=\"wp-block-column is-layout-flow wp-block-column-is-layout-flow\" style=\"flex-basis:85%\">\n<ul style=\"font-size:20px\" class=\"wp-block-list justifier\">\n<li>Gestion et supervision d&rsquo;essais internationaux, nationaux et locaux<\/li>\n\n\n\n<li>Conseil en mati\u00e8re de programmes de d\u00e9veloppement de projets cliniques<\/li>\n\n\n\n<li>Support \u00e0 la conception de l&rsquo;\u00e9tude et r\u00e9vision du protocole<\/li>\n\n\n\n<li>D\u00e9veloppement et mise en \u0153uvre d&rsquo;une strat\u00e9gie d&rsquo;analyse des donn\u00e9es<\/li>\n\n\n\n<li>\u00c9tudes de faisabilit\u00e9 approfondies et plans d&rsquo;\u00e9valuation des risques, y compris :\n<ul class=\"wp-block-list\">\n<li>Environnement r\u00e9glementaire<\/li>\n\n\n\n<li>Capacit\u00e9s du site (audits)<\/li>\n\n\n\n<li>Qualification et s\u00e9lection des sites<\/li>\n<\/ul>\n<\/li>\n\n\n\n<li>Suivi des \u00e9tudes cliniques <\/li>\n\n\n\n<li>Etc.<\/li>\n<\/ul>\n<\/div>\n<\/div>\n<\/div>\n<\/div>\n<\/div>\n\n\n\n<div class=\"wp-block-group justifier is-vertical is-content-justification-center is-layout-flex wp-container-core-group-is-layout-4b2eccd6 wp-block-group-is-layout-flex\">\n<div style=\"height:0px\" aria-hidden=\"true\" class=\"wp-block-spacer wp-container-content-442e7b1a\"><\/div>\n\n\n\n<p class=\"justifier\" style=\"font-size:20px\"><strong>Pour discuter de vos besoins en mati\u00e8re de gestion de projets de recherche clinique, <a href=\"https:\/\/wp.unil.ch\/hrp\/nous-contacter\/\" data-type=\"page\" data-id=\"187\" target=\"_blank\" rel=\"noreferrer noopener\">contactez-nous<\/a> d\u00e8s aujourd&rsquo;hui !<\/strong><\/p>\n<\/div>\n<\/div><\/div>\n<\/div>\n\n\n\n<div class=\"wp-block-column is-layout-flow wp-block-column-is-layout-flow\"><\/div>\n<\/div>\n\n\n\n<div style=\"height:70px\" aria-hidden=\"true\" class=\"wp-block-spacer\"><\/div>\n\n\n<div class=\"wp-block-image\">\n<figure class=\"aligncenter size-full is-resized\"><a href=\"https:\/\/wp.unil.ch\/hrp\/prestations\/\"><img alt=\"\" loading=\"lazy\" decoding=\"async\" width=\"467\" height=\"534\" src=\"https:\/\/wp.unil.ch\/hrp\/files\/2022\/07\/Monitor_text.png\" alt=\"\" class=\"wp-image-1667\" style=\"width:234px;height:267px\" srcset=\"https:\/\/wp.unil.ch\/hrp\/files\/2022\/07\/Monitor_text.png 467w, https:\/\/wp.unil.ch\/hrp\/files\/2022\/07\/Monitor_text-262x300.png 262w, https:\/\/wp.unil.ch\/hrp\/files\/2022\/07\/Monitor_text-10x12.png 10w\" sizes=\"auto, (max-width: 467px) 100vw, 467px\" \/><\/a><\/figure>\n<\/div>","protected":false},"excerpt":{"rendered":"<p>Notre \u00e9quipe s&rsquo;engage \u00e0 mener \u00e0 bien votre \u00e9tude tout en respectant les normes et directives de qualit\u00e9 locales, nationales et internationales. Nous comprenons l&rsquo;importance de mener des&hellip;<\/p>\n","protected":false},"author":1002441,"featured_media":2260,"parent":0,"menu_order":0,"comment_status":"closed","ping_status":"closed","template":"template-full-width-cover.php","meta":{"_seopress_robots_primary_cat":"","_seopress_titles_title":"","_seopress_titles_desc":"","_seopress_robots_index":"","footnotes":""},"class_list":["post-2154","page","type-page","status-publish","has-post-thumbnail"],"_links":{"self":[{"href":"https:\/\/wp.unil.ch\/hrp\/wp-json\/wp\/v2\/pages\/2154","targetHints":{"allow":["GET"]}}],"collection":[{"href":"https:\/\/wp.unil.ch\/hrp\/wp-json\/wp\/v2\/pages"}],"about":[{"href":"https:\/\/wp.unil.ch\/hrp\/wp-json\/wp\/v2\/types\/page"}],"author":[{"embeddable":true,"href":"https:\/\/wp.unil.ch\/hrp\/wp-json\/wp\/v2\/users\/1002441"}],"replies":[{"embeddable":true,"href":"https:\/\/wp.unil.ch\/hrp\/wp-json\/wp\/v2\/comments?post=2154"}],"version-history":[{"count":1,"href":"https:\/\/wp.unil.ch\/hrp\/wp-json\/wp\/v2\/pages\/2154\/revisions"}],"predecessor-version":[{"id":3255,"href":"https:\/\/wp.unil.ch\/hrp\/wp-json\/wp\/v2\/pages\/2154\/revisions\/3255"}],"wp:featuredmedia":[{"embeddable":true,"href":"https:\/\/wp.unil.ch\/hrp\/wp-json\/wp\/v2\/media\/2260"}],"wp:attachment":[{"href":"https:\/\/wp.unil.ch\/hrp\/wp-json\/wp\/v2\/media?parent=2154"}],"curies":[{"name":"wp","href":"https:\/\/api.w.org\/{rel}","templated":true}]}}