{"id":1892,"date":"2022-08-11T13:58:56","date_gmt":"2022-08-11T11:58:56","guid":{"rendered":"https:\/\/wp.unil.ch\/hrp\/?page_id=1892"},"modified":"2025-06-30T14:47:54","modified_gmt":"2025-06-30T12:47:54","slug":"monitoring","status":"publish","type":"page","link":"https:\/\/wp.unil.ch\/hrp\/monitoring\/","title":{"rendered":"Monitoring"},"content":{"rendered":"\n<div class=\"wp-block-columns is-layout-flex wp-container-core-columns-is-layout-9d6595d7 wp-block-columns-is-layout-flex\">\n<div class=\"wp-block-column is-layout-flow wp-block-column-is-layout-flow\"><\/div>\n\n\n\n<div class=\"wp-block-column is-layout-flow wp-block-column-is-layout-flow\" style=\"flex-basis:85%\">\n<div class=\"wp-block-group justifier is-vertical is-layout-flex wp-container-core-group-is-layout-8cf370e7 wp-block-group-is-layout-flex\">\n<p style=\"font-size:20px\">L\u2019 activit\u00e9 de monitoring a pour but de <strong>garantir que les droits et le bien-\u00eatre des sujets sont prot\u00e9g\u00e9s<\/strong>, et que les <strong>donn\u00e9es<\/strong> de l&rsquo;essai clinique (OClin) ou de l&rsquo;essai clinique avec un dispositif m\u00e9dical (OClin-Dim) saisies dans la base de donn\u00e9es sont <strong>exactes, compl\u00e8tes et v\u00e9rifiables \u00e0 partir des documents sources.<\/strong><\/p>\n\n\n\n<p style=\"font-size:20px\">Elle supervise \u00e9galement le d\u00e9roulement d&rsquo;un essai clinique ou d&rsquo;un essai avec un dispositif m\u00e9dical et veille \u00e0 ce qu&rsquo;il soit <strong>men\u00e9, enregistr\u00e9 et rapport\u00e9<\/strong> conform\u00e9ment au <strong>protocole <\/strong>d&rsquo;\u00e9tude, aux <strong>documents de qualit\u00e9 applicables<\/strong>, aux <strong>Bonnes Pratiques Cliniques<\/strong> <strong>(BPC)<\/strong> (<em>ICH E6 GCP 5.18) <\/em>et aux <strong>r\u00e9glementations en vigueur<\/strong>.<\/p>\n<\/div>\n<\/div>\n\n\n\n<div class=\"wp-block-column is-layout-flow wp-block-column-is-layout-flow\"><\/div>\n<\/div>\n\n\n\n<div style=\"height:4px\" aria-hidden=\"true\" class=\"wp-block-spacer\"><\/div>\n\n\n\n<div class=\"wp-block-columns is-layout-flex wp-container-core-columns-is-layout-9d6595d7 wp-block-columns-is-layout-flex\">\n<div class=\"wp-block-column is-layout-flow wp-block-column-is-layout-flow\"><\/div>\n\n\n\n<div class=\"wp-block-column is-vertically-aligned-center is-layout-flow wp-block-column-is-layout-flow\" style=\"flex-basis:70%\"><div class=\"wp-block-image\">\n<figure class=\"aligncenter size-full\"><img alt=\"\" loading=\"lazy\" decoding=\"async\" width=\"4507\" height=\"1336\" src=\"https:\/\/wp.unil.ch\/hrp\/files\/2022\/09\/monitoring.png\" alt=\"\" class=\"wp-image-2734\" srcset=\"https:\/\/wp.unil.ch\/hrp\/files\/2022\/09\/monitoring.png 4507w, https:\/\/wp.unil.ch\/hrp\/files\/2022\/09\/monitoring-300x89.png 300w, https:\/\/wp.unil.ch\/hrp\/files\/2022\/09\/monitoring-1024x304.png 1024w, https:\/\/wp.unil.ch\/hrp\/files\/2022\/09\/monitoring-768x228.png 768w, https:\/\/wp.unil.ch\/hrp\/files\/2022\/09\/monitoring-1536x455.png 1536w, https:\/\/wp.unil.ch\/hrp\/files\/2022\/09\/monitoring-2048x607.png 2048w, https:\/\/wp.unil.ch\/hrp\/files\/2022\/09\/monitoring-18x5.png 18w, https:\/\/wp.unil.ch\/hrp\/files\/2022\/09\/monitoring-540x160.png 540w, https:\/\/wp.unil.ch\/hrp\/files\/2022\/09\/monitoring-1080x320.png 1080w, https:\/\/wp.unil.ch\/hrp\/files\/2022\/09\/monitoring-1980x587.png 1980w\" sizes=\"auto, (max-width: 4507px) 100vw, 4507px\" \/><\/figure>\n<\/div><\/div>\n\n\n\n<div class=\"wp-block-column is-layout-flow wp-block-column-is-layout-flow\"><\/div>\n<\/div>\n\n\n\n<div style=\"height:5px\" aria-hidden=\"true\" class=\"wp-block-spacer\"><\/div>\n\n\n\n<div class=\"wp-block-columns is-layout-flex wp-container-core-columns-is-layout-9d6595d7 wp-block-columns-is-layout-flex\">\n<div class=\"wp-block-column is-layout-flow wp-block-column-is-layout-flow\"><\/div>\n\n\n\n<div class=\"wp-block-column is-layout-flow wp-block-column-is-layout-flow\" style=\"flex-basis:85%\">\n<p class=\"justifier\" style=\"font-size:20px\">Contactez-nous pour en savoir plus sur la mani\u00e8re dont le monitoring doit \u00eatre mis en place.<\/p>\n<\/div>\n\n\n\n<div class=\"wp-block-column is-layout-flow wp-block-column-is-layout-flow\"><\/div>\n<\/div>\n\n\n\n<div style=\"height:46px\" aria-hidden=\"true\" class=\"wp-block-spacer\"><\/div>\n\n\n<div class=\"wp-block-image\">\n<figure class=\"aligncenter size-full is-resized\"><a href=\"https:\/\/wp.unil.ch\/hrp\/prestations\/\"><img alt=\"\" loading=\"lazy\" decoding=\"async\" width=\"467\" height=\"534\" src=\"https:\/\/wp.unil.ch\/hrp\/files\/2022\/07\/Monitor_text.png\" alt=\"\" class=\"wp-image-1667\" style=\"width:234px;height:267px\" srcset=\"https:\/\/wp.unil.ch\/hrp\/files\/2022\/07\/Monitor_text.png 467w, https:\/\/wp.unil.ch\/hrp\/files\/2022\/07\/Monitor_text-262x300.png 262w, https:\/\/wp.unil.ch\/hrp\/files\/2022\/07\/Monitor_text-10x12.png 10w\" sizes=\"auto, (max-width: 467px) 100vw, 467px\" \/><\/a><\/figure>\n<\/div>","protected":false},"excerpt":{"rendered":"<p>L\u2019 activit\u00e9 de monitoring a pour but de garantir que les droits et le bien-\u00eatre des sujets sont prot\u00e9g\u00e9s, et que les donn\u00e9es de l&rsquo;essai clinique (OClin) ou&hellip;<\/p>\n","protected":false},"author":1002441,"featured_media":2260,"parent":0,"menu_order":0,"comment_status":"closed","ping_status":"closed","template":"template-full-width-cover.php","meta":{"_seopress_robots_primary_cat":"","_seopress_titles_title":"","_seopress_titles_desc":"","_seopress_robots_index":"","footnotes":""},"class_list":["post-1892","page","type-page","status-publish","has-post-thumbnail"],"_links":{"self":[{"href":"https:\/\/wp.unil.ch\/hrp\/wp-json\/wp\/v2\/pages\/1892","targetHints":{"allow":["GET"]}}],"collection":[{"href":"https:\/\/wp.unil.ch\/hrp\/wp-json\/wp\/v2\/pages"}],"about":[{"href":"https:\/\/wp.unil.ch\/hrp\/wp-json\/wp\/v2\/types\/page"}],"author":[{"embeddable":true,"href":"https:\/\/wp.unil.ch\/hrp\/wp-json\/wp\/v2\/users\/1002441"}],"replies":[{"embeddable":true,"href":"https:\/\/wp.unil.ch\/hrp\/wp-json\/wp\/v2\/comments?post=1892"}],"version-history":[{"count":1,"href":"https:\/\/wp.unil.ch\/hrp\/wp-json\/wp\/v2\/pages\/1892\/revisions"}],"predecessor-version":[{"id":3370,"href":"https:\/\/wp.unil.ch\/hrp\/wp-json\/wp\/v2\/pages\/1892\/revisions\/3370"}],"wp:featuredmedia":[{"embeddable":true,"href":"https:\/\/wp.unil.ch\/hrp\/wp-json\/wp\/v2\/media\/2260"}],"wp:attachment":[{"href":"https:\/\/wp.unil.ch\/hrp\/wp-json\/wp\/v2\/media?parent=1892"}],"curies":[{"name":"wp","href":"https:\/\/api.w.org\/{rel}","templated":true}]}}