{"id":1889,"date":"2022-08-11T13:57:45","date_gmt":"2022-08-11T11:57:45","guid":{"rendered":"https:\/\/wp.unil.ch\/hrp\/?page_id=1889"},"modified":"2024-11-08T13:51:33","modified_gmt":"2024-11-08T12:51:33","slug":"diffusion-des-resultats-et-communication","status":"publish","type":"page","link":"https:\/\/wp.unil.ch\/hrp\/diffusion-des-resultats-et-communication\/","title":{"rendered":"Diffusion des r\u00e9sultats &amp; communication"},"content":{"rendered":"\n<figure class=\"wp-block-image size-full is-resized\" id=\"analyse\"><img alt=\"\" loading=\"lazy\" decoding=\"async\" width=\"1238\" height=\"373\" src=\"https:\/\/wp.unil.ch\/hrp\/files\/2022\/08\/rslts_communication.png\" alt=\"\" class=\"wp-image-1840\" style=\"width:310px;height:93px\" srcset=\"https:\/\/wp.unil.ch\/hrp\/files\/2022\/08\/rslts_communication.png 1238w, https:\/\/wp.unil.ch\/hrp\/files\/2022\/08\/rslts_communication-300x90.png 300w, https:\/\/wp.unil.ch\/hrp\/files\/2022\/08\/rslts_communication-1024x309.png 1024w, https:\/\/wp.unil.ch\/hrp\/files\/2022\/08\/rslts_communication-768x231.png 768w, https:\/\/wp.unil.ch\/hrp\/files\/2022\/08\/rslts_communication-18x5.png 18w, https:\/\/wp.unil.ch\/hrp\/files\/2022\/08\/rslts_communication-540x163.png 540w, https:\/\/wp.unil.ch\/hrp\/files\/2022\/08\/rslts_communication-1080x325.png 1080w\" sizes=\"auto, (max-width: 1238px) 100vw, 1238px\" \/><\/figure>\n\n\n\n<p style=\"font-size:45px\">1. Analyse des donn\u00e9es<\/p>\n\n\n\n<div class=\"wp-block-columns is-layout-flex wp-container-core-columns-is-layout-9d6595d7 wp-block-columns-is-layout-flex\">\n<div class=\"wp-block-column is-layout-flow wp-block-column-is-layout-flow\"><\/div>\n\n\n\n<div class=\"wp-block-column is-layout-flow wp-block-column-is-layout-flow\" style=\"flex-basis:85%\">\n<p class=\"justifier\" style=\"font-size:20px\">Le personnel de la plateforme de recherche en soins peut effectuer ou vous aider \u00e0 effectuer un <strong>large \u00e9ventail d&rsquo;analyses statistiques<\/strong>. La plateforme est exp\u00e9riment\u00e9e dans la r\u00e9alisation d&rsquo;analyses pour les revues syst\u00e9matiques (c&rsquo;est-\u00e0-dire m\u00e9ta-analyse, m\u00e9ta-r\u00e9gressions, m\u00e9ta-analyse de r\u00e9seau), les \u00e9valuations des propri\u00e9t\u00e9s de mesure (fiabilit\u00e9, erreur de mesure, concordance, pr\u00e9cision des tests de diagnostic, analyses factorielles exploratoires et confirmatoires, etc.), l&rsquo;analyse des associations, les analyses d&rsquo;inf\u00e9rence causale, la mod\u00e9lisation par \u00e9quation structurelle, les analyses d&rsquo;\u00e9tudes cas-t\u00e9moins, les \u00e9tudes de cohorte ou les essais contr\u00f4l\u00e9s randomis\u00e9s (conception parall\u00e8le, crois\u00e9e, en grappes). Si vous souhaitez effectuer l&rsquo;analyse vous-m\u00eame, la plateforme peut vous aider avec des listes de contr\u00f4le, des mod\u00e8les de code, des guides d&rsquo;interpr\u00e9tation, des proc\u00e9dures de d\u00e9tection des erreurs, etc. La plateforme met l&rsquo;accent sur les <strong>analyses reproductibles<\/strong>, c&rsquo;est-\u00e0-dire que toutes les \u00e9tapes sont document\u00e9es avec un code.<\/p>\n\n\n\n<p class=\"justifier\" style=\"font-size:20px\">Si vous souhaitez<strong> rendre les donn\u00e9es disponibles<\/strong> avec votre manuscrit, la plateforme peut vous aider \u00e0 vous assurer que les donn\u00e9es ne permettent pas l&rsquo;identification des individus, et peut vous assister dans la production de m\u00e9ta-donn\u00e9es afin que les donn\u00e9es et les m\u00e9ta-donn\u00e9es r\u00e9pondent aux <strong>principes FAIR <\/strong>(c&rsquo;est-\u00e0-dire que les donn\u00e9es et les m\u00e9ta-donn\u00e9es doivent \u00eatre trouvables, accessibles, interop\u00e9rables et r\u00e9utilisables (voir aussi les services li\u00e9s au plan de gestion des donn\u00e9es (DMP)).<\/p>\n\n\n\n<p><\/p>\n\n\n\n<p><\/p>\n<\/div>\n\n\n\n<div class=\"wp-block-column is-layout-flow wp-block-column-is-layout-flow\"><\/div>\n<\/div>\n\n\n\n<div style=\"height:90px\" aria-hidden=\"true\" id=\"redaction\" class=\"wp-block-spacer\"><\/div>\n\n\n\n<p style=\"font-size:45px\">2. R\u00e9daction de rapports, d&rsquo;articles scientifiques, etc<\/p>\n\n\n\n<div class=\"wp-block-columns is-layout-flex wp-container-core-columns-is-layout-9d6595d7 wp-block-columns-is-layout-flex\">\n<div class=\"wp-block-column is-layout-flow wp-block-column-is-layout-flow\"><\/div>\n\n\n\n<div class=\"wp-block-column is-layout-flow wp-block-column-is-layout-flow\" style=\"flex-basis:85%\">\n<div class=\"wp-block-group is-vertical is-layout-flex wp-container-core-group-is-layout-8cf370e7 wp-block-group-is-layout-flex\">\n<p class=\"justifier\" style=\"font-size:20px\">La plateforme de recherche en soins peut vous guider dans la r\u00e9daction de protocoles de recherche, de demandes de subventions ou de soumissions au comit\u00e9 d&rsquo;\u00e9thique. Pour la <strong>r\u00e9daction de rapports et de manuscrits scientifiques<\/strong>, la plateforme peut fournir diff\u00e9rents outils et services tels que des outils et des conseils pour <strong>identifier les revues les mieux adapt\u00e9es afin d&rsquo;augmenter les chances d&rsquo;acceptation<\/strong> et de s&rsquo;assurer que l&rsquo;article est <strong>lu par le public cible<\/strong>. La plateforme peut vous aider \u00e0 produire des tableaux et des figures, y compris le formatage demand\u00e9 par la revue cible correspondante. Elle peut r\u00e9viser votre manuscrit conform\u00e9ment aux lignes directrices applicables aux rapports. Elle peut \u00e9galement vous fournir des outils pour les contr\u00f4les anti-plagiat ou vous aider \u00e0 r\u00e9soudre les probl\u00e8mes de licence (par exemple, obtenir l&rsquo;autorisation de r\u00e9utiliser une figure, trouver la licence appropri\u00e9e pour votre manuscrit).<\/p>\n\n\n\n<p class=\"justifier\" style=\"font-size:20px\"><a rel=\"noreferrer noopener\" href=\"https:\/\/wp.unil.ch\/hrp\/nous-contacter\/\" data-type=\"page\" data-id=\"187\" target=\"_blank\">Veuillez contacter la plateforme pour discuter de vos besoins<\/a>.<\/p>\n<\/div>\n\n\n\n<p><\/p>\n<\/div>\n\n\n\n<div class=\"wp-block-column is-layout-flow wp-block-column-is-layout-flow\"><\/div>\n<\/div>\n\n\n\n<div style=\"height:100px\" aria-hidden=\"true\" class=\"wp-block-spacer\"><\/div>\n\n\n<div class=\"wp-block-image\">\n<figure class=\"aligncenter size-full is-resized\"><a href=\"https:\/\/wp.unil.ch\/hrp\/prestations\/\"><img alt=\"\" loading=\"lazy\" decoding=\"async\" width=\"467\" height=\"534\" src=\"https:\/\/wp.unil.ch\/hrp\/files\/2022\/07\/Monitor_text.png\" alt=\"\" class=\"wp-image-1667\" style=\"width:234px;height:267px\" srcset=\"https:\/\/wp.unil.ch\/hrp\/files\/2022\/07\/Monitor_text.png 467w, https:\/\/wp.unil.ch\/hrp\/files\/2022\/07\/Monitor_text-262x300.png 262w, https:\/\/wp.unil.ch\/hrp\/files\/2022\/07\/Monitor_text-10x12.png 10w\" sizes=\"auto, (max-width: 467px) 100vw, 467px\" \/><\/a><\/figure>\n<\/div>","protected":false},"excerpt":{"rendered":"<p>1. Analyse des donn\u00e9es Le personnel de la plateforme de recherche en soins peut effectuer ou vous aider \u00e0 effectuer un large \u00e9ventail d&rsquo;analyses statistiques. La plateforme est&hellip;<\/p>\n","protected":false},"author":1002441,"featured_media":2260,"parent":0,"menu_order":0,"comment_status":"closed","ping_status":"closed","template":"template-full-width-cover.php","meta":{"_seopress_robots_primary_cat":"","_seopress_titles_title":"","_seopress_titles_desc":"","_seopress_robots_index":"","footnotes":""},"class_list":["post-1889","page","type-page","status-publish","has-post-thumbnail"],"_links":{"self":[{"href":"https:\/\/wp.unil.ch\/hrp\/wp-json\/wp\/v2\/pages\/1889","targetHints":{"allow":["GET"]}}],"collection":[{"href":"https:\/\/wp.unil.ch\/hrp\/wp-json\/wp\/v2\/pages"}],"about":[{"href":"https:\/\/wp.unil.ch\/hrp\/wp-json\/wp\/v2\/types\/page"}],"author":[{"embeddable":true,"href":"https:\/\/wp.unil.ch\/hrp\/wp-json\/wp\/v2\/users\/1002441"}],"replies":[{"embeddable":true,"href":"https:\/\/wp.unil.ch\/hrp\/wp-json\/wp\/v2\/comments?post=1889"}],"version-history":[{"count":1,"href":"https:\/\/wp.unil.ch\/hrp\/wp-json\/wp\/v2\/pages\/1889\/revisions"}],"predecessor-version":[{"id":3257,"href":"https:\/\/wp.unil.ch\/hrp\/wp-json\/wp\/v2\/pages\/1889\/revisions\/3257"}],"wp:featuredmedia":[{"embeddable":true,"href":"https:\/\/wp.unil.ch\/hrp\/wp-json\/wp\/v2\/media\/2260"}],"wp:attachment":[{"href":"https:\/\/wp.unil.ch\/hrp\/wp-json\/wp\/v2\/media?parent=1889"}],"curies":[{"name":"wp","href":"https:\/\/api.w.org\/{rel}","templated":true}]}}