{"id":1886,"date":"2022-08-11T13:57:14","date_gmt":"2022-08-11T11:57:14","guid":{"rendered":"https:\/\/wp.unil.ch\/hrp\/?page_id=1886"},"modified":"2022-09-12T12:29:05","modified_gmt":"2022-09-12T10:29:05","slug":"conduite-detude-et-operations","status":"publish","type":"page","link":"https:\/\/wp.unil.ch\/hrp\/conduite-detude-et-operations\/","title":{"rendered":"Conduite d&rsquo;\u00e9tude &amp; op\u00e9rations"},"content":{"rendered":"\n<figure class=\"wp-block-image size-full is-resized\"><img alt=\"\" loading=\"lazy\" decoding=\"async\" src=\"https:\/\/wp.unil.ch\/hrp\/files\/2022\/08\/conduite_etude_operations.png\" alt=\"\" class=\"wp-image-1839\" width=\"464\" height=\"94\" srcset=\"https:\/\/wp.unil.ch\/hrp\/files\/2022\/08\/conduite_etude_operations.png 1854w, https:\/\/wp.unil.ch\/hrp\/files\/2022\/08\/conduite_etude_operations-300x61.png 300w, https:\/\/wp.unil.ch\/hrp\/files\/2022\/08\/conduite_etude_operations-1024x207.png 1024w, https:\/\/wp.unil.ch\/hrp\/files\/2022\/08\/conduite_etude_operations-768x155.png 768w, https:\/\/wp.unil.ch\/hrp\/files\/2022\/08\/conduite_etude_operations-1536x310.png 1536w, https:\/\/wp.unil.ch\/hrp\/files\/2022\/08\/conduite_etude_operations-18x4.png 18w, https:\/\/wp.unil.ch\/hrp\/files\/2022\/08\/conduite_etude_operations-540x109.png 540w, https:\/\/wp.unil.ch\/hrp\/files\/2022\/08\/conduite_etude_operations-1080x218.png 1080w\" sizes=\"auto, (max-width: 464px) 100vw, 464px\" \/><\/figure>\n\n\n\n<div style=\"height:29px\" aria-hidden=\"true\" class=\"wp-block-spacer\"><\/div>\n\n\n\n<div class=\"wp-block-columns is-layout-flex wp-container-core-columns-is-layout-9d6595d7 wp-block-columns-is-layout-flex\">\n<div class=\"wp-block-column is-layout-flow wp-block-column-is-layout-flow\"><\/div>\n\n\n\n<div class=\"wp-block-column is-layout-flow wp-block-column-is-layout-flow\" style=\"flex-basis:85%\">\n<div class=\"wp-block-group justifier is-vertical is-layout-flex wp-container-core-group-is-layout-8cf370e7 wp-block-group-is-layout-flex\">\n<div class=\"wp-block-group justifier is-vertical is-layout-flex wp-container-core-group-is-layout-8cf370e7 wp-block-group-is-layout-flex\">\n<p class=\"justifier\" style=\"font-size:20px\">La plateforme de recherche en soins peut vous apporter son soutien <strong>tout au long de la conduite d\u2019\u00e9tude<\/strong>. Celle-ci comprend diff\u00e9rentes \u00e9tapes dont la <strong>pr\u00e9paration<\/strong>, <strong>l\u2019activation, la conduite<\/strong> mais \u00e9galement la<strong> cl\u00f4ture<\/strong> et l\u2019<strong>archivage<\/strong> de l\u2019\u00e9tude.<\/p>\n\n\n\n<p style=\"font-size:20px\">La plateforme <strong>s\u2019adapte \u00e0 vos attentes<\/strong> en intervenant durant tout le processus de conduite d\u2019\u00e9tude ou seulement pour certaines \u00e9tapes sp\u00e9cifiques. Pour chacune des \u00e9tapes, <strong>des documents synth\u00e9tisant les t\u00e2ches \u00e0 effectuer<\/strong> et les <strong>documents op\u00e9rationnels<\/strong> seront <strong>\u00e0 votre disposition<\/strong>.<\/p>\n\n\n\n<p style=\"font-size:20px\">Afin de d\u00e9finir au mieux vos besoins, <a href=\"https:\/\/wp.unil.ch\/hrp\/nous-contacter\/\" data-type=\"page\" data-id=\"187\" target=\"_blank\" rel=\"noreferrer noopener\">veuillez contacter la plateforme.<\/a><\/p>\n<\/div>\n<\/div>\n<\/div>\n\n\n\n<div class=\"wp-block-column is-layout-flow wp-block-column-is-layout-flow\"><\/div>\n<\/div>\n\n\n\n<div style=\"height:100px\" aria-hidden=\"true\" class=\"wp-block-spacer\"><\/div>\n\n\n<div class=\"wp-block-image\">\n<figure class=\"aligncenter size-full is-resized\"><a href=\"https:\/\/wp.unil.ch\/hrp\/prestations\/\"><img alt=\"\" loading=\"lazy\" decoding=\"async\" src=\"https:\/\/wp.unil.ch\/hrp\/files\/2022\/07\/Monitor_text.png\" alt=\"\" class=\"wp-image-1667\" width=\"234\" height=\"267\" srcset=\"https:\/\/wp.unil.ch\/hrp\/files\/2022\/07\/Monitor_text.png 467w, https:\/\/wp.unil.ch\/hrp\/files\/2022\/07\/Monitor_text-262x300.png 262w, https:\/\/wp.unil.ch\/hrp\/files\/2022\/07\/Monitor_text-10x12.png 10w\" sizes=\"auto, (max-width: 234px) 100vw, 234px\" \/><\/a><\/figure>\n<\/div>","protected":false},"excerpt":{"rendered":"<p>La plateforme de recherche en soins peut vous apporter son soutien tout au long de la conduite d\u2019\u00e9tude. Celle-ci comprend diff\u00e9rentes \u00e9tapes dont la pr\u00e9paration, l\u2019activation, la conduite&hellip;<\/p>\n","protected":false},"author":1002441,"featured_media":2260,"parent":0,"menu_order":0,"comment_status":"closed","ping_status":"closed","template":"template-full-width-cover.php","meta":{"_seopress_robots_primary_cat":"","_seopress_titles_title":"","_seopress_titles_desc":"","_seopress_robots_index":"","footnotes":""},"class_list":["post-1886","page","type-page","status-publish","has-post-thumbnail"],"_links":{"self":[{"href":"https:\/\/wp.unil.ch\/hrp\/wp-json\/wp\/v2\/pages\/1886","targetHints":{"allow":["GET"]}}],"collection":[{"href":"https:\/\/wp.unil.ch\/hrp\/wp-json\/wp\/v2\/pages"}],"about":[{"href":"https:\/\/wp.unil.ch\/hrp\/wp-json\/wp\/v2\/types\/page"}],"author":[{"embeddable":true,"href":"https:\/\/wp.unil.ch\/hrp\/wp-json\/wp\/v2\/users\/1002441"}],"replies":[{"embeddable":true,"href":"https:\/\/wp.unil.ch\/hrp\/wp-json\/wp\/v2\/comments?post=1886"}],"version-history":[{"count":0,"href":"https:\/\/wp.unil.ch\/hrp\/wp-json\/wp\/v2\/pages\/1886\/revisions"}],"wp:featuredmedia":[{"embeddable":true,"href":"https:\/\/wp.unil.ch\/hrp\/wp-json\/wp\/v2\/media\/2260"}],"wp:attachment":[{"href":"https:\/\/wp.unil.ch\/hrp\/wp-json\/wp\/v2\/media?parent=1886"}],"curies":[{"name":"wp","href":"https:\/\/api.w.org\/{rel}","templated":true}]}}