{"id":185,"date":"2022-05-18T09:59:56","date_gmt":"2022-05-18T07:59:56","guid":{"rendered":"https:\/\/wp.unil.ch\/hrp\/?page_id=185"},"modified":"2022-09-13T14:26:09","modified_gmt":"2022-09-13T12:26:09","slug":"partenariats","status":"publish","type":"page","link":"https:\/\/wp.unil.ch\/hrp\/partenariats\/","title":{"rendered":"Liens utiles"},"content":{"rendered":"\n<div class=\"wp-block-columns is-layout-flex wp-container-core-columns-is-layout-9d6595d7 wp-block-columns-is-layout-flex\">\n<div class=\"wp-block-column is-vertically-aligned-top has-accent-color has-buttons-text-background-color has-text-color has-background is-layout-flow wp-block-column-is-layout-flow\" style=\"flex-basis:55%\">\n<p class=\"has-buttons-background-color has-text-color\"><a rel=\"noreferrer noopener\" href=\"https:\/\/www.unil.ch\/sciences-infirmieres\/fr\/home.html\" target=\"_blank\">Institut Universitaire de Formation et de Recherche en Soins (IUFRS)<\/a><\/p>\n\n\n\n<p class=\"has-text-align-left has-buttons-background-color has-text-color\"><a rel=\"noreferrer noopener\" href=\"https:\/\/swissethics.ch\/fr\/\" data-type=\"URL\" data-id=\"https:\/\/swissethics.ch\/fr\/\" target=\"_blank\">Swissethics<\/a><\/p>\n\n\n\n<p class=\"has-buttons-background-color has-text-color\">Bureau du Promoteur de Recherche du CHUV :  <a href=\"mailto:bpr@chuv.ch\">bpr@chuv.ch<\/a><\/p>\n\n\n\n<p class=\"has-text-align-left has-buttons-background-color has-text-color\"><a href=\"https:\/\/submissions.swissethics.ch\/en\/\" data-type=\"URL\" data-id=\"https:\/\/submissions.swissethics.ch\/en\/\" target=\"_blank\" rel=\"noreferrer noopener\">BASEC<\/a><\/p>\n\n\n\n<p class=\"has-text-align-left has-buttons-background-color has-text-color\"><a rel=\"noreferrer noopener\" href=\"https:\/\/www.chuv.ch\/fr\/chuv-home\/recherche\/recherche-et-ethique\" data-type=\"URL\" data-id=\"https:\/\/www.chuv.ch\/fr\/chuv-home\/recherche\/recherche-et-ethique\" target=\"_blank\">Commission d\u2019Evaluation des Demandes d\u2019Enqu\u00eates (CEDE)<\/a><\/p>\n<\/div>\n\n\n\n<div class=\"wp-block-column is-layout-flow wp-block-column-is-layout-flow\" style=\"flex-basis:6%\"><\/div>\n\n\n\n<div class=\"wp-block-column is-vertically-aligned-top has-accent-color has-background-background-color has-text-color has-background is-layout-flow wp-block-column-is-layout-flow\" style=\"flex-basis:50%\">\n<p class=\"has-text-align-left has-buttons-background-color has-text-color\"><a rel=\"noreferrer noopener\" href=\"https:\/\/www.chuv.ch\/fr\/crc\/crc-home\" target=\"_blank\">Centre de Recherche Clinique (CRC) du CHUV<\/a><\/p>\n\n\n\n<p class=\"has-text-align-left has-buttons-background-color has-text-color\"><a rel=\"noreferrer noopener\" href=\"https:\/\/www.chuv.ch\/fr\/crc\/crc-home\/espace-info\/notre-equipe\/unite-du-consentement-a-la-recherche-ucr\" data-type=\"URL\" data-id=\"https:\/\/www.chuv.ch\/fr\/crc\/crc-home\/espace-info\/notre-equipe\/unite-du-consentement-a-la-recherche-ucr\" target=\"_blank\">Unit\u00e9 du Consentement \u00e0 la Recherche (UCR) du CHUV<\/a><\/p>\n\n\n\n<p class=\"has-text-align-left has-buttons-background-color has-text-color\"><a href=\"https:\/\/www.kofam.ch\/fr\" data-type=\"URL\" data-id=\"https:\/\/www.kofam.ch\/fr\" target=\"_blank\" rel=\"noreferrer noopener\">Kofam (Portail d\u00e9di\u00e9 \u00e0 la recherche sur l\u2019\u00eatre humain en Suisse)<\/a><\/p>\n\n\n\n<p class=\"has-text-align-left has-buttons-background-color has-text-color\"><a href=\"https:\/\/www.sctoplatforms.ch\/\" data-type=\"URL\" data-id=\"https:\/\/www.sctoplatforms.ch\/\" target=\"_blank\" rel=\"noreferrer noopener\">The Swiss Clinical Trial Organisation (SCTO)<\/a><\/p>\n\n\n\n<p class=\"has-text-align-left has-buttons-background-color has-text-color\"><a rel=\"noreferrer noopener\" href=\"https:\/\/www.swissmedic.ch\/swissmedic\/fr\/home.html\" data-type=\"URL\" data-id=\"https:\/\/www.swissmedic.ch\/swissmedic\/fr\/home.html\" target=\"_blank\">Swissmedic<\/a> (OClin &amp; OClin-Dim)<\/p>\n<\/div>\n<\/div>\n\n\n\n<p><\/p>\n","protected":false},"excerpt":{"rendered":"<p>Institut Universitaire de Formation et de Recherche en Soins (IUFRS) Swissethics Bureau du Promoteur de Recherche du CHUV : bpr@chuv.ch BASEC Commission d\u2019Evaluation des Demandes d\u2019Enqu\u00eates (CEDE) Centre&hellip;<\/p>\n","protected":false},"author":1002441,"featured_media":2260,"parent":0,"menu_order":0,"comment_status":"closed","ping_status":"closed","template":"template-full-width-cover.php","meta":{"_seopress_robots_primary_cat":"","_seopress_titles_title":"","_seopress_titles_desc":"","_seopress_robots_index":"","footnotes":""},"class_list":["post-185","page","type-page","status-publish","has-post-thumbnail"],"_links":{"self":[{"href":"https:\/\/wp.unil.ch\/hrp\/wp-json\/wp\/v2\/pages\/185","targetHints":{"allow":["GET"]}}],"collection":[{"href":"https:\/\/wp.unil.ch\/hrp\/wp-json\/wp\/v2\/pages"}],"about":[{"href":"https:\/\/wp.unil.ch\/hrp\/wp-json\/wp\/v2\/types\/page"}],"author":[{"embeddable":true,"href":"https:\/\/wp.unil.ch\/hrp\/wp-json\/wp\/v2\/users\/1002441"}],"replies":[{"embeddable":true,"href":"https:\/\/wp.unil.ch\/hrp\/wp-json\/wp\/v2\/comments?post=185"}],"version-history":[{"count":0,"href":"https:\/\/wp.unil.ch\/hrp\/wp-json\/wp\/v2\/pages\/185\/revisions"}],"wp:featuredmedia":[{"embeddable":true,"href":"https:\/\/wp.unil.ch\/hrp\/wp-json\/wp\/v2\/media\/2260"}],"wp:attachment":[{"href":"https:\/\/wp.unil.ch\/hrp\/wp-json\/wp\/v2\/media?parent=185"}],"curies":[{"name":"wp","href":"https:\/\/api.w.org\/{rel}","templated":true}]}}