{"id":183,"date":"2022-05-18T09:59:44","date_gmt":"2022-05-18T07:59:44","guid":{"rendered":"https:\/\/wp.unil.ch\/hrp\/?page_id=183"},"modified":"2024-11-08T14:33:51","modified_gmt":"2024-11-08T13:33:51","slug":"prestations","status":"publish","type":"page","link":"https:\/\/wp.unil.ch\/hrp\/prestations\/","title":{"rendered":"P\u00f4le de services"},"content":{"rendered":"\n<div class=\"wp-block-columns is-layout-flex wp-container-core-columns-is-layout-9d6595d7 wp-block-columns-is-layout-flex\">\n<div class=\"wp-block-column is-layout-flow wp-block-column-is-layout-flow\">\n<figure class=\"wp-block-image size-large\"><img alt=\"\" loading=\"lazy\" decoding=\"async\" width=\"1024\" height=\"254\" src=\"https:\/\/wp.unil.ch\/hrp\/files\/2022\/08\/design_etude_planification-1024x254.png\" alt=\"\" class=\"wp-image-1837\" srcset=\"https:\/\/wp.unil.ch\/hrp\/files\/2022\/08\/design_etude_planification-1024x254.png 1024w, https:\/\/wp.unil.ch\/hrp\/files\/2022\/08\/design_etude_planification-300x74.png 300w, https:\/\/wp.unil.ch\/hrp\/files\/2022\/08\/design_etude_planification-768x190.png 768w, https:\/\/wp.unil.ch\/hrp\/files\/2022\/08\/design_etude_planification-18x4.png 18w, https:\/\/wp.unil.ch\/hrp\/files\/2022\/08\/design_etude_planification-540x134.png 540w, https:\/\/wp.unil.ch\/hrp\/files\/2022\/08\/design_etude_planification-1080x268.png 1080w, https:\/\/wp.unil.ch\/hrp\/files\/2022\/08\/design_etude_planification.png 1509w\" sizes=\"auto, (max-width: 1024px) 100vw, 1024px\" \/><\/figure>\n<\/div>\n\n\n\n<div class=\"wp-block-column is-layout-flow wp-block-column-is-layout-flow\">\n<figure class=\"wp-block-image size-large\"><img alt=\"\" loading=\"lazy\" decoding=\"async\" width=\"1024\" height=\"207\" src=\"https:\/\/wp.unil.ch\/hrp\/files\/2022\/08\/conduite_etude_operations-1024x207.png\" alt=\"\" class=\"wp-image-1839\" srcset=\"https:\/\/wp.unil.ch\/hrp\/files\/2022\/08\/conduite_etude_operations-1024x207.png 1024w, https:\/\/wp.unil.ch\/hrp\/files\/2022\/08\/conduite_etude_operations-300x61.png 300w, https:\/\/wp.unil.ch\/hrp\/files\/2022\/08\/conduite_etude_operations-768x155.png 768w, https:\/\/wp.unil.ch\/hrp\/files\/2022\/08\/conduite_etude_operations-1536x310.png 1536w, https:\/\/wp.unil.ch\/hrp\/files\/2022\/08\/conduite_etude_operations-18x4.png 18w, https:\/\/wp.unil.ch\/hrp\/files\/2022\/08\/conduite_etude_operations-540x109.png 540w, https:\/\/wp.unil.ch\/hrp\/files\/2022\/08\/conduite_etude_operations-1080x218.png 1080w, https:\/\/wp.unil.ch\/hrp\/files\/2022\/08\/conduite_etude_operations.png 1854w\" sizes=\"auto, (max-width: 1024px) 100vw, 1024px\" \/><\/figure>\n<\/div>\n\n\n\n<div class=\"wp-block-column is-layout-flow wp-block-column-is-layout-flow\">\n<figure class=\"wp-block-image size-large\"><img alt=\"\" loading=\"lazy\" decoding=\"async\" width=\"1024\" height=\"309\" src=\"https:\/\/wp.unil.ch\/hrp\/files\/2022\/08\/rslts_communication-1024x309.png\" alt=\"\" class=\"wp-image-1840\" srcset=\"https:\/\/wp.unil.ch\/hrp\/files\/2022\/08\/rslts_communication-1024x309.png 1024w, https:\/\/wp.unil.ch\/hrp\/files\/2022\/08\/rslts_communication-300x90.png 300w, https:\/\/wp.unil.ch\/hrp\/files\/2022\/08\/rslts_communication-768x231.png 768w, https:\/\/wp.unil.ch\/hrp\/files\/2022\/08\/rslts_communication-18x5.png 18w, https:\/\/wp.unil.ch\/hrp\/files\/2022\/08\/rslts_communication-540x163.png 540w, https:\/\/wp.unil.ch\/hrp\/files\/2022\/08\/rslts_communication-1080x325.png 1080w, https:\/\/wp.unil.ch\/hrp\/files\/2022\/08\/rslts_communication.png 1238w\" sizes=\"auto, (max-width: 1024px) 100vw, 1024px\" \/><\/figure>\n<\/div>\n<\/div>\n\n\n\n<div class=\"wp-block-columns is-layout-flex wp-container-core-columns-is-layout-9d6595d7 wp-block-columns-is-layout-flex\">\n<div class=\"wp-block-column is-layout-flow wp-block-column-is-layout-flow\" style=\"flex-basis:40%\">\n<div class=\"wp-block-group is-vertical is-content-justification-left is-layout-flex wp-container-core-group-is-layout-c0ca7d81 wp-block-group-is-layout-flex\">\n<p class=\"has-primary-color has-text-color\" style=\"font-size:20px\"><a href=\"https:\/\/wp.unil.ch\/hrp\/design-detude-et-planification\/#contrats\" data-type=\"URL\" data-id=\"https:\/\/wp.unil.ch\/hrp\/design-detude-et-planification\/#contrats\">1. Contrats, financement et budget <\/a><\/p>\n\n\n\n<p class=\"has-primary-color has-text-color\" style=\"font-size:20px\"><a href=\"https:\/\/wp.unil.ch\/hrp\/design-detude-et-planification\/#metho\" data-type=\"URL\" data-id=\"https:\/\/wp.unil.ch\/hrp\/design-detude-et-planification\/#metho\">2. M\u00e9thodologie et statistique<\/a><\/p>\n\n\n\n<p class=\"has-primary-color has-text-color\" style=\"font-size:20px\"><a href=\"https:\/\/wp.unil.ch\/hrp\/design-detude-et-planification\/#gestion\" data-type=\"URL\" data-id=\"https:\/\/wp.unil.ch\/hrp\/design-detude-et-planification\/#gestion\">3. Gestion des donn\u00e9es de recherche<\/a><\/p>\n<\/div>\n<\/div>\n\n\n\n<div class=\"wp-block-column is-layout-flow wp-block-column-is-layout-flow\" style=\"flex-basis:45%\">\n<div class=\"wp-block-group is-vertical is-content-justification-left is-layout-flex wp-container-core-group-is-layout-c0ca7d81 wp-block-group-is-layout-flex\">\n<p class=\"has-primary-color has-text-color\" style=\"font-size:20px\"><a href=\"https:\/\/wp.unil.ch\/hrp\/conduite-detude-et-operations\/\" data-type=\"page\" data-id=\"1886\">1. Pr\u00e9paration de l&rsquo;\u00e9tude<\/a><\/p>\n\n\n\n<p class=\"has-primary-color has-text-color\" style=\"font-size:20px\"><a href=\"https:\/\/wp.unil.ch\/hrp\/conduite-detude-et-operations\/\" data-type=\"page\" data-id=\"1886\">2. Activation et conduite d&rsquo;\u00e9tude<\/a><\/p>\n\n\n\n<p class=\"has-primary-color has-text-color\" style=\"font-size:20px\"><a href=\"https:\/\/wp.unil.ch\/hrp\/conduite-detude-et-operations\/\" data-type=\"page\" data-id=\"1886\">3. Cl\u00f4ture de l&rsquo;\u00e9tude et archivage<\/a><\/p>\n<\/div>\n<\/div>\n\n\n\n<div class=\"wp-block-column is-layout-flow wp-block-column-is-layout-flow\" style=\"flex-basis:30%\">\n<div class=\"wp-block-group is-vertical is-layout-flex wp-container-core-group-is-layout-8cf370e7 wp-block-group-is-layout-flex\">\n<p class=\"has-primary-color has-text-color\" style=\"font-size:20px\"><a href=\"https:\/\/wp.unil.ch\/hrp\/diffusion-des-resultats-et-communication\/#analyse\" data-type=\"URL\" data-id=\"https:\/\/wp.unil.ch\/hrp\/diffusion-des-resultats-et-communication\/#analyse\">1. Analyse des donn\u00e9es<\/a><\/p>\n\n\n\n<p class=\"has-primary-color has-text-color\" style=\"font-size:20px\"><a href=\"https:\/\/wp.unil.ch\/hrp\/diffusion-des-resultats-et-communication\/#redaction\" data-type=\"URL\" data-id=\"https:\/\/wp.unil.ch\/hrp\/diffusion-des-resultats-et-communication\/#redaction\">2. R\u00e9daction de rapports, d&rsquo;articles scientifiques, etc<\/a><\/p>\n<\/div>\n<\/div>\n<\/div>\n\n\n\n<div style=\"height:2px\" aria-hidden=\"true\" class=\"wp-block-spacer\"><\/div>\n\n\n\n<div class=\"wp-block-group is-vertical is-content-justification-center is-layout-flex wp-container-core-group-is-layout-4b2eccd6 wp-block-group-is-layout-flex\">\n<p class=\"has-text-align-center w4 has-primary-color has-text-color has-background has-normal-font-size\" style=\"background-color:#ededed\"><a href=\"https:\/\/wp.unil.ch\/hrp\/monitoring\/\" data-type=\"page\" data-id=\"1892\">Gestion du monitoring<em> (uniquement OClin &amp; OClin-Dim)<\/em><\/a><\/p>\n\n\n\n<p class=\"has-text-align-center w4 has-primary-color has-text-color has-background has-normal-font-size\" style=\"background-color:#ededed\"><a href=\"https:\/\/wp.unil.ch\/hrp\/qualite\/\" data-type=\"page\" data-id=\"1895\">Syst\u00e8me d&rsquo;assurance qualit\u00e9<\/a><\/p>\n\n\n\n<p class=\"has-text-align-center w4 has-primary-color has-text-color has-background has-normal-font-size\" style=\"background-color:#ededed\"><a href=\"https:\/\/wp.unil.ch\/hrp\/gestion-de-projet\/\" data-type=\"page\" data-id=\"2154\">Gestion de projet<\/a><\/p>\n<\/div>\n\n\n\n<div class=\"wp-block-buttons is-layout-flex wp-block-buttons-is-layout-flex\"><\/div>\n\n\n\n<div class=\"wp-block-columns is-layout-flex wp-container-core-columns-is-layout-9d6595d7 wp-block-columns-is-layout-flex\">\n<div class=\"wp-block-column is-layout-flow wp-block-column-is-layout-flow\"><\/div>\n\n\n\n<div class=\"wp-block-column is-layout-flow wp-block-column-is-layout-flow\" style=\"flex-basis:85%\">\n<div class=\"wp-block-group justifier is-vertical is-layout-flex wp-container-core-group-is-layout-8cf370e7 wp-block-group-is-layout-flex\">\n<p class=\"has-primary-color has-text-color\" style=\"font-size:36px\"><strong>Tarifs<\/strong><\/p>\n\n\n\n<p style=\"font-size:20px\">La plateforme de recherche en soins propose des<strong> <\/strong>conseils<strong> <\/strong>par t\u00e9l\u00e9phone ou par courriel, et \u00e9value vos besoins pour votre projet de recherche.<\/p>\n\n\n\n<p style=\"font-size:20px\">A noter que, pour les<strong> \u00e9tudiant\u2219e\u2219s de l\u2019IUFRS<\/strong>, la <strong>plupart des prestations de service sont gratuites<\/strong>, \u00e0 savoir<em> <\/em>le d\u00e9veloppement du projet permettant de l\u2019amener \u00e0 la soumission (design et m\u00e9thodologie (incluant les statistiques), d\u00e9veloppement et r\u00e9vision des documents, d\u00e9veloppement de la base de donn\u00e9es de type REDCap etc.)&nbsp;<\/p>\n\n\n\n<p style=\"font-size:20px\">Pour les <strong>diff\u00e9rents partenaires<\/strong>, les <strong>prestations de service<\/strong> seront factur\u00e9es soit au tarif horaire, soit selon un arrangement forfaitaire \u00e0 convenir.<\/p>\n\n\n\n<p style=\"font-size:20px\"><a href=\"https:\/\/wp.unil.ch\/hrp\/nous-contacter\/\" data-type=\"page\" data-id=\"187\" target=\"_blank\" rel=\"noreferrer noopener\">Prenez contact avec la plateforme de recherche en soins.<\/a><\/p>\n<\/div>\n<\/div>\n\n\n\n<div class=\"wp-block-column is-layout-flow wp-block-column-is-layout-flow\"><\/div>\n<\/div>\n\n\n\n<div style=\"height:75px\" aria-hidden=\"true\" class=\"wp-block-spacer\"><\/div>\n\n\n\n<div class=\"wp-block-group\"><div class=\"wp-block-group__inner-container is-layout-flow wp-block-group-is-layout-flow\">\n<div class=\"wp-block-columns is-layout-flex wp-container-core-columns-is-layout-9d6595d7 wp-block-columns-is-layout-flex\">\n<div class=\"wp-block-column is-layout-flow wp-block-column-is-layout-flow\"><\/div>\n\n\n\n<div class=\"wp-block-column is-layout-flow wp-block-column-is-layout-flow\">\n<div class=\"wp-block-group is-vertical is-content-justification-center is-layout-flex wp-container-core-group-is-layout-4b2eccd6 wp-block-group-is-layout-flex\">\n<figure class=\"wp-block-image size-medium is-resized\"><a href=\"https:\/\/wp.unil.ch\/hrp\/nous-contacter\/\" target=\"_blank\" rel=\"noreferrer noopener\"><img alt=\"\" loading=\"lazy\" decoding=\"async\" width=\"300\" height=\"300\" src=\"https:\/\/wp.unil.ch\/hrp\/files\/2022\/06\/question-edited-300x300.jpg\" alt=\"\" class=\"wp-image-953\" style=\"width:225px;height:225px\" srcset=\"https:\/\/wp.unil.ch\/hrp\/files\/2022\/06\/question-edited-300x300.jpg 300w, https:\/\/wp.unil.ch\/hrp\/files\/2022\/06\/question-edited-150x150.jpg 150w, https:\/\/wp.unil.ch\/hrp\/files\/2022\/06\/question-edited-12x12.jpg 12w, https:\/\/wp.unil.ch\/hrp\/files\/2022\/06\/question-edited-540x539.jpg 540w, https:\/\/wp.unil.ch\/hrp\/files\/2022\/06\/question-edited.jpg 721w\" sizes=\"auto, (max-width: 300px) 100vw, 300px\" \/><\/a><\/figure>\n\n\n\n<p class=\"has-text-align-center has-background-color has-buttons-background-background-color has-text-color has-background\"><a href=\"https:\/\/wp.unil.ch\/hrp\/nous-contacter\/\" data-type=\"page\" data-id=\"187\" target=\"_blank\" rel=\"noreferrer noopener\">Je n&rsquo;ai pas trouv\u00e9 ce que je cherche<\/a><\/p>\n\n\n\n<div class=\"wp-block-group\"><div class=\"wp-block-group__inner-container is-layout-flow wp-block-group-is-layout-flow\">\n<div class=\"wp-block-buttons is-layout-flex wp-block-buttons-is-layout-flex\"><\/div>\n<\/div><\/div>\n<\/div>\n<\/div>\n\n\n\n<div class=\"wp-block-column is-layout-flow wp-block-column-is-layout-flow\"><\/div>\n<\/div>\n<\/div><\/div>\n","protected":false},"excerpt":{"rendered":"<p>1. Contrats, financement et budget 2. M\u00e9thodologie et statistique 3. Gestion des donn\u00e9es de recherche 1. Pr\u00e9paration de l&rsquo;\u00e9tude 2. Activation et conduite d&rsquo;\u00e9tude 3. Cl\u00f4ture de l&rsquo;\u00e9tude&hellip;<\/p>\n","protected":false},"author":1002441,"featured_media":2260,"parent":0,"menu_order":0,"comment_status":"closed","ping_status":"closed","template":"template-full-width-cover.php","meta":{"_seopress_robots_primary_cat":"","_seopress_titles_title":"","_seopress_titles_desc":"","_seopress_robots_index":"","footnotes":""},"class_list":["post-183","page","type-page","status-publish","has-post-thumbnail"],"_links":{"self":[{"href":"https:\/\/wp.unil.ch\/hrp\/wp-json\/wp\/v2\/pages\/183","targetHints":{"allow":["GET"]}}],"collection":[{"href":"https:\/\/wp.unil.ch\/hrp\/wp-json\/wp\/v2\/pages"}],"about":[{"href":"https:\/\/wp.unil.ch\/hrp\/wp-json\/wp\/v2\/types\/page"}],"author":[{"embeddable":true,"href":"https:\/\/wp.unil.ch\/hrp\/wp-json\/wp\/v2\/users\/1002441"}],"replies":[{"embeddable":true,"href":"https:\/\/wp.unil.ch\/hrp\/wp-json\/wp\/v2\/comments?post=183"}],"version-history":[{"count":4,"href":"https:\/\/wp.unil.ch\/hrp\/wp-json\/wp\/v2\/pages\/183\/revisions"}],"predecessor-version":[{"id":3264,"href":"https:\/\/wp.unil.ch\/hrp\/wp-json\/wp\/v2\/pages\/183\/revisions\/3264"}],"wp:featuredmedia":[{"embeddable":true,"href":"https:\/\/wp.unil.ch\/hrp\/wp-json\/wp\/v2\/media\/2260"}],"wp:attachment":[{"href":"https:\/\/wp.unil.ch\/hrp\/wp-json\/wp\/v2\/media?parent=183"}],"curies":[{"name":"wp","href":"https:\/\/api.w.org\/{rel}","templated":true}]}}