{"id":181,"date":"2022-05-18T09:59:10","date_gmt":"2022-05-18T07:59:10","guid":{"rendered":"https:\/\/wp.unil.ch\/hrp\/?page_id=181"},"modified":"2025-12-01T10:04:52","modified_gmt":"2025-12-01T09:04:52","slug":"equipe","status":"publish","type":"page","link":"https:\/\/wp.unil.ch\/hrp\/equipe\/","title":{"rendered":"Votre \u00e9quipe"},"content":{"rendered":"\n<p class=\"has-light-background-color has-text-color\" style=\"font-size:50px\">Expertise<\/p>\n\n\n<div class=\"wp-block-image\">\n<figure class=\"aligncenter size-full\"><img alt=\"\" loading=\"lazy\" decoding=\"async\" width=\"1920\" height=\"851\" src=\"https:\/\/wp.unil.ch\/hrp\/files\/2022\/10\/expertise-1.png\" alt=\"\" class=\"wp-image-2882\" srcset=\"https:\/\/wp.unil.ch\/hrp\/files\/2022\/10\/expertise-1.png 1920w, https:\/\/wp.unil.ch\/hrp\/files\/2022\/10\/expertise-1-300x133.png 300w, https:\/\/wp.unil.ch\/hrp\/files\/2022\/10\/expertise-1-1024x454.png 1024w, https:\/\/wp.unil.ch\/hrp\/files\/2022\/10\/expertise-1-768x340.png 768w, https:\/\/wp.unil.ch\/hrp\/files\/2022\/10\/expertise-1-1536x681.png 1536w, https:\/\/wp.unil.ch\/hrp\/files\/2022\/10\/expertise-1-18x8.png 18w, https:\/\/wp.unil.ch\/hrp\/files\/2022\/10\/expertise-1-540x239.png 540w, https:\/\/wp.unil.ch\/hrp\/files\/2022\/10\/expertise-1-1080x479.png 1080w\" sizes=\"auto, (max-width: 1920px) 100vw, 1920px\" \/><\/figure>\n<\/div>\n\n\n<div style=\"height:100px\" aria-hidden=\"true\" class=\"wp-block-spacer\"><\/div>\n\n\n\n<p class=\"has-light-background-color has-text-color\" style=\"font-size:50px\">L&rsquo;\u00e9quipe principale<\/p>\n\n\n\n<div class=\"wp-block-columns is-layout-flex wp-container-core-columns-is-layout-9d6595d7 wp-block-columns-is-layout-flex\">\n<div class=\"wp-block-column is-layout-flow wp-block-column-is-layout-flow\">\n<figure class=\"wp-block-image size-full is-resized is-style-default\"><img alt=\"\" loading=\"lazy\" decoding=\"async\" width=\"489\" height=\"652\" src=\"https:\/\/wp.unil.ch\/hrp\/files\/2024\/10\/AH-edited-1.png\" alt=\"\" class=\"wp-image-3214\" style=\"width:174px;height:auto\" srcset=\"https:\/\/wp.unil.ch\/hrp\/files\/2024\/10\/AH-edited-1.png 489w, https:\/\/wp.unil.ch\/hrp\/files\/2024\/10\/AH-edited-1-225x300.png 225w, https:\/\/wp.unil.ch\/hrp\/files\/2024\/10\/AH-edited-1-9x12.png 9w\" sizes=\"auto, (max-width: 489px) 100vw, 489px\" \/><\/figure>\n\n\n\n<p>Pre Antje HORSCH<\/p>\n\n\n\n<p>Vice-directrice de la recherche<\/p>\n\n\n\n<p><\/p>\n<\/div>\n\n\n\n<div class=\"wp-block-column is-layout-flow wp-block-column-is-layout-flow\">\n<figure class=\"wp-block-image size-full is-resized is-style-default\"><img loading=\"lazy\" decoding=\"async\" width=\"900\" height=\"1200\" src=\"https:\/\/wp.unil.ch\/hrp\/files\/2025\/12\/chanvrier_helene_20250708927.jpg\" alt=\"chanvrier helene 20250708927\" class=\"wp-image-3470\" style=\"width:171px;height:auto\" srcset=\"https:\/\/wp.unil.ch\/hrp\/files\/2025\/12\/chanvrier_helene_20250708927.jpg 900w, https:\/\/wp.unil.ch\/hrp\/files\/2025\/12\/chanvrier_helene_20250708927-225x300.jpg 225w, https:\/\/wp.unil.ch\/hrp\/files\/2025\/12\/chanvrier_helene_20250708927-768x1024.jpg 768w, https:\/\/wp.unil.ch\/hrp\/files\/2025\/12\/chanvrier_helene_20250708927-9x12.jpg 9w, https:\/\/wp.unil.ch\/hrp\/files\/2025\/12\/chanvrier_helene_20250708927-540x720.jpg 540w\" sizes=\"auto, (max-width: 900px) 100vw, 900px\" \/><\/figure>\n\n\n\n<p>Dre Sc. H\u00e9l\u00e8ne CHANVRIER <\/p>\n\n\n\n<p>Adjointe \u00e0 la recherche<\/p>\n<\/div>\n\n\n\n<div class=\"wp-block-column is-layout-flow wp-block-column-is-layout-flow\"><\/div>\n<\/div>\n\n\n\n<div class=\"wp-block-columns is-layout-flex wp-container-core-columns-is-layout-9d6595d7 wp-block-columns-is-layout-flex\">\n<div class=\"wp-block-column is-layout-flow wp-block-column-is-layout-flow\">\n<figure class=\"wp-block-image size-full is-resized is-style-default\"><img loading=\"lazy\" decoding=\"async\" width=\"216\" height=\"288\" src=\"https:\/\/wp.unil.ch\/hrp\/files\/2025\/12\/mdepretto.jpg\" alt=\"mdepretto\" class=\"wp-image-3467\" style=\"width:169px;height:auto\" srcset=\"https:\/\/wp.unil.ch\/hrp\/files\/2025\/12\/mdepretto.jpg 216w, https:\/\/wp.unil.ch\/hrp\/files\/2025\/12\/mdepretto-9x12.jpg 9w\" sizes=\"auto, (max-width: 216px) 100vw, 216px\" \/><\/figure>\n\n\n\n<p>Dr Sc. Michael DE PRETTO <\/p>\n\n\n\n<p>Coordinateur de recherche, data manager et statisticien<\/p>\n\n\n\n<p><\/p>\n<\/div>\n\n\n\n<div class=\"wp-block-column is-layout-flow wp-block-column-is-layout-flow\">\n<figure class=\"wp-block-image size-full is-resized is-style-default\"><img loading=\"lazy\" decoding=\"async\" width=\"320\" height=\"427\" src=\"https:\/\/wp.unil.ch\/hrp\/files\/2025\/12\/tcorbiere.jpg\" alt=\"tcorbiere\" class=\"wp-image-3468\" style=\"width:169px;height:auto\" srcset=\"https:\/\/wp.unil.ch\/hrp\/files\/2025\/12\/tcorbiere.jpg 320w, https:\/\/wp.unil.ch\/hrp\/files\/2025\/12\/tcorbiere-225x300.jpg 225w, https:\/\/wp.unil.ch\/hrp\/files\/2025\/12\/tcorbiere-9x12.jpg 9w\" sizes=\"auto, (max-width: 320px) 100vw, 320px\" \/><\/figure>\n\n\n\n<p>Dre Sc. Tourane CORBIERE <\/p>\n\n\n\n<p>Charg\u00e9e de projet en partenariat patient<\/p>\n\n\n\n<p><\/p>\n<\/div>\n\n\n\n<div class=\"wp-block-column is-layout-flow wp-block-column-is-layout-flow\"><\/div>\n<\/div>\n\n\n\n<p class=\"has-light-background-color has-text-color\" style=\"font-size:50px\">Nos experts sp\u00e9cialistes<\/p>\n\n\n\n<div class=\"wp-block-columns is-layout-flex wp-container-core-columns-is-layout-9d6595d7 wp-block-columns-is-layout-flex\">\n<div class=\"wp-block-column is-layout-flow wp-block-column-is-layout-flow\">\n<figure class=\"wp-block-image size-full is-resized\"><img alt=\"\" loading=\"lazy\" decoding=\"async\" width=\"576\" height=\"576\" src=\"https:\/\/wp.unil.ch\/hrp\/files\/2024\/10\/KEL.png\" alt=\"\" class=\"wp-image-3208\" style=\"width:175px;height:auto\" srcset=\"https:\/\/wp.unil.ch\/hrp\/files\/2024\/10\/KEL.png 576w, https:\/\/wp.unil.ch\/hrp\/files\/2024\/10\/KEL-300x300.png 300w, https:\/\/wp.unil.ch\/hrp\/files\/2024\/10\/KEL-150x150.png 150w, https:\/\/wp.unil.ch\/hrp\/files\/2024\/10\/KEL-12x12.png 12w, https:\/\/wp.unil.ch\/hrp\/files\/2024\/10\/KEL-540x540.png 540w\" sizes=\"auto, (max-width: 576px) 100vw, 576px\" \/><\/figure>\n\n\n\n<p>Kim ELLEFSEN-LAVOIE              Cheffe du Bureau du Promoteur au CHUV<\/p>\n<\/div>\n\n\n\n<div class=\"wp-block-column is-layout-flow wp-block-column-is-layout-flow\"><\/div>\n\n\n\n<div class=\"wp-block-column is-layout-flow wp-block-column-is-layout-flow\"><\/div>\n\n\n\n<div class=\"wp-block-column is-layout-flow wp-block-column-is-layout-flow\"><\/div>\n<\/div>\n\n\n\n<div class=\"wp-block-columns alignfull has-light-background-background-color has-background is-layout-flex wp-container-core-columns-is-layout-9d6595d7 wp-block-columns-is-layout-flex\">\n<div class=\"wp-block-column is-layout-flow wp-block-column-is-layout-flow\">\n<h2 class=\"wp-block-heading has-buttons-text-color has-text-color has-link-color has-normal-font-size wp-elements-d6585baf34c29244cae535108c73de0b\"><strong>Antje Horsch<\/strong><\/h2>\n\n\n\n<p class=\"has-buttons-text-color has-text-color has-link-color has-small-font-size wp-elements-36dadfedc1da91db44ec626b316ddf33\"><em>Professeure Associ\u00e9e<\/em><\/p>\n\n\n\n<p>Sant\u00e9 mentale p\u00e9rinatale, Stress et trauma\/PTSD, Recherche qualitative, Essais contr\u00f4l\u00e9s randomis\u00e9s (RCT), Recherche translationnelle, Recherche interventionnelle<\/p>\n<\/div>\n\n\n\n<div class=\"wp-block-column is-layout-flow wp-block-column-is-layout-flow\">\n<h2 class=\"wp-block-heading has-background-color has-text-color has-link-color has-normal-font-size wp-elements-f70659238b4291eb22eb2fa5efa35233\">Manuela Eicher<\/h2>\n\n\n\n<p class=\"has-buttons-text-color has-text-color has-link-color has-small-font-size wp-elements-7ce78b368f308380e1fed31ad62bd08b\"><em>Professeure Ordinaire<\/em><\/p>\n\n\n\n<p>Soins infirmiers en canc\u00e9rologie, Soins de soutien en canc\u00e9rologie, R\u00e9sultats rapport\u00e9s par les patients, Science des sympt\u00f4mes, Autogestion, Implication des patients et du public<\/p>\n<\/div>\n\n\n\n<div class=\"wp-block-column is-layout-flow wp-block-column-is-layout-flow\">\n<h2 class=\"wp-block-heading has-buttons-text-color has-text-color has-link-color has-normal-font-size wp-elements-00e632b6db4818626b307458de003a65\">C\u00e9dric Mabire<\/h2>\n\n\n\n<p class=\"has-buttons-text-color has-text-color has-link-color has-small-font-size wp-elements-7e985904a7fda2d31365bb9976bd60da\"><em>Professeur Associ\u00e9<\/em><\/p>\n\n\n\n<p>Personnes \u00e2g\u00e9es, H\u00f4pital, Pr\u00e9paration \u00e0 la sortie, Soins de transition, Performance des soins, Sciences de l\u2019implantation<\/p>\n<\/div>\n<\/div>\n\n\n\n<div class=\"wp-block-columns alignfull has-light-background-background-color has-background is-layout-flex wp-container-core-columns-is-layout-9d6595d7 wp-block-columns-is-layout-flex\">\n<div class=\"wp-block-column is-layout-flow wp-block-column-is-layout-flow\">\n<h2 class=\"wp-block-heading has-background-color has-text-color has-link-color has-normal-font-size wp-elements-684311e12014c00efd2dc8dc34fd4202\">Anne-Sylvie Ramelet<\/h2>\n\n\n\n<p class=\"has-background-color has-text-color has-link-color has-small-font-size wp-elements-8417690b8e60b7cf3de6ba603d3303c7\"><em>Professeure Ordinaire<\/em><\/p>\n\n\n\n<p>Soins intensifs, Soins intensifs p\u00e9diatriques, Douleur, Soins infirmiers familiaux, Soins centr\u00e9s sur la personne et la famille<\/p>\n<\/div>\n\n\n\n<div class=\"wp-block-column is-layout-flow wp-block-column-is-layout-flow\">\n<h2 class=\"wp-block-heading has-background-color has-text-color has-link-color has-normal-font-size wp-elements-218c0a94f4cb2aa12f212919c28f6516\">Phil Larkin<\/h2>\n\n\n\n<p class=\"has-buttons-text-color has-text-color has-link-color has-small-font-size wp-elements-41fc393ce96299700e2816dc144c5a64\"><em>Professeur Ordinaire<\/em><\/p>\n\n\n\n<p>Soins palliatifs et de support, Soins infirmiers palliatifs, Compassion, Proches-aidants, Chagrin et perte, Soins palliatifs p\u00e9diatriques<\/p>\n<\/div>\n\n\n\n<div class=\"wp-block-column is-layout-flow wp-block-column-is-layout-flow\"><\/div>\n<\/div>\n\n\n\n<div class=\"wp-block-columns alignfull has-light-background-background-color has-background is-layout-flex wp-container-core-columns-is-layout-9d6595d7 wp-block-columns-is-layout-flex\">\n<div class=\"wp-block-column is-layout-flow wp-block-column-is-layout-flow\">\n<h2 class=\"wp-block-heading has-buttons-text-color has-text-color has-link-color has-normal-font-size wp-elements-432c0104444324444a484cffd03e5776\">Sara Colomer-Lahiguera<\/h2>\n\n\n\n<p class=\"has-buttons-text-color has-text-color has-link-color has-small-font-size wp-elements-a30067d3026f5264287ff509bcb87745\"><em>Ma\u00eetre d&rsquo;Enseignement et de Recherche<\/em><\/p>\n\n\n\n<p>Immuno-oncologie, Th\u00e9rapie cellulaire, Mesures rapport\u00e9es par les patients, Sympt\u00f4mes, Biomarqueurs, Implication des patients<\/p>\n<\/div>\n\n\n\n<div class=\"wp-block-column is-layout-flow wp-block-column-is-layout-flow\">\n<h2 class=\"wp-block-heading has-background-color has-text-color has-link-color has-normal-font-size wp-elements-ef274f63ebb2a904d3f732e8197b5828\">Jenny Gentizon<\/h2>\n\n\n\n<p class=\"has-buttons-text-color has-text-color has-link-color has-small-font-size wp-elements-a30067d3026f5264287ff509bcb87745\"><em>Ma\u00eetre d&rsquo;Enseignement et de Recherche<\/em><\/p>\n\n\n\n<p>Litt\u00e9racie en mati\u00e8re de m\u00e9dicaments des patients \u00e2g\u00e9s, auto-gestion des m\u00e9dicaments, pr\u00e9paration \u00e0 la sortie d&rsquo;h\u00f4pital des personnes \u00e2g\u00e9es<\/p>\n<\/div>\n\n\n\n<div class=\"wp-block-column is-layout-flow wp-block-column-is-layout-flow\"><\/div>\n<\/div>\n\n\n\n<p><\/p>\n\n\n\n<div style=\"height:0px\" aria-hidden=\"true\" class=\"wp-block-spacer\"><\/div>\n\n\n\n<div style=\"height:0px\" aria-hidden=\"true\" class=\"wp-block-spacer\"><\/div>\n\n\n\n<div class=\"wp-block-columns alignfull is-layout-flex wp-container-core-columns-is-layout-9d6595d7 wp-block-columns-is-layout-flex\">\n<div class=\"wp-block-column is-layout-flow wp-block-column-is-layout-flow\" style=\"flex-basis:100%\">\n<p class=\"has-background-color has-text-color has-background has-normal-font-size\" style=\"background-color:#cccccc\"><\/p>\n<\/div>\n<\/div>\n\n\n\n<hr class=\"wp-block-separator has-alpha-channel-opacity\" \/>\n\n\n\n<p><\/p>\n","protected":false},"excerpt":{"rendered":"<p>Expertise L&rsquo;\u00e9quipe principale Pre Antje HORSCH Vice-directrice de la recherche Dre Sc. H\u00e9l\u00e8ne CHANVRIER Adjointe \u00e0 la recherche Dr Sc. Michael DE PRETTO Coordinateur de recherche, data manager&hellip;<\/p>\n","protected":false},"author":1002441,"featured_media":2260,"parent":0,"menu_order":0,"comment_status":"closed","ping_status":"closed","template":"template-full-width-cover.php","meta":{"_seopress_robots_primary_cat":"","_seopress_titles_title":"","_seopress_titles_desc":"","_seopress_robots_index":"","footnotes":""},"class_list":["post-181","page","type-page","status-publish","has-post-thumbnail"],"_links":{"self":[{"href":"https:\/\/wp.unil.ch\/hrp\/wp-json\/wp\/v2\/pages\/181","targetHints":{"allow":["GET"]}}],"collection":[{"href":"https:\/\/wp.unil.ch\/hrp\/wp-json\/wp\/v2\/pages"}],"about":[{"href":"https:\/\/wp.unil.ch\/hrp\/wp-json\/wp\/v2\/types\/page"}],"author":[{"embeddable":true,"href":"https:\/\/wp.unil.ch\/hrp\/wp-json\/wp\/v2\/users\/1002441"}],"replies":[{"embeddable":true,"href":"https:\/\/wp.unil.ch\/hrp\/wp-json\/wp\/v2\/comments?post=181"}],"version-history":[{"count":5,"href":"https:\/\/wp.unil.ch\/hrp\/wp-json\/wp\/v2\/pages\/181\/revisions"}],"predecessor-version":[{"id":3480,"href":"https:\/\/wp.unil.ch\/hrp\/wp-json\/wp\/v2\/pages\/181\/revisions\/3480"}],"wp:featuredmedia":[{"embeddable":true,"href":"https:\/\/wp.unil.ch\/hrp\/wp-json\/wp\/v2\/media\/2260"}],"wp:attachment":[{"href":"https:\/\/wp.unil.ch\/hrp\/wp-json\/wp\/v2\/media?parent=181"}],"curies":[{"name":"wp","href":"https:\/\/api.w.org\/{rel}","templated":true}]}}