{"id":3187,"date":"2024-10-21T14:35:19","date_gmt":"2024-10-21T12:35:19","guid":{"rendered":"https:\/\/wp.unil.ch\/hrp\/?page_id=3187"},"modified":"2024-11-08T13:42:16","modified_gmt":"2024-11-08T12:42:16","slug":"implication-des-patients-et-du-public-dans-la-recherche-en-soins","status":"publish","type":"page","link":"https:\/\/wp.unil.ch\/hrp\/en\/prestations\/implication-des-patients-et-du-public-dans-la-recherche-en-soins\/","title":{"rendered":"Implication des Patients et du Public"},"content":{"rendered":"<p>La Plateforme de Recherche en Soins peut vous apporter son soutien pour d\u00e9velopper le plan d&rsquo;Implication des Patients et du Public (IPP) de votre projet de recherche, par exemple lors d&rsquo;une demande de fonds. Nous vous accompagnons \u00e9galement dans l&rsquo;ex\u00e9cution du plan IPP pendant la r\u00e9alisation du projet, quel que soit le type de projet de recherche (observationnel, interventionnel\/essai clinique).<\/p>\n\n\n\n<h2 class=\"wp-block-heading\">Qu&rsquo;est-ce que l&rsquo;Implication des Patients et du Public dans la recherche?<\/h2>\n\n\n\n<ul class=\"wp-block-list\">\n<li>L\u2019IPP dans la recherche est d\u00e9finie comme une recherche qui est r\u00e9alis\u00e9e \u00abavec\u00bb et&nbsp; \u00abpar\u00bb les patients, au lieu de \u00abpour\u00bb ou \u00absur\u00bb les patients<\/li>\n<\/ul>\n\n\n\n<ul class=\"wp-block-list\">\n<li>Par la connaissance de leur maladie, c\u2019est-\u00e0-dire le savoir exp\u00e9rientiel, les patients partenaires permettent d\u2019apporter une perspective compl\u00e9mentaire \u00e0 celle des chercheurs dans les projets de recherche<\/li>\n<\/ul>\n\n\n\n<p>Etablir le plan IPP d\u2019un projet de recherche n\u00e9cessite de d\u00e9finir \u00e0 quelle(s) \u00e9tape(s) du projet, pour quel(s) objectif(s), et quelle(s) type(s) d\u2019implication sont requis pour le projet. Ensuite, des strat\u00e9gies d\u2019identification des patients sont mises en place pour inviter les patients \u00e0 contribuer au projet, selon des m\u00e9thodes adapt\u00e9es au projet.<\/p>\n\n\n\n<p>L\u2019IPP est un projet en soi, qui se doit d\u2019\u00eatre planifi\u00e9 en amont, et budg\u00e9tis\u00e9. <\/p>\n\n\n\n<p>Les 5 questions cl\u00e9s suivantes permettent de d\u00e9finir le plan IPP du projet ainsi que le budget n\u00e9cessaire pour le r\u00e9aliser:<\/p>\n\n\n\n<figure class=\"wp-block-image size-large\"><img alt=\"\" loading=\"lazy\" decoding=\"async\" width=\"1024\" height=\"235\" src=\"https:\/\/wp.unil.ch\/hrp\/files\/2024\/11\/HRP-Website-PPI-vf1-1024x235.png\" class=\"wp-image-3247\" srcset=\"https:\/\/wp.unil.ch\/hrp\/files\/2024\/11\/HRP-Website-PPI-vf1-1024x235.png 1024w, https:\/\/wp.unil.ch\/hrp\/files\/2024\/11\/HRP-Website-PPI-vf1-300x69.png 300w, https:\/\/wp.unil.ch\/hrp\/files\/2024\/11\/HRP-Website-PPI-vf1-768x176.png 768w, https:\/\/wp.unil.ch\/hrp\/files\/2024\/11\/HRP-Website-PPI-vf1-1536x353.png 1536w, https:\/\/wp.unil.ch\/hrp\/files\/2024\/11\/HRP-Website-PPI-vf1-2048x470.png 2048w, https:\/\/wp.unil.ch\/hrp\/files\/2024\/11\/HRP-Website-PPI-vf1-18x4.png 18w, https:\/\/wp.unil.ch\/hrp\/files\/2024\/11\/HRP-Website-PPI-vf1-540x124.png 540w, https:\/\/wp.unil.ch\/hrp\/files\/2024\/11\/HRP-Website-PPI-vf1-1080x248.png 1080w, https:\/\/wp.unil.ch\/hrp\/files\/2024\/11\/HRP-Website-PPI-vf1-1980x455.png 1980w\" sizes=\"auto, (max-width: 1024px) 100vw, 1024px\" \/><\/figure>\n\n\n\n<p>L\u2019IPP est en plein essor dans la recherche clinique en Suisse et est obligatoire pour les projets Investigator Initiated Clinical Trials (IICT) financ\u00e9s par le Fonds National Suisse.<\/p>\n\n\n\n<h2 class=\"wp-block-heading\">Prestations IPP propos\u00e9es par la Plateforme de Recherche en Soins<\/h2>\n\n\n\n<p>La Plateforme de Recherche en Soins vous accompagne dans les domaines suivants de l\u2019IPP:<\/p>\n\n\n\n<ul class=\"wp-block-list\">\n<li><strong>D\u00e9veloppement du plan IPP<\/strong> du projet et du budget n\u00e9cessaire pour le r\u00e9aliser<\/li>\n<\/ul>\n\n\n\n<ul class=\"wp-block-list\">\n<li><strong>Identification des patients partenaires<\/strong> pour votre projet, jumelage patient.e.s\/projet<\/li>\n<\/ul>\n\n\n\n<ul class=\"wp-block-list\">\n<li><strong>Soutien m\u00e9thodologique<\/strong> \u00e0 la r\u00e9alisation du plan IPP (ex. recherche qualitative de type focus group ou entretiens semi-structur\u00e9s)<\/li>\n<\/ul>\n\n\n\n<p>Vous avez des questions ou besoin d\u2019aide, contacter la <a href=\"https:\/\/wp.unil.ch\/hrp\/en\/nous-contacter\/\" data-type=\"page\" data-id=\"187\">Plateforme<\/a>.<\/p>\n\n\n\n<h2 class=\"wp-block-heading\">Liens utiles pour l&rsquo;IPP<\/h2>\n\n\n\n<p>Diff\u00e9rents mod\u00e8les ont \u00e9t\u00e9 d\u00e9velopp\u00e9s afin de d\u00e9finir un cadre de r\u00e9f\u00e9rence pour l\u2019IPP en Suisse. Les mod\u00e8les peuvent \u00eatre consult\u00e9s via les liens suivants:<\/p>\n\n\n\n<ul class=\"wp-block-list\">\n<li><a href=\"https:\/\/patientlab.ch\/\">Laboratoire des Patients en Oncologie<\/a><\/li>\n\n\n\n<li><a href=\"https:\/\/www.scto.ch\/fr\/patient-and-public-involvement.html\">Swiss Clinical Trial Organisation <\/a><\/li>\n<\/ul>\n\n\n\n<p><\/p>","protected":false},"excerpt":{"rendered":"<p>La Plateforme de Recherche en Soins peut vous apporter son soutien pour d\u00e9velopper le plan d&rsquo;Implication des Patients et du Public (IPP) de votre projet de recherche, par&hellip;<\/p>","protected":false},"author":1002817,"featured_media":2260,"parent":183,"menu_order":0,"comment_status":"closed","ping_status":"closed","template":"template-full-width-cover.php","meta":{"_seopress_robots_primary_cat":"","_seopress_titles_title":"","_seopress_titles_desc":"","_seopress_robots_index":"","footnotes":""},"class_list":["post-3187","page","type-page","status-publish","has-post-thumbnail"],"_links":{"self":[{"href":"https:\/\/wp.unil.ch\/hrp\/en\/wp-json\/wp\/v2\/pages\/3187","targetHints":{"allow":["GET"]}}],"collection":[{"href":"https:\/\/wp.unil.ch\/hrp\/en\/wp-json\/wp\/v2\/pages"}],"about":[{"href":"https:\/\/wp.unil.ch\/hrp\/en\/wp-json\/wp\/v2\/types\/page"}],"author":[{"embeddable":true,"href":"https:\/\/wp.unil.ch\/hrp\/en\/wp-json\/wp\/v2\/users\/1002817"}],"replies":[{"embeddable":true,"href":"https:\/\/wp.unil.ch\/hrp\/en\/wp-json\/wp\/v2\/comments?post=3187"}],"version-history":[{"count":4,"href":"https:\/\/wp.unil.ch\/hrp\/en\/wp-json\/wp\/v2\/pages\/3187\/revisions"}],"predecessor-version":[{"id":3253,"href":"https:\/\/wp.unil.ch\/hrp\/en\/wp-json\/wp\/v2\/pages\/3187\/revisions\/3253"}],"up":[{"embeddable":true,"href":"https:\/\/wp.unil.ch\/hrp\/en\/wp-json\/wp\/v2\/pages\/183"}],"wp:featuredmedia":[{"embeddable":true,"href":"https:\/\/wp.unil.ch\/hrp\/en\/wp-json\/wp\/v2\/media\/2260"}],"wp:attachment":[{"href":"https:\/\/wp.unil.ch\/hrp\/en\/wp-json\/wp\/v2\/media?parent=3187"}],"curies":[{"name":"wp","href":"https:\/\/api.w.org\/{rel}","templated":true}]}}