{"id":3059,"date":"2023-05-29T14:32:41","date_gmt":"2023-05-29T12:32:41","guid":{"rendered":"https:\/\/wp.unil.ch\/hrp\/?page_id=3059"},"modified":"2025-08-12T10:28:26","modified_gmt":"2025-08-12T08:28:26","slug":"ateliers-de-midi-inscription","status":"publish","type":"page","link":"https:\/\/wp.unil.ch\/hrp\/en\/ateliers-de-midi-inscription\/","title":{"rendered":"Lunch workshops: Registration"},"content":{"rendered":"<script type=\"text\/javascript\">\n\/* <![CDATA[ *\/\nvar gform;gform||(document.addEventListener(\"gform_main_scripts_loaded\",function(){gform.scriptsLoaded=!0}),document.addEventListener(\"gform\/theme\/scripts_loaded\",function(){gform.themeScriptsLoaded=!0}),window.addEventListener(\"DOMContentLoaded\",function(){gform.domLoaded=!0}),gform={domLoaded:!1,scriptsLoaded:!1,themeScriptsLoaded:!1,isFormEditor:()=>\"function\"==typeof InitializeEditor,callIfLoaded:function(o){return!(!gform.domLoaded||!gform.scriptsLoaded||!gform.themeScriptsLoaded&&!gform.isFormEditor()||(gform.isFormEditor()&&console.warn(\"The use of gform.initializeOnLoaded() is deprecated in the form editor context and will be removed in Gravity Forms 3.1.\"),o(),0))},initializeOnLoaded:function(o){gform.callIfLoaded(o)||(document.addEventListener(\"gform_main_scripts_loaded\",()=>{gform.scriptsLoaded=!0,gform.callIfLoaded(o)}),document.addEventListener(\"gform\/theme\/scripts_loaded\",()=>{gform.themeScriptsLoaded=!0,gform.callIfLoaded(o)}),window.addEventListener(\"DOMContentLoaded\",()=>{gform.domLoaded=!0,gform.callIfLoaded(o)}))},hooks:{action:{},filter:{}},addAction:function(o,r,e,t){gform.addHook(\"action\",o,r,e,t)},addFilter:function(o,r,e,t){gform.addHook(\"filter\",o,r,e,t)},doAction:function(o){gform.doHook(\"action\",o,arguments)},applyFilters:function(o){return gform.doHook(\"filter\",o,arguments)},removeAction:function(o,r){gform.removeHook(\"action\",o,r)},removeFilter:function(o,r,e){gform.removeHook(\"filter\",o,r,e)},addHook:function(o,r,e,t,n){null==gform.hooks[o][r]&&(gform.hooks[o][r]=[]);var d=gform.hooks[o][r];null==n&&(n=r+\"_\"+d.length),gform.hooks[o][r].push({tag:n,callable:e,priority:t=null==t?10:t})},doHook:function(r,o,e){var t;if(e=Array.prototype.slice.call(e,1),null!=gform.hooks[r][o]&&((o=gform.hooks[r][o]).sort(function(o,r){return o.priority-r.priority}),o.forEach(function(o){\"function\"!=typeof(t=o.callable)&&(t=window[t]),\"action\"==r?t.apply(null,e):e[0]=t.apply(null,e)})),\"filter\"==r)return e[0]},removeHook:function(o,r,t,n){var e;null!=gform.hooks[o][r]&&(e=(e=gform.hooks[o][r]).filter(function(o,r,e){return!!(null!=n&&n!=o.tag||null!=t&&t!=o.priority)}),gform.hooks[o][r]=e)}});\n\/* ]]> *\/\n<\/script>\n\n                <div class='gf_browser_gecko gform_wrapper gravity-theme gform-theme--no-framework' data-form-theme='gravity-theme' data-form-index='0' id='gform_wrapper_12' ><div id='gf_12' class='gform_anchor' tabindex='-1'><\/div>\n                        <div class='gform_heading'>\n                            <h2 class=\"gform_title\">Atelier de midi: Parlons-en! 15 septembre 2025<\/h2>\n                            <p class='gform_description'>Merci de vous inscrire pour obtenir la pr\u00e9sentation du prochain atelier de midi.<\/p>\n                        <\/div><form method='post' enctype='multipart\/form-data'  id='gform_12'  action='\/hrp\/en\/wp-json\/wp\/v2\/pages\/3059#gf_12' data-formid='12' novalidate><div class='gf_invisible ginput_recaptchav3' data-sitekey='6LdujuwpAAAAAPhxRpxIHMzMYtcnJGeT7dAg7O30' data-tabindex='0'><input id=\"input_1f22592cf5125f9bc5fbc5763e3be876\" class=\"gfield_recaptcha_response\" type=\"hidden\" name=\"input_1f22592cf5125f9bc5fbc5763e3be876\" value=\"\"\/><\/div>\n        <div id='gf_progressbar_wrapper_12' class='gf_progressbar_wrapper' data-start-at-zero=''>\n        \t<p class=\"gf_progressbar_title\">Step <span class='gf_step_current_page'>1<\/span> of <span class='gf_step_page_count'>2<\/span><span class='gf_step_page_name'><\/span>\n        \t<\/p>\n            <div class='gf_progressbar gf_progressbar_blue' aria-hidden='true'>\n                <div class='gf_progressbar_percentage percentbar_blue percentbar_50' style='width:50%;'><span>50%<\/span><\/div>\n            <\/div><\/div>\n                        <div class='gform-body gform_body'><div id='gform_page_12_1' class='gform_page ' data-js='page-field-id-0' >\n\t\t\t\t\t<div class='gform_page_fields'><div id='gform_fields_12' class='gform_fields top_label form_sublabel_above description_below validation_below'><div id=\"field_12_12\" class=\"gfield gfield--type-section gsection field_sublabel_above gfield--no-description field_description_below field_validation_below gfield_visibility_visible\"  ><h3 class=\"gsection_title\">D\u00e9tails du contact<\/h3><\/div><fieldset id=\"field_12_1\" class=\"gfield gfield--type-name gfield_contains_required field_sublabel_above gfield--no-description field_description_below field_validation_below gfield_visibility_visible\"  ><legend class='gfield_label gform-field-label gfield_label_before_complex' >Nom<span class=\"gfield_required\"><span class=\"gfield_required gfield_required_text\">(Required)<\/span><\/span><\/legend><div class='ginput_complex ginput_container ginput_container--name no_prefix has_first_name no_middle_name has_last_name no_suffix gf_name_has_2 ginput_container_name gform-grid-row' id='input_12_1'>\n                            \n                            <span id='input_12_1_3_container' class='name_first gform-grid-col gform-grid-col--size-auto' >\n                                                    <label for='input_12_1_3' class='gform-field-label gform-field-label--type-sub '>First<\/label>\n                                                    <input type='text' name='input_1.3' id='input_12_1_3' value=''   aria-required='true'    autocomplete=\"given-name\" \/>\n                                                <\/span>\n                            \n                            <span id='input_12_1_6_container' class='name_last gform-grid-col gform-grid-col--size-auto' >\n                                                            <label for='input_12_1_6' class='gform-field-label gform-field-label--type-sub '>Last<\/label>\n                                                            <input type='text' name='input_1.6' id='input_12_1_6' value=''   aria-required='true'    autocomplete=\"family-name\" \/>\n                                                        <\/span>\n                            \n                        <\/div><\/fieldset><fieldset id=\"field_12_2\" class=\"gfield gfield--type-email gfield_contains_required field_sublabel_above gfield--no-description field_description_below field_validation_below gfield_visibility_visible\"  ><legend class='gfield_label gform-field-label gfield_label_before_complex' >E-mail<span class=\"gfield_required\"><span class=\"gfield_required gfield_required_text\">(Required)<\/span><\/span><\/legend><div class='ginput_complex ginput_container ginput_container_email gform-grid-row' id='input_12_2_container'>\n                                <span id='input_12_2_1_container' class='ginput_left gform-grid-col gform-grid-col--size-auto'>\n                                    <label for='input_12_2' class='gform-field-label gform-field-label--type-sub '>Enter Email<\/label>\n                                    <input class='' type='email' name='input_2' id='input_12_2' value=''    aria-required=\"true\" aria-invalid=\"false\"  autocomplete=\"email\"\/>\n                                <\/span>\n                                <span id='input_12_2_2_container' class='ginput_right gform-grid-col gform-grid-col--size-auto'>\n                                    <label for='input_12_2_2' class='gform-field-label gform-field-label--type-sub '>Confirm Email<\/label>\n                                    <input class='' type='email' name='input_2_2' id='input_12_2_2' value=''    aria-required=\"true\" aria-invalid=\"false\"  autocomplete=\"email\"\/>\n                                <\/span>\n                                <div class='gf_clear gf_clear_complex'><\/div>\n                            <\/div><\/fieldset><div id=\"field_12_3\" class=\"gfield gfield--type-phone field_sublabel_above gfield--no-description field_description_below field_validation_below gfield_visibility_visible\"  ><label class='gfield_label gform-field-label' for='input_12_3'>T\u00e9l\u00e9phone<\/label><div class='ginput_container ginput_container_phone'><input name='input_3' id='input_12_3' type='tel' value='' class='medium'    aria-invalid=\"false\"  autocomplete=\"tel\" \/><\/div><\/div><div id=\"field_12_20\" class=\"gfield gfield--type-select gfield--width-full gfield_contains_required field_sublabel_above gfield--no-description field_description_below field_validation_below gfield_visibility_visible\"  ><label class='gfield_label gform-field-label' for='input_12_20'>Vous \u00eates<span class=\"gfield_required\"><span class=\"gfield_required gfield_required_text\">(Required)<\/span><\/span><\/label><div class='ginput_container ginput_container_select'><select name='input_20' id='input_12_20' class='large gfield_select'    aria-required=\"true\" aria-invalid=\"false\" ><option value='Collaborateur\u00b7trice de recherche' >Collaborateur\u00b7trice de recherche<\/option><option value='Etudiant\u00b7e' >Etudiant\u00b7e<\/option><option value='Alumni\u00b7ae' >Alumni\u00b7ae<\/option><option value='Autre' >Autre<\/option><\/select><\/div><\/div><div id=\"field_12_27\" class=\"gfield gfield--type-text gfield--width-full field_sublabel_above gfield--no-description field_description_below field_validation_below gfield_visibility_visible\"  ><label class='gfield_label gform-field-label' for='input_12_27'>Si vous avez choisi &quot;autres&quot;, veuillez pr\u00e9ciser :<\/label><div class='ginput_container ginput_container_text'><input name='input_27' id='input_12_27' type='text' value='' class='large'      aria-invalid=\"false\"   \/><\/div><\/div><\/div>\n                    <\/div>\n                    <div class='gform-page-footer gform_page_footer top_label'>\n                         <input type='button' id='gform_next_button_12_9' class='gform_next_button gform-theme-button button' onclick='gform.submission.handleButtonClick(this);' data-submission-type='next' value='Suivant'  \/> \n                    <\/div>\n                <\/div>\n                <div id='gform_page_12_2' class='gform_page' data-js='page-field-id-9' style='display:none;'>\n                    <div class='gform_page_fields'>\n                        <div id='gform_fields_12_2' class='gform_fields top_label form_sublabel_above description_below validation_below'><div id=\"field_12_13\" class=\"gfield gfield--type-section gsection field_sublabel_above gfield--no-description field_description_below field_validation_below gfield_visibility_visible\"  ><h3 class=\"gsection_title\">D\u00e9tails de l\u2019\u00e9v\u00e8nement<\/h3><\/div><div id=\"field_12_11\" class=\"gfield gfield--type-select gfield_contains_required field_sublabel_above gfield--no-description field_description_below field_validation_below gfield_visibility_visible\"  ><label class='gfield_label gform-field-label' for='input_12_11'>Participez-vous en pr\u00e9sentiel ou \u00e0 distance ?<span class=\"gfield_required\"><span class=\"gfield_required gfield_required_text\">(Required)<\/span><\/span><\/label><div class='ginput_container ginput_container_select'><select name='input_11' id='input_12_11' class='medium gfield_select'    aria-required=\"true\" aria-invalid=\"false\" ><option value='En pr\u00e9sentiel (\u00e0 l&#039;IUFRS)' >En pr\u00e9sentiel (\u00e0 l&#039;IUFRS)<\/option><option value='A distance (via Webex)' >A distance (via Webex)<\/option><\/select><\/div><\/div><div id=\"field_12_21\" class=\"gfield gfield--type-select gfield--width-full field_sublabel_above gfield--no-description field_description_below field_validation_below gfield_visibility_visible\"  ><label class='gfield_label gform-field-label' for='input_12_21'>Comment avez-vous entendu parler de cet \u00e9v\u00e8nement ?<\/label><div class='ginput_container ginput_container_select'><select name='input_21' id='input_12_21' class='medium gfield_select'     aria-invalid=\"false\" ><option value='Email de l&#039;IUFRS' >Email de l&#039;IUFRS<\/option><option value='Social Media' >R\u00e9seaux sociaux<\/option><option value='Site web de l&#039;IUFRS' >Site web de l&#039;IUFRS<\/option><option value='Site web de la Plateforme de recherche' >Site web de la Plateforme de recherche<\/option><option value='Google' >Google<\/option><option value='Word of Mouth' >Bouche \u00e0 oreille<\/option><option value='Mes coll\u00e8gues' >Mes coll\u00e8gues<\/option><option value='Past Participant' >Ancien participant<\/option><option value='Other' >Autre<\/option><\/select><\/div><\/div><fieldset id=\"field_12_24\" class=\"gfield gfield--type-radio gfield--type-choice field_sublabel_above gfield--no-description field_description_below field_validation_below gfield_visibility_visible\"  ><legend class='gfield_label gform-field-label' >Avez-vous d\u00e9j\u00e0 particip\u00e9 \u00e0 un atelier de la Plateforme ?<\/legend><div class='ginput_container ginput_container_radio'><div class='gfield_radio' id='input_12_24'>\n\t\t\t<div class='gchoice gchoice_12_24_0'>\n\t\t\t\t\t<input class='gfield-choice-input' name='input_24' type='radio' value='Oui, j&#039;y participe r\u00e9guli\u00e8rement'  id='choice_12_24_0' onchange='gformToggleRadioOther( this )'    \/>\n\t\t\t\t\t<label for='choice_12_24_0' id='label_12_24_0' class='gform-field-label gform-field-label--type-inline'>Oui, j&rsquo;y participe r\u00e9guli\u00e8rement<\/label>\n\t\t\t<\/div>\n\t\t\t<div class='gchoice gchoice_12_24_1'>\n\t\t\t\t\t<input class='gfield-choice-input' name='input_24' type='radio' value='Oui, une fois'  id='choice_12_24_1' onchange='gformToggleRadioOther( this )'    \/>\n\t\t\t\t\t<label for='choice_12_24_1' id='label_12_24_1' class='gform-field-label gform-field-label--type-inline'>Oui, une fois<\/label>\n\t\t\t<\/div>\n\t\t\t<div class='gchoice gchoice_12_24_2'>\n\t\t\t\t\t<input class='gfield-choice-input' name='input_24' type='radio' value='Non, c&#039;est la premi\u00e8re fois'  id='choice_12_24_2' onchange='gformToggleRadioOther( this )'    \/>\n\t\t\t\t\t<label for='choice_12_24_2' id='label_12_24_2' class='gform-field-label gform-field-label--type-inline'>Non, c&rsquo;est la premi\u00e8re fois<\/label>\n\t\t\t<\/div><\/div><\/div><\/fieldset><\/div><\/div>\n        <div class='gform-page-footer gform_page_footer top_label'><input type='submit' id='gform_previous_button_12' class='gform_previous_button gform-theme-button gform-theme-button--secondary button' onclick='gform.submission.handleButtonClick(this);' data-submission-type='previous' value='Pr\u00e9c\u00e9dent'  \/> <input type='submit' id='gform_submit_button_12' class='gform_button button' onclick='gform.submission.handleButtonClick(this);' data-submission-type='submit' value='Envoyer'  \/> \n            <input type='hidden' class='gform_hidden' name='gform_submission_method' data-js='gform_submission_method_12' value='postback' \/>\n            <input type='hidden' class='gform_hidden' name='gform_theme' data-js='gform_theme_12' id='gform_theme_12' value='gravity-theme' \/>\n            <input type='hidden' class='gform_hidden' name='gform_style_settings' data-js='gform_style_settings_12' id='gform_style_settings_12' value='{&quot;inputPrimaryColor&quot;:&quot;#204ce5&quot;}' \/>\n            <input type='hidden' class='gform_hidden' name='is_submit_12' value='1' \/>\n            <input type='hidden' class='gform_hidden' name='gform_submit' value='12' \/>\n            \n            <input type='hidden' class='gform_hidden' name='gform_currency' data-currency='USD' value='EkzLgbdDiaxbksBowG\/1OpglxC74F1U1JI0Bbtsbx2d8CGaSqrN3mg1tTYu5uew8CMTXFmaJKGVFlPwkFAe2hwXAZleQ0jfwXnZrgw+Q6fssYYo=' \/>\n            <input type='hidden' class='gform_hidden' name='gform_unique_id' value='' \/>\n            <input type='hidden' class='gform_hidden' name='state_12' value='WyJ7XCIyMFwiOltcImVkMTUwZGZlOTlkM2Q3NTI0Nzk0M2M5MjkwMzRjM2IyXCIsXCJiOTQ1MzkzNzkwMGU0ODM0M2IxNDg1NmIwZmYyMTQ2ZFwiLFwiMGM1ZjEyOGFhNWE5YmM0OTE2MDMyMWJiMTRlZDFlMmVcIixcImFkMTU0MWRjN2UwYzc5MTRhMzRiYjgzZjBkNWY2NTU0XCJdLFwiMjRcIjpbXCJkYmY2ODY2ZWNmMWYyNDE5ZWZhOGUwZWY1MGIyYWU3NFwiLFwiZTM2Yjc1NmM5MjY2MDZjOTgyMDA2NTdmZjAyZWY3MDNcIixcIjQxZmEyMTVkNWM4ZGY2Y2RhYmQxMDVmMzA2MDFjZmQ0XCJdfSIsIjNmZjM2ZWRmNGQyMjRjM2RmMzJmODExYWE5OWM3NmJiIl0=' \/>\n            <input type='hidden' autocomplete='off' class='gform_hidden' name='gform_target_page_number_12' id='gform_target_page_number_12' value='2' \/>\n            <input type='hidden' autocomplete='off' class='gform_hidden' name='gform_source_page_number_12' id='gform_source_page_number_12' value='1' \/>\n            <input type='hidden' name='gform_field_values' value='' \/>\n            \n        <\/div>\n             <\/div><\/div>\n                        <\/form>\n                        <\/div><script type=\"text\/javascript\">\n\/* <![CDATA[ *\/\n gform.initializeOnLoaded( function() {gformInitSpinner( 12, 'https:\/\/wp.unil.ch\/hrp\/wp-content\/plugins\/gravityforms\/images\/spinner.svg', true );jQuery('#gform_ajax_frame_12').on('load',function(){var contents = jQuery(this).contents().find('*').html();var is_postback = contents.indexOf('GF_AJAX_POSTBACK') >= 0;if(!is_postback){return;}var form_content = jQuery(this).contents().find('#gform_wrapper_12');var is_confirmation = jQuery(this).contents().find('#gform_confirmation_wrapper_12').length > 0;var is_redirect = contents.indexOf('gformRedirect(){') >= 0;var is_form = form_content.length > 0 && ! is_redirect && ! is_confirmation;var mt = parseInt(jQuery('html').css('margin-top'), 10) + parseInt(jQuery('body').css('margin-top'), 10) + 100;if(is_form){jQuery('#gform_wrapper_12').html(form_content.html());if(form_content.hasClass('gform_validation_error')){jQuery('#gform_wrapper_12').addClass('gform_validation_error');} else {jQuery('#gform_wrapper_12').removeClass('gform_validation_error');}setTimeout( function() { \/* delay the scroll by 50 milliseconds to fix a bug in chrome *\/ jQuery(document).scrollTop(jQuery('#gform_wrapper_12').offset().top - mt); }, 50 );if(window['gformInitDatepicker']) {gformInitDatepicker();}if(window['gformInitPriceFields']) {gformInitPriceFields();}var current_page = jQuery('#gform_source_page_number_12').val();gformInitSpinner( 12, 'https:\/\/wp.unil.ch\/hrp\/wp-content\/plugins\/gravityforms\/images\/spinner.svg', true );jQuery(document).trigger('gform_page_loaded', [12, current_page]);window['gf_submitting_12'] = false;}else if(!is_redirect){var confirmation_content = jQuery(this).contents().find('.GF_AJAX_POSTBACK').html();if(!confirmation_content){confirmation_content = contents;}jQuery('#gform_wrapper_12').replaceWith(confirmation_content);jQuery(document).scrollTop(jQuery('#gf_12').offset().top - mt);jQuery(document).trigger('gform_confirmation_loaded', [12]);window['gf_submitting_12'] = false;wp.a11y.speak(jQuery('#gform_confirmation_message_12').text());}else{jQuery('#gform_12').append(contents);if(window['gformRedirect']) {gformRedirect();}}jQuery(document).trigger(\"gform_pre_post_render\", [{ formId: \"12\", currentPage: \"current_page\", abort: function() { this.preventDefault(); } }]);        if (event && event.defaultPrevented) {                return;        }        const gformWrapperDiv = document.getElementById( \"gform_wrapper_12\" );        if ( gformWrapperDiv ) {            const visibilitySpan = document.createElement( \"span\" );            visibilitySpan.id = \"gform_visibility_test_12\";            gformWrapperDiv.insertAdjacentElement( \"afterend\", visibilitySpan );        }        const visibilityTestDiv = document.getElementById( \"gform_visibility_test_12\" );        let postRenderFired = false;        function triggerPostRender() {            if ( postRenderFired ) {                return;            }            postRenderFired = true;            gform.core.triggerPostRenderEvents( 12, current_page );            if ( visibilityTestDiv ) {                visibilityTestDiv.parentNode.removeChild( visibilityTestDiv );            }        }        function debounce( func, wait, immediate ) {            var timeout;            return function() {                var context = this, args = arguments;                var later = function() {                    timeout = null;                    if ( !immediate ) func.apply( context, args );                };                var callNow = immediate && !timeout;                clearTimeout( timeout );                timeout = setTimeout( later, wait );                if ( callNow ) func.apply( context, args );            };        }        const debouncedTriggerPostRender = debounce( function() {            triggerPostRender();        }, 200 );        if ( visibilityTestDiv && visibilityTestDiv.offsetParent === null ) {            const observer = new MutationObserver( ( mutations ) => {                mutations.forEach( ( mutation ) => {                    if ( mutation.type === 'attributes' && visibilityTestDiv.offsetParent !== null ) {                        debouncedTriggerPostRender();                        observer.disconnect();                    }                });            });            observer.observe( document.body, {                attributes: true,                childList: false,                subtree: true,                attributeFilter: [ 'style', 'class' ],            });        } else {            triggerPostRender();        }    } );} ); \n\/* ]]> *\/\n<\/script>\n","protected":false},"excerpt":{"rendered":"","protected":false},"author":1002736,"featured_media":3027,"parent":0,"menu_order":0,"comment_status":"closed","ping_status":"closed","template":"template-full-width.php","meta":{"_seopress_robots_primary_cat":"","_seopress_titles_title":"","_seopress_titles_desc":"","_seopress_robots_index":"","footnotes":""},"class_list":["post-3059","page","type-page","status-publish","has-post-thumbnail"],"_links":{"self":[{"href":"https:\/\/wp.unil.ch\/hrp\/en\/wp-json\/wp\/v2\/pages\/3059","targetHints":{"allow":["GET"]}}],"collection":[{"href":"https:\/\/wp.unil.ch\/hrp\/en\/wp-json\/wp\/v2\/pages"}],"about":[{"href":"https:\/\/wp.unil.ch\/hrp\/en\/wp-json\/wp\/v2\/types\/page"}],"author":[{"embeddable":true,"href":"https:\/\/wp.unil.ch\/hrp\/en\/wp-json\/wp\/v2\/users\/1002736"}],"replies":[{"embeddable":true,"href":"https:\/\/wp.unil.ch\/hrp\/en\/wp-json\/wp\/v2\/comments?post=3059"}],"version-history":[{"count":5,"href":"https:\/\/wp.unil.ch\/hrp\/en\/wp-json\/wp\/v2\/pages\/3059\/revisions"}],"predecessor-version":[{"id":3447,"href":"https:\/\/wp.unil.ch\/hrp\/en\/wp-json\/wp\/v2\/pages\/3059\/revisions\/3447"}],"wp:featuredmedia":[{"embeddable":true,"href":"https:\/\/wp.unil.ch\/hrp\/en\/wp-json\/wp\/v2\/media\/3027"}],"wp:attachment":[{"href":"https:\/\/wp.unil.ch\/hrp\/en\/wp-json\/wp\/v2\/media?parent=3059"}],"curies":[{"name":"wp","href":"https:\/\/api.w.org\/{rel}","templated":true}]}}