{"id":238,"date":"2022-05-18T13:35:18","date_gmt":"2022-05-18T11:35:18","guid":{"rendered":"https:\/\/wp.unil.ch\/hrp\/?page_id=238"},"modified":"2024-11-07T13:54:17","modified_gmt":"2024-11-07T12:54:17","slug":"lrh_oclin_orh","status":"publish","type":"page","link":"https:\/\/wp.unil.ch\/hrp\/en\/lrh_oclin_orh\/","title":{"rendered":"Design &amp; categorisation"},"content":{"rendered":"<div class=\"wp-block-group is-vertical is-layout-flex wp-container-core-group-is-layout-8cf370e7 wp-block-group-is-layout-flex\">\n<div class=\"wp-block-group is-vertical is-layout-flex wp-container-core-group-is-layout-8cf370e7 wp-block-group-is-layout-flex\">\n<p class=\"has-text-color has-larger-font-size\" style=\"color:#4322c9\"><span id=\"su_tooltip_69d13b5452fb0_button\" class=\"su-tooltip-button su-tooltip-button-outline-yes\" aria-describedby=\"su_tooltip_69d13b5452fb0\" data-settings='{\"position\":\"top\",\"behavior\":\"hover\",\"hideDelay\":0}' tabindex=\"0\"> TIPS! <\/span><span style=\"display:none;z-index:100\" id=\"su_tooltip_69d13b5452fb0\" class=\"su-tooltip\" role=\"tooltip\"><span class=\"su-tooltip-inner su-tooltip-shadow-no\" style=\"z-index:100;background:#36827F;color:#FFFFFF;font-size:22px;border-radius:15px;text-align:left;max-width:1000px;line-height:1.25\"><span class=\"su-tooltip-title\">Tips<\/span><span class=\"su-tooltip-content su-u-trim\">1. Define the primary objective of the project (secondary and exploratory objectives, if applicable)<br>2. Define the primary endpoint (secondary and exploratory endpoints, if applicable)<br>3. Assess the sample size to meet the objective(s).<\/span><\/span><span id=\"su_tooltip_69d13b5452fb0_arrow\" class=\"su-tooltip-arrow\" style=\"z-index:100;background:#36827F\" data-popper-arrow><\/span><\/span>\n<\/div>\n<\/div>\n\n\n\n<p class=\"has-text-align-center has-light-background-color has-text-color\" style=\"font-size:35px\">Does my project fall within the scope of the Human Research Act (<a href=\"https:\/\/www.fedlex.admin.ch\/eli\/cc\/2013\/617\/en\" target=\"_blank\" rel=\"noreferrer noopener\">HRA<\/a>) or is it outside the HRA?<\/p>\n\n\n\n<p class=\"has-text-align-center\" style=\"font-size:20px\">This law aims to <strong>protect <\/strong>the <strong>dignity<\/strong>, la <strong>personality <\/strong>and <strong>health <\/strong>of the human being (Art. 1 <a href=\"https:\/\/www.fedlex.admin.ch\/eli\/cc\/2013\/617\/en\" data-type=\"URL\" data-id=\"https:\/\/www.fedlex.admin.ch\/eli\/cc\/2013\/617\/fr\" target=\"_blank\" rel=\"noreferrer noopener\">HRA<\/a>)<\/p>\n\n\n<div class=\"wp-block-image\">\n<figure class=\"aligncenter size-full\"><img alt=\"\" loading=\"lazy\" decoding=\"async\" width=\"4176\" height=\"1444\" src=\"http:\/\/wp.unil.ch\/hrp\/files\/2022\/09\/hra_non_hra.png\" class=\"wp-image-2713\" srcset=\"https:\/\/wp.unil.ch\/hrp\/files\/2022\/09\/hra_non_hra.png 4176w, https:\/\/wp.unil.ch\/hrp\/files\/2022\/09\/hra_non_hra-300x104.png 300w, https:\/\/wp.unil.ch\/hrp\/files\/2022\/09\/hra_non_hra-1024x354.png 1024w, https:\/\/wp.unil.ch\/hrp\/files\/2022\/09\/hra_non_hra-768x266.png 768w, https:\/\/wp.unil.ch\/hrp\/files\/2022\/09\/hra_non_hra-1536x531.png 1536w, https:\/\/wp.unil.ch\/hrp\/files\/2022\/09\/hra_non_hra-2048x708.png 2048w, https:\/\/wp.unil.ch\/hrp\/files\/2022\/09\/hra_non_hra-18x6.png 18w, https:\/\/wp.unil.ch\/hrp\/files\/2022\/09\/hra_non_hra-540x187.png 540w, https:\/\/wp.unil.ch\/hrp\/files\/2022\/09\/hra_non_hra-1080x373.png 1080w, https:\/\/wp.unil.ch\/hrp\/files\/2022\/09\/hra_non_hra-1980x685.png 1980w\" sizes=\"auto, (max-width: 4176px) 100vw, 4176px\" \/><\/figure>\n<\/div>\n\n\n<div class=\"wp-block-group\"><div class=\"wp-block-group__inner-container is-layout-flow wp-block-group-is-layout-flow\">\n<div class=\"wp-block-columns are-vertically-aligned-center is-layout-flex wp-container-core-columns-is-layout-9d6595d7 wp-block-columns-is-layout-flex\">\n<div class=\"wp-block-column is-vertically-aligned-center is-layout-flow wp-block-column-is-layout-flow\"><\/div>\n\n\n\n<div class=\"wp-block-column is-vertically-aligned-center is-layout-flow wp-block-column-is-layout-flow\">\n<div class=\"wp-block-group alignwide is-vertical is-content-justification-center is-layout-flex wp-container-core-group-is-layout-4b2eccd6 wp-block-group-is-layout-flex\">\n<figure class=\"wp-block-image size-medium is-resized\"><a href=\"https:\/\/wp.unil.ch\/hrp\/en\/nous-contacter\/\" target=\"_blank\" rel=\"noreferrer noopener\"><img alt=\"\" loading=\"lazy\" decoding=\"async\" width=\"300\" height=\"300\" src=\"https:\/\/wp.unil.ch\/hrp\/files\/2022\/06\/question-edited-300x300.jpg\" class=\"wp-image-953\" style=\"width:225px;height:225px\" srcset=\"https:\/\/wp.unil.ch\/hrp\/files\/2022\/06\/question-edited-300x300.jpg 300w, https:\/\/wp.unil.ch\/hrp\/files\/2022\/06\/question-edited-150x150.jpg 150w, https:\/\/wp.unil.ch\/hrp\/files\/2022\/06\/question-edited-12x12.jpg 12w, https:\/\/wp.unil.ch\/hrp\/files\/2022\/06\/question-edited-540x539.jpg 540w, https:\/\/wp.unil.ch\/hrp\/files\/2022\/06\/question-edited.jpg 721w\" sizes=\"auto, (max-width: 300px) 100vw, 300px\" \/><\/a><\/figure>\n<\/div>\n<\/div>\n\n\n\n<div class=\"wp-block-column is-vertically-aligned-center is-layout-flow wp-block-column-is-layout-flow\"><\/div>\n<\/div>\n<\/div><\/div>\n\n\n\n<div class=\"wp-block-columns is-layout-flex wp-container-core-columns-is-layout-9d6595d7 wp-block-columns-is-layout-flex\">\n<div class=\"wp-block-column is-vertically-aligned-top is-layout-flow wp-block-column-is-layout-flow\">\n<p class=\"has-text-align-center w1 has-buttons-text-color has-light-background-background-color has-text-color has-background\"><a href=\"#lrh\">My project is HRA<\/a><\/p>\n<\/div>\n\n\n\n<div class=\"wp-block-column is-vertically-aligned-top is-layout-flow wp-block-column-is-layout-flow\">\n<p class=\"has-text-align-center w1 has-background-color has-buttons-background-background-color has-text-color has-background\"><a href=\"https:\/\/wp.unil.ch\/hrp\/en\/nous-contacter\/\" data-type=\"page\" data-id=\"187\" target=\"_blank\" rel=\"noreferrer noopener\">I do not know<\/a><\/p>\n<\/div>\n\n\n\n<div class=\"wp-block-column is-vertically-aligned-center is-layout-flow wp-block-column-is-layout-flow\">\n<p class=\"has-text-align-center w1 has-buttons-text-color has-light-background-background-color has-text-color has-background\"><a href=\"#hors_lrh\">My project is outside HRA<\/a><\/p>\n<\/div>\n<\/div>\n\n\n\n<div style=\"height:98px\" aria-hidden=\"true\" id=\"lrh\" class=\"wp-block-spacer\"><\/div>\n\n\n\n<div style=\"height:14px\" aria-hidden=\"true\" class=\"wp-block-spacer\"><\/div>\n\n\n\n<div class=\"wp-block-columns is-layout-flex wp-container-core-columns-is-layout-9d6595d7 wp-block-columns-is-layout-flex\">\n<div class=\"wp-block-column is-layout-flow wp-block-column-is-layout-flow\"><\/div>\n\n\n\n<div class=\"wp-block-column is-layout-flow wp-block-column-is-layout-flow\" style=\"flex-basis:88%\">\n<p class=\"has-text-align-center has-light-background-color has-text-color\" style=\"font-size:35px\">If my research project falls within the scope of the HRA, a submission to the ethics committee is required, so which ordinance should I refer to?<\/p>\n<\/div>\n\n\n\n<div class=\"wp-block-column is-layout-flow wp-block-column-is-layout-flow\"><\/div>\n<\/div>\n\n\n<div class=\"wp-block-image\">\n<figure class=\"aligncenter size-full is-resized\"><img alt=\"\" loading=\"lazy\" decoding=\"async\" width=\"2181\" height=\"1597\" src=\"http:\/\/wp.unil.ch\/hrp\/files\/2022\/10\/hra_ordinance.png\" class=\"wp-image-2889\" style=\"width:873px;height:639px\" srcset=\"https:\/\/wp.unil.ch\/hrp\/files\/2022\/10\/hra_ordinance.png 2181w, https:\/\/wp.unil.ch\/hrp\/files\/2022\/10\/hra_ordinance-300x220.png 300w, https:\/\/wp.unil.ch\/hrp\/files\/2022\/10\/hra_ordinance-1024x750.png 1024w, https:\/\/wp.unil.ch\/hrp\/files\/2022\/10\/hra_ordinance-768x562.png 768w, https:\/\/wp.unil.ch\/hrp\/files\/2022\/10\/hra_ordinance-1536x1125.png 1536w, https:\/\/wp.unil.ch\/hrp\/files\/2022\/10\/hra_ordinance-2048x1500.png 2048w, https:\/\/wp.unil.ch\/hrp\/files\/2022\/10\/hra_ordinance-16x12.png 16w, https:\/\/wp.unil.ch\/hrp\/files\/2022\/10\/hra_ordinance-540x395.png 540w, https:\/\/wp.unil.ch\/hrp\/files\/2022\/10\/hra_ordinance-1080x791.png 1080w, https:\/\/wp.unil.ch\/hrp\/files\/2022\/10\/hra_ordinance-1980x1450.png 1980w\" sizes=\"auto, (max-width: 2181px) 100vw, 2181px\" \/><\/figure>\n<\/div>\n\n\n<div class=\"wp-block-columns is-layout-flex wp-container-core-columns-is-layout-9d6595d7 wp-block-columns-is-layout-flex\">\n<div class=\"wp-block-column is-layout-flow wp-block-column-is-layout-flow\"><\/div>\n\n\n\n<div class=\"wp-block-column is-layout-flow wp-block-column-is-layout-flow\" style=\"flex-basis:85%\">\n<div class=\"wp-block-group is-vertical is-layout-flex wp-container-core-group-is-layout-8cf370e7 wp-block-group-is-layout-flex\">\n<p class=\"justifier\" style=\"font-size:20px\"><a href=\"https:\/\/www.fedlex.admin.ch\/eli\/cc\/2013\/643\/en\" target=\"_blank\" rel=\"noreferrer noopener\">The ordinance on clinical trials in human research (ClinO)<\/a> regulates human research projects classified as clinical trials.<\/p>\n\n\n\n<p class=\"justifier\" style=\"font-size:20px\"><a rel=\"noreferrer noopener\" href=\"https:\/\/www.fedlex.admin.ch\/eli\/cc\/2020\/553\/en\" target=\"_blank\">The ordinance on clinical trials with medical devices (ClinO-MD) <\/a>regulates in particular clinical trials with medical devices, with the exception of in vitro diagnostic devices, devices in accordance with Art. 2a, para. 2 <a rel=\"noreferrer noopener\" href=\"https:\/\/www.fedlex.admin.ch\/eli\/cc\/2001\/422\/en\" target=\"_blank\">TPA<\/a> and combinations of devices and medicinal products (in accordance with Art. 2, para. 1, let. f and g <a rel=\"noreferrer noopener\" href=\"https:\/\/www.fedlex.admin.ch\/eli\/cc\/2020\/553\/en\" target=\"_blank\">ClinO-MD<\/a>). These exceptions are governed by the ClinO.<\/p>\n\n\n\n<p class=\"justifier\" style=\"font-size:20px\"><a href=\"https:\/\/www.fedlex.admin.ch\/eli\/cc\/2013\/642\/en\" target=\"_blank\" rel=\"noreferrer noopener\">The ordinance on research involving human beings (HRO)<\/a> regulates all human research projects with the exception of clinical trials.<\/p>\n<\/div>\n<\/div>\n\n\n\n<div class=\"wp-block-column is-layout-flow wp-block-column-is-layout-flow\"><\/div>\n<\/div>\n\n\n\n<div class=\"wp-block-group\"><div class=\"wp-block-group__inner-container is-layout-flow wp-block-group-is-layout-flow\">\n<div class=\"wp-block-columns is-layout-flex wp-container-core-columns-is-layout-9d6595d7 wp-block-columns-is-layout-flex\">\n<div class=\"wp-block-column is-layout-flow wp-block-column-is-layout-flow\"><\/div>\n\n\n\n<div class=\"wp-block-column is-layout-flow wp-block-column-is-layout-flow\">\n<div class=\"wp-block-group is-vertical is-content-justification-center is-layout-flex wp-container-core-group-is-layout-4b2eccd6 wp-block-group-is-layout-flex\">\n<figure class=\"wp-block-image size-medium is-resized\"><a href=\"https:\/\/wp.unil.ch\/hrp\/en\/nous-contacter\/\" target=\"_blank\" rel=\"noreferrer noopener\"><img alt=\"\" loading=\"lazy\" decoding=\"async\" width=\"300\" height=\"300\" src=\"https:\/\/wp.unil.ch\/hrp\/files\/2022\/06\/question-edited-300x300.jpg\" class=\"wp-image-953\" style=\"width:225px;height:225px\" srcset=\"https:\/\/wp.unil.ch\/hrp\/files\/2022\/06\/question-edited-300x300.jpg 300w, https:\/\/wp.unil.ch\/hrp\/files\/2022\/06\/question-edited-150x150.jpg 150w, https:\/\/wp.unil.ch\/hrp\/files\/2022\/06\/question-edited-12x12.jpg 12w, https:\/\/wp.unil.ch\/hrp\/files\/2022\/06\/question-edited-540x539.jpg 540w, https:\/\/wp.unil.ch\/hrp\/files\/2022\/06\/question-edited.jpg 721w\" sizes=\"auto, (max-width: 300px) 100vw, 300px\" \/><\/a><\/figure>\n\n\n\n<div class=\"wp-block-group\"><div class=\"wp-block-group__inner-container is-layout-flow wp-block-group-is-layout-flow\">\n<p class=\"has-text-align-center w1 has-buttons-text-color has-buttons-background-background-color has-text-color has-background\"><a href=\"https:\/\/wp.unil.ch\/hrp\/en\/nous-contacter\/\" data-type=\"page\" data-id=\"187\" target=\"_blank\" rel=\"noreferrer noopener\">I do not know<\/a><\/p>\n<\/div><\/div>\n<\/div>\n<\/div>\n\n\n\n<div class=\"wp-block-column is-layout-flow wp-block-column-is-layout-flow\"><\/div>\n<\/div>\n<\/div><\/div>\n\n\n\n<figure class=\"wp-block-image alignwide size-full\" id=\"LRH-sch\u00e9ma\"><img alt=\"\" loading=\"lazy\" decoding=\"async\" width=\"5326\" height=\"3588\" src=\"http:\/\/wp.unil.ch\/hrp\/files\/2022\/10\/hra_human_research_act.png\" class=\"wp-image-2886\" srcset=\"https:\/\/wp.unil.ch\/hrp\/files\/2022\/10\/hra_human_research_act.png 5326w, https:\/\/wp.unil.ch\/hrp\/files\/2022\/10\/hra_human_research_act-300x202.png 300w, https:\/\/wp.unil.ch\/hrp\/files\/2022\/10\/hra_human_research_act-1024x690.png 1024w, https:\/\/wp.unil.ch\/hrp\/files\/2022\/10\/hra_human_research_act-768x517.png 768w, https:\/\/wp.unil.ch\/hrp\/files\/2022\/10\/hra_human_research_act-1536x1035.png 1536w, https:\/\/wp.unil.ch\/hrp\/files\/2022\/10\/hra_human_research_act-2048x1380.png 2048w, https:\/\/wp.unil.ch\/hrp\/files\/2022\/10\/hra_human_research_act-18x12.png 18w, https:\/\/wp.unil.ch\/hrp\/files\/2022\/10\/hra_human_research_act-540x364.png 540w, https:\/\/wp.unil.ch\/hrp\/files\/2022\/10\/hra_human_research_act-1080x728.png 1080w, https:\/\/wp.unil.ch\/hrp\/files\/2022\/10\/hra_human_research_act-1980x1334.png 1980w\" sizes=\"auto, (max-width: 5326px) 100vw, 5326px\" \/><\/figure>\n\n\n\n\n\n\n\n\n\n<div data-wp-interactive=\"core\/file\" class=\"wp-block-file\"><object data-wp-bind--hidden=\"!state.hasPdfPreview\" hidden class=\"wp-block-file__embed\" data=\"https:\/\/wp.unil.ch\/hrp\/files\/2024\/11\/Regulatory-Framework-Adapted-_website-EN_v2.pdf\" type=\"application\/pdf\" style=\"width:100%;height:600px\" aria-label=\"Embed of Regulatory Framework Adapted _website EN_v2.\"><\/object><a id=\"wp-block-file--media-ae22464a-d8ee-4687-a613-d5740aec27a1\" href=\"https:\/\/wp.unil.ch\/hrp\/en\/files\/2024\/11\/Regulatory-Framework-Adapted-_website-EN_v2.pdf\/\">Regulatory Framework Adapted _website EN_v2<\/a><\/div>\n\n\n\n\n\n\n<div style=\"height:53px\" aria-hidden=\"true\" id=\"hors_lrh\" class=\"wp-block-spacer\"><\/div>\n\n\n\n<div class=\"wp-block-columns is-layout-flex wp-container-core-columns-is-layout-9d6595d7 wp-block-columns-is-layout-flex\">\n<div class=\"wp-block-column is-layout-flow wp-block-column-is-layout-flow\"><\/div>\n\n\n\n<div class=\"wp-block-column is-layout-flow wp-block-column-is-layout-flow\" style=\"flex-basis:85%\">\n<p class=\"has-text-align-center has-light-background-color has-text-color\" style=\"font-size:35px\">If my research project does not fall within the scope of the HRA, a submission to the ethics committee is not required, so what procedure should I follow?<\/p>\n<\/div>\n\n\n\n<div class=\"wp-block-column is-layout-flow wp-block-column-is-layout-flow\"><\/div>\n<\/div>\n\n\n\n<div class=\"wp-block-columns is-layout-flex wp-container-core-columns-is-layout-9d6595d7 wp-block-columns-is-layout-flex\">\n<div class=\"wp-block-column is-layout-flow wp-block-column-is-layout-flow\"><\/div>\n\n\n\n<div class=\"wp-block-column is-layout-flow wp-block-column-is-layout-flow\" style=\"flex-basis:90%\">\n<div class=\"wp-block-group is-vertical is-layout-flex wp-container-core-group-is-layout-8cf370e7 wp-block-group-is-layout-flex\">\n<p class=\"justifier\" style=\"font-size:20px\"><strong>To obtain confirmation that your project does not fall within the scope of the HRA, you should contact one of the following entities:<\/strong><\/p>\n\n\n\n<p style=\"font-size:20px\">\u2022 CHUV Legal Department (<a href=\"mailto:afj9@chuv.ch\">afj9@chuv.ch<\/a>) or the legal department of your institution<\/p>\n\n\n\n<p style=\"font-size:20px\">\u2022 Competent ethics committee (<a rel=\"noreferrer noopener\" href=\"https:\/\/www.cer-vd.ch\/\" data-type=\"URL\" data-id=\"https:\/\/www.cer-vd.ch\/\" target=\"_blank\">CER-VD<\/a>)<\/p>\n\n\n\n<p style=\"font-size:20px\"><\/p>\n\n\n\n<p style=\"font-size:20px\"><\/p>\n\n\n\n<p class=\"justifier\" style=\"font-size:20px\"><strong>For any investigation at the CHUV involving healthcare, please contact the <a rel=\"noreferrer noopener\" href=\"https:\/\/www.chuv.ch\/fr\/chuv-home\/recherche\/recherche-et-ethique\" target=\"_blank\">Commission d\u2019\u00e9valuation des demandes d\u2019enqu\u00eates (CEDE)<\/a><\/strong><\/p>\n\n\n\n<div style=\"height:0px\" aria-hidden=\"true\" class=\"wp-block-spacer wp-container-content-28f0cd9b\"><\/div>\n\n\n\n<div class=\"wp-block-group alignwide is-vertical is-content-justification-center is-nowrap is-layout-flex wp-container-core-group-is-layout-73832be3 wp-block-group-is-layout-flex\">\n<figure class=\"wp-block-image size-medium is-resized\"><a href=\"https:\/\/wp.unil.ch\/hrp\/en\/nous-contacter\/\" target=\"_blank\" rel=\"noreferrer noopener\"><img alt=\"\" loading=\"lazy\" decoding=\"async\" width=\"300\" height=\"300\" src=\"https:\/\/wp.unil.ch\/hrp\/files\/2022\/06\/question-edited-300x300.jpg\" class=\"wp-image-953\" style=\"width:225px;height:225px\" srcset=\"https:\/\/wp.unil.ch\/hrp\/files\/2022\/06\/question-edited-300x300.jpg 300w, https:\/\/wp.unil.ch\/hrp\/files\/2022\/06\/question-edited-150x150.jpg 150w, https:\/\/wp.unil.ch\/hrp\/files\/2022\/06\/question-edited-12x12.jpg 12w, https:\/\/wp.unil.ch\/hrp\/files\/2022\/06\/question-edited-540x539.jpg 540w, https:\/\/wp.unil.ch\/hrp\/files\/2022\/06\/question-edited.jpg 721w\" sizes=\"auto, (max-width: 300px) 100vw, 300px\" \/><\/a><\/figure>\n\n\n\n<p class=\"has-text-align-center w1 has-buttons-text-color has-buttons-background-background-color has-text-color has-background has-normal-font-size\"><a href=\"https:\/\/wp.unil.ch\/hrp\/en\/nous-contacter\/\" data-type=\"page\" data-id=\"187\" target=\"_blank\" rel=\"noreferrer noopener\">I need help to categorise my project<\/a><\/p>\n\n\n\n<p class=\"has-text-align-center w1 has-background-color has-accent-background-color has-text-color has-background has-normal-font-size\"><a href=\"https:\/\/wp.unil.ch\/hrp\/en\/soumission\/\" data-type=\"page\" data-id=\"324\">I am ready to WRITE and SUBMIT my project (step 2) &gt;&gt; <\/a><\/p>\n<\/div>\n<\/div>\n<\/div>\n\n\n\n<div class=\"wp-block-column is-layout-flow wp-block-column-is-layout-flow\"><\/div>\n<\/div>","protected":false},"excerpt":{"rendered":"<p>Mon projet entre t-il dans le champ d\u2019application de la Loi relative \u00e0 la Recherche sur l&rsquo;\u00eatre Humain (LRH) ou est-il hors LRH? Cette loi vise \u00e0 prot\u00e9ger&hellip;<\/p>","protected":false},"author":1002441,"featured_media":2260,"parent":0,"menu_order":0,"comment_status":"closed","ping_status":"closed","template":"template-full-width-cover.php","meta":{"_seopress_robots_primary_cat":"","_seopress_titles_title":"","_seopress_titles_desc":"","_seopress_robots_index":"","footnotes":""},"class_list":["post-238","page","type-page","status-publish","has-post-thumbnail"],"_links":{"self":[{"href":"https:\/\/wp.unil.ch\/hrp\/en\/wp-json\/wp\/v2\/pages\/238","targetHints":{"allow":["GET"]}}],"collection":[{"href":"https:\/\/wp.unil.ch\/hrp\/en\/wp-json\/wp\/v2\/pages"}],"about":[{"href":"https:\/\/wp.unil.ch\/hrp\/en\/wp-json\/wp\/v2\/types\/page"}],"author":[{"embeddable":true,"href":"https:\/\/wp.unil.ch\/hrp\/en\/wp-json\/wp\/v2\/users\/1002441"}],"replies":[{"embeddable":true,"href":"https:\/\/wp.unil.ch\/hrp\/en\/wp-json\/wp\/v2\/comments?post=238"}],"version-history":[{"count":2,"href":"https:\/\/wp.unil.ch\/hrp\/en\/wp-json\/wp\/v2\/pages\/238\/revisions"}],"predecessor-version":[{"id":3245,"href":"https:\/\/wp.unil.ch\/hrp\/en\/wp-json\/wp\/v2\/pages\/238\/revisions\/3245"}],"wp:featuredmedia":[{"embeddable":true,"href":"https:\/\/wp.unil.ch\/hrp\/en\/wp-json\/wp\/v2\/media\/2260"}],"wp:attachment":[{"href":"https:\/\/wp.unil.ch\/hrp\/en\/wp-json\/wp\/v2\/media?parent=238"}],"curies":[{"name":"wp","href":"https:\/\/api.w.org\/{rel}","templated":true}]}}