{"id":1895,"date":"2022-08-11T13:59:21","date_gmt":"2022-08-11T11:59:21","guid":{"rendered":"https:\/\/wp.unil.ch\/hrp\/?page_id=1895"},"modified":"2022-10-31T13:34:39","modified_gmt":"2022-10-31T12:34:39","slug":"qualite","status":"publish","type":"page","link":"https:\/\/wp.unil.ch\/hrp\/en\/qualite\/","title":{"rendered":"Quality assurance system"},"content":{"rendered":"<div class=\"wp-block-columns is-layout-flex wp-container-core-columns-is-layout-9d6595d7 wp-block-columns-is-layout-flex\">\n<div class=\"wp-block-column is-layout-flow wp-block-column-is-layout-flow\"><\/div>\n\n\n\n<div class=\"wp-block-column is-layout-flow wp-block-column-is-layout-flow\" style=\"flex-basis:80%\">\n<p><\/p>\n\n\n\n<p class=\"justifier has-light-background-color has-text-color has-larger-font-size\">A Quality assurance system to improve the efficiency and performance of your teams in managing their studies!<\/p>\n\n\n\n<div class=\"wp-block-group is-vertical is-layout-flex wp-container-core-group-is-layout-8cf370e7 wp-block-group-is-layout-flex\">\n<div class=\"wp-block-group justifier is-vertical is-layout-flex wp-container-core-group-is-layout-8cf370e7 wp-block-group-is-layout-flex\">\n<p style=\"font-size:20px\">Put in place adequate documentation to facilitate the efficiency and performance of your team in accordance with national and international regulations.<\/p>\n\n\n\n<p style=\"font-size:20px\"><\/p>\n\n\n\n<p style=\"font-size:20px\" class=\"translation-block\">The healthcare research platform has set up a <strong>documentation system<\/strong> for <strong>quality management in accordance with the standards of good clinical practice.<\/strong> Several documents that can be quickly implemented within your department\/institution for a good management of your clinical research at a low cost. Moreover, these documents can be easily adapted to the operational specificities of your site.<\/p>\n\n\n\n<p style=\"font-size:20px\"><\/p>\n\n\n\n<p style=\"font-size:20px\">The services related to quality are diverse and varied in order to provide access to innovation for patients in accordance with the law, ethics and good professional practice.<\/p>\n\n\n\n<p style=\"font-size:20px\"><a href=\"https:\/\/wp.unil.ch\/hrp\/en\/nous-contacter\/\" data-type=\"page\" data-id=\"187\">Contact the research platform to establish a quote (for this service)<\/a><\/p>\n<\/div>\n<\/div>\n<\/div>\n\n\n\n<div class=\"wp-block-column is-layout-flow wp-block-column-is-layout-flow\"><\/div>\n<\/div>\n\n\n\n<div style=\"height:64px\" aria-hidden=\"true\" class=\"wp-block-spacer\"><\/div>\n\n\n<div class=\"wp-block-image\">\n<figure class=\"aligncenter size-full is-resized\"><a href=\"https:\/\/wp.unil.ch\/hrp\/en\/prestations\/\"><img alt=\"\" loading=\"lazy\" decoding=\"async\" src=\"http:\/\/wp.unil.ch\/hrp\/files\/2022\/07\/Monitor_textEN.png\" class=\"wp-image-1667\" width=\"234\" height=\"267\" srcset=\"https:\/\/wp.unil.ch\/hrp\/files\/2022\/07\/Monitor_textEN.png 467w, https:\/\/wp.unil.ch\/hrp\/files\/2022\/07\/Monitor_textEN-262x300.png 262w, https:\/\/wp.unil.ch\/hrp\/files\/2022\/07\/Monitor_textEN-10x12.png 10w\" sizes=\"auto, (max-width: 234px) 100vw, 234px\" \/><\/a><\/figure>\n<\/div>","protected":false},"excerpt":{"rendered":"<p>Un Syst\u00e8me d\u2019assurance qualit\u00e9 pour am\u00e9liorer l\u2019efficacit\u00e9 et la\u00a0performance de vos \u00e9quipes dans la gestion de leurs \u00e9tudes! Mettre en place la documentation ad\u00e9quate pour faciliter l\u2019efficacit\u00e9 et&hellip;<\/p>","protected":false},"author":1002441,"featured_media":2260,"parent":0,"menu_order":0,"comment_status":"closed","ping_status":"closed","template":"template-full-width-cover.php","meta":{"_seopress_robots_primary_cat":"","_seopress_titles_title":"","_seopress_titles_desc":"","_seopress_robots_index":"","footnotes":""},"class_list":["post-1895","page","type-page","status-publish","has-post-thumbnail"],"_links":{"self":[{"href":"https:\/\/wp.unil.ch\/hrp\/en\/wp-json\/wp\/v2\/pages\/1895","targetHints":{"allow":["GET"]}}],"collection":[{"href":"https:\/\/wp.unil.ch\/hrp\/en\/wp-json\/wp\/v2\/pages"}],"about":[{"href":"https:\/\/wp.unil.ch\/hrp\/en\/wp-json\/wp\/v2\/types\/page"}],"author":[{"embeddable":true,"href":"https:\/\/wp.unil.ch\/hrp\/en\/wp-json\/wp\/v2\/users\/1002441"}],"replies":[{"embeddable":true,"href":"https:\/\/wp.unil.ch\/hrp\/en\/wp-json\/wp\/v2\/comments?post=1895"}],"version-history":[{"count":0,"href":"https:\/\/wp.unil.ch\/hrp\/en\/wp-json\/wp\/v2\/pages\/1895\/revisions"}],"wp:featuredmedia":[{"embeddable":true,"href":"https:\/\/wp.unil.ch\/hrp\/en\/wp-json\/wp\/v2\/media\/2260"}],"wp:attachment":[{"href":"https:\/\/wp.unil.ch\/hrp\/en\/wp-json\/wp\/v2\/media?parent=1895"}],"curies":[{"name":"wp","href":"https:\/\/api.w.org\/{rel}","templated":true}]}}